{"id":9936,"date":"2020-12-16T12:34:59","date_gmt":"2020-12-16T10:34:59","guid":{"rendered":"https:\/\/mueblesjbrinas.com\/?post_type=product&#038;p=9936"},"modified":"2026-04-10T12:55:59","modified_gmt":"2026-04-10T10:55:59","slug":"sofa-cama-goya","status":"publish","type":"product","link":"https:\/\/mueblesjbrinas.com\/es\/product\/sofa-cama-goya\/","title":{"rendered":"SOF\u00c1 CAMA GOYA"},"content":{"rendered":"<p>El Sof\u00e1 Cama Goya destaca por su dise\u00f1o minimalista de l\u00edneas cuadradas. Es un sof\u00e1 cl\u00e1sico y atemporal que le aporta mucha personalidad a tus estancias.<\/p>\n<h1><span style=\"color: #333333; font-size: 26px;\">Nuestras tiendas de muebles<\/span><\/h1>\n<p>Recuerda que puedes encontrarnos ubicados en el mapa en 3 tiendas de muebles distintas. Estamos ubicados en Torrevieja (Orihuela Costa), Rojales (Ciudad Quesada) y Guardamar (La Marina). En Muebles J. Bri\u00f1as somos especialistas en decoraci\u00f3n, sof\u00e1s y muebles de exterior. Te escuchamos y asesoramos para escoger la mejor opci\u00f3n para tu espacio.<\/p>\n","protected":false},"excerpt":{"rendered":"<p>Modernidad y materiales excelentes aportan al sof\u00e1 Goya un toque de distinci\u00f3n y elegancia. Grosor del colch\u00f3n 12 cm.<\/p>\n<p><strong>Caracter\u00edsticas:<\/strong><br \/>\nMECANISMO: Italiano con somier de rejilla met\u00e1lica electrosoldada.<br \/>\nESTRUCTURA: Madera de pino, reforzado con tablero de part\u00edculas.<br \/>\nALMOHADA ASIENTO: Espuma de poliuretano de 30 kg\/m3 recubierta de fibra de poliester.<br \/>\nALMOHADA RESPALDO: Mezcla de fibra hueca siliconada con copos de poliuretano.<br \/>\nDESENFUNDABLE: Almohadas asiento y respaldo.<br \/>\nCOLCH\u00d3N: Largo 190 cm., grosor 12 cm., goma espuma 25 kg. acolchado.<\/p>\n<p><strong>Medidas:<\/strong><br \/>\nAltura respaldo: 61 cm.<br \/>\nAltura asiento: 47 cm.<br \/>\nFondo asiento: 54 cm.<br \/>\nMedida abierto: 200 cm.<\/p>\n<p>\u25ba Env\u00edo Gratis.<br \/>\n\u25ba Montaje incluido.<br \/>\n\u25ba Plazo de entrega: 4 semanas.<\/p>\n","protected":false},"featured_media":9937,"comment_status":"closed","ping_status":"closed","template":"","meta":{"_acf_changed":false,"_joinchat":[]},"product_brand":[],"product_cat":[366],"product_tag":[408],"class_list":{"0":"post-9936","1":"product","2":"type-product","3":"status-publish","4":"has-post-thumbnail","6":"product_cat-sofas-cama","7":"product_tag-sofa-cama","8":"product_shipping_class-entrega-en-30-dias","10":"first","11":"instock","12":"taxable","13":"shipping-taxable","14":"purchasable","15":"product-type-variable"},"acf":[],"yoast_head":"<!-- This site is optimized with the Yoast SEO Premium plugin v22.5 (Yoast SEO v24.8) - https:\/\/yoast.com\/wordpress\/plugins\/seo\/ -->\n<title>\u25b7 SOF\u00c1 CAMA GOYA | Muebles para tu hogar | In&amp;Out<\/title>\n<meta name=\"description\" content=\"El Sof\u00e1 Cama Goya destaca por su dise\u00f1o minimalista de l\u00edneas cuadradas. Es un sof\u00e1 cl\u00e1sico y atemporal que le aporta mucha personalidad a tus estancias.\" \/>\n<meta name=\"robots\" content=\"index, follow, max-snippet:-1, max-image-preview:large, max-video-preview:-1\" \/>\n<link rel=\"canonical\" href=\"https:\/\/mueblesjbrinas.com\/es\/product\/sofa-cama-goya\/\" \/>\n<meta property=\"og:locale\" content=\"es_ES\" \/>\n<meta property=\"og:type\" content=\"article\" \/>\n<meta property=\"og:title\" content=\"SOF\u00c1 CAMA GOYA\" \/>\n<meta property=\"og:description\" content=\"El Sof\u00e1 Cama Goya destaca por su dise\u00f1o minimalista de l\u00edneas cuadradas. Es un sof\u00e1 cl\u00e1sico y atemporal que le aporta mucha personalidad a tus estancias.\" \/>\n<meta property=\"og:url\" content=\"https:\/\/mueblesjbrinas.com\/es\/product\/sofa-cama-goya\/\" \/>\n<meta property=\"og:site_name\" content=\"In &amp; Out Furniture\" \/>\n<meta property=\"article:publisher\" content=\"https:\/\/www.facebook.com\/mueblesjbrinas\" \/>\n<meta property=\"article:modified_time\" content=\"2026-04-10T10:55:59+00:00\" \/>\n<meta property=\"og:image\" content=\"https:\/\/mueblesjbrinas.com\/wp-content\/uploads\/2020\/12\/goya-ambiente.jpg\" \/>\n\t<meta property=\"og:image:width\" content=\"1700\" \/>\n\t<meta property=\"og:image:height\" content=\"1000\" \/>\n\t<meta property=\"og:image:type\" content=\"image\/jpeg\" \/>\n<meta name=\"twitter:card\" content=\"summary_large_image\" \/>\n<meta name=\"twitter:label1\" content=\"Tiempo de lectura\" \/>\n\t<meta name=\"twitter:data1\" content=\"1 minuto\" \/>\n<script type=\"application\/ld+json\" class=\"yoast-schema-graph\">{\"@context\":\"https:\/\/schema.org\",\"@graph\":[{\"@type\":\"WebPage\",\"@id\":\"https:\/\/mueblesjbrinas.com\/es\/product\/sofa-cama-goya\/\",\"url\":\"https:\/\/mueblesjbrinas.com\/es\/product\/sofa-cama-goya\/\",\"name\":\"\u25b7 SOF\u00c1 CAMA GOYA | Muebles para tu hogar | In&Out\",\"isPartOf\":{\"@id\":\"https:\/\/mueblesjbrinas.com\/es\/#website\"},\"primaryImageOfPage\":{\"@id\":\"https:\/\/mueblesjbrinas.com\/es\/product\/sofa-cama-goya\/#primaryimage\"},\"image\":{\"@id\":\"https:\/\/mueblesjbrinas.com\/es\/product\/sofa-cama-goya\/#primaryimage\"},\"thumbnailUrl\":\"https:\/\/mueblesjbrinas.com\/wp-content\/uploads\/2020\/12\/goya-ambiente.jpg\",\"datePublished\":\"2020-12-16T10:34:59+00:00\",\"dateModified\":\"2026-04-10T10:55:59+00:00\",\"description\":\"El Sof\u00e1 Cama Goya destaca por su dise\u00f1o minimalista de l\u00edneas cuadradas. Es un sof\u00e1 cl\u00e1sico y atemporal que le aporta mucha personalidad a tus estancias.\",\"breadcrumb\":{\"@id\":\"https:\/\/mueblesjbrinas.com\/es\/product\/sofa-cama-goya\/#breadcrumb\"},\"inLanguage\":\"es\",\"potentialAction\":[{\"@type\":\"ReadAction\",\"target\":[\"https:\/\/mueblesjbrinas.com\/es\/product\/sofa-cama-goya\/\"]}]},{\"@type\":\"ImageObject\",\"inLanguage\":\"es\",\"@id\":\"https:\/\/mueblesjbrinas.com\/es\/product\/sofa-cama-goya\/#primaryimage\",\"url\":\"https:\/\/mueblesjbrinas.com\/wp-content\/uploads\/2020\/12\/goya-ambiente.jpg\",\"contentUrl\":\"https:\/\/mueblesjbrinas.com\/wp-content\/uploads\/2020\/12\/goya-ambiente.jpg\",\"width\":1700,\"height\":1000,\"caption\":\"Sof\u00e1 Cama Goya\"},{\"@type\":\"BreadcrumbList\",\"@id\":\"https:\/\/mueblesjbrinas.com\/es\/product\/sofa-cama-goya\/#breadcrumb\",\"itemListElement\":[{\"@type\":\"ListItem\",\"position\":1,\"name\":\"Portada\",\"item\":\"https:\/\/mueblesjbrinas.com\/es\/\"},{\"@type\":\"ListItem\",\"position\":2,\"name\":\"Tienda\",\"item\":\"https:\/\/mueblesjbrinas.com\/es\/muebles-de-exterior\/\"},{\"@type\":\"ListItem\",\"position\":3,\"name\":\"SOF\u00c1 CAMA GOYA\"}]},{\"@type\":\"WebSite\",\"@id\":\"https:\/\/mueblesjbrinas.com\/es\/#website\",\"url\":\"https:\/\/mueblesjbrinas.com\/es\/\",\"name\":\"Muebles Bri\u00f1as\",\"description\":\"Online Outdoor Furniture Shop in Costa Blanca. Torrevieja, Rojales, Guardamar, San Javier.\",\"publisher\":{\"@id\":\"https:\/\/mueblesjbrinas.com\/es\/#organization\"},\"potentialAction\":[{\"@type\":\"SearchAction\",\"target\":{\"@type\":\"EntryPoint\",\"urlTemplate\":\"https:\/\/mueblesjbrinas.com\/es\/?s={search_term_string}\"},\"query-input\":{\"@type\":\"PropertyValueSpecification\",\"valueRequired\":true,\"valueName\":\"search_term_string\"}}],\"inLanguage\":\"es\"},{\"@type\":\"Organization\",\"@id\":\"https:\/\/mueblesjbrinas.com\/es\/#organization\",\"name\":\"In&Out Furniture\",\"alternateName\":\"Muebles J. Bri\u00f1as\",\"url\":\"https:\/\/mueblesjbrinas.com\/es\/\",\"logo\":{\"@type\":\"ImageObject\",\"inLanguage\":\"es\",\"@id\":\"https:\/\/mueblesjbrinas.com\/es\/#\/schema\/logo\/image\/\",\"url\":\"https:\/\/mueblesjbrinas.com\/wp-content\/uploads\/2018\/03\/logo-web.png\",\"contentUrl\":\"https:\/\/mueblesjbrinas.com\/wp-content\/uploads\/2018\/03\/logo-web.png\",\"width\":300,\"height\":146,\"caption\":\"In&Out Furniture\"},\"image\":{\"@id\":\"https:\/\/mueblesjbrinas.com\/es\/#\/schema\/logo\/image\/\"},\"sameAs\":[\"https:\/\/www.facebook.com\/mueblesjbrinas\"]}]}<\/script>\n<!-- \/ Yoast SEO Premium plugin. -->","yoast_head_json":{"title":"\u25b7 SOF\u00c1 CAMA GOYA | Muebles para tu hogar | In&Out","description":"El Sof\u00e1 Cama Goya destaca por su dise\u00f1o minimalista de l\u00edneas cuadradas. Es un sof\u00e1 cl\u00e1sico y atemporal que le aporta mucha personalidad a tus estancias.","robots":{"index":"index","follow":"follow","max-snippet":"max-snippet:-1","max-image-preview":"max-image-preview:large","max-video-preview":"max-video-preview:-1"},"canonical":"https:\/\/mueblesjbrinas.com\/es\/product\/sofa-cama-goya\/","og_locale":"es_ES","og_type":"article","og_title":"SOF\u00c1 CAMA GOYA","og_description":"El Sof\u00e1 Cama Goya destaca por su dise\u00f1o minimalista de l\u00edneas cuadradas. Es un sof\u00e1 cl\u00e1sico y atemporal que le aporta mucha personalidad a tus estancias.","og_url":"https:\/\/mueblesjbrinas.com\/es\/product\/sofa-cama-goya\/","og_site_name":"In &amp; Out Furniture","article_publisher":"https:\/\/www.facebook.com\/mueblesjbrinas","article_modified_time":"2026-04-10T10:55:59+00:00","og_image":[{"width":1700,"height":1000,"url":"https:\/\/mueblesjbrinas.com\/wp-content\/uploads\/2020\/12\/goya-ambiente.jpg","type":"image\/jpeg"}],"twitter_card":"summary_large_image","twitter_misc":{"Tiempo de lectura":"1 minuto"},"schema":{"@context":"https:\/\/schema.org","@graph":[{"@type":"WebPage","@id":"https:\/\/mueblesjbrinas.com\/es\/product\/sofa-cama-goya\/","url":"https:\/\/mueblesjbrinas.com\/es\/product\/sofa-cama-goya\/","name":"\u25b7 SOF\u00c1 CAMA GOYA | Muebles para tu hogar | In&Out","isPartOf":{"@id":"https:\/\/mueblesjbrinas.com\/es\/#website"},"primaryImageOfPage":{"@id":"https:\/\/mueblesjbrinas.com\/es\/product\/sofa-cama-goya\/#primaryimage"},"image":{"@id":"https:\/\/mueblesjbrinas.com\/es\/product\/sofa-cama-goya\/#primaryimage"},"thumbnailUrl":"https:\/\/mueblesjbrinas.com\/wp-content\/uploads\/2020\/12\/goya-ambiente.jpg","datePublished":"2020-12-16T10:34:59+00:00","dateModified":"2026-04-10T10:55:59+00:00","description":"El Sof\u00e1 Cama Goya destaca por su dise\u00f1o minimalista de l\u00edneas cuadradas. Es un sof\u00e1 cl\u00e1sico y atemporal que le aporta mucha personalidad a tus estancias.","breadcrumb":{"@id":"https:\/\/mueblesjbrinas.com\/es\/product\/sofa-cama-goya\/#breadcrumb"},"inLanguage":"es","potentialAction":[{"@type":"ReadAction","target":["https:\/\/mueblesjbrinas.com\/es\/product\/sofa-cama-goya\/"]}]},{"@type":"ImageObject","inLanguage":"es","@id":"https:\/\/mueblesjbrinas.com\/es\/product\/sofa-cama-goya\/#primaryimage","url":"https:\/\/mueblesjbrinas.com\/wp-content\/uploads\/2020\/12\/goya-ambiente.jpg","contentUrl":"https:\/\/mueblesjbrinas.com\/wp-content\/uploads\/2020\/12\/goya-ambiente.jpg","width":1700,"height":1000,"caption":"Sof\u00e1 Cama Goya"},{"@type":"BreadcrumbList","@id":"https:\/\/mueblesjbrinas.com\/es\/product\/sofa-cama-goya\/#breadcrumb","itemListElement":[{"@type":"ListItem","position":1,"name":"Portada","item":"https:\/\/mueblesjbrinas.com\/es\/"},{"@type":"ListItem","position":2,"name":"Tienda","item":"https:\/\/mueblesjbrinas.com\/es\/muebles-de-exterior\/"},{"@type":"ListItem","position":3,"name":"SOF\u00c1 CAMA GOYA"}]},{"@type":"WebSite","@id":"https:\/\/mueblesjbrinas.com\/es\/#website","url":"https:\/\/mueblesjbrinas.com\/es\/","name":"Muebles Bri\u00f1as","description":"Online Outdoor Furniture Shop in Costa Blanca. Torrevieja, Rojales, Guardamar, San Javier.","publisher":{"@id":"https:\/\/mueblesjbrinas.com\/es\/#organization"},"potentialAction":[{"@type":"SearchAction","target":{"@type":"EntryPoint","urlTemplate":"https:\/\/mueblesjbrinas.com\/es\/?s={search_term_string}"},"query-input":{"@type":"PropertyValueSpecification","valueRequired":true,"valueName":"search_term_string"}}],"inLanguage":"es"},{"@type":"Organization","@id":"https:\/\/mueblesjbrinas.com\/es\/#organization","name":"In&Out Furniture","alternateName":"Muebles J. Bri\u00f1as","url":"https:\/\/mueblesjbrinas.com\/es\/","logo":{"@type":"ImageObject","inLanguage":"es","@id":"https:\/\/mueblesjbrinas.com\/es\/#\/schema\/logo\/image\/","url":"https:\/\/mueblesjbrinas.com\/wp-content\/uploads\/2018\/03\/logo-web.png","contentUrl":"https:\/\/mueblesjbrinas.com\/wp-content\/uploads\/2018\/03\/logo-web.png","width":300,"height":146,"caption":"In&Out Furniture"},"image":{"@id":"https:\/\/mueblesjbrinas.com\/es\/#\/schema\/logo\/image\/"},"sameAs":["https:\/\/www.facebook.com\/mueblesjbrinas"]}]}},"_links":{"self":[{"href":"https:\/\/mueblesjbrinas.com\/es\/wp-json\/wp\/v2\/product\/9936","targetHints":{"allow":["GET"]}}],"collection":[{"href":"https:\/\/mueblesjbrinas.com\/es\/wp-json\/wp\/v2\/product"}],"about":[{"href":"https:\/\/mueblesjbrinas.com\/es\/wp-json\/wp\/v2\/types\/product"}],"replies":[{"embeddable":true,"href":"https:\/\/mueblesjbrinas.com\/es\/wp-json\/wp\/v2\/comments?post=9936"}],"version-history":[{"count":4,"href":"https:\/\/mueblesjbrinas.com\/es\/wp-json\/wp\/v2\/product\/9936\/revisions"}],"predecessor-version":[{"id":14520,"href":"https:\/\/mueblesjbrinas.com\/es\/wp-json\/wp\/v2\/product\/9936\/revisions\/14520"}],"wp:featuredmedia":[{"embeddable":true,"href":"https:\/\/mueblesjbrinas.com\/es\/wp-json\/wp\/v2\/media\/9937"}],"wp:attachment":[{"href":"https:\/\/mueblesjbrinas.com\/es\/wp-json\/wp\/v2\/media?parent=9936"}],"wp:term":[{"taxonomy":"product_brand","embeddable":true,"href":"https:\/\/mueblesjbrinas.com\/es\/wp-json\/wp\/v2\/product_brand?post=9936"},{"taxonomy":"product_cat","embeddable":true,"href":"https:\/\/mueblesjbrinas.com\/es\/wp-json\/wp\/v2\/product_cat?post=9936"},{"taxonomy":"product_tag","embeddable":true,"href":"https:\/\/mueblesjbrinas.com\/es\/wp-json\/wp\/v2\/product_tag?post=9936"}],"curies":[{"name":"wp","href":"https:\/\/api.w.org\/{rel}","templated":true}]}}