{"id":9811,"date":"2020-11-20T11:36:51","date_gmt":"2020-12-09T17:14:58","guid":{"rendered":"https:\/\/mueblesjbrinas.com\/?post_type=product&#038;p=9811"},"modified":"2024-08-19T12:42:49","modified_gmt":"2024-08-19T10:42:49","slug":"gala-sillon-tienda-de-muebles","status":"publish","type":"product","link":"https:\/\/mueblesjbrinas.com\/es\/product\/gala-sillon-tienda-de-muebles\/","title":{"rendered":"Sill\u00f3n Gala Relax &#8211; 2 Motores el\u00e9ctricos"},"content":{"rendered":"","protected":false},"excerpt":{"rendered":"<p>El sill\u00f3n Gala marca la diferencia. Con sistema de apertura giratorio el\u00e9ctrico o manual, tiene una comodidad \u00fanica.<\/p>\n<p><strong>Caracter\u00edsticas:<\/strong><br \/>\nMECANISMO: Relajaci\u00f3n manual, respaldo con pist\u00f3n de bloqueo.<br \/>\nESTRUCTURA: Asiento y respaldo de metal. Brazos y reposapi\u00e9s fabricados en madera de pino reforzada con tablero de part\u00edculas.<br \/>\nPIE GIRATORIO: Aluminio mate.<br \/>\nSUSPENSI\u00d3N DEL ASIENTO: Muelles en zig-zag.<br \/>\nCOJ\u00cdN ASIENTO: espuma de poliuretano de 35 kg \/ m3 recubierta de fibra de poli\u00e9ster.<br \/>\nALMOHADA DE RESPALDO: Espuma de poliuretano de 20 kg \/ m3 recubierta de fibra de poli\u00e9ster. Reposacabezas reclinable.<\/p>\n<p><strong>Medidas:<\/strong><br \/>\nAlto respaldo: 73 cm.<br \/>\nAltura del asiento: 47 cm.<br \/>\nProfundidad del asiento: 52 cm.<br \/>\nAncho del asiento: 49 cm.<br \/>\nDimensi\u00f3n abierta: 165 cm.<\/p>\n<p>\u25ba Env\u00edo Gratis.<br \/>\n\u25ba Montaje incluido.<br \/>\n\u25ba Plazo de entrega: 4 semanas.<\/p>\n","protected":false},"featured_media":9682,"comment_status":"closed","ping_status":"closed","template":"","meta":{"_acf_changed":false,"_joinchat":[]},"product_brand":[],"product_cat":[338],"product_tag":[373],"class_list":{"0":"post-9811","1":"product","2":"type-product","3":"status-publish","4":"has-post-thumbnail","6":"product_cat-sillones","7":"product_tag-sillon","8":"product_shipping_class-entrega-en-30-dias","10":"first","11":"instock","12":"taxable","13":"shipping-taxable","14":"purchasable","15":"product-type-variable"},"acf":[],"yoast_head":"<!-- This site is optimized with the Yoast SEO Premium plugin v22.5 (Yoast SEO v24.8) - https:\/\/yoast.com\/wordpress\/plugins\/seo\/ -->\n<title>\u25b7 Sill\u00f3n Relax Gala con 2 motores el\u00e9ctricos | Muebles Torrevieja<\/title>\n<meta name=\"description\" content=\"Sill\u00f3n Relax Gala con 2 motores el\u00e9ctricos es un c\u00f3modo y sofisticado sill\u00f3n con un dise\u00f1o elegante. Muebles Torrevieja.\" \/>\n<meta name=\"robots\" content=\"index, follow, max-snippet:-1, max-image-preview:large, max-video-preview:-1\" \/>\n<link rel=\"canonical\" href=\"https:\/\/mueblesjbrinas.com\/es\/product\/gala-sillon-tienda-de-muebles\/\" \/>\n<meta property=\"og:locale\" content=\"es_ES\" \/>\n<meta property=\"og:type\" content=\"article\" \/>\n<meta property=\"og:title\" content=\"Sill\u00f3n Gala Relax - 2 Motores el\u00e9ctricos\" \/>\n<meta property=\"og:description\" content=\"Sill\u00f3n Relax Gala con 2 motores el\u00e9ctricos es un c\u00f3modo y sofisticado sill\u00f3n con un dise\u00f1o elegante. Muebles Torrevieja.\" \/>\n<meta property=\"og:url\" content=\"https:\/\/mueblesjbrinas.com\/es\/product\/gala-sillon-tienda-de-muebles\/\" \/>\n<meta property=\"og:site_name\" content=\"In &amp; Out Furniture\" \/>\n<meta property=\"article:publisher\" content=\"https:\/\/www.facebook.com\/mueblesjbrinas\" \/>\n<meta property=\"article:modified_time\" content=\"2024-08-19T10:42:49+00:00\" \/>\n<meta property=\"og:image\" content=\"https:\/\/mueblesjbrinas.com\/wp-content\/uploads\/2020\/11\/gala-ambiente2.jpg\" \/>\n\t<meta property=\"og:image:width\" content=\"1700\" \/>\n\t<meta property=\"og:image:height\" content=\"1000\" \/>\n\t<meta property=\"og:image:type\" content=\"image\/jpeg\" \/>\n<meta name=\"twitter:card\" content=\"summary_large_image\" \/>\n<meta name=\"twitter:label1\" content=\"Tiempo de lectura\" \/>\n\t<meta name=\"twitter:data1\" content=\"1 minuto\" \/>\n<script type=\"application\/ld+json\" class=\"yoast-schema-graph\">{\"@context\":\"https:\/\/schema.org\",\"@graph\":[{\"@type\":\"WebPage\",\"@id\":\"https:\/\/mueblesjbrinas.com\/es\/product\/gala-sillon-tienda-de-muebles\/\",\"url\":\"https:\/\/mueblesjbrinas.com\/es\/product\/gala-sillon-tienda-de-muebles\/\",\"name\":\"\u25b7 Sill\u00f3n Relax Gala con 2 motores el\u00e9ctricos | Muebles Torrevieja\",\"isPartOf\":{\"@id\":\"https:\/\/mueblesjbrinas.com\/es\/#website\"},\"primaryImageOfPage\":{\"@id\":\"https:\/\/mueblesjbrinas.com\/es\/product\/gala-sillon-tienda-de-muebles\/#primaryimage\"},\"image\":{\"@id\":\"https:\/\/mueblesjbrinas.com\/es\/product\/gala-sillon-tienda-de-muebles\/#primaryimage\"},\"thumbnailUrl\":\"https:\/\/mueblesjbrinas.com\/wp-content\/uploads\/2020\/11\/gala-ambiente2.jpg\",\"datePublished\":\"2020-12-09T17:14:58+00:00\",\"dateModified\":\"2024-08-19T10:42:49+00:00\",\"description\":\"Sill\u00f3n Relax Gala con 2 motores el\u00e9ctricos es un c\u00f3modo y sofisticado sill\u00f3n con un dise\u00f1o elegante. Muebles Torrevieja.\",\"breadcrumb\":{\"@id\":\"https:\/\/mueblesjbrinas.com\/es\/product\/gala-sillon-tienda-de-muebles\/#breadcrumb\"},\"inLanguage\":\"es\",\"potentialAction\":[{\"@type\":\"ReadAction\",\"target\":[\"https:\/\/mueblesjbrinas.com\/es\/product\/gala-sillon-tienda-de-muebles\/\"]}]},{\"@type\":\"ImageObject\",\"inLanguage\":\"es\",\"@id\":\"https:\/\/mueblesjbrinas.com\/es\/product\/gala-sillon-tienda-de-muebles\/#primaryimage\",\"url\":\"https:\/\/mueblesjbrinas.com\/wp-content\/uploads\/2020\/11\/gala-ambiente2.jpg\",\"contentUrl\":\"https:\/\/mueblesjbrinas.com\/wp-content\/uploads\/2020\/11\/gala-ambiente2.jpg\",\"width\":1700,\"height\":1000,\"caption\":\"Sill\u00f3n Relax Gala con 2 motores el\u00e9ctricos\"},{\"@type\":\"BreadcrumbList\",\"@id\":\"https:\/\/mueblesjbrinas.com\/es\/product\/gala-sillon-tienda-de-muebles\/#breadcrumb\",\"itemListElement\":[{\"@type\":\"ListItem\",\"position\":1,\"name\":\"Portada\",\"item\":\"https:\/\/mueblesjbrinas.com\/es\/\"},{\"@type\":\"ListItem\",\"position\":2,\"name\":\"Tienda\",\"item\":\"https:\/\/mueblesjbrinas.com\/es\/muebles-de-exterior\/\"},{\"@type\":\"ListItem\",\"position\":3,\"name\":\"Sill\u00f3n Gala Relax &#8211; 2 Motores el\u00e9ctricos\"}]},{\"@type\":\"WebSite\",\"@id\":\"https:\/\/mueblesjbrinas.com\/es\/#website\",\"url\":\"https:\/\/mueblesjbrinas.com\/es\/\",\"name\":\"Muebles Bri\u00f1as\",\"description\":\"Online Outdoor Furniture Shop in Costa Blanca. Torrevieja, Rojales, Guardamar, San Javier.\",\"publisher\":{\"@id\":\"https:\/\/mueblesjbrinas.com\/es\/#organization\"},\"potentialAction\":[{\"@type\":\"SearchAction\",\"target\":{\"@type\":\"EntryPoint\",\"urlTemplate\":\"https:\/\/mueblesjbrinas.com\/es\/?s={search_term_string}\"},\"query-input\":{\"@type\":\"PropertyValueSpecification\",\"valueRequired\":true,\"valueName\":\"search_term_string\"}}],\"inLanguage\":\"es\"},{\"@type\":\"Organization\",\"@id\":\"https:\/\/mueblesjbrinas.com\/es\/#organization\",\"name\":\"In&Out Furniture\",\"alternateName\":\"Muebles J. Bri\u00f1as\",\"url\":\"https:\/\/mueblesjbrinas.com\/es\/\",\"logo\":{\"@type\":\"ImageObject\",\"inLanguage\":\"es\",\"@id\":\"https:\/\/mueblesjbrinas.com\/es\/#\/schema\/logo\/image\/\",\"url\":\"https:\/\/mueblesjbrinas.com\/wp-content\/uploads\/2018\/03\/logo-web.png\",\"contentUrl\":\"https:\/\/mueblesjbrinas.com\/wp-content\/uploads\/2018\/03\/logo-web.png\",\"width\":300,\"height\":146,\"caption\":\"In&Out Furniture\"},\"image\":{\"@id\":\"https:\/\/mueblesjbrinas.com\/es\/#\/schema\/logo\/image\/\"},\"sameAs\":[\"https:\/\/www.facebook.com\/mueblesjbrinas\"]}]}<\/script>\n<!-- \/ Yoast SEO Premium plugin. -->","yoast_head_json":{"title":"\u25b7 Sill\u00f3n Relax Gala con 2 motores el\u00e9ctricos | Muebles Torrevieja","description":"Sill\u00f3n Relax Gala con 2 motores el\u00e9ctricos es un c\u00f3modo y sofisticado sill\u00f3n con un dise\u00f1o elegante. Muebles Torrevieja.","robots":{"index":"index","follow":"follow","max-snippet":"max-snippet:-1","max-image-preview":"max-image-preview:large","max-video-preview":"max-video-preview:-1"},"canonical":"https:\/\/mueblesjbrinas.com\/es\/product\/gala-sillon-tienda-de-muebles\/","og_locale":"es_ES","og_type":"article","og_title":"Sill\u00f3n Gala Relax - 2 Motores el\u00e9ctricos","og_description":"Sill\u00f3n Relax Gala con 2 motores el\u00e9ctricos es un c\u00f3modo y sofisticado sill\u00f3n con un dise\u00f1o elegante. Muebles Torrevieja.","og_url":"https:\/\/mueblesjbrinas.com\/es\/product\/gala-sillon-tienda-de-muebles\/","og_site_name":"In &amp; Out Furniture","article_publisher":"https:\/\/www.facebook.com\/mueblesjbrinas","article_modified_time":"2024-08-19T10:42:49+00:00","og_image":[{"width":1700,"height":1000,"url":"https:\/\/mueblesjbrinas.com\/wp-content\/uploads\/2020\/11\/gala-ambiente2.jpg","type":"image\/jpeg"}],"twitter_card":"summary_large_image","twitter_misc":{"Tiempo de lectura":"1 minuto"},"schema":{"@context":"https:\/\/schema.org","@graph":[{"@type":"WebPage","@id":"https:\/\/mueblesjbrinas.com\/es\/product\/gala-sillon-tienda-de-muebles\/","url":"https:\/\/mueblesjbrinas.com\/es\/product\/gala-sillon-tienda-de-muebles\/","name":"\u25b7 Sill\u00f3n Relax Gala con 2 motores el\u00e9ctricos | Muebles Torrevieja","isPartOf":{"@id":"https:\/\/mueblesjbrinas.com\/es\/#website"},"primaryImageOfPage":{"@id":"https:\/\/mueblesjbrinas.com\/es\/product\/gala-sillon-tienda-de-muebles\/#primaryimage"},"image":{"@id":"https:\/\/mueblesjbrinas.com\/es\/product\/gala-sillon-tienda-de-muebles\/#primaryimage"},"thumbnailUrl":"https:\/\/mueblesjbrinas.com\/wp-content\/uploads\/2020\/11\/gala-ambiente2.jpg","datePublished":"2020-12-09T17:14:58+00:00","dateModified":"2024-08-19T10:42:49+00:00","description":"Sill\u00f3n Relax Gala con 2 motores el\u00e9ctricos es un c\u00f3modo y sofisticado sill\u00f3n con un dise\u00f1o elegante. Muebles Torrevieja.","breadcrumb":{"@id":"https:\/\/mueblesjbrinas.com\/es\/product\/gala-sillon-tienda-de-muebles\/#breadcrumb"},"inLanguage":"es","potentialAction":[{"@type":"ReadAction","target":["https:\/\/mueblesjbrinas.com\/es\/product\/gala-sillon-tienda-de-muebles\/"]}]},{"@type":"ImageObject","inLanguage":"es","@id":"https:\/\/mueblesjbrinas.com\/es\/product\/gala-sillon-tienda-de-muebles\/#primaryimage","url":"https:\/\/mueblesjbrinas.com\/wp-content\/uploads\/2020\/11\/gala-ambiente2.jpg","contentUrl":"https:\/\/mueblesjbrinas.com\/wp-content\/uploads\/2020\/11\/gala-ambiente2.jpg","width":1700,"height":1000,"caption":"Sill\u00f3n Relax Gala con 2 motores el\u00e9ctricos"},{"@type":"BreadcrumbList","@id":"https:\/\/mueblesjbrinas.com\/es\/product\/gala-sillon-tienda-de-muebles\/#breadcrumb","itemListElement":[{"@type":"ListItem","position":1,"name":"Portada","item":"https:\/\/mueblesjbrinas.com\/es\/"},{"@type":"ListItem","position":2,"name":"Tienda","item":"https:\/\/mueblesjbrinas.com\/es\/muebles-de-exterior\/"},{"@type":"ListItem","position":3,"name":"Sill\u00f3n Gala Relax &#8211; 2 Motores el\u00e9ctricos"}]},{"@type":"WebSite","@id":"https:\/\/mueblesjbrinas.com\/es\/#website","url":"https:\/\/mueblesjbrinas.com\/es\/","name":"Muebles Bri\u00f1as","description":"Online Outdoor Furniture Shop in Costa Blanca. Torrevieja, Rojales, Guardamar, San Javier.","publisher":{"@id":"https:\/\/mueblesjbrinas.com\/es\/#organization"},"potentialAction":[{"@type":"SearchAction","target":{"@type":"EntryPoint","urlTemplate":"https:\/\/mueblesjbrinas.com\/es\/?s={search_term_string}"},"query-input":{"@type":"PropertyValueSpecification","valueRequired":true,"valueName":"search_term_string"}}],"inLanguage":"es"},{"@type":"Organization","@id":"https:\/\/mueblesjbrinas.com\/es\/#organization","name":"In&Out Furniture","alternateName":"Muebles J. Bri\u00f1as","url":"https:\/\/mueblesjbrinas.com\/es\/","logo":{"@type":"ImageObject","inLanguage":"es","@id":"https:\/\/mueblesjbrinas.com\/es\/#\/schema\/logo\/image\/","url":"https:\/\/mueblesjbrinas.com\/wp-content\/uploads\/2018\/03\/logo-web.png","contentUrl":"https:\/\/mueblesjbrinas.com\/wp-content\/uploads\/2018\/03\/logo-web.png","width":300,"height":146,"caption":"In&Out Furniture"},"image":{"@id":"https:\/\/mueblesjbrinas.com\/es\/#\/schema\/logo\/image\/"},"sameAs":["https:\/\/www.facebook.com\/mueblesjbrinas"]}]}},"_links":{"self":[{"href":"https:\/\/mueblesjbrinas.com\/es\/wp-json\/wp\/v2\/product\/9811","targetHints":{"allow":["GET"]}}],"collection":[{"href":"https:\/\/mueblesjbrinas.com\/es\/wp-json\/wp\/v2\/product"}],"about":[{"href":"https:\/\/mueblesjbrinas.com\/es\/wp-json\/wp\/v2\/types\/product"}],"replies":[{"embeddable":true,"href":"https:\/\/mueblesjbrinas.com\/es\/wp-json\/wp\/v2\/comments?post=9811"}],"version-history":[{"count":0,"href":"https:\/\/mueblesjbrinas.com\/es\/wp-json\/wp\/v2\/product\/9811\/revisions"}],"wp:featuredmedia":[{"embeddable":true,"href":"https:\/\/mueblesjbrinas.com\/es\/wp-json\/wp\/v2\/media\/9682"}],"wp:attachment":[{"href":"https:\/\/mueblesjbrinas.com\/es\/wp-json\/wp\/v2\/media?parent=9811"}],"wp:term":[{"taxonomy":"product_brand","embeddable":true,"href":"https:\/\/mueblesjbrinas.com\/es\/wp-json\/wp\/v2\/product_brand?post=9811"},{"taxonomy":"product_cat","embeddable":true,"href":"https:\/\/mueblesjbrinas.com\/es\/wp-json\/wp\/v2\/product_cat?post=9811"},{"taxonomy":"product_tag","embeddable":true,"href":"https:\/\/mueblesjbrinas.com\/es\/wp-json\/wp\/v2\/product_tag?post=9811"}],"curies":[{"name":"wp","href":"https:\/\/api.w.org\/{rel}","templated":true}]}}