{"id":9808,"date":"2020-11-20T11:38:52","date_gmt":"2020-12-09T17:15:46","guid":{"rendered":"https:\/\/mueblesjbrinas.com\/?post_type=product&#038;p=9808"},"modified":"2024-08-19T13:50:12","modified_gmt":"2024-08-19T11:50:12","slug":"milan-sillon-tienda-de-muebles","status":"publish","type":"product","link":"https:\/\/mueblesjbrinas.com\/es\/product\/milan-sillon-tienda-de-muebles\/","title":{"rendered":"Sill\u00f3n Milan Relax &#8211; Manual"},"content":{"rendered":"","protected":false},"excerpt":{"rendered":"<p>Motorizado o ascensor relax con sill\u00f3n de palanca. El sill\u00f3n Milan cuenta con varios mecanismos de apertura y se acopla un puerto USB a la electricidad, un modelo de incomparable confort.<\/p>\n<p><strong>Caracter\u00edsticas:<\/strong><br \/>\nMECANISMO: Relax manual, motorizado o levantamiento.<br \/>\nESTRUCTURA: Madera de pino reforzada con tablero de part\u00edculas.<br \/>\nSUSPENSI\u00d3N DEL ASIENTO: Cinturones cubiertos de primera calidad.<br \/>\nCOJ\u00cdN ASIENTO: espuma de poliuretano de 35 kg \/ m3 recubierta de fibra de poli\u00e9ster.<br \/>\nALMOHADA DE RESPALDO: Fibra hueca de silicona.<br \/>\nDESMONTABLE: Asiento, cojines de respaldo y cubre brazos.<br \/>\nCARGADOR USB: En mecanismo R-400 y R-500.<\/p>\n<p><strong>Medidas:<\/strong><br \/>\nAlto respaldo: 70 cm.<br \/>\nAltura del asiento: 48 cm.<br \/>\nProfundidad del asiento: 49 cm.<br \/>\nAncho del asiento: 48 cm.<br \/>\nDimensi\u00f3n abierta: 163 cm.<\/p>\n<p>\u25ba Env\u00edo Gratis.<br \/>\n\u25ba Montaje incluido.<br \/>\n\u25ba Plazo de entrega: 4 semanas.<\/p>\n","protected":false},"featured_media":9696,"comment_status":"closed","ping_status":"closed","template":"","meta":{"_acf_changed":false,"_joinchat":[]},"product_brand":[],"product_cat":[338],"product_tag":[373],"class_list":{"0":"post-9808","1":"product","2":"type-product","3":"status-publish","4":"has-post-thumbnail","6":"product_cat-sillones","7":"product_tag-sillon","8":"product_shipping_class-entrega-en-30-dias","10":"first","11":"instock","12":"taxable","13":"shipping-taxable","14":"purchasable","15":"product-type-variable"},"acf":[],"yoast_head":"<!-- This site is optimized with the Yoast SEO Premium plugin v22.5 (Yoast SEO v24.8) - https:\/\/yoast.com\/wordpress\/plugins\/seo\/ -->\n<title>\u25b7 Sill\u00f3n Mil\u00e1n Relax Manual | Muebles Torrevieja al mejor precio<\/title>\n<meta name=\"description\" content=\"El Sill\u00f3n Mil\u00e1n Relax Manual es una versi\u00f3n no motorizado pero igualmente c\u00f3modaonalmente c\u00f3modo del Milan Relax El\u00e9ctrico. Muebles Torrevieja.\" \/>\n<meta name=\"robots\" content=\"index, follow, max-snippet:-1, max-image-preview:large, max-video-preview:-1\" \/>\n<link rel=\"canonical\" href=\"https:\/\/mueblesjbrinas.com\/es\/product\/milan-sillon-tienda-de-muebles\/\" \/>\n<meta property=\"og:locale\" content=\"es_ES\" \/>\n<meta property=\"og:type\" content=\"article\" \/>\n<meta property=\"og:title\" content=\"Sill\u00f3n Milan Relax - Manual\" \/>\n<meta property=\"og:description\" content=\"El Sill\u00f3n Mil\u00e1n Relax Manual es una versi\u00f3n no motorizado pero igualmente c\u00f3modaonalmente c\u00f3modo del Milan Relax El\u00e9ctrico. Muebles Torrevieja.\" \/>\n<meta property=\"og:url\" content=\"https:\/\/mueblesjbrinas.com\/es\/product\/milan-sillon-tienda-de-muebles\/\" \/>\n<meta property=\"og:site_name\" content=\"In &amp; Out Furniture\" \/>\n<meta property=\"article:publisher\" content=\"https:\/\/www.facebook.com\/mueblesjbrinas\" \/>\n<meta property=\"article:modified_time\" content=\"2024-08-19T11:50:12+00:00\" \/>\n<meta property=\"og:image\" content=\"https:\/\/mueblesjbrinas.com\/wp-content\/uploads\/2020\/11\/milan-ambiente-ok.jpg\" \/>\n\t<meta property=\"og:image:width\" content=\"1134\" \/>\n\t<meta property=\"og:image:height\" content=\"997\" \/>\n\t<meta property=\"og:image:type\" content=\"image\/jpeg\" \/>\n<meta name=\"twitter:card\" content=\"summary_large_image\" \/>\n<meta name=\"twitter:label1\" content=\"Tiempo de lectura\" \/>\n\t<meta name=\"twitter:data1\" content=\"1 minuto\" \/>\n<script type=\"application\/ld+json\" class=\"yoast-schema-graph\">{\"@context\":\"https:\/\/schema.org\",\"@graph\":[{\"@type\":\"WebPage\",\"@id\":\"https:\/\/mueblesjbrinas.com\/es\/product\/milan-sillon-tienda-de-muebles\/\",\"url\":\"https:\/\/mueblesjbrinas.com\/es\/product\/milan-sillon-tienda-de-muebles\/\",\"name\":\"\u25b7 Sill\u00f3n Mil\u00e1n Relax Manual | Muebles Torrevieja al mejor precio\",\"isPartOf\":{\"@id\":\"https:\/\/mueblesjbrinas.com\/es\/#website\"},\"primaryImageOfPage\":{\"@id\":\"https:\/\/mueblesjbrinas.com\/es\/product\/milan-sillon-tienda-de-muebles\/#primaryimage\"},\"image\":{\"@id\":\"https:\/\/mueblesjbrinas.com\/es\/product\/milan-sillon-tienda-de-muebles\/#primaryimage\"},\"thumbnailUrl\":\"https:\/\/mueblesjbrinas.com\/wp-content\/uploads\/2020\/11\/milan-ambiente-ok.jpg\",\"datePublished\":\"2020-12-09T17:15:46+00:00\",\"dateModified\":\"2024-08-19T11:50:12+00:00\",\"description\":\"El Sill\u00f3n Mil\u00e1n Relax Manual es una versi\u00f3n no motorizado pero igualmente c\u00f3modaonalmente c\u00f3modo del Milan Relax El\u00e9ctrico. Muebles Torrevieja.\",\"breadcrumb\":{\"@id\":\"https:\/\/mueblesjbrinas.com\/es\/product\/milan-sillon-tienda-de-muebles\/#breadcrumb\"},\"inLanguage\":\"es\",\"potentialAction\":[{\"@type\":\"ReadAction\",\"target\":[\"https:\/\/mueblesjbrinas.com\/es\/product\/milan-sillon-tienda-de-muebles\/\"]}]},{\"@type\":\"ImageObject\",\"inLanguage\":\"es\",\"@id\":\"https:\/\/mueblesjbrinas.com\/es\/product\/milan-sillon-tienda-de-muebles\/#primaryimage\",\"url\":\"https:\/\/mueblesjbrinas.com\/wp-content\/uploads\/2020\/11\/milan-ambiente-ok.jpg\",\"contentUrl\":\"https:\/\/mueblesjbrinas.com\/wp-content\/uploads\/2020\/11\/milan-ambiente-ok.jpg\",\"width\":1134,\"height\":997,\"caption\":\"Sill\u00f3n Mil\u00e1n Relax El\u00e9ctrico\"},{\"@type\":\"BreadcrumbList\",\"@id\":\"https:\/\/mueblesjbrinas.com\/es\/product\/milan-sillon-tienda-de-muebles\/#breadcrumb\",\"itemListElement\":[{\"@type\":\"ListItem\",\"position\":1,\"name\":\"Portada\",\"item\":\"https:\/\/mueblesjbrinas.com\/es\/\"},{\"@type\":\"ListItem\",\"position\":2,\"name\":\"Tienda\",\"item\":\"https:\/\/mueblesjbrinas.com\/es\/muebles-de-exterior\/\"},{\"@type\":\"ListItem\",\"position\":3,\"name\":\"Sill\u00f3n Milan Relax &#8211; Manual\"}]},{\"@type\":\"WebSite\",\"@id\":\"https:\/\/mueblesjbrinas.com\/es\/#website\",\"url\":\"https:\/\/mueblesjbrinas.com\/es\/\",\"name\":\"Muebles Bri\u00f1as\",\"description\":\"Online Outdoor Furniture Shop in Costa Blanca. Torrevieja, Rojales, Guardamar, San Javier.\",\"publisher\":{\"@id\":\"https:\/\/mueblesjbrinas.com\/es\/#organization\"},\"potentialAction\":[{\"@type\":\"SearchAction\",\"target\":{\"@type\":\"EntryPoint\",\"urlTemplate\":\"https:\/\/mueblesjbrinas.com\/es\/?s={search_term_string}\"},\"query-input\":{\"@type\":\"PropertyValueSpecification\",\"valueRequired\":true,\"valueName\":\"search_term_string\"}}],\"inLanguage\":\"es\"},{\"@type\":\"Organization\",\"@id\":\"https:\/\/mueblesjbrinas.com\/es\/#organization\",\"name\":\"In&Out Furniture\",\"alternateName\":\"Muebles J. Bri\u00f1as\",\"url\":\"https:\/\/mueblesjbrinas.com\/es\/\",\"logo\":{\"@type\":\"ImageObject\",\"inLanguage\":\"es\",\"@id\":\"https:\/\/mueblesjbrinas.com\/es\/#\/schema\/logo\/image\/\",\"url\":\"https:\/\/mueblesjbrinas.com\/wp-content\/uploads\/2018\/03\/logo-web.png\",\"contentUrl\":\"https:\/\/mueblesjbrinas.com\/wp-content\/uploads\/2018\/03\/logo-web.png\",\"width\":300,\"height\":146,\"caption\":\"In&Out Furniture\"},\"image\":{\"@id\":\"https:\/\/mueblesjbrinas.com\/es\/#\/schema\/logo\/image\/\"},\"sameAs\":[\"https:\/\/www.facebook.com\/mueblesjbrinas\"]}]}<\/script>\n<!-- \/ Yoast SEO Premium plugin. -->","yoast_head_json":{"title":"\u25b7 Sill\u00f3n Mil\u00e1n Relax Manual | Muebles Torrevieja al mejor precio","description":"El Sill\u00f3n Mil\u00e1n Relax Manual es una versi\u00f3n no motorizado pero igualmente c\u00f3modaonalmente c\u00f3modo del Milan Relax El\u00e9ctrico. Muebles Torrevieja.","robots":{"index":"index","follow":"follow","max-snippet":"max-snippet:-1","max-image-preview":"max-image-preview:large","max-video-preview":"max-video-preview:-1"},"canonical":"https:\/\/mueblesjbrinas.com\/es\/product\/milan-sillon-tienda-de-muebles\/","og_locale":"es_ES","og_type":"article","og_title":"Sill\u00f3n Milan Relax - Manual","og_description":"El Sill\u00f3n Mil\u00e1n Relax Manual es una versi\u00f3n no motorizado pero igualmente c\u00f3modaonalmente c\u00f3modo del Milan Relax El\u00e9ctrico. Muebles Torrevieja.","og_url":"https:\/\/mueblesjbrinas.com\/es\/product\/milan-sillon-tienda-de-muebles\/","og_site_name":"In &amp; Out Furniture","article_publisher":"https:\/\/www.facebook.com\/mueblesjbrinas","article_modified_time":"2024-08-19T11:50:12+00:00","og_image":[{"width":1134,"height":997,"url":"https:\/\/mueblesjbrinas.com\/wp-content\/uploads\/2020\/11\/milan-ambiente-ok.jpg","type":"image\/jpeg"}],"twitter_card":"summary_large_image","twitter_misc":{"Tiempo de lectura":"1 minuto"},"schema":{"@context":"https:\/\/schema.org","@graph":[{"@type":"WebPage","@id":"https:\/\/mueblesjbrinas.com\/es\/product\/milan-sillon-tienda-de-muebles\/","url":"https:\/\/mueblesjbrinas.com\/es\/product\/milan-sillon-tienda-de-muebles\/","name":"\u25b7 Sill\u00f3n Mil\u00e1n Relax Manual | Muebles Torrevieja al mejor precio","isPartOf":{"@id":"https:\/\/mueblesjbrinas.com\/es\/#website"},"primaryImageOfPage":{"@id":"https:\/\/mueblesjbrinas.com\/es\/product\/milan-sillon-tienda-de-muebles\/#primaryimage"},"image":{"@id":"https:\/\/mueblesjbrinas.com\/es\/product\/milan-sillon-tienda-de-muebles\/#primaryimage"},"thumbnailUrl":"https:\/\/mueblesjbrinas.com\/wp-content\/uploads\/2020\/11\/milan-ambiente-ok.jpg","datePublished":"2020-12-09T17:15:46+00:00","dateModified":"2024-08-19T11:50:12+00:00","description":"El Sill\u00f3n Mil\u00e1n Relax Manual es una versi\u00f3n no motorizado pero igualmente c\u00f3modaonalmente c\u00f3modo del Milan Relax El\u00e9ctrico. Muebles Torrevieja.","breadcrumb":{"@id":"https:\/\/mueblesjbrinas.com\/es\/product\/milan-sillon-tienda-de-muebles\/#breadcrumb"},"inLanguage":"es","potentialAction":[{"@type":"ReadAction","target":["https:\/\/mueblesjbrinas.com\/es\/product\/milan-sillon-tienda-de-muebles\/"]}]},{"@type":"ImageObject","inLanguage":"es","@id":"https:\/\/mueblesjbrinas.com\/es\/product\/milan-sillon-tienda-de-muebles\/#primaryimage","url":"https:\/\/mueblesjbrinas.com\/wp-content\/uploads\/2020\/11\/milan-ambiente-ok.jpg","contentUrl":"https:\/\/mueblesjbrinas.com\/wp-content\/uploads\/2020\/11\/milan-ambiente-ok.jpg","width":1134,"height":997,"caption":"Sill\u00f3n Mil\u00e1n Relax El\u00e9ctrico"},{"@type":"BreadcrumbList","@id":"https:\/\/mueblesjbrinas.com\/es\/product\/milan-sillon-tienda-de-muebles\/#breadcrumb","itemListElement":[{"@type":"ListItem","position":1,"name":"Portada","item":"https:\/\/mueblesjbrinas.com\/es\/"},{"@type":"ListItem","position":2,"name":"Tienda","item":"https:\/\/mueblesjbrinas.com\/es\/muebles-de-exterior\/"},{"@type":"ListItem","position":3,"name":"Sill\u00f3n Milan Relax &#8211; Manual"}]},{"@type":"WebSite","@id":"https:\/\/mueblesjbrinas.com\/es\/#website","url":"https:\/\/mueblesjbrinas.com\/es\/","name":"Muebles Bri\u00f1as","description":"Online Outdoor Furniture Shop in Costa Blanca. Torrevieja, Rojales, Guardamar, San Javier.","publisher":{"@id":"https:\/\/mueblesjbrinas.com\/es\/#organization"},"potentialAction":[{"@type":"SearchAction","target":{"@type":"EntryPoint","urlTemplate":"https:\/\/mueblesjbrinas.com\/es\/?s={search_term_string}"},"query-input":{"@type":"PropertyValueSpecification","valueRequired":true,"valueName":"search_term_string"}}],"inLanguage":"es"},{"@type":"Organization","@id":"https:\/\/mueblesjbrinas.com\/es\/#organization","name":"In&Out Furniture","alternateName":"Muebles J. Bri\u00f1as","url":"https:\/\/mueblesjbrinas.com\/es\/","logo":{"@type":"ImageObject","inLanguage":"es","@id":"https:\/\/mueblesjbrinas.com\/es\/#\/schema\/logo\/image\/","url":"https:\/\/mueblesjbrinas.com\/wp-content\/uploads\/2018\/03\/logo-web.png","contentUrl":"https:\/\/mueblesjbrinas.com\/wp-content\/uploads\/2018\/03\/logo-web.png","width":300,"height":146,"caption":"In&Out Furniture"},"image":{"@id":"https:\/\/mueblesjbrinas.com\/es\/#\/schema\/logo\/image\/"},"sameAs":["https:\/\/www.facebook.com\/mueblesjbrinas"]}]}},"_links":{"self":[{"href":"https:\/\/mueblesjbrinas.com\/es\/wp-json\/wp\/v2\/product\/9808","targetHints":{"allow":["GET"]}}],"collection":[{"href":"https:\/\/mueblesjbrinas.com\/es\/wp-json\/wp\/v2\/product"}],"about":[{"href":"https:\/\/mueblesjbrinas.com\/es\/wp-json\/wp\/v2\/types\/product"}],"replies":[{"embeddable":true,"href":"https:\/\/mueblesjbrinas.com\/es\/wp-json\/wp\/v2\/comments?post=9808"}],"version-history":[{"count":0,"href":"https:\/\/mueblesjbrinas.com\/es\/wp-json\/wp\/v2\/product\/9808\/revisions"}],"wp:featuredmedia":[{"embeddable":true,"href":"https:\/\/mueblesjbrinas.com\/es\/wp-json\/wp\/v2\/media\/9696"}],"wp:attachment":[{"href":"https:\/\/mueblesjbrinas.com\/es\/wp-json\/wp\/v2\/media?parent=9808"}],"wp:term":[{"taxonomy":"product_brand","embeddable":true,"href":"https:\/\/mueblesjbrinas.com\/es\/wp-json\/wp\/v2\/product_brand?post=9808"},{"taxonomy":"product_cat","embeddable":true,"href":"https:\/\/mueblesjbrinas.com\/es\/wp-json\/wp\/v2\/product_cat?post=9808"},{"taxonomy":"product_tag","embeddable":true,"href":"https:\/\/mueblesjbrinas.com\/es\/wp-json\/wp\/v2\/product_tag?post=9808"}],"curies":[{"name":"wp","href":"https:\/\/api.w.org\/{rel}","templated":true}]}}