{"id":9798,"date":"2020-11-20T11:50:22","date_gmt":"2020-12-10T15:00:32","guid":{"rendered":"https:\/\/mueblesjbrinas.com\/?post_type=product&#038;p=9798"},"modified":"2021-11-10T17:40:07","modified_gmt":"2021-11-10T15:40:07","slug":"sillon-kelly-relax-2-motores-electricos","status":"publish","type":"product","link":"https:\/\/mueblesjbrinas.com\/es\/product\/sillon-kelly-relax-2-motores-electricos\/","title":{"rendered":"Sill\u00f3n Kelly Relax &#8211; 2 Motores el\u00e9ctricos"},"content":{"rendered":"<p>\u00bfEst\u00e1s buscando un sill\u00f3n c\u00f3modo donde relajarte? El Sill\u00f3n Kelly Relax es lo que est\u00e1s buscando, un sill\u00f3n c\u00f3modo y elegante.<\/p>\n<h1><span style=\"color: #333333; font-size: 26px;\">Nuestras tiendas de muebles<\/span><\/h1>\n<p>Recuerda que puedes encontrarnos ubicados en el mapa en 3 tiendas de muebles distintas. Estamos ubicados en Torrevieja (Orihuela Costa), Rojales (Ciudad Quesada) y Guardamar (La Marina). En Muebles J. Bri\u00f1as somos especialistas en decoraci\u00f3n, sof\u00e1s y muebles de exterior. Te escuchamos y asesoramos para escoger la mejor opci\u00f3n para tu espacio.<\/p>\n","protected":false},"excerpt":{"rendered":"<p>Sill\u00f3n relax giratorio | Sill\u00f3n relax con sistema de apertura manual, el\u00e9ctrico y giratorio. Un modelo ideal para descansar al llegar a casa.<\/p>\n<p><b>Caracter\u00edsticas<\/b><strong>:<\/strong><br \/>\nMECANISMO: Relajaci\u00f3n manual, respaldo con pist\u00f3n de bloqueo.<br \/>\nESTRUCTURA: Asiento y respaldo de metal. Brazos y reposapi\u00e9s fabricados en madera de pino reforzada con tablero de part\u00edculas.<br \/>\nPIE GIRATORIO: Aluminio mate.<br \/>\nSUSPENSI\u00d3N DEL ASIENTO: Muelles en zig-zag.<br \/>\nCOJ\u00cdN ASIENTO: espuma de poliuretano de 35 kg \/ m3 recubierta de fibra de poli\u00e9ster.<br \/>\nALMOHADA DE RESPALDO: Espuma de poliuretano de 20 kg \/ m3 recubierta de fibra de poli\u00e9ster. Reposacabezas reclinable.<\/p>\n<p><strong>Medidas:<\/strong><br \/>\nAlto respaldo: 73 cm.<br \/>\nAltura del asiento: 47 cm.<br \/>\nProfundidad del asiento: 52 cm.<br \/>\nAncho del asiento: 49 cm.<br \/>\nDimensi\u00f3n abierta: 165 cm.<\/p>\n<p>\u25ba Env\u00edo Gratis.<br \/>\n\u25ba Montaje incluido.<br \/>\n\u25ba Plazo de entrega: 4 semanas.<\/p>\n","protected":false},"featured_media":9705,"comment_status":"closed","ping_status":"closed","template":"","meta":{"_acf_changed":false,"_joinchat":[]},"product_brand":[],"product_cat":[338],"product_tag":[373],"class_list":{"0":"post-9798","1":"product","2":"type-product","3":"status-publish","4":"has-post-thumbnail","6":"product_cat-sillones","7":"product_tag-sillon","8":"product_shipping_class-entrega-en-30-dias","10":"first","11":"instock","12":"taxable","13":"shipping-taxable","14":"purchasable","15":"product-type-variable"},"acf":[],"yoast_head":"<!-- This site is optimized with the Yoast SEO Premium plugin v22.5 (Yoast SEO v24.8) - https:\/\/yoast.com\/wordpress\/plugins\/seo\/ -->\n<title>\u25b7 Sof\u00e1 Kelly Relax | Sillones y sof\u00e1s online en Torrevieja<\/title>\n<meta name=\"description\" content=\"\u00bfEst\u00e1s buscando un sill\u00f3n c\u00f3modo donde relajarte? El Sill\u00f3n Kelly Relax es lo que est\u00e1s buscando, un sill\u00f3n c\u00f3modo y elegante.\" \/>\n<meta name=\"robots\" content=\"index, follow, max-snippet:-1, max-image-preview:large, max-video-preview:-1\" \/>\n<link rel=\"canonical\" href=\"https:\/\/mueblesjbrinas.com\/es\/product\/sillon-kelly-relax-2-motores-electricos\/\" \/>\n<meta property=\"og:locale\" content=\"es_ES\" \/>\n<meta property=\"og:type\" content=\"article\" \/>\n<meta property=\"og:title\" content=\"Sill\u00f3n Kelly Relax - 2 Motores el\u00e9ctricos\" \/>\n<meta property=\"og:description\" content=\"\u00bfEst\u00e1s buscando un sill\u00f3n c\u00f3modo donde relajarte? El Sill\u00f3n Kelly Relax es lo que est\u00e1s buscando, un sill\u00f3n c\u00f3modo y elegante.\" \/>\n<meta property=\"og:url\" content=\"https:\/\/mueblesjbrinas.com\/es\/product\/sillon-kelly-relax-2-motores-electricos\/\" \/>\n<meta property=\"og:site_name\" content=\"In &amp; Out Furniture\" \/>\n<meta property=\"article:publisher\" content=\"https:\/\/www.facebook.com\/mueblesjbrinas\" \/>\n<meta property=\"article:modified_time\" content=\"2021-11-10T15:40:07+00:00\" \/>\n<meta property=\"og:image\" content=\"https:\/\/mueblesjbrinas.com\/wp-content\/uploads\/2020\/11\/kely-ambiente.jpg\" \/>\n\t<meta property=\"og:image:width\" content=\"1139\" \/>\n\t<meta property=\"og:image:height\" content=\"1000\" \/>\n\t<meta property=\"og:image:type\" content=\"image\/jpeg\" \/>\n<meta name=\"twitter:card\" content=\"summary_large_image\" \/>\n<script type=\"application\/ld+json\" class=\"yoast-schema-graph\">{\"@context\":\"https:\/\/schema.org\",\"@graph\":[{\"@type\":\"WebPage\",\"@id\":\"https:\/\/mueblesjbrinas.com\/es\/product\/sillon-kelly-relax-2-motores-electricos\/\",\"url\":\"https:\/\/mueblesjbrinas.com\/es\/product\/sillon-kelly-relax-2-motores-electricos\/\",\"name\":\"\u25b7 Sof\u00e1 Kelly Relax | Sillones y sof\u00e1s online en Torrevieja\",\"isPartOf\":{\"@id\":\"https:\/\/mueblesjbrinas.com\/es\/#website\"},\"primaryImageOfPage\":{\"@id\":\"https:\/\/mueblesjbrinas.com\/es\/product\/sillon-kelly-relax-2-motores-electricos\/#primaryimage\"},\"image\":{\"@id\":\"https:\/\/mueblesjbrinas.com\/es\/product\/sillon-kelly-relax-2-motores-electricos\/#primaryimage\"},\"thumbnailUrl\":\"https:\/\/mueblesjbrinas.com\/wp-content\/uploads\/2020\/11\/kely-ambiente.jpg\",\"datePublished\":\"2020-12-10T15:00:32+00:00\",\"dateModified\":\"2021-11-10T15:40:07+00:00\",\"description\":\"\u00bfEst\u00e1s buscando un sill\u00f3n c\u00f3modo donde relajarte? El Sill\u00f3n Kelly Relax es lo que est\u00e1s buscando, un sill\u00f3n c\u00f3modo y elegante.\",\"breadcrumb\":{\"@id\":\"https:\/\/mueblesjbrinas.com\/es\/product\/sillon-kelly-relax-2-motores-electricos\/#breadcrumb\"},\"inLanguage\":\"es\",\"potentialAction\":[{\"@type\":\"ReadAction\",\"target\":[\"https:\/\/mueblesjbrinas.com\/es\/product\/sillon-kelly-relax-2-motores-electricos\/\"]}]},{\"@type\":\"ImageObject\",\"inLanguage\":\"es\",\"@id\":\"https:\/\/mueblesjbrinas.com\/es\/product\/sillon-kelly-relax-2-motores-electricos\/#primaryimage\",\"url\":\"https:\/\/mueblesjbrinas.com\/wp-content\/uploads\/2020\/11\/kely-ambiente.jpg\",\"contentUrl\":\"https:\/\/mueblesjbrinas.com\/wp-content\/uploads\/2020\/11\/kely-ambiente.jpg\",\"width\":1139,\"height\":1000,\"caption\":\"Sill\u00f3n Kelly Relax\"},{\"@type\":\"BreadcrumbList\",\"@id\":\"https:\/\/mueblesjbrinas.com\/es\/product\/sillon-kelly-relax-2-motores-electricos\/#breadcrumb\",\"itemListElement\":[{\"@type\":\"ListItem\",\"position\":1,\"name\":\"Portada\",\"item\":\"https:\/\/mueblesjbrinas.com\/es\/\"},{\"@type\":\"ListItem\",\"position\":2,\"name\":\"Tienda\",\"item\":\"https:\/\/mueblesjbrinas.com\/es\/muebles-de-exterior\/\"},{\"@type\":\"ListItem\",\"position\":3,\"name\":\"Sill\u00f3n Kelly Relax &#8211; 2 Motores el\u00e9ctricos\"}]},{\"@type\":\"WebSite\",\"@id\":\"https:\/\/mueblesjbrinas.com\/es\/#website\",\"url\":\"https:\/\/mueblesjbrinas.com\/es\/\",\"name\":\"Muebles Bri\u00f1as\",\"description\":\"Online Outdoor Furniture Shop in Costa Blanca. Torrevieja, Rojales, Guardamar, San Javier.\",\"publisher\":{\"@id\":\"https:\/\/mueblesjbrinas.com\/es\/#organization\"},\"potentialAction\":[{\"@type\":\"SearchAction\",\"target\":{\"@type\":\"EntryPoint\",\"urlTemplate\":\"https:\/\/mueblesjbrinas.com\/es\/?s={search_term_string}\"},\"query-input\":{\"@type\":\"PropertyValueSpecification\",\"valueRequired\":true,\"valueName\":\"search_term_string\"}}],\"inLanguage\":\"es\"},{\"@type\":\"Organization\",\"@id\":\"https:\/\/mueblesjbrinas.com\/es\/#organization\",\"name\":\"In&Out Furniture\",\"alternateName\":\"Muebles J. Bri\u00f1as\",\"url\":\"https:\/\/mueblesjbrinas.com\/es\/\",\"logo\":{\"@type\":\"ImageObject\",\"inLanguage\":\"es\",\"@id\":\"https:\/\/mueblesjbrinas.com\/es\/#\/schema\/logo\/image\/\",\"url\":\"https:\/\/mueblesjbrinas.com\/wp-content\/uploads\/2018\/03\/logo-web.png\",\"contentUrl\":\"https:\/\/mueblesjbrinas.com\/wp-content\/uploads\/2018\/03\/logo-web.png\",\"width\":300,\"height\":146,\"caption\":\"In&Out Furniture\"},\"image\":{\"@id\":\"https:\/\/mueblesjbrinas.com\/es\/#\/schema\/logo\/image\/\"},\"sameAs\":[\"https:\/\/www.facebook.com\/mueblesjbrinas\"]}]}<\/script>\n<!-- \/ Yoast SEO Premium plugin. -->","yoast_head_json":{"title":"\u25b7 Sof\u00e1 Kelly Relax | Sillones y sof\u00e1s online en Torrevieja","description":"\u00bfEst\u00e1s buscando un sill\u00f3n c\u00f3modo donde relajarte? El Sill\u00f3n Kelly Relax es lo que est\u00e1s buscando, un sill\u00f3n c\u00f3modo y elegante.","robots":{"index":"index","follow":"follow","max-snippet":"max-snippet:-1","max-image-preview":"max-image-preview:large","max-video-preview":"max-video-preview:-1"},"canonical":"https:\/\/mueblesjbrinas.com\/es\/product\/sillon-kelly-relax-2-motores-electricos\/","og_locale":"es_ES","og_type":"article","og_title":"Sill\u00f3n Kelly Relax - 2 Motores el\u00e9ctricos","og_description":"\u00bfEst\u00e1s buscando un sill\u00f3n c\u00f3modo donde relajarte? El Sill\u00f3n Kelly Relax es lo que est\u00e1s buscando, un sill\u00f3n c\u00f3modo y elegante.","og_url":"https:\/\/mueblesjbrinas.com\/es\/product\/sillon-kelly-relax-2-motores-electricos\/","og_site_name":"In &amp; Out Furniture","article_publisher":"https:\/\/www.facebook.com\/mueblesjbrinas","article_modified_time":"2021-11-10T15:40:07+00:00","og_image":[{"width":1139,"height":1000,"url":"https:\/\/mueblesjbrinas.com\/wp-content\/uploads\/2020\/11\/kely-ambiente.jpg","type":"image\/jpeg"}],"twitter_card":"summary_large_image","schema":{"@context":"https:\/\/schema.org","@graph":[{"@type":"WebPage","@id":"https:\/\/mueblesjbrinas.com\/es\/product\/sillon-kelly-relax-2-motores-electricos\/","url":"https:\/\/mueblesjbrinas.com\/es\/product\/sillon-kelly-relax-2-motores-electricos\/","name":"\u25b7 Sof\u00e1 Kelly Relax | Sillones y sof\u00e1s online en Torrevieja","isPartOf":{"@id":"https:\/\/mueblesjbrinas.com\/es\/#website"},"primaryImageOfPage":{"@id":"https:\/\/mueblesjbrinas.com\/es\/product\/sillon-kelly-relax-2-motores-electricos\/#primaryimage"},"image":{"@id":"https:\/\/mueblesjbrinas.com\/es\/product\/sillon-kelly-relax-2-motores-electricos\/#primaryimage"},"thumbnailUrl":"https:\/\/mueblesjbrinas.com\/wp-content\/uploads\/2020\/11\/kely-ambiente.jpg","datePublished":"2020-12-10T15:00:32+00:00","dateModified":"2021-11-10T15:40:07+00:00","description":"\u00bfEst\u00e1s buscando un sill\u00f3n c\u00f3modo donde relajarte? El Sill\u00f3n Kelly Relax es lo que est\u00e1s buscando, un sill\u00f3n c\u00f3modo y elegante.","breadcrumb":{"@id":"https:\/\/mueblesjbrinas.com\/es\/product\/sillon-kelly-relax-2-motores-electricos\/#breadcrumb"},"inLanguage":"es","potentialAction":[{"@type":"ReadAction","target":["https:\/\/mueblesjbrinas.com\/es\/product\/sillon-kelly-relax-2-motores-electricos\/"]}]},{"@type":"ImageObject","inLanguage":"es","@id":"https:\/\/mueblesjbrinas.com\/es\/product\/sillon-kelly-relax-2-motores-electricos\/#primaryimage","url":"https:\/\/mueblesjbrinas.com\/wp-content\/uploads\/2020\/11\/kely-ambiente.jpg","contentUrl":"https:\/\/mueblesjbrinas.com\/wp-content\/uploads\/2020\/11\/kely-ambiente.jpg","width":1139,"height":1000,"caption":"Sill\u00f3n Kelly Relax"},{"@type":"BreadcrumbList","@id":"https:\/\/mueblesjbrinas.com\/es\/product\/sillon-kelly-relax-2-motores-electricos\/#breadcrumb","itemListElement":[{"@type":"ListItem","position":1,"name":"Portada","item":"https:\/\/mueblesjbrinas.com\/es\/"},{"@type":"ListItem","position":2,"name":"Tienda","item":"https:\/\/mueblesjbrinas.com\/es\/muebles-de-exterior\/"},{"@type":"ListItem","position":3,"name":"Sill\u00f3n Kelly Relax &#8211; 2 Motores el\u00e9ctricos"}]},{"@type":"WebSite","@id":"https:\/\/mueblesjbrinas.com\/es\/#website","url":"https:\/\/mueblesjbrinas.com\/es\/","name":"Muebles Bri\u00f1as","description":"Online Outdoor Furniture Shop in Costa Blanca. Torrevieja, Rojales, Guardamar, San Javier.","publisher":{"@id":"https:\/\/mueblesjbrinas.com\/es\/#organization"},"potentialAction":[{"@type":"SearchAction","target":{"@type":"EntryPoint","urlTemplate":"https:\/\/mueblesjbrinas.com\/es\/?s={search_term_string}"},"query-input":{"@type":"PropertyValueSpecification","valueRequired":true,"valueName":"search_term_string"}}],"inLanguage":"es"},{"@type":"Organization","@id":"https:\/\/mueblesjbrinas.com\/es\/#organization","name":"In&Out Furniture","alternateName":"Muebles J. Bri\u00f1as","url":"https:\/\/mueblesjbrinas.com\/es\/","logo":{"@type":"ImageObject","inLanguage":"es","@id":"https:\/\/mueblesjbrinas.com\/es\/#\/schema\/logo\/image\/","url":"https:\/\/mueblesjbrinas.com\/wp-content\/uploads\/2018\/03\/logo-web.png","contentUrl":"https:\/\/mueblesjbrinas.com\/wp-content\/uploads\/2018\/03\/logo-web.png","width":300,"height":146,"caption":"In&Out Furniture"},"image":{"@id":"https:\/\/mueblesjbrinas.com\/es\/#\/schema\/logo\/image\/"},"sameAs":["https:\/\/www.facebook.com\/mueblesjbrinas"]}]}},"_links":{"self":[{"href":"https:\/\/mueblesjbrinas.com\/es\/wp-json\/wp\/v2\/product\/9798","targetHints":{"allow":["GET"]}}],"collection":[{"href":"https:\/\/mueblesjbrinas.com\/es\/wp-json\/wp\/v2\/product"}],"about":[{"href":"https:\/\/mueblesjbrinas.com\/es\/wp-json\/wp\/v2\/types\/product"}],"replies":[{"embeddable":true,"href":"https:\/\/mueblesjbrinas.com\/es\/wp-json\/wp\/v2\/comments?post=9798"}],"version-history":[{"count":1,"href":"https:\/\/mueblesjbrinas.com\/es\/wp-json\/wp\/v2\/product\/9798\/revisions"}],"predecessor-version":[{"id":9990,"href":"https:\/\/mueblesjbrinas.com\/es\/wp-json\/wp\/v2\/product\/9798\/revisions\/9990"}],"wp:featuredmedia":[{"embeddable":true,"href":"https:\/\/mueblesjbrinas.com\/es\/wp-json\/wp\/v2\/media\/9705"}],"wp:attachment":[{"href":"https:\/\/mueblesjbrinas.com\/es\/wp-json\/wp\/v2\/media?parent=9798"}],"wp:term":[{"taxonomy":"product_brand","embeddable":true,"href":"https:\/\/mueblesjbrinas.com\/es\/wp-json\/wp\/v2\/product_brand?post=9798"},{"taxonomy":"product_cat","embeddable":true,"href":"https:\/\/mueblesjbrinas.com\/es\/wp-json\/wp\/v2\/product_cat?post=9798"},{"taxonomy":"product_tag","embeddable":true,"href":"https:\/\/mueblesjbrinas.com\/es\/wp-json\/wp\/v2\/product_tag?post=9798"}],"curies":[{"name":"wp","href":"https:\/\/api.w.org\/{rel}","templated":true}]}}