{"id":9577,"date":"2020-09-10T17:26:25","date_gmt":"2020-09-10T15:26:25","guid":{"rendered":"https:\/\/mueblesjbrinas.com\/?post_type=product&#038;p=9577"},"modified":"2022-11-10T12:08:12","modified_gmt":"2022-11-10T10:08:12","slug":"mesa-sillas-roseflower","status":"publish","type":"product","link":"https:\/\/mueblesjbrinas.com\/es\/product\/mesa-sillas-roseflower\/","title":{"rendered":"MESA ROSEFLOWER 110 CM + 4 SILLAS"},"content":{"rendered":"<p>Una mesa y sillas de jard\u00edn que pertenece a un set de muebles de jard\u00edn de aluminio, fabricado con aut\u00e9nticos materiales de calidad y sostenibles.<\/p>\n<p>Este set de mobiliario de exterior est\u00e1 ya disponible en Muebles J. Bri\u00f1as.<\/p>\n<p>Enam\u00f3rate de los sets de jard\u00edn de l\u00edneas minimalistas y vanguardistas, perfecto para decoraci\u00f3n exterior.<\/p>\n<h2>Nuestras tiendas de muebles<\/h2>\n<p>Recuerda que puedes encontrarnos ubicados en el mapa en 3 tiendas de muebles de jard\u00edn distintas. Estamos ubicados en Torrevieja (Orihuela Costa), Rojales (Ciudad Quesada) y Guardamar (La Marina).<\/p>\n<p>En Muebles J. Bri\u00f1as somos especialistas en decoraci\u00f3n, sof\u00e1s y muebles de exterior. Te escuchamos y asesoramos para escoger la mejor opci\u00f3n para tu espacio.<\/p>\n","protected":false},"excerpt":{"rendered":"<p>El set incluye<\/p>\n<p>1 Mesa 110 cm en aluminio y cristal con vinilo ceramico<\/p>\n<p>4 Sillas apilables de aluminio y microperforado<\/p>\n","protected":false},"featured_media":12079,"comment_status":"closed","ping_status":"closed","template":"","meta":{"_acf_changed":false,"_joinchat":[]},"product_brand":[],"product_cat":[112,35],"product_tag":[315],"class_list":{"0":"post-9577","1":"product","2":"type-product","3":"status-publish","4":"has-post-thumbnail","6":"product_cat-aluminio","7":"product_cat-sets-de-jardin","8":"product_tag-muebles-de-aluminio","10":"first","11":"instock","12":"taxable","13":"shipping-taxable","14":"purchasable","15":"product-type-simple"},"acf":[],"yoast_head":"<!-- This site is optimized with the Yoast SEO Premium plugin v22.5 (Yoast SEO v24.8) - https:\/\/yoast.com\/wordpress\/plugins\/seo\/ -->\n<title>\u25b7 Mesa y 4 sillas | Muebles de Jard\u00edn de Aluminio<\/title>\n<meta name=\"description\" content=\"Un set de jard\u00edn de la colecci\u00f3n de mobiliario de exterior de Muebles J Bri\u00f1as. Muebles minimalistas, modernos y tradicionales para tu hogar\" \/>\n<meta name=\"robots\" content=\"index, follow, max-snippet:-1, max-image-preview:large, max-video-preview:-1\" \/>\n<link rel=\"canonical\" href=\"https:\/\/mueblesjbrinas.com\/es\/product\/mesa-sillas-roseflower\/\" \/>\n<meta property=\"og:locale\" content=\"es_ES\" \/>\n<meta property=\"og:type\" content=\"article\" \/>\n<meta property=\"og:title\" content=\"MESA ROSEFLOWER 110 CM + 4 SILLAS\" \/>\n<meta property=\"og:description\" content=\"Un set de jard\u00edn de la colecci\u00f3n de mobiliario de exterior de Muebles J Bri\u00f1as. Muebles minimalistas, modernos y tradicionales para tu hogar\" \/>\n<meta property=\"og:url\" content=\"https:\/\/mueblesjbrinas.com\/es\/product\/mesa-sillas-roseflower\/\" \/>\n<meta property=\"og:site_name\" content=\"In &amp; Out Furniture\" \/>\n<meta property=\"article:publisher\" content=\"https:\/\/www.facebook.com\/mueblesjbrinas\" \/>\n<meta property=\"article:modified_time\" content=\"2022-11-10T10:08:12+00:00\" \/>\n<meta property=\"og:image\" content=\"https:\/\/mueblesjbrinas.com\/wp-content\/uploads\/2020\/09\/Table-110-scaled.jpg\" \/>\n\t<meta property=\"og:image:width\" content=\"2560\" \/>\n\t<meta property=\"og:image:height\" content=\"1707\" \/>\n\t<meta property=\"og:image:type\" content=\"image\/jpeg\" \/>\n<meta name=\"twitter:card\" content=\"summary_large_image\" \/>\n<meta name=\"twitter:label1\" content=\"Tiempo de lectura\" \/>\n\t<meta name=\"twitter:data1\" content=\"1 minuto\" \/>\n<script type=\"application\/ld+json\" class=\"yoast-schema-graph\">{\"@context\":\"https:\/\/schema.org\",\"@graph\":[{\"@type\":\"WebPage\",\"@id\":\"https:\/\/mueblesjbrinas.com\/es\/product\/mesa-sillas-roseflower\/\",\"url\":\"https:\/\/mueblesjbrinas.com\/es\/product\/mesa-sillas-roseflower\/\",\"name\":\"\u25b7 Mesa y 4 sillas | Muebles de Jard\u00edn de Aluminio\",\"isPartOf\":{\"@id\":\"https:\/\/mueblesjbrinas.com\/es\/#website\"},\"primaryImageOfPage\":{\"@id\":\"https:\/\/mueblesjbrinas.com\/es\/product\/mesa-sillas-roseflower\/#primaryimage\"},\"image\":{\"@id\":\"https:\/\/mueblesjbrinas.com\/es\/product\/mesa-sillas-roseflower\/#primaryimage\"},\"thumbnailUrl\":\"https:\/\/mueblesjbrinas.com\/wp-content\/uploads\/2020\/09\/Table-110-scaled.jpg\",\"datePublished\":\"2020-09-10T15:26:25+00:00\",\"dateModified\":\"2022-11-10T10:08:12+00:00\",\"description\":\"Un set de jard\u00edn de la colecci\u00f3n de mobiliario de exterior de Muebles J Bri\u00f1as. Muebles minimalistas, modernos y tradicionales para tu hogar\",\"breadcrumb\":{\"@id\":\"https:\/\/mueblesjbrinas.com\/es\/product\/mesa-sillas-roseflower\/#breadcrumb\"},\"inLanguage\":\"es\",\"potentialAction\":[{\"@type\":\"ReadAction\",\"target\":[\"https:\/\/mueblesjbrinas.com\/es\/product\/mesa-sillas-roseflower\/\"]}]},{\"@type\":\"ImageObject\",\"inLanguage\":\"es\",\"@id\":\"https:\/\/mueblesjbrinas.com\/es\/product\/mesa-sillas-roseflower\/#primaryimage\",\"url\":\"https:\/\/mueblesjbrinas.com\/wp-content\/uploads\/2020\/09\/Table-110-scaled.jpg\",\"contentUrl\":\"https:\/\/mueblesjbrinas.com\/wp-content\/uploads\/2020\/09\/Table-110-scaled.jpg\",\"width\":2560,\"height\":1707,\"caption\":\"Roseflower mesa 110 cm\"},{\"@type\":\"BreadcrumbList\",\"@id\":\"https:\/\/mueblesjbrinas.com\/es\/product\/mesa-sillas-roseflower\/#breadcrumb\",\"itemListElement\":[{\"@type\":\"ListItem\",\"position\":1,\"name\":\"Portada\",\"item\":\"https:\/\/mueblesjbrinas.com\/es\/\"},{\"@type\":\"ListItem\",\"position\":2,\"name\":\"Tienda\",\"item\":\"https:\/\/mueblesjbrinas.com\/es\/muebles-de-exterior\/\"},{\"@type\":\"ListItem\",\"position\":3,\"name\":\"MESA ROSEFLOWER 110 CM + 4 SILLAS\"}]},{\"@type\":\"WebSite\",\"@id\":\"https:\/\/mueblesjbrinas.com\/es\/#website\",\"url\":\"https:\/\/mueblesjbrinas.com\/es\/\",\"name\":\"Muebles Bri\u00f1as\",\"description\":\"Online Outdoor Furniture Shop in Costa Blanca. Torrevieja, Rojales, Guardamar, San Javier.\",\"publisher\":{\"@id\":\"https:\/\/mueblesjbrinas.com\/es\/#organization\"},\"potentialAction\":[{\"@type\":\"SearchAction\",\"target\":{\"@type\":\"EntryPoint\",\"urlTemplate\":\"https:\/\/mueblesjbrinas.com\/es\/?s={search_term_string}\"},\"query-input\":{\"@type\":\"PropertyValueSpecification\",\"valueRequired\":true,\"valueName\":\"search_term_string\"}}],\"inLanguage\":\"es\"},{\"@type\":\"Organization\",\"@id\":\"https:\/\/mueblesjbrinas.com\/es\/#organization\",\"name\":\"In&Out Furniture\",\"alternateName\":\"Muebles J. Bri\u00f1as\",\"url\":\"https:\/\/mueblesjbrinas.com\/es\/\",\"logo\":{\"@type\":\"ImageObject\",\"inLanguage\":\"es\",\"@id\":\"https:\/\/mueblesjbrinas.com\/es\/#\/schema\/logo\/image\/\",\"url\":\"https:\/\/mueblesjbrinas.com\/wp-content\/uploads\/2018\/03\/logo-web.png\",\"contentUrl\":\"https:\/\/mueblesjbrinas.com\/wp-content\/uploads\/2018\/03\/logo-web.png\",\"width\":300,\"height\":146,\"caption\":\"In&Out Furniture\"},\"image\":{\"@id\":\"https:\/\/mueblesjbrinas.com\/es\/#\/schema\/logo\/image\/\"},\"sameAs\":[\"https:\/\/www.facebook.com\/mueblesjbrinas\"]}]}<\/script>\n<!-- \/ Yoast SEO Premium plugin. -->","yoast_head_json":{"title":"\u25b7 Mesa y 4 sillas | Muebles de Jard\u00edn de Aluminio","description":"Un set de jard\u00edn de la colecci\u00f3n de mobiliario de exterior de Muebles J Bri\u00f1as. Muebles minimalistas, modernos y tradicionales para tu hogar","robots":{"index":"index","follow":"follow","max-snippet":"max-snippet:-1","max-image-preview":"max-image-preview:large","max-video-preview":"max-video-preview:-1"},"canonical":"https:\/\/mueblesjbrinas.com\/es\/product\/mesa-sillas-roseflower\/","og_locale":"es_ES","og_type":"article","og_title":"MESA ROSEFLOWER 110 CM + 4 SILLAS","og_description":"Un set de jard\u00edn de la colecci\u00f3n de mobiliario de exterior de Muebles J Bri\u00f1as. Muebles minimalistas, modernos y tradicionales para tu hogar","og_url":"https:\/\/mueblesjbrinas.com\/es\/product\/mesa-sillas-roseflower\/","og_site_name":"In &amp; Out Furniture","article_publisher":"https:\/\/www.facebook.com\/mueblesjbrinas","article_modified_time":"2022-11-10T10:08:12+00:00","og_image":[{"width":2560,"height":1707,"url":"https:\/\/mueblesjbrinas.com\/wp-content\/uploads\/2020\/09\/Table-110-scaled.jpg","type":"image\/jpeg"}],"twitter_card":"summary_large_image","twitter_misc":{"Tiempo de lectura":"1 minuto"},"schema":{"@context":"https:\/\/schema.org","@graph":[{"@type":"WebPage","@id":"https:\/\/mueblesjbrinas.com\/es\/product\/mesa-sillas-roseflower\/","url":"https:\/\/mueblesjbrinas.com\/es\/product\/mesa-sillas-roseflower\/","name":"\u25b7 Mesa y 4 sillas | Muebles de Jard\u00edn de Aluminio","isPartOf":{"@id":"https:\/\/mueblesjbrinas.com\/es\/#website"},"primaryImageOfPage":{"@id":"https:\/\/mueblesjbrinas.com\/es\/product\/mesa-sillas-roseflower\/#primaryimage"},"image":{"@id":"https:\/\/mueblesjbrinas.com\/es\/product\/mesa-sillas-roseflower\/#primaryimage"},"thumbnailUrl":"https:\/\/mueblesjbrinas.com\/wp-content\/uploads\/2020\/09\/Table-110-scaled.jpg","datePublished":"2020-09-10T15:26:25+00:00","dateModified":"2022-11-10T10:08:12+00:00","description":"Un set de jard\u00edn de la colecci\u00f3n de mobiliario de exterior de Muebles J Bri\u00f1as. Muebles minimalistas, modernos y tradicionales para tu hogar","breadcrumb":{"@id":"https:\/\/mueblesjbrinas.com\/es\/product\/mesa-sillas-roseflower\/#breadcrumb"},"inLanguage":"es","potentialAction":[{"@type":"ReadAction","target":["https:\/\/mueblesjbrinas.com\/es\/product\/mesa-sillas-roseflower\/"]}]},{"@type":"ImageObject","inLanguage":"es","@id":"https:\/\/mueblesjbrinas.com\/es\/product\/mesa-sillas-roseflower\/#primaryimage","url":"https:\/\/mueblesjbrinas.com\/wp-content\/uploads\/2020\/09\/Table-110-scaled.jpg","contentUrl":"https:\/\/mueblesjbrinas.com\/wp-content\/uploads\/2020\/09\/Table-110-scaled.jpg","width":2560,"height":1707,"caption":"Roseflower mesa 110 cm"},{"@type":"BreadcrumbList","@id":"https:\/\/mueblesjbrinas.com\/es\/product\/mesa-sillas-roseflower\/#breadcrumb","itemListElement":[{"@type":"ListItem","position":1,"name":"Portada","item":"https:\/\/mueblesjbrinas.com\/es\/"},{"@type":"ListItem","position":2,"name":"Tienda","item":"https:\/\/mueblesjbrinas.com\/es\/muebles-de-exterior\/"},{"@type":"ListItem","position":3,"name":"MESA ROSEFLOWER 110 CM + 4 SILLAS"}]},{"@type":"WebSite","@id":"https:\/\/mueblesjbrinas.com\/es\/#website","url":"https:\/\/mueblesjbrinas.com\/es\/","name":"Muebles Bri\u00f1as","description":"Online Outdoor Furniture Shop in Costa Blanca. Torrevieja, Rojales, Guardamar, San Javier.","publisher":{"@id":"https:\/\/mueblesjbrinas.com\/es\/#organization"},"potentialAction":[{"@type":"SearchAction","target":{"@type":"EntryPoint","urlTemplate":"https:\/\/mueblesjbrinas.com\/es\/?s={search_term_string}"},"query-input":{"@type":"PropertyValueSpecification","valueRequired":true,"valueName":"search_term_string"}}],"inLanguage":"es"},{"@type":"Organization","@id":"https:\/\/mueblesjbrinas.com\/es\/#organization","name":"In&Out Furniture","alternateName":"Muebles J. Bri\u00f1as","url":"https:\/\/mueblesjbrinas.com\/es\/","logo":{"@type":"ImageObject","inLanguage":"es","@id":"https:\/\/mueblesjbrinas.com\/es\/#\/schema\/logo\/image\/","url":"https:\/\/mueblesjbrinas.com\/wp-content\/uploads\/2018\/03\/logo-web.png","contentUrl":"https:\/\/mueblesjbrinas.com\/wp-content\/uploads\/2018\/03\/logo-web.png","width":300,"height":146,"caption":"In&Out Furniture"},"image":{"@id":"https:\/\/mueblesjbrinas.com\/es\/#\/schema\/logo\/image\/"},"sameAs":["https:\/\/www.facebook.com\/mueblesjbrinas"]}]}},"_links":{"self":[{"href":"https:\/\/mueblesjbrinas.com\/es\/wp-json\/wp\/v2\/product\/9577","targetHints":{"allow":["GET"]}}],"collection":[{"href":"https:\/\/mueblesjbrinas.com\/es\/wp-json\/wp\/v2\/product"}],"about":[{"href":"https:\/\/mueblesjbrinas.com\/es\/wp-json\/wp\/v2\/types\/product"}],"replies":[{"embeddable":true,"href":"https:\/\/mueblesjbrinas.com\/es\/wp-json\/wp\/v2\/comments?post=9577"}],"version-history":[{"count":3,"href":"https:\/\/mueblesjbrinas.com\/es\/wp-json\/wp\/v2\/product\/9577\/revisions"}],"predecessor-version":[{"id":11193,"href":"https:\/\/mueblesjbrinas.com\/es\/wp-json\/wp\/v2\/product\/9577\/revisions\/11193"}],"wp:featuredmedia":[{"embeddable":true,"href":"https:\/\/mueblesjbrinas.com\/es\/wp-json\/wp\/v2\/media\/12079"}],"wp:attachment":[{"href":"https:\/\/mueblesjbrinas.com\/es\/wp-json\/wp\/v2\/media?parent=9577"}],"wp:term":[{"taxonomy":"product_brand","embeddable":true,"href":"https:\/\/mueblesjbrinas.com\/es\/wp-json\/wp\/v2\/product_brand?post=9577"},{"taxonomy":"product_cat","embeddable":true,"href":"https:\/\/mueblesjbrinas.com\/es\/wp-json\/wp\/v2\/product_cat?post=9577"},{"taxonomy":"product_tag","embeddable":true,"href":"https:\/\/mueblesjbrinas.com\/es\/wp-json\/wp\/v2\/product_tag?post=9577"}],"curies":[{"name":"wp","href":"https:\/\/api.w.org\/{rel}","templated":true}]}}