{"id":9230,"date":"2020-06-12T16:31:07","date_gmt":"2020-06-12T14:31:07","guid":{"rendered":"https:\/\/mueblesjbrinas.com\/?post_type=product&#038;p=9230"},"modified":"2022-03-04T14:50:38","modified_gmt":"2022-03-04T12:50:38","slug":"set-comedor-berlin","status":"publish","type":"product","link":"https:\/\/mueblesjbrinas.com\/es\/product\/set-comedor-berlin\/","title":{"rendered":"BERLIN COMEDOR SET"},"content":{"rendered":"<p>Un conjunto de muebles de jard\u00edn de aluminio, de aire minimalista y de dise\u00f1o, que pertenece a la colecci\u00f3n Berlin: cuenta mesa de comedor y 6 sillones de comedor.<\/p>\n<p><span style=\"color: #333333; font-size: 26px;\">Nuestras tiendas de muebles<\/span><\/p>\n<p>Recuerda que puedes encontrarnos ubicados en el mapa en 3 tiendas de muebles de jard\u00edn distintas. Estamos ubicados en Torrevieja (Orihuela Costa), Rojales (Ciudad Quesada) y Guardamar (La Marina).<\/p>\n<p>En Muebles J. Bri\u00f1as somos especialistas en decoraci\u00f3n, sof\u00e1s y muebles de exterior.<\/p>\n<p>Te escuchamos y asesoramos para escoger la mejor opci\u00f3n para tu espacio.<\/p>\n","protected":false},"excerpt":{"rendered":"<p>Exclusivo conjunto moderno de aluminio blanco ideal para el exterior, dise\u00f1o recto y sencillo que da sensaci\u00f3n de ligereza. Fabricado en aluminio, lo que garantiza que no se oxida ante cualquier circunstancia meteorol\u00f3gica. El aluminio tambi\u00e9n destaca por la facilidad de limpieza y el innecesario mantenimiento. Cojines gruesos, c\u00f3modos, lavables y desenfundables.<\/p>\n<p>El Set incluye:<\/p>\n<ul>\n<li>Mesa de comedor + 6 Sillones de comedor<\/li>\n<li>2 A\u00f1os de garant\u00eda<\/li>\n<\/ul>\n","protected":false},"featured_media":9224,"comment_status":"closed","ping_status":"closed","template":"","meta":{"_acf_changed":false,"_joinchat":[]},"product_brand":[],"product_cat":[112,35],"product_tag":[],"class_list":{"0":"post-9230","1":"product","2":"type-product","3":"status-publish","4":"has-post-thumbnail","6":"product_cat-aluminio","7":"product_cat-sets-de-jardin","9":"first","10":"instock","11":"taxable","12":"shipping-taxable","13":"purchasable","14":"product-type-simple"},"acf":[],"yoast_head":"<!-- This site is optimized with the Yoast SEO Premium plugin v22.5 (Yoast SEO v24.8) - https:\/\/yoast.com\/wordpress\/plugins\/seo\/ -->\n<title>Conjunto de Muebles de Jard\u00edn Aluminio Mesa Comedor - Muebles J Bri\u00f1as<\/title>\n<meta name=\"description\" content=\"Conjunto de muebles mesa comedor para el jard\u00edn, encuentra conjuntos de muebles de jard\u00edn en aluminio en Muebles J. Bri\u00f1as.\" \/>\n<meta name=\"robots\" content=\"index, follow, max-snippet:-1, max-image-preview:large, max-video-preview:-1\" \/>\n<link rel=\"canonical\" href=\"https:\/\/mueblesjbrinas.com\/es\/product\/set-comedor-berlin\/\" \/>\n<meta property=\"og:locale\" content=\"es_ES\" \/>\n<meta property=\"og:type\" content=\"article\" \/>\n<meta property=\"og:title\" content=\"BERLIN COMEDOR SET\" \/>\n<meta property=\"og:description\" content=\"Conjunto de muebles mesa comedor para el jard\u00edn, encuentra conjuntos de muebles de jard\u00edn en aluminio en Muebles J. Bri\u00f1as.\" \/>\n<meta property=\"og:url\" content=\"https:\/\/mueblesjbrinas.com\/es\/product\/set-comedor-berlin\/\" \/>\n<meta property=\"og:site_name\" content=\"In &amp; Out Furniture\" \/>\n<meta property=\"article:publisher\" content=\"https:\/\/www.facebook.com\/mueblesjbrinas\" \/>\n<meta property=\"article:modified_time\" content=\"2022-03-04T12:50:38+00:00\" \/>\n<meta property=\"og:image\" content=\"https:\/\/mueblesjbrinas.com\/wp-content\/uploads\/2020\/06\/3set-de-aluminio-berlin--scaled.jpg\" \/>\n\t<meta property=\"og:image:width\" content=\"2560\" \/>\n\t<meta property=\"og:image:height\" content=\"1707\" \/>\n\t<meta property=\"og:image:type\" content=\"image\/jpeg\" \/>\n<meta name=\"twitter:card\" content=\"summary_large_image\" \/>\n<script type=\"application\/ld+json\" class=\"yoast-schema-graph\">{\"@context\":\"https:\/\/schema.org\",\"@graph\":[{\"@type\":\"WebPage\",\"@id\":\"https:\/\/mueblesjbrinas.com\/es\/product\/set-comedor-berlin\/\",\"url\":\"https:\/\/mueblesjbrinas.com\/es\/product\/set-comedor-berlin\/\",\"name\":\"Conjunto de Muebles de Jard\u00edn Aluminio Mesa Comedor - Muebles J Bri\u00f1as\",\"isPartOf\":{\"@id\":\"https:\/\/mueblesjbrinas.com\/es\/#website\"},\"primaryImageOfPage\":{\"@id\":\"https:\/\/mueblesjbrinas.com\/es\/product\/set-comedor-berlin\/#primaryimage\"},\"image\":{\"@id\":\"https:\/\/mueblesjbrinas.com\/es\/product\/set-comedor-berlin\/#primaryimage\"},\"thumbnailUrl\":\"https:\/\/mueblesjbrinas.com\/wp-content\/uploads\/2020\/06\/3set-de-aluminio-berlin--scaled.jpg\",\"datePublished\":\"2020-06-12T14:31:07+00:00\",\"dateModified\":\"2022-03-04T12:50:38+00:00\",\"description\":\"Conjunto de muebles mesa comedor para el jard\u00edn, encuentra conjuntos de muebles de jard\u00edn en aluminio en Muebles J. Bri\u00f1as.\",\"breadcrumb\":{\"@id\":\"https:\/\/mueblesjbrinas.com\/es\/product\/set-comedor-berlin\/#breadcrumb\"},\"inLanguage\":\"es\",\"potentialAction\":[{\"@type\":\"ReadAction\",\"target\":[\"https:\/\/mueblesjbrinas.com\/es\/product\/set-comedor-berlin\/\"]}]},{\"@type\":\"ImageObject\",\"inLanguage\":\"es\",\"@id\":\"https:\/\/mueblesjbrinas.com\/es\/product\/set-comedor-berlin\/#primaryimage\",\"url\":\"https:\/\/mueblesjbrinas.com\/wp-content\/uploads\/2020\/06\/3set-de-aluminio-berlin--scaled.jpg\",\"contentUrl\":\"https:\/\/mueblesjbrinas.com\/wp-content\/uploads\/2020\/06\/3set-de-aluminio-berlin--scaled.jpg\",\"width\":2560,\"height\":1707},{\"@type\":\"BreadcrumbList\",\"@id\":\"https:\/\/mueblesjbrinas.com\/es\/product\/set-comedor-berlin\/#breadcrumb\",\"itemListElement\":[{\"@type\":\"ListItem\",\"position\":1,\"name\":\"Portada\",\"item\":\"https:\/\/mueblesjbrinas.com\/es\/\"},{\"@type\":\"ListItem\",\"position\":2,\"name\":\"Tienda\",\"item\":\"https:\/\/mueblesjbrinas.com\/es\/muebles-de-exterior\/\"},{\"@type\":\"ListItem\",\"position\":3,\"name\":\"BERLIN COMEDOR SET\"}]},{\"@type\":\"WebSite\",\"@id\":\"https:\/\/mueblesjbrinas.com\/es\/#website\",\"url\":\"https:\/\/mueblesjbrinas.com\/es\/\",\"name\":\"Muebles Bri\u00f1as\",\"description\":\"Online Outdoor Furniture Shop in Costa Blanca. Torrevieja, Rojales, Guardamar, San Javier.\",\"publisher\":{\"@id\":\"https:\/\/mueblesjbrinas.com\/es\/#organization\"},\"potentialAction\":[{\"@type\":\"SearchAction\",\"target\":{\"@type\":\"EntryPoint\",\"urlTemplate\":\"https:\/\/mueblesjbrinas.com\/es\/?s={search_term_string}\"},\"query-input\":{\"@type\":\"PropertyValueSpecification\",\"valueRequired\":true,\"valueName\":\"search_term_string\"}}],\"inLanguage\":\"es\"},{\"@type\":\"Organization\",\"@id\":\"https:\/\/mueblesjbrinas.com\/es\/#organization\",\"name\":\"In&Out Furniture\",\"alternateName\":\"Muebles J. Bri\u00f1as\",\"url\":\"https:\/\/mueblesjbrinas.com\/es\/\",\"logo\":{\"@type\":\"ImageObject\",\"inLanguage\":\"es\",\"@id\":\"https:\/\/mueblesjbrinas.com\/es\/#\/schema\/logo\/image\/\",\"url\":\"https:\/\/mueblesjbrinas.com\/wp-content\/uploads\/2018\/03\/logo-web.png\",\"contentUrl\":\"https:\/\/mueblesjbrinas.com\/wp-content\/uploads\/2018\/03\/logo-web.png\",\"width\":300,\"height\":146,\"caption\":\"In&Out Furniture\"},\"image\":{\"@id\":\"https:\/\/mueblesjbrinas.com\/es\/#\/schema\/logo\/image\/\"},\"sameAs\":[\"https:\/\/www.facebook.com\/mueblesjbrinas\"]}]}<\/script>\n<!-- \/ Yoast SEO Premium plugin. -->","yoast_head_json":{"title":"Conjunto de Muebles de Jard\u00edn Aluminio Mesa Comedor - Muebles J Bri\u00f1as","description":"Conjunto de muebles mesa comedor para el jard\u00edn, encuentra conjuntos de muebles de jard\u00edn en aluminio en Muebles J. Bri\u00f1as.","robots":{"index":"index","follow":"follow","max-snippet":"max-snippet:-1","max-image-preview":"max-image-preview:large","max-video-preview":"max-video-preview:-1"},"canonical":"https:\/\/mueblesjbrinas.com\/es\/product\/set-comedor-berlin\/","og_locale":"es_ES","og_type":"article","og_title":"BERLIN COMEDOR SET","og_description":"Conjunto de muebles mesa comedor para el jard\u00edn, encuentra conjuntos de muebles de jard\u00edn en aluminio en Muebles J. Bri\u00f1as.","og_url":"https:\/\/mueblesjbrinas.com\/es\/product\/set-comedor-berlin\/","og_site_name":"In &amp; Out Furniture","article_publisher":"https:\/\/www.facebook.com\/mueblesjbrinas","article_modified_time":"2022-03-04T12:50:38+00:00","og_image":[{"width":2560,"height":1707,"url":"https:\/\/mueblesjbrinas.com\/wp-content\/uploads\/2020\/06\/3set-de-aluminio-berlin--scaled.jpg","type":"image\/jpeg"}],"twitter_card":"summary_large_image","schema":{"@context":"https:\/\/schema.org","@graph":[{"@type":"WebPage","@id":"https:\/\/mueblesjbrinas.com\/es\/product\/set-comedor-berlin\/","url":"https:\/\/mueblesjbrinas.com\/es\/product\/set-comedor-berlin\/","name":"Conjunto de Muebles de Jard\u00edn Aluminio Mesa Comedor - Muebles J Bri\u00f1as","isPartOf":{"@id":"https:\/\/mueblesjbrinas.com\/es\/#website"},"primaryImageOfPage":{"@id":"https:\/\/mueblesjbrinas.com\/es\/product\/set-comedor-berlin\/#primaryimage"},"image":{"@id":"https:\/\/mueblesjbrinas.com\/es\/product\/set-comedor-berlin\/#primaryimage"},"thumbnailUrl":"https:\/\/mueblesjbrinas.com\/wp-content\/uploads\/2020\/06\/3set-de-aluminio-berlin--scaled.jpg","datePublished":"2020-06-12T14:31:07+00:00","dateModified":"2022-03-04T12:50:38+00:00","description":"Conjunto de muebles mesa comedor para el jard\u00edn, encuentra conjuntos de muebles de jard\u00edn en aluminio en Muebles J. Bri\u00f1as.","breadcrumb":{"@id":"https:\/\/mueblesjbrinas.com\/es\/product\/set-comedor-berlin\/#breadcrumb"},"inLanguage":"es","potentialAction":[{"@type":"ReadAction","target":["https:\/\/mueblesjbrinas.com\/es\/product\/set-comedor-berlin\/"]}]},{"@type":"ImageObject","inLanguage":"es","@id":"https:\/\/mueblesjbrinas.com\/es\/product\/set-comedor-berlin\/#primaryimage","url":"https:\/\/mueblesjbrinas.com\/wp-content\/uploads\/2020\/06\/3set-de-aluminio-berlin--scaled.jpg","contentUrl":"https:\/\/mueblesjbrinas.com\/wp-content\/uploads\/2020\/06\/3set-de-aluminio-berlin--scaled.jpg","width":2560,"height":1707},{"@type":"BreadcrumbList","@id":"https:\/\/mueblesjbrinas.com\/es\/product\/set-comedor-berlin\/#breadcrumb","itemListElement":[{"@type":"ListItem","position":1,"name":"Portada","item":"https:\/\/mueblesjbrinas.com\/es\/"},{"@type":"ListItem","position":2,"name":"Tienda","item":"https:\/\/mueblesjbrinas.com\/es\/muebles-de-exterior\/"},{"@type":"ListItem","position":3,"name":"BERLIN COMEDOR SET"}]},{"@type":"WebSite","@id":"https:\/\/mueblesjbrinas.com\/es\/#website","url":"https:\/\/mueblesjbrinas.com\/es\/","name":"Muebles Bri\u00f1as","description":"Online Outdoor Furniture Shop in Costa Blanca. Torrevieja, Rojales, Guardamar, San Javier.","publisher":{"@id":"https:\/\/mueblesjbrinas.com\/es\/#organization"},"potentialAction":[{"@type":"SearchAction","target":{"@type":"EntryPoint","urlTemplate":"https:\/\/mueblesjbrinas.com\/es\/?s={search_term_string}"},"query-input":{"@type":"PropertyValueSpecification","valueRequired":true,"valueName":"search_term_string"}}],"inLanguage":"es"},{"@type":"Organization","@id":"https:\/\/mueblesjbrinas.com\/es\/#organization","name":"In&Out Furniture","alternateName":"Muebles J. Bri\u00f1as","url":"https:\/\/mueblesjbrinas.com\/es\/","logo":{"@type":"ImageObject","inLanguage":"es","@id":"https:\/\/mueblesjbrinas.com\/es\/#\/schema\/logo\/image\/","url":"https:\/\/mueblesjbrinas.com\/wp-content\/uploads\/2018\/03\/logo-web.png","contentUrl":"https:\/\/mueblesjbrinas.com\/wp-content\/uploads\/2018\/03\/logo-web.png","width":300,"height":146,"caption":"In&Out Furniture"},"image":{"@id":"https:\/\/mueblesjbrinas.com\/es\/#\/schema\/logo\/image\/"},"sameAs":["https:\/\/www.facebook.com\/mueblesjbrinas"]}]}},"_links":{"self":[{"href":"https:\/\/mueblesjbrinas.com\/es\/wp-json\/wp\/v2\/product\/9230","targetHints":{"allow":["GET"]}}],"collection":[{"href":"https:\/\/mueblesjbrinas.com\/es\/wp-json\/wp\/v2\/product"}],"about":[{"href":"https:\/\/mueblesjbrinas.com\/es\/wp-json\/wp\/v2\/types\/product"}],"replies":[{"embeddable":true,"href":"https:\/\/mueblesjbrinas.com\/es\/wp-json\/wp\/v2\/comments?post=9230"}],"version-history":[{"count":1,"href":"https:\/\/mueblesjbrinas.com\/es\/wp-json\/wp\/v2\/product\/9230\/revisions"}],"predecessor-version":[{"id":10871,"href":"https:\/\/mueblesjbrinas.com\/es\/wp-json\/wp\/v2\/product\/9230\/revisions\/10871"}],"wp:featuredmedia":[{"embeddable":true,"href":"https:\/\/mueblesjbrinas.com\/es\/wp-json\/wp\/v2\/media\/9224"}],"wp:attachment":[{"href":"https:\/\/mueblesjbrinas.com\/es\/wp-json\/wp\/v2\/media?parent=9230"}],"wp:term":[{"taxonomy":"product_brand","embeddable":true,"href":"https:\/\/mueblesjbrinas.com\/es\/wp-json\/wp\/v2\/product_brand?post=9230"},{"taxonomy":"product_cat","embeddable":true,"href":"https:\/\/mueblesjbrinas.com\/es\/wp-json\/wp\/v2\/product_cat?post=9230"},{"taxonomy":"product_tag","embeddable":true,"href":"https:\/\/mueblesjbrinas.com\/es\/wp-json\/wp\/v2\/product_tag?post=9230"}],"curies":[{"name":"wp","href":"https:\/\/api.w.org\/{rel}","templated":true}]}}