{"id":6792,"date":"2019-05-13T13:44:58","date_gmt":"2019-05-13T11:44:58","guid":{"rendered":"https:\/\/mueblesjbrinas.com\/producto\/import-placeholder-for-24\/"},"modified":"2023-02-23T15:59:08","modified_gmt":"2023-02-23T13:59:08","slug":"taburete-faro-nardi","status":"publish","type":"product","link":"https:\/\/mueblesjbrinas.com\/es\/product\/taburete-faro-nardi\/","title":{"rendered":"Taburete Faro Nardi"},"content":{"rendered":"<p>Taburete de la marca Nardi, marca de mobiliario especializada en venta de muebles de jard\u00edn para casa de alta calidad.\u2028Nardi es una marca italiana que ofrece una alta calidad en todos sus muebles con una l\u00ednea de dise\u00f1o minimalista que har\u00e1 resplandecer cualquier lugar de tu hogar.<\/p>\n","protected":false},"excerpt":{"rendered":"<p>Taburete apilable, en polipropileno fiberglass tratado anti UV y te\u00f1ido en masa.<\/p>\n","protected":false},"featured_media":6982,"comment_status":"closed","ping_status":"closed","template":"","meta":{"_acf_changed":false,"_joinchat":[]},"product_brand":[],"product_cat":[45],"product_tag":[295],"class_list":{"0":"post-6792","1":"product","2":"type-product","3":"status-publish","4":"has-post-thumbnail","6":"product_cat-sillas-nardi","7":"product_tag-nardi","9":"first","10":"instock","11":"taxable","12":"shipping-taxable","13":"purchasable","14":"product-type-variable"},"acf":[],"yoast_head":"<!-- This site is optimized with the Yoast SEO Premium plugin v22.5 (Yoast SEO v24.8) - https:\/\/yoast.com\/wordpress\/plugins\/seo\/ -->\n<title>\u25b7 Taburete Faro Nardi | Muebles Torrevieja Online<\/title>\n<meta name=\"description\" content=\"El Taburete Faro Nardi es un mueble de jard\u00edn de alta calidad con un dise\u00f1o muy minimalista. Tus muebles de jard\u00edn en Muebles J Bri\u00f1as. Muebles Torrevieja.\" \/>\n<meta name=\"robots\" content=\"index, follow, max-snippet:-1, max-image-preview:large, max-video-preview:-1\" \/>\n<link rel=\"canonical\" href=\"https:\/\/mueblesjbrinas.com\/es\/product\/taburete-faro-nardi\/\" \/>\n<meta property=\"og:locale\" content=\"es_ES\" \/>\n<meta property=\"og:type\" content=\"article\" \/>\n<meta property=\"og:title\" content=\"Taburete Faro Nardi\" \/>\n<meta property=\"og:description\" content=\"El Taburete Faro Nardi es un mueble de jard\u00edn de alta calidad con un dise\u00f1o muy minimalista. Tus muebles de jard\u00edn en Muebles J Bri\u00f1as. Muebles Torrevieja.\" \/>\n<meta property=\"og:url\" content=\"https:\/\/mueblesjbrinas.com\/es\/product\/taburete-faro-nardi\/\" \/>\n<meta property=\"og:site_name\" content=\"In &amp; Out Furniture\" \/>\n<meta property=\"article:publisher\" content=\"https:\/\/www.facebook.com\/mueblesjbrinas\" \/>\n<meta property=\"article:modified_time\" content=\"2023-02-23T13:59:08+00:00\" \/>\n<meta property=\"og:image\" content=\"https:\/\/mueblesjbrinas.com\/wp-content\/uploads\/2019\/05\/nardi_6601.jpg\" \/>\n\t<meta property=\"og:image:width\" content=\"1000\" \/>\n\t<meta property=\"og:image:height\" content=\"1000\" \/>\n\t<meta property=\"og:image:type\" content=\"image\/jpeg\" \/>\n<meta name=\"twitter:card\" content=\"summary_large_image\" \/>\n<script type=\"application\/ld+json\" class=\"yoast-schema-graph\">{\"@context\":\"https:\/\/schema.org\",\"@graph\":[{\"@type\":\"WebPage\",\"@id\":\"https:\/\/mueblesjbrinas.com\/es\/product\/taburete-faro-nardi\/\",\"url\":\"https:\/\/mueblesjbrinas.com\/es\/product\/taburete-faro-nardi\/\",\"name\":\"\u25b7 Taburete Faro Nardi | Muebles Torrevieja Online\",\"isPartOf\":{\"@id\":\"https:\/\/mueblesjbrinas.com\/es\/#website\"},\"primaryImageOfPage\":{\"@id\":\"https:\/\/mueblesjbrinas.com\/es\/product\/taburete-faro-nardi\/#primaryimage\"},\"image\":{\"@id\":\"https:\/\/mueblesjbrinas.com\/es\/product\/taburete-faro-nardi\/#primaryimage\"},\"thumbnailUrl\":\"https:\/\/mueblesjbrinas.com\/wp-content\/uploads\/2019\/05\/nardi_6601.jpg\",\"datePublished\":\"2019-05-13T11:44:58+00:00\",\"dateModified\":\"2023-02-23T13:59:08+00:00\",\"description\":\"El Taburete Faro Nardi es un mueble de jard\u00edn de alta calidad con un dise\u00f1o muy minimalista. Tus muebles de jard\u00edn en Muebles J Bri\u00f1as. Muebles Torrevieja.\",\"breadcrumb\":{\"@id\":\"https:\/\/mueblesjbrinas.com\/es\/product\/taburete-faro-nardi\/#breadcrumb\"},\"inLanguage\":\"es\",\"potentialAction\":[{\"@type\":\"ReadAction\",\"target\":[\"https:\/\/mueblesjbrinas.com\/es\/product\/taburete-faro-nardi\/\"]}]},{\"@type\":\"ImageObject\",\"inLanguage\":\"es\",\"@id\":\"https:\/\/mueblesjbrinas.com\/es\/product\/taburete-faro-nardi\/#primaryimage\",\"url\":\"https:\/\/mueblesjbrinas.com\/wp-content\/uploads\/2019\/05\/nardi_6601.jpg\",\"contentUrl\":\"https:\/\/mueblesjbrinas.com\/wp-content\/uploads\/2019\/05\/nardi_6601.jpg\",\"width\":1000,\"height\":1000,\"caption\":\"Taburete Faro Nardi\"},{\"@type\":\"BreadcrumbList\",\"@id\":\"https:\/\/mueblesjbrinas.com\/es\/product\/taburete-faro-nardi\/#breadcrumb\",\"itemListElement\":[{\"@type\":\"ListItem\",\"position\":1,\"name\":\"Portada\",\"item\":\"https:\/\/mueblesjbrinas.com\/es\/\"},{\"@type\":\"ListItem\",\"position\":2,\"name\":\"Tienda\",\"item\":\"https:\/\/mueblesjbrinas.com\/es\/muebles-de-exterior\/\"},{\"@type\":\"ListItem\",\"position\":3,\"name\":\"Taburete Faro Nardi\"}]},{\"@type\":\"WebSite\",\"@id\":\"https:\/\/mueblesjbrinas.com\/es\/#website\",\"url\":\"https:\/\/mueblesjbrinas.com\/es\/\",\"name\":\"Muebles Bri\u00f1as\",\"description\":\"Online Outdoor Furniture Shop in Costa Blanca. Torrevieja, Rojales, Guardamar, San Javier.\",\"publisher\":{\"@id\":\"https:\/\/mueblesjbrinas.com\/es\/#organization\"},\"potentialAction\":[{\"@type\":\"SearchAction\",\"target\":{\"@type\":\"EntryPoint\",\"urlTemplate\":\"https:\/\/mueblesjbrinas.com\/es\/?s={search_term_string}\"},\"query-input\":{\"@type\":\"PropertyValueSpecification\",\"valueRequired\":true,\"valueName\":\"search_term_string\"}}],\"inLanguage\":\"es\"},{\"@type\":\"Organization\",\"@id\":\"https:\/\/mueblesjbrinas.com\/es\/#organization\",\"name\":\"In&Out Furniture\",\"alternateName\":\"Muebles J. Bri\u00f1as\",\"url\":\"https:\/\/mueblesjbrinas.com\/es\/\",\"logo\":{\"@type\":\"ImageObject\",\"inLanguage\":\"es\",\"@id\":\"https:\/\/mueblesjbrinas.com\/es\/#\/schema\/logo\/image\/\",\"url\":\"https:\/\/mueblesjbrinas.com\/wp-content\/uploads\/2018\/03\/logo-web.png\",\"contentUrl\":\"https:\/\/mueblesjbrinas.com\/wp-content\/uploads\/2018\/03\/logo-web.png\",\"width\":300,\"height\":146,\"caption\":\"In&Out Furniture\"},\"image\":{\"@id\":\"https:\/\/mueblesjbrinas.com\/es\/#\/schema\/logo\/image\/\"},\"sameAs\":[\"https:\/\/www.facebook.com\/mueblesjbrinas\"]}]}<\/script>\n<!-- \/ Yoast SEO Premium plugin. -->","yoast_head_json":{"title":"\u25b7 Taburete Faro Nardi | Muebles Torrevieja Online","description":"El Taburete Faro Nardi es un mueble de jard\u00edn de alta calidad con un dise\u00f1o muy minimalista. Tus muebles de jard\u00edn en Muebles J Bri\u00f1as. Muebles Torrevieja.","robots":{"index":"index","follow":"follow","max-snippet":"max-snippet:-1","max-image-preview":"max-image-preview:large","max-video-preview":"max-video-preview:-1"},"canonical":"https:\/\/mueblesjbrinas.com\/es\/product\/taburete-faro-nardi\/","og_locale":"es_ES","og_type":"article","og_title":"Taburete Faro Nardi","og_description":"El Taburete Faro Nardi es un mueble de jard\u00edn de alta calidad con un dise\u00f1o muy minimalista. Tus muebles de jard\u00edn en Muebles J Bri\u00f1as. Muebles Torrevieja.","og_url":"https:\/\/mueblesjbrinas.com\/es\/product\/taburete-faro-nardi\/","og_site_name":"In &amp; Out Furniture","article_publisher":"https:\/\/www.facebook.com\/mueblesjbrinas","article_modified_time":"2023-02-23T13:59:08+00:00","og_image":[{"width":1000,"height":1000,"url":"https:\/\/mueblesjbrinas.com\/wp-content\/uploads\/2019\/05\/nardi_6601.jpg","type":"image\/jpeg"}],"twitter_card":"summary_large_image","schema":{"@context":"https:\/\/schema.org","@graph":[{"@type":"WebPage","@id":"https:\/\/mueblesjbrinas.com\/es\/product\/taburete-faro-nardi\/","url":"https:\/\/mueblesjbrinas.com\/es\/product\/taburete-faro-nardi\/","name":"\u25b7 Taburete Faro Nardi | Muebles Torrevieja Online","isPartOf":{"@id":"https:\/\/mueblesjbrinas.com\/es\/#website"},"primaryImageOfPage":{"@id":"https:\/\/mueblesjbrinas.com\/es\/product\/taburete-faro-nardi\/#primaryimage"},"image":{"@id":"https:\/\/mueblesjbrinas.com\/es\/product\/taburete-faro-nardi\/#primaryimage"},"thumbnailUrl":"https:\/\/mueblesjbrinas.com\/wp-content\/uploads\/2019\/05\/nardi_6601.jpg","datePublished":"2019-05-13T11:44:58+00:00","dateModified":"2023-02-23T13:59:08+00:00","description":"El Taburete Faro Nardi es un mueble de jard\u00edn de alta calidad con un dise\u00f1o muy minimalista. Tus muebles de jard\u00edn en Muebles J Bri\u00f1as. Muebles Torrevieja.","breadcrumb":{"@id":"https:\/\/mueblesjbrinas.com\/es\/product\/taburete-faro-nardi\/#breadcrumb"},"inLanguage":"es","potentialAction":[{"@type":"ReadAction","target":["https:\/\/mueblesjbrinas.com\/es\/product\/taburete-faro-nardi\/"]}]},{"@type":"ImageObject","inLanguage":"es","@id":"https:\/\/mueblesjbrinas.com\/es\/product\/taburete-faro-nardi\/#primaryimage","url":"https:\/\/mueblesjbrinas.com\/wp-content\/uploads\/2019\/05\/nardi_6601.jpg","contentUrl":"https:\/\/mueblesjbrinas.com\/wp-content\/uploads\/2019\/05\/nardi_6601.jpg","width":1000,"height":1000,"caption":"Taburete Faro Nardi"},{"@type":"BreadcrumbList","@id":"https:\/\/mueblesjbrinas.com\/es\/product\/taburete-faro-nardi\/#breadcrumb","itemListElement":[{"@type":"ListItem","position":1,"name":"Portada","item":"https:\/\/mueblesjbrinas.com\/es\/"},{"@type":"ListItem","position":2,"name":"Tienda","item":"https:\/\/mueblesjbrinas.com\/es\/muebles-de-exterior\/"},{"@type":"ListItem","position":3,"name":"Taburete Faro Nardi"}]},{"@type":"WebSite","@id":"https:\/\/mueblesjbrinas.com\/es\/#website","url":"https:\/\/mueblesjbrinas.com\/es\/","name":"Muebles Bri\u00f1as","description":"Online Outdoor Furniture Shop in Costa Blanca. Torrevieja, Rojales, Guardamar, San Javier.","publisher":{"@id":"https:\/\/mueblesjbrinas.com\/es\/#organization"},"potentialAction":[{"@type":"SearchAction","target":{"@type":"EntryPoint","urlTemplate":"https:\/\/mueblesjbrinas.com\/es\/?s={search_term_string}"},"query-input":{"@type":"PropertyValueSpecification","valueRequired":true,"valueName":"search_term_string"}}],"inLanguage":"es"},{"@type":"Organization","@id":"https:\/\/mueblesjbrinas.com\/es\/#organization","name":"In&Out Furniture","alternateName":"Muebles J. Bri\u00f1as","url":"https:\/\/mueblesjbrinas.com\/es\/","logo":{"@type":"ImageObject","inLanguage":"es","@id":"https:\/\/mueblesjbrinas.com\/es\/#\/schema\/logo\/image\/","url":"https:\/\/mueblesjbrinas.com\/wp-content\/uploads\/2018\/03\/logo-web.png","contentUrl":"https:\/\/mueblesjbrinas.com\/wp-content\/uploads\/2018\/03\/logo-web.png","width":300,"height":146,"caption":"In&Out Furniture"},"image":{"@id":"https:\/\/mueblesjbrinas.com\/es\/#\/schema\/logo\/image\/"},"sameAs":["https:\/\/www.facebook.com\/mueblesjbrinas"]}]}},"_links":{"self":[{"href":"https:\/\/mueblesjbrinas.com\/es\/wp-json\/wp\/v2\/product\/6792","targetHints":{"allow":["GET"]}}],"collection":[{"href":"https:\/\/mueblesjbrinas.com\/es\/wp-json\/wp\/v2\/product"}],"about":[{"href":"https:\/\/mueblesjbrinas.com\/es\/wp-json\/wp\/v2\/types\/product"}],"replies":[{"embeddable":true,"href":"https:\/\/mueblesjbrinas.com\/es\/wp-json\/wp\/v2\/comments?post=6792"}],"version-history":[{"count":2,"href":"https:\/\/mueblesjbrinas.com\/es\/wp-json\/wp\/v2\/product\/6792\/revisions"}],"predecessor-version":[{"id":12106,"href":"https:\/\/mueblesjbrinas.com\/es\/wp-json\/wp\/v2\/product\/6792\/revisions\/12106"}],"wp:featuredmedia":[{"embeddable":true,"href":"https:\/\/mueblesjbrinas.com\/es\/wp-json\/wp\/v2\/media\/6982"}],"wp:attachment":[{"href":"https:\/\/mueblesjbrinas.com\/es\/wp-json\/wp\/v2\/media?parent=6792"}],"wp:term":[{"taxonomy":"product_brand","embeddable":true,"href":"https:\/\/mueblesjbrinas.com\/es\/wp-json\/wp\/v2\/product_brand?post=6792"},{"taxonomy":"product_cat","embeddable":true,"href":"https:\/\/mueblesjbrinas.com\/es\/wp-json\/wp\/v2\/product_cat?post=6792"},{"taxonomy":"product_tag","embeddable":true,"href":"https:\/\/mueblesjbrinas.com\/es\/wp-json\/wp\/v2\/product_tag?post=6792"}],"curies":[{"name":"wp","href":"https:\/\/api.w.org\/{rel}","templated":true}]}}