{"id":6774,"date":"2019-05-13T13:44:21","date_gmt":"2019-05-13T11:44:21","guid":{"rendered":"https:\/\/mueblesjbrinas.com\/producto\/import-placeholder-for-4\/"},"modified":"2023-02-23T16:59:19","modified_gmt":"2023-02-23T14:59:19","slug":"sofa-modular-komodo-5-nardi","status":"publish","type":"product","link":"https:\/\/mueblesjbrinas.com\/es\/product\/sofa-modular-komodo-5-nardi\/","title":{"rendered":"Sof\u00e1 Modular Komodo 5 Nardi"},"content":{"rendered":"<p>Sof\u00e1 modular de la marca Nardi, marca de mobiliario especializada en venta de muebles de jard\u00edn para casa de alta calidad.\u2028Nardi es una marca italiana que ofrece una alta calidad en todos sus muebles con una l\u00ednea de dise\u00f1o minimalista que har\u00e1 resplandecer cualquier lugar de tu hogar.<\/p>\n","protected":false},"excerpt":{"rendered":"<p>Sof\u00e1 modular de exterior, Komodo es una estructura en resina con 5 asientos, 2 brazos sobre la que se acoplan respaldos y cojines acolchados en todos los lados de forma f\u00e1cil e intuitiva y se amolda a tu espacio en varias posiciones.<\/p>\n","protected":false},"featured_media":7117,"comment_status":"closed","ping_status":"closed","template":"","meta":{"_acf_changed":false,"_joinchat":[]},"product_brand":[],"product_cat":[196],"product_tag":[295],"class_list":{"0":"post-6774","1":"product","2":"type-product","3":"status-publish","4":"has-post-thumbnail","6":"product_cat-sofas-y-butacas-nardi","7":"product_tag-nardi","9":"first","10":"instock","11":"taxable","12":"shipping-taxable","13":"purchasable","14":"product-type-variable"},"acf":[],"yoast_head":"<!-- This site is optimized with the Yoast SEO Premium plugin v22.5 (Yoast SEO v24.8) - https:\/\/yoast.com\/wordpress\/plugins\/seo\/ -->\n<title>\u25b7 Sofa Komodo modular 5 plazas Nardi | Muebles Torrevieja<\/title>\n<meta name=\"description\" content=\"Sofa Komodo modular 5 plazas Nardi. Muebles Torrevieja de exterior Nardi. Compra muebles en nuestra tienda online y tienda local.\" \/>\n<meta name=\"robots\" content=\"index, follow, max-snippet:-1, max-image-preview:large, max-video-preview:-1\" \/>\n<link rel=\"canonical\" href=\"https:\/\/mueblesjbrinas.com\/es\/product\/sofa-modular-komodo-5-nardi\/\" \/>\n<meta property=\"og:locale\" content=\"es_ES\" \/>\n<meta property=\"og:type\" content=\"article\" \/>\n<meta property=\"og:title\" content=\"Sof\u00e1 Modular Komodo 5 Nardi\" \/>\n<meta property=\"og:description\" content=\"Sofa Komodo modular 5 plazas Nardi. Muebles Torrevieja de exterior Nardi. Compra muebles en nuestra tienda online y tienda local.\" \/>\n<meta property=\"og:url\" content=\"https:\/\/mueblesjbrinas.com\/es\/product\/sofa-modular-komodo-5-nardi\/\" \/>\n<meta property=\"og:site_name\" content=\"In &amp; Out Furniture\" \/>\n<meta property=\"article:publisher\" content=\"https:\/\/www.facebook.com\/mueblesjbrinas\" \/>\n<meta property=\"article:modified_time\" content=\"2023-02-23T14:59:19+00:00\" \/>\n<meta property=\"og:image\" content=\"https:\/\/mueblesjbrinas.com\/wp-content\/uploads\/2019\/05\/16komod-5-sofa-nardi-.jpg\" \/>\n\t<meta property=\"og:image:width\" content=\"1000\" \/>\n\t<meta property=\"og:image:height\" content=\"1000\" \/>\n\t<meta property=\"og:image:type\" content=\"image\/jpeg\" \/>\n<meta name=\"twitter:card\" content=\"summary_large_image\" \/>\n<script type=\"application\/ld+json\" class=\"yoast-schema-graph\">{\"@context\":\"https:\/\/schema.org\",\"@graph\":[{\"@type\":\"WebPage\",\"@id\":\"https:\/\/mueblesjbrinas.com\/es\/product\/sofa-modular-komodo-5-nardi\/\",\"url\":\"https:\/\/mueblesjbrinas.com\/es\/product\/sofa-modular-komodo-5-nardi\/\",\"name\":\"\u25b7 Sofa Komodo modular 5 plazas Nardi | Muebles Torrevieja\",\"isPartOf\":{\"@id\":\"https:\/\/mueblesjbrinas.com\/es\/#website\"},\"primaryImageOfPage\":{\"@id\":\"https:\/\/mueblesjbrinas.com\/es\/product\/sofa-modular-komodo-5-nardi\/#primaryimage\"},\"image\":{\"@id\":\"https:\/\/mueblesjbrinas.com\/es\/product\/sofa-modular-komodo-5-nardi\/#primaryimage\"},\"thumbnailUrl\":\"https:\/\/mueblesjbrinas.com\/wp-content\/uploads\/2019\/05\/16komod-5-sofa-nardi-.jpg\",\"datePublished\":\"2019-05-13T11:44:21+00:00\",\"dateModified\":\"2023-02-23T14:59:19+00:00\",\"description\":\"Sofa Komodo modular 5 plazas Nardi. Muebles Torrevieja de exterior Nardi. Compra muebles en nuestra tienda online y tienda local.\",\"breadcrumb\":{\"@id\":\"https:\/\/mueblesjbrinas.com\/es\/product\/sofa-modular-komodo-5-nardi\/#breadcrumb\"},\"inLanguage\":\"es\",\"potentialAction\":[{\"@type\":\"ReadAction\",\"target\":[\"https:\/\/mueblesjbrinas.com\/es\/product\/sofa-modular-komodo-5-nardi\/\"]}]},{\"@type\":\"ImageObject\",\"inLanguage\":\"es\",\"@id\":\"https:\/\/mueblesjbrinas.com\/es\/product\/sofa-modular-komodo-5-nardi\/#primaryimage\",\"url\":\"https:\/\/mueblesjbrinas.com\/wp-content\/uploads\/2019\/05\/16komod-5-sofa-nardi-.jpg\",\"contentUrl\":\"https:\/\/mueblesjbrinas.com\/wp-content\/uploads\/2019\/05\/16komod-5-sofa-nardi-.jpg\",\"width\":1000,\"height\":1000,\"caption\":\"Sofa Komodo modular 5 plazas Nardi\"},{\"@type\":\"BreadcrumbList\",\"@id\":\"https:\/\/mueblesjbrinas.com\/es\/product\/sofa-modular-komodo-5-nardi\/#breadcrumb\",\"itemListElement\":[{\"@type\":\"ListItem\",\"position\":1,\"name\":\"Portada\",\"item\":\"https:\/\/mueblesjbrinas.com\/es\/\"},{\"@type\":\"ListItem\",\"position\":2,\"name\":\"Tienda\",\"item\":\"https:\/\/mueblesjbrinas.com\/es\/muebles-de-exterior\/\"},{\"@type\":\"ListItem\",\"position\":3,\"name\":\"Sof\u00e1 Modular Komodo 5 Nardi\"}]},{\"@type\":\"WebSite\",\"@id\":\"https:\/\/mueblesjbrinas.com\/es\/#website\",\"url\":\"https:\/\/mueblesjbrinas.com\/es\/\",\"name\":\"Muebles Bri\u00f1as\",\"description\":\"Online Outdoor Furniture Shop in Costa Blanca. Torrevieja, Rojales, Guardamar, San Javier.\",\"publisher\":{\"@id\":\"https:\/\/mueblesjbrinas.com\/es\/#organization\"},\"potentialAction\":[{\"@type\":\"SearchAction\",\"target\":{\"@type\":\"EntryPoint\",\"urlTemplate\":\"https:\/\/mueblesjbrinas.com\/es\/?s={search_term_string}\"},\"query-input\":{\"@type\":\"PropertyValueSpecification\",\"valueRequired\":true,\"valueName\":\"search_term_string\"}}],\"inLanguage\":\"es\"},{\"@type\":\"Organization\",\"@id\":\"https:\/\/mueblesjbrinas.com\/es\/#organization\",\"name\":\"In&Out Furniture\",\"alternateName\":\"Muebles J. Bri\u00f1as\",\"url\":\"https:\/\/mueblesjbrinas.com\/es\/\",\"logo\":{\"@type\":\"ImageObject\",\"inLanguage\":\"es\",\"@id\":\"https:\/\/mueblesjbrinas.com\/es\/#\/schema\/logo\/image\/\",\"url\":\"https:\/\/mueblesjbrinas.com\/wp-content\/uploads\/2018\/03\/logo-web.png\",\"contentUrl\":\"https:\/\/mueblesjbrinas.com\/wp-content\/uploads\/2018\/03\/logo-web.png\",\"width\":300,\"height\":146,\"caption\":\"In&Out Furniture\"},\"image\":{\"@id\":\"https:\/\/mueblesjbrinas.com\/es\/#\/schema\/logo\/image\/\"},\"sameAs\":[\"https:\/\/www.facebook.com\/mueblesjbrinas\"]}]}<\/script>\n<!-- \/ Yoast SEO Premium plugin. -->","yoast_head_json":{"title":"\u25b7 Sofa Komodo modular 5 plazas Nardi | Muebles Torrevieja","description":"Sofa Komodo modular 5 plazas Nardi. Muebles Torrevieja de exterior Nardi. Compra muebles en nuestra tienda online y tienda local.","robots":{"index":"index","follow":"follow","max-snippet":"max-snippet:-1","max-image-preview":"max-image-preview:large","max-video-preview":"max-video-preview:-1"},"canonical":"https:\/\/mueblesjbrinas.com\/es\/product\/sofa-modular-komodo-5-nardi\/","og_locale":"es_ES","og_type":"article","og_title":"Sof\u00e1 Modular Komodo 5 Nardi","og_description":"Sofa Komodo modular 5 plazas Nardi. Muebles Torrevieja de exterior Nardi. Compra muebles en nuestra tienda online y tienda local.","og_url":"https:\/\/mueblesjbrinas.com\/es\/product\/sofa-modular-komodo-5-nardi\/","og_site_name":"In &amp; Out Furniture","article_publisher":"https:\/\/www.facebook.com\/mueblesjbrinas","article_modified_time":"2023-02-23T14:59:19+00:00","og_image":[{"width":1000,"height":1000,"url":"https:\/\/mueblesjbrinas.com\/wp-content\/uploads\/2019\/05\/16komod-5-sofa-nardi-.jpg","type":"image\/jpeg"}],"twitter_card":"summary_large_image","schema":{"@context":"https:\/\/schema.org","@graph":[{"@type":"WebPage","@id":"https:\/\/mueblesjbrinas.com\/es\/product\/sofa-modular-komodo-5-nardi\/","url":"https:\/\/mueblesjbrinas.com\/es\/product\/sofa-modular-komodo-5-nardi\/","name":"\u25b7 Sofa Komodo modular 5 plazas Nardi | Muebles Torrevieja","isPartOf":{"@id":"https:\/\/mueblesjbrinas.com\/es\/#website"},"primaryImageOfPage":{"@id":"https:\/\/mueblesjbrinas.com\/es\/product\/sofa-modular-komodo-5-nardi\/#primaryimage"},"image":{"@id":"https:\/\/mueblesjbrinas.com\/es\/product\/sofa-modular-komodo-5-nardi\/#primaryimage"},"thumbnailUrl":"https:\/\/mueblesjbrinas.com\/wp-content\/uploads\/2019\/05\/16komod-5-sofa-nardi-.jpg","datePublished":"2019-05-13T11:44:21+00:00","dateModified":"2023-02-23T14:59:19+00:00","description":"Sofa Komodo modular 5 plazas Nardi. Muebles Torrevieja de exterior Nardi. Compra muebles en nuestra tienda online y tienda local.","breadcrumb":{"@id":"https:\/\/mueblesjbrinas.com\/es\/product\/sofa-modular-komodo-5-nardi\/#breadcrumb"},"inLanguage":"es","potentialAction":[{"@type":"ReadAction","target":["https:\/\/mueblesjbrinas.com\/es\/product\/sofa-modular-komodo-5-nardi\/"]}]},{"@type":"ImageObject","inLanguage":"es","@id":"https:\/\/mueblesjbrinas.com\/es\/product\/sofa-modular-komodo-5-nardi\/#primaryimage","url":"https:\/\/mueblesjbrinas.com\/wp-content\/uploads\/2019\/05\/16komod-5-sofa-nardi-.jpg","contentUrl":"https:\/\/mueblesjbrinas.com\/wp-content\/uploads\/2019\/05\/16komod-5-sofa-nardi-.jpg","width":1000,"height":1000,"caption":"Sofa Komodo modular 5 plazas Nardi"},{"@type":"BreadcrumbList","@id":"https:\/\/mueblesjbrinas.com\/es\/product\/sofa-modular-komodo-5-nardi\/#breadcrumb","itemListElement":[{"@type":"ListItem","position":1,"name":"Portada","item":"https:\/\/mueblesjbrinas.com\/es\/"},{"@type":"ListItem","position":2,"name":"Tienda","item":"https:\/\/mueblesjbrinas.com\/es\/muebles-de-exterior\/"},{"@type":"ListItem","position":3,"name":"Sof\u00e1 Modular Komodo 5 Nardi"}]},{"@type":"WebSite","@id":"https:\/\/mueblesjbrinas.com\/es\/#website","url":"https:\/\/mueblesjbrinas.com\/es\/","name":"Muebles Bri\u00f1as","description":"Online Outdoor Furniture Shop in Costa Blanca. Torrevieja, Rojales, Guardamar, San Javier.","publisher":{"@id":"https:\/\/mueblesjbrinas.com\/es\/#organization"},"potentialAction":[{"@type":"SearchAction","target":{"@type":"EntryPoint","urlTemplate":"https:\/\/mueblesjbrinas.com\/es\/?s={search_term_string}"},"query-input":{"@type":"PropertyValueSpecification","valueRequired":true,"valueName":"search_term_string"}}],"inLanguage":"es"},{"@type":"Organization","@id":"https:\/\/mueblesjbrinas.com\/es\/#organization","name":"In&Out Furniture","alternateName":"Muebles J. Bri\u00f1as","url":"https:\/\/mueblesjbrinas.com\/es\/","logo":{"@type":"ImageObject","inLanguage":"es","@id":"https:\/\/mueblesjbrinas.com\/es\/#\/schema\/logo\/image\/","url":"https:\/\/mueblesjbrinas.com\/wp-content\/uploads\/2018\/03\/logo-web.png","contentUrl":"https:\/\/mueblesjbrinas.com\/wp-content\/uploads\/2018\/03\/logo-web.png","width":300,"height":146,"caption":"In&Out Furniture"},"image":{"@id":"https:\/\/mueblesjbrinas.com\/es\/#\/schema\/logo\/image\/"},"sameAs":["https:\/\/www.facebook.com\/mueblesjbrinas"]}]}},"_links":{"self":[{"href":"https:\/\/mueblesjbrinas.com\/es\/wp-json\/wp\/v2\/product\/6774","targetHints":{"allow":["GET"]}}],"collection":[{"href":"https:\/\/mueblesjbrinas.com\/es\/wp-json\/wp\/v2\/product"}],"about":[{"href":"https:\/\/mueblesjbrinas.com\/es\/wp-json\/wp\/v2\/types\/product"}],"replies":[{"embeddable":true,"href":"https:\/\/mueblesjbrinas.com\/es\/wp-json\/wp\/v2\/comments?post=6774"}],"version-history":[{"count":1,"href":"https:\/\/mueblesjbrinas.com\/es\/wp-json\/wp\/v2\/product\/6774\/revisions"}],"predecessor-version":[{"id":11188,"href":"https:\/\/mueblesjbrinas.com\/es\/wp-json\/wp\/v2\/product\/6774\/revisions\/11188"}],"wp:featuredmedia":[{"embeddable":true,"href":"https:\/\/mueblesjbrinas.com\/es\/wp-json\/wp\/v2\/media\/7117"}],"wp:attachment":[{"href":"https:\/\/mueblesjbrinas.com\/es\/wp-json\/wp\/v2\/media?parent=6774"}],"wp:term":[{"taxonomy":"product_brand","embeddable":true,"href":"https:\/\/mueblesjbrinas.com\/es\/wp-json\/wp\/v2\/product_brand?post=6774"},{"taxonomy":"product_cat","embeddable":true,"href":"https:\/\/mueblesjbrinas.com\/es\/wp-json\/wp\/v2\/product_cat?post=6774"},{"taxonomy":"product_tag","embeddable":true,"href":"https:\/\/mueblesjbrinas.com\/es\/wp-json\/wp\/v2\/product_tag?post=6774"}],"curies":[{"name":"wp","href":"https:\/\/api.w.org\/{rel}","templated":true}]}}