{"id":6773,"date":"2019-05-13T13:44:19","date_gmt":"2019-05-13T11:44:19","guid":{"rendered":"https:\/\/mueblesjbrinas.com\/producto\/import-placeholder-for-3\/"},"modified":"2023-02-23T15:40:48","modified_gmt":"2023-02-23T13:40:48","slug":"cojin-nardi-net","status":"publish","type":"product","link":"https:\/\/mueblesjbrinas.com\/es\/product\/cojin-nardi-net\/","title":{"rendered":"Coj\u00edn Nardi Net"},"content":{"rendered":"<p>Coj\u00edn de la marca Nardi, marca de mobiliario especializada en venta de muebles de jard\u00edn para casa de alta calidad.\u2028Nardi es una marca italiana que ofrece una alta calidad en todos sus muebles con una l\u00ednea de dise\u00f1o minimalista que har\u00e1 resplandecer cualquier lugar de tu hogar.<\/p>\n","protected":false},"excerpt":{"rendered":"<p>Coj\u00edn asiento espuma de poliuretano. Densidad de 25 kg \/ m\u00b3 con fibra de poli\u00e9ster 100%.<\/p>\n","protected":false},"featured_media":7142,"comment_status":"closed","ping_status":"closed","template":"","meta":{"_acf_changed":false,"_joinchat":[]},"product_brand":[],"product_cat":[199],"product_tag":[295],"class_list":{"0":"post-6773","1":"product","2":"type-product","3":"status-publish","4":"has-post-thumbnail","6":"product_cat-cojines-nardi","7":"product_tag-nardi","9":"first","10":"instock","11":"taxable","12":"shipping-taxable","13":"purchasable","14":"product-type-variable"},"acf":[],"yoast_head":"<!-- This site is optimized with the Yoast SEO Premium plugin v22.5 (Yoast SEO v24.8) - https:\/\/yoast.com\/wordpress\/plugins\/seo\/ -->\n<title>\u25b7 Coj\u00edn Net Nardi | Tienda Online de Muebles Torrevieja<\/title>\n<meta name=\"description\" content=\"Coj\u00edn Net Nardi de la prestigiosa marca de muebles de jard\u00edn. Compra muebles Torrevieja en nuestra tienda online y de Torrevieja.\" \/>\n<meta name=\"robots\" content=\"index, follow, max-snippet:-1, max-image-preview:large, max-video-preview:-1\" \/>\n<link rel=\"canonical\" href=\"https:\/\/mueblesjbrinas.com\/es\/product\/cojin-nardi-net\/\" \/>\n<meta property=\"og:locale\" content=\"es_ES\" \/>\n<meta property=\"og:type\" content=\"article\" \/>\n<meta property=\"og:title\" content=\"Coj\u00edn Nardi Net\" \/>\n<meta property=\"og:description\" content=\"Coj\u00edn Net Nardi de la prestigiosa marca de muebles de jard\u00edn. Compra muebles Torrevieja en nuestra tienda online y de Torrevieja.\" \/>\n<meta property=\"og:url\" content=\"https:\/\/mueblesjbrinas.com\/es\/product\/cojin-nardi-net\/\" \/>\n<meta property=\"og:site_name\" content=\"In &amp; Out Furniture\" \/>\n<meta property=\"article:publisher\" content=\"https:\/\/www.facebook.com\/mueblesjbrinas\" \/>\n<meta property=\"article:modified_time\" content=\"2023-02-23T13:40:48+00:00\" \/>\n<meta property=\"og:image\" content=\"https:\/\/mueblesjbrinas.com\/wp-content\/uploads\/2019\/05\/0cojin-net-nardi-.jpg\" \/>\n\t<meta property=\"og:image:width\" content=\"600\" \/>\n\t<meta property=\"og:image:height\" content=\"600\" \/>\n\t<meta property=\"og:image:type\" content=\"image\/jpeg\" \/>\n<meta name=\"twitter:card\" content=\"summary_large_image\" \/>\n<script type=\"application\/ld+json\" class=\"yoast-schema-graph\">{\"@context\":\"https:\/\/schema.org\",\"@graph\":[{\"@type\":\"WebPage\",\"@id\":\"https:\/\/mueblesjbrinas.com\/es\/product\/cojin-nardi-net\/\",\"url\":\"https:\/\/mueblesjbrinas.com\/es\/product\/cojin-nardi-net\/\",\"name\":\"\u25b7 Coj\u00edn Net Nardi | Tienda Online de Muebles Torrevieja\",\"isPartOf\":{\"@id\":\"https:\/\/mueblesjbrinas.com\/es\/#website\"},\"primaryImageOfPage\":{\"@id\":\"https:\/\/mueblesjbrinas.com\/es\/product\/cojin-nardi-net\/#primaryimage\"},\"image\":{\"@id\":\"https:\/\/mueblesjbrinas.com\/es\/product\/cojin-nardi-net\/#primaryimage\"},\"thumbnailUrl\":\"https:\/\/mueblesjbrinas.com\/wp-content\/uploads\/2019\/05\/0cojin-net-nardi-.jpg\",\"datePublished\":\"2019-05-13T11:44:19+00:00\",\"dateModified\":\"2023-02-23T13:40:48+00:00\",\"description\":\"Coj\u00edn Net Nardi de la prestigiosa marca de muebles de jard\u00edn. Compra muebles Torrevieja en nuestra tienda online y de Torrevieja.\",\"breadcrumb\":{\"@id\":\"https:\/\/mueblesjbrinas.com\/es\/product\/cojin-nardi-net\/#breadcrumb\"},\"inLanguage\":\"es\",\"potentialAction\":[{\"@type\":\"ReadAction\",\"target\":[\"https:\/\/mueblesjbrinas.com\/es\/product\/cojin-nardi-net\/\"]}]},{\"@type\":\"ImageObject\",\"inLanguage\":\"es\",\"@id\":\"https:\/\/mueblesjbrinas.com\/es\/product\/cojin-nardi-net\/#primaryimage\",\"url\":\"https:\/\/mueblesjbrinas.com\/wp-content\/uploads\/2019\/05\/0cojin-net-nardi-.jpg\",\"contentUrl\":\"https:\/\/mueblesjbrinas.com\/wp-content\/uploads\/2019\/05\/0cojin-net-nardi-.jpg\",\"width\":600,\"height\":600,\"caption\":\"Coj\u00edn Net Nardi\"},{\"@type\":\"BreadcrumbList\",\"@id\":\"https:\/\/mueblesjbrinas.com\/es\/product\/cojin-nardi-net\/#breadcrumb\",\"itemListElement\":[{\"@type\":\"ListItem\",\"position\":1,\"name\":\"Portada\",\"item\":\"https:\/\/mueblesjbrinas.com\/es\/\"},{\"@type\":\"ListItem\",\"position\":2,\"name\":\"Tienda\",\"item\":\"https:\/\/mueblesjbrinas.com\/es\/muebles-de-exterior\/\"},{\"@type\":\"ListItem\",\"position\":3,\"name\":\"Coj\u00edn Nardi Net\"}]},{\"@type\":\"WebSite\",\"@id\":\"https:\/\/mueblesjbrinas.com\/es\/#website\",\"url\":\"https:\/\/mueblesjbrinas.com\/es\/\",\"name\":\"Muebles Bri\u00f1as\",\"description\":\"Online Outdoor Furniture Shop in Costa Blanca. Torrevieja, Rojales, Guardamar, San Javier.\",\"publisher\":{\"@id\":\"https:\/\/mueblesjbrinas.com\/es\/#organization\"},\"potentialAction\":[{\"@type\":\"SearchAction\",\"target\":{\"@type\":\"EntryPoint\",\"urlTemplate\":\"https:\/\/mueblesjbrinas.com\/es\/?s={search_term_string}\"},\"query-input\":{\"@type\":\"PropertyValueSpecification\",\"valueRequired\":true,\"valueName\":\"search_term_string\"}}],\"inLanguage\":\"es\"},{\"@type\":\"Organization\",\"@id\":\"https:\/\/mueblesjbrinas.com\/es\/#organization\",\"name\":\"In&Out Furniture\",\"alternateName\":\"Muebles J. Bri\u00f1as\",\"url\":\"https:\/\/mueblesjbrinas.com\/es\/\",\"logo\":{\"@type\":\"ImageObject\",\"inLanguage\":\"es\",\"@id\":\"https:\/\/mueblesjbrinas.com\/es\/#\/schema\/logo\/image\/\",\"url\":\"https:\/\/mueblesjbrinas.com\/wp-content\/uploads\/2018\/03\/logo-web.png\",\"contentUrl\":\"https:\/\/mueblesjbrinas.com\/wp-content\/uploads\/2018\/03\/logo-web.png\",\"width\":300,\"height\":146,\"caption\":\"In&Out Furniture\"},\"image\":{\"@id\":\"https:\/\/mueblesjbrinas.com\/es\/#\/schema\/logo\/image\/\"},\"sameAs\":[\"https:\/\/www.facebook.com\/mueblesjbrinas\"]}]}<\/script>\n<!-- \/ Yoast SEO Premium plugin. -->","yoast_head_json":{"title":"\u25b7 Coj\u00edn Net Nardi | Tienda Online de Muebles Torrevieja","description":"Coj\u00edn Net Nardi de la prestigiosa marca de muebles de jard\u00edn. Compra muebles Torrevieja en nuestra tienda online y de Torrevieja.","robots":{"index":"index","follow":"follow","max-snippet":"max-snippet:-1","max-image-preview":"max-image-preview:large","max-video-preview":"max-video-preview:-1"},"canonical":"https:\/\/mueblesjbrinas.com\/es\/product\/cojin-nardi-net\/","og_locale":"es_ES","og_type":"article","og_title":"Coj\u00edn Nardi Net","og_description":"Coj\u00edn Net Nardi de la prestigiosa marca de muebles de jard\u00edn. Compra muebles Torrevieja en nuestra tienda online y de Torrevieja.","og_url":"https:\/\/mueblesjbrinas.com\/es\/product\/cojin-nardi-net\/","og_site_name":"In &amp; Out Furniture","article_publisher":"https:\/\/www.facebook.com\/mueblesjbrinas","article_modified_time":"2023-02-23T13:40:48+00:00","og_image":[{"width":600,"height":600,"url":"https:\/\/mueblesjbrinas.com\/wp-content\/uploads\/2019\/05\/0cojin-net-nardi-.jpg","type":"image\/jpeg"}],"twitter_card":"summary_large_image","schema":{"@context":"https:\/\/schema.org","@graph":[{"@type":"WebPage","@id":"https:\/\/mueblesjbrinas.com\/es\/product\/cojin-nardi-net\/","url":"https:\/\/mueblesjbrinas.com\/es\/product\/cojin-nardi-net\/","name":"\u25b7 Coj\u00edn Net Nardi | Tienda Online de Muebles Torrevieja","isPartOf":{"@id":"https:\/\/mueblesjbrinas.com\/es\/#website"},"primaryImageOfPage":{"@id":"https:\/\/mueblesjbrinas.com\/es\/product\/cojin-nardi-net\/#primaryimage"},"image":{"@id":"https:\/\/mueblesjbrinas.com\/es\/product\/cojin-nardi-net\/#primaryimage"},"thumbnailUrl":"https:\/\/mueblesjbrinas.com\/wp-content\/uploads\/2019\/05\/0cojin-net-nardi-.jpg","datePublished":"2019-05-13T11:44:19+00:00","dateModified":"2023-02-23T13:40:48+00:00","description":"Coj\u00edn Net Nardi de la prestigiosa marca de muebles de jard\u00edn. Compra muebles Torrevieja en nuestra tienda online y de Torrevieja.","breadcrumb":{"@id":"https:\/\/mueblesjbrinas.com\/es\/product\/cojin-nardi-net\/#breadcrumb"},"inLanguage":"es","potentialAction":[{"@type":"ReadAction","target":["https:\/\/mueblesjbrinas.com\/es\/product\/cojin-nardi-net\/"]}]},{"@type":"ImageObject","inLanguage":"es","@id":"https:\/\/mueblesjbrinas.com\/es\/product\/cojin-nardi-net\/#primaryimage","url":"https:\/\/mueblesjbrinas.com\/wp-content\/uploads\/2019\/05\/0cojin-net-nardi-.jpg","contentUrl":"https:\/\/mueblesjbrinas.com\/wp-content\/uploads\/2019\/05\/0cojin-net-nardi-.jpg","width":600,"height":600,"caption":"Coj\u00edn Net Nardi"},{"@type":"BreadcrumbList","@id":"https:\/\/mueblesjbrinas.com\/es\/product\/cojin-nardi-net\/#breadcrumb","itemListElement":[{"@type":"ListItem","position":1,"name":"Portada","item":"https:\/\/mueblesjbrinas.com\/es\/"},{"@type":"ListItem","position":2,"name":"Tienda","item":"https:\/\/mueblesjbrinas.com\/es\/muebles-de-exterior\/"},{"@type":"ListItem","position":3,"name":"Coj\u00edn Nardi Net"}]},{"@type":"WebSite","@id":"https:\/\/mueblesjbrinas.com\/es\/#website","url":"https:\/\/mueblesjbrinas.com\/es\/","name":"Muebles Bri\u00f1as","description":"Online Outdoor Furniture Shop in Costa Blanca. Torrevieja, Rojales, Guardamar, San Javier.","publisher":{"@id":"https:\/\/mueblesjbrinas.com\/es\/#organization"},"potentialAction":[{"@type":"SearchAction","target":{"@type":"EntryPoint","urlTemplate":"https:\/\/mueblesjbrinas.com\/es\/?s={search_term_string}"},"query-input":{"@type":"PropertyValueSpecification","valueRequired":true,"valueName":"search_term_string"}}],"inLanguage":"es"},{"@type":"Organization","@id":"https:\/\/mueblesjbrinas.com\/es\/#organization","name":"In&Out Furniture","alternateName":"Muebles J. Bri\u00f1as","url":"https:\/\/mueblesjbrinas.com\/es\/","logo":{"@type":"ImageObject","inLanguage":"es","@id":"https:\/\/mueblesjbrinas.com\/es\/#\/schema\/logo\/image\/","url":"https:\/\/mueblesjbrinas.com\/wp-content\/uploads\/2018\/03\/logo-web.png","contentUrl":"https:\/\/mueblesjbrinas.com\/wp-content\/uploads\/2018\/03\/logo-web.png","width":300,"height":146,"caption":"In&Out Furniture"},"image":{"@id":"https:\/\/mueblesjbrinas.com\/es\/#\/schema\/logo\/image\/"},"sameAs":["https:\/\/www.facebook.com\/mueblesjbrinas"]}]}},"_links":{"self":[{"href":"https:\/\/mueblesjbrinas.com\/es\/wp-json\/wp\/v2\/product\/6773","targetHints":{"allow":["GET"]}}],"collection":[{"href":"https:\/\/mueblesjbrinas.com\/es\/wp-json\/wp\/v2\/product"}],"about":[{"href":"https:\/\/mueblesjbrinas.com\/es\/wp-json\/wp\/v2\/types\/product"}],"replies":[{"embeddable":true,"href":"https:\/\/mueblesjbrinas.com\/es\/wp-json\/wp\/v2\/comments?post=6773"}],"version-history":[{"count":1,"href":"https:\/\/mueblesjbrinas.com\/es\/wp-json\/wp\/v2\/product\/6773\/revisions"}],"predecessor-version":[{"id":11175,"href":"https:\/\/mueblesjbrinas.com\/es\/wp-json\/wp\/v2\/product\/6773\/revisions\/11175"}],"wp:featuredmedia":[{"embeddable":true,"href":"https:\/\/mueblesjbrinas.com\/es\/wp-json\/wp\/v2\/media\/7142"}],"wp:attachment":[{"href":"https:\/\/mueblesjbrinas.com\/es\/wp-json\/wp\/v2\/media?parent=6773"}],"wp:term":[{"taxonomy":"product_brand","embeddable":true,"href":"https:\/\/mueblesjbrinas.com\/es\/wp-json\/wp\/v2\/product_brand?post=6773"},{"taxonomy":"product_cat","embeddable":true,"href":"https:\/\/mueblesjbrinas.com\/es\/wp-json\/wp\/v2\/product_cat?post=6773"},{"taxonomy":"product_tag","embeddable":true,"href":"https:\/\/mueblesjbrinas.com\/es\/wp-json\/wp\/v2\/product_tag?post=6773"}],"curies":[{"name":"wp","href":"https:\/\/api.w.org\/{rel}","templated":true}]}}