{"id":4783,"date":"2018-06-29T08:47:33","date_gmt":"2018-06-29T08:47:33","guid":{"rendered":"https:\/\/mueblesjbrinas.com\/producto\/import-placeholder-for-44\/"},"modified":"2022-02-17T13:32:51","modified_gmt":"2022-02-17T11:32:51","slug":"xanthus-reposapies","status":"publish","type":"product","link":"https:\/\/mueblesjbrinas.com\/es\/product\/xanthus-reposapies\/","title":{"rendered":"Xanthus Reposapi\u00e9s"},"content":{"rendered":"<p>Butaca de la marca Garden Art, fabricante de mobiliario especialista en muebles de exterior y de jard\u00edn para el hogar. Garden Art desarrolla su mobiliario en las \u00faltimas tendencias del mercado, innovando y creando colecciones que se ajustan a espacios exteriores e interiores.<\/p>\n","protected":false},"excerpt":{"rendered":"<p id=\"product-subtitle-2917\" class=\"product-subtitle subtitle-2917\">Reposapies plegable aluminio\/sling<\/p>\n","protected":false},"featured_media":5232,"comment_status":"closed","ping_status":"closed","template":"","meta":{"_acf_changed":false,"_joinchat":[]},"product_brand":[],"product_cat":[49,38],"product_tag":[],"class_list":{"0":"post-4783","1":"product","2":"type-product","3":"status-publish","4":"has-post-thumbnail","6":"product_cat-tumbonas-garden-art","7":"product_cat-tumbonas","9":"first","10":"onbackorder","11":"taxable","12":"shipping-taxable","13":"purchasable","14":"product-type-variable"},"acf":[],"yoast_head":"<!-- This site is optimized with the Yoast SEO Premium plugin v22.5 (Yoast SEO v24.8) - https:\/\/yoast.com\/wordpress\/plugins\/seo\/ -->\n<title>\u25b7 Reposapi\u00e9s plegable Xanthus | Comprar muebles Alicante online<\/title>\n<meta name=\"description\" content=\"Reposapi\u00e9s plegable Xanthus de exterior en aluminio. Compra muebles Alicante de jard\u00edn y exterior online al mejor precio.\" \/>\n<meta name=\"robots\" content=\"index, follow, max-snippet:-1, max-image-preview:large, max-video-preview:-1\" \/>\n<link rel=\"canonical\" href=\"https:\/\/mueblesjbrinas.com\/es\/product\/xanthus-reposapies\/\" \/>\n<meta property=\"og:locale\" content=\"es_ES\" \/>\n<meta property=\"og:type\" content=\"article\" \/>\n<meta property=\"og:title\" content=\"Xanthus Reposapi\u00e9s\" \/>\n<meta property=\"og:description\" content=\"Reposapi\u00e9s plegable Xanthus de exterior en aluminio. Compra muebles Alicante de jard\u00edn y exterior online al mejor precio.\" \/>\n<meta property=\"og:url\" content=\"https:\/\/mueblesjbrinas.com\/es\/product\/xanthus-reposapies\/\" \/>\n<meta property=\"og:site_name\" content=\"In &amp; Out Furniture\" \/>\n<meta property=\"article:publisher\" content=\"https:\/\/www.facebook.com\/mueblesjbrinas\" \/>\n<meta property=\"article:modified_time\" content=\"2022-02-17T11:32:51+00:00\" \/>\n<meta property=\"og:image\" content=\"https:\/\/mueblesjbrinas.com\/wp-content\/uploads\/2018\/06\/CTXF719WHSB.jpg\" \/>\n\t<meta property=\"og:image:width\" content=\"1000\" \/>\n\t<meta property=\"og:image:height\" content=\"815\" \/>\n\t<meta property=\"og:image:type\" content=\"image\/jpeg\" \/>\n<meta name=\"twitter:card\" content=\"summary_large_image\" \/>\n<script type=\"application\/ld+json\" class=\"yoast-schema-graph\">{\"@context\":\"https:\/\/schema.org\",\"@graph\":[{\"@type\":\"WebPage\",\"@id\":\"https:\/\/mueblesjbrinas.com\/es\/product\/xanthus-reposapies\/\",\"url\":\"https:\/\/mueblesjbrinas.com\/es\/product\/xanthus-reposapies\/\",\"name\":\"\u25b7 Reposapi\u00e9s plegable Xanthus | Comprar muebles Alicante online\",\"isPartOf\":{\"@id\":\"https:\/\/mueblesjbrinas.com\/es\/#website\"},\"primaryImageOfPage\":{\"@id\":\"https:\/\/mueblesjbrinas.com\/es\/product\/xanthus-reposapies\/#primaryimage\"},\"image\":{\"@id\":\"https:\/\/mueblesjbrinas.com\/es\/product\/xanthus-reposapies\/#primaryimage\"},\"thumbnailUrl\":\"https:\/\/mueblesjbrinas.com\/wp-content\/uploads\/2018\/06\/CTXF719WHSB.jpg\",\"datePublished\":\"2018-06-29T08:47:33+00:00\",\"dateModified\":\"2022-02-17T11:32:51+00:00\",\"description\":\"Reposapi\u00e9s plegable Xanthus de exterior en aluminio. Compra muebles Alicante de jard\u00edn y exterior online al mejor precio.\",\"breadcrumb\":{\"@id\":\"https:\/\/mueblesjbrinas.com\/es\/product\/xanthus-reposapies\/#breadcrumb\"},\"inLanguage\":\"es\",\"potentialAction\":[{\"@type\":\"ReadAction\",\"target\":[\"https:\/\/mueblesjbrinas.com\/es\/product\/xanthus-reposapies\/\"]}]},{\"@type\":\"ImageObject\",\"inLanguage\":\"es\",\"@id\":\"https:\/\/mueblesjbrinas.com\/es\/product\/xanthus-reposapies\/#primaryimage\",\"url\":\"https:\/\/mueblesjbrinas.com\/wp-content\/uploads\/2018\/06\/CTXF719WHSB.jpg\",\"contentUrl\":\"https:\/\/mueblesjbrinas.com\/wp-content\/uploads\/2018\/06\/CTXF719WHSB.jpg\",\"width\":1000,\"height\":815,\"caption\":\"Reposapi\u00e9s plegable Xanthus\"},{\"@type\":\"BreadcrumbList\",\"@id\":\"https:\/\/mueblesjbrinas.com\/es\/product\/xanthus-reposapies\/#breadcrumb\",\"itemListElement\":[{\"@type\":\"ListItem\",\"position\":1,\"name\":\"Portada\",\"item\":\"https:\/\/mueblesjbrinas.com\/es\/\"},{\"@type\":\"ListItem\",\"position\":2,\"name\":\"Tienda\",\"item\":\"https:\/\/mueblesjbrinas.com\/es\/muebles-de-exterior\/\"},{\"@type\":\"ListItem\",\"position\":3,\"name\":\"Xanthus Reposapi\u00e9s\"}]},{\"@type\":\"WebSite\",\"@id\":\"https:\/\/mueblesjbrinas.com\/es\/#website\",\"url\":\"https:\/\/mueblesjbrinas.com\/es\/\",\"name\":\"Muebles Bri\u00f1as\",\"description\":\"Online Outdoor Furniture Shop in Costa Blanca. Torrevieja, Rojales, Guardamar, San Javier.\",\"publisher\":{\"@id\":\"https:\/\/mueblesjbrinas.com\/es\/#organization\"},\"potentialAction\":[{\"@type\":\"SearchAction\",\"target\":{\"@type\":\"EntryPoint\",\"urlTemplate\":\"https:\/\/mueblesjbrinas.com\/es\/?s={search_term_string}\"},\"query-input\":{\"@type\":\"PropertyValueSpecification\",\"valueRequired\":true,\"valueName\":\"search_term_string\"}}],\"inLanguage\":\"es\"},{\"@type\":\"Organization\",\"@id\":\"https:\/\/mueblesjbrinas.com\/es\/#organization\",\"name\":\"In&Out Furniture\",\"alternateName\":\"Muebles J. Bri\u00f1as\",\"url\":\"https:\/\/mueblesjbrinas.com\/es\/\",\"logo\":{\"@type\":\"ImageObject\",\"inLanguage\":\"es\",\"@id\":\"https:\/\/mueblesjbrinas.com\/es\/#\/schema\/logo\/image\/\",\"url\":\"https:\/\/mueblesjbrinas.com\/wp-content\/uploads\/2018\/03\/logo-web.png\",\"contentUrl\":\"https:\/\/mueblesjbrinas.com\/wp-content\/uploads\/2018\/03\/logo-web.png\",\"width\":300,\"height\":146,\"caption\":\"In&Out Furniture\"},\"image\":{\"@id\":\"https:\/\/mueblesjbrinas.com\/es\/#\/schema\/logo\/image\/\"},\"sameAs\":[\"https:\/\/www.facebook.com\/mueblesjbrinas\"]}]}<\/script>\n<!-- \/ Yoast SEO Premium plugin. -->","yoast_head_json":{"title":"\u25b7 Reposapi\u00e9s plegable Xanthus | Comprar muebles Alicante online","description":"Reposapi\u00e9s plegable Xanthus de exterior en aluminio. Compra muebles Alicante de jard\u00edn y exterior online al mejor precio.","robots":{"index":"index","follow":"follow","max-snippet":"max-snippet:-1","max-image-preview":"max-image-preview:large","max-video-preview":"max-video-preview:-1"},"canonical":"https:\/\/mueblesjbrinas.com\/es\/product\/xanthus-reposapies\/","og_locale":"es_ES","og_type":"article","og_title":"Xanthus Reposapi\u00e9s","og_description":"Reposapi\u00e9s plegable Xanthus de exterior en aluminio. Compra muebles Alicante de jard\u00edn y exterior online al mejor precio.","og_url":"https:\/\/mueblesjbrinas.com\/es\/product\/xanthus-reposapies\/","og_site_name":"In &amp; Out Furniture","article_publisher":"https:\/\/www.facebook.com\/mueblesjbrinas","article_modified_time":"2022-02-17T11:32:51+00:00","og_image":[{"width":1000,"height":815,"url":"https:\/\/mueblesjbrinas.com\/wp-content\/uploads\/2018\/06\/CTXF719WHSB.jpg","type":"image\/jpeg"}],"twitter_card":"summary_large_image","schema":{"@context":"https:\/\/schema.org","@graph":[{"@type":"WebPage","@id":"https:\/\/mueblesjbrinas.com\/es\/product\/xanthus-reposapies\/","url":"https:\/\/mueblesjbrinas.com\/es\/product\/xanthus-reposapies\/","name":"\u25b7 Reposapi\u00e9s plegable Xanthus | Comprar muebles Alicante online","isPartOf":{"@id":"https:\/\/mueblesjbrinas.com\/es\/#website"},"primaryImageOfPage":{"@id":"https:\/\/mueblesjbrinas.com\/es\/product\/xanthus-reposapies\/#primaryimage"},"image":{"@id":"https:\/\/mueblesjbrinas.com\/es\/product\/xanthus-reposapies\/#primaryimage"},"thumbnailUrl":"https:\/\/mueblesjbrinas.com\/wp-content\/uploads\/2018\/06\/CTXF719WHSB.jpg","datePublished":"2018-06-29T08:47:33+00:00","dateModified":"2022-02-17T11:32:51+00:00","description":"Reposapi\u00e9s plegable Xanthus de exterior en aluminio. Compra muebles Alicante de jard\u00edn y exterior online al mejor precio.","breadcrumb":{"@id":"https:\/\/mueblesjbrinas.com\/es\/product\/xanthus-reposapies\/#breadcrumb"},"inLanguage":"es","potentialAction":[{"@type":"ReadAction","target":["https:\/\/mueblesjbrinas.com\/es\/product\/xanthus-reposapies\/"]}]},{"@type":"ImageObject","inLanguage":"es","@id":"https:\/\/mueblesjbrinas.com\/es\/product\/xanthus-reposapies\/#primaryimage","url":"https:\/\/mueblesjbrinas.com\/wp-content\/uploads\/2018\/06\/CTXF719WHSB.jpg","contentUrl":"https:\/\/mueblesjbrinas.com\/wp-content\/uploads\/2018\/06\/CTXF719WHSB.jpg","width":1000,"height":815,"caption":"Reposapi\u00e9s plegable Xanthus"},{"@type":"BreadcrumbList","@id":"https:\/\/mueblesjbrinas.com\/es\/product\/xanthus-reposapies\/#breadcrumb","itemListElement":[{"@type":"ListItem","position":1,"name":"Portada","item":"https:\/\/mueblesjbrinas.com\/es\/"},{"@type":"ListItem","position":2,"name":"Tienda","item":"https:\/\/mueblesjbrinas.com\/es\/muebles-de-exterior\/"},{"@type":"ListItem","position":3,"name":"Xanthus Reposapi\u00e9s"}]},{"@type":"WebSite","@id":"https:\/\/mueblesjbrinas.com\/es\/#website","url":"https:\/\/mueblesjbrinas.com\/es\/","name":"Muebles Bri\u00f1as","description":"Online Outdoor Furniture Shop in Costa Blanca. Torrevieja, Rojales, Guardamar, San Javier.","publisher":{"@id":"https:\/\/mueblesjbrinas.com\/es\/#organization"},"potentialAction":[{"@type":"SearchAction","target":{"@type":"EntryPoint","urlTemplate":"https:\/\/mueblesjbrinas.com\/es\/?s={search_term_string}"},"query-input":{"@type":"PropertyValueSpecification","valueRequired":true,"valueName":"search_term_string"}}],"inLanguage":"es"},{"@type":"Organization","@id":"https:\/\/mueblesjbrinas.com\/es\/#organization","name":"In&Out Furniture","alternateName":"Muebles J. Bri\u00f1as","url":"https:\/\/mueblesjbrinas.com\/es\/","logo":{"@type":"ImageObject","inLanguage":"es","@id":"https:\/\/mueblesjbrinas.com\/es\/#\/schema\/logo\/image\/","url":"https:\/\/mueblesjbrinas.com\/wp-content\/uploads\/2018\/03\/logo-web.png","contentUrl":"https:\/\/mueblesjbrinas.com\/wp-content\/uploads\/2018\/03\/logo-web.png","width":300,"height":146,"caption":"In&Out Furniture"},"image":{"@id":"https:\/\/mueblesjbrinas.com\/es\/#\/schema\/logo\/image\/"},"sameAs":["https:\/\/www.facebook.com\/mueblesjbrinas"]}]}},"_links":{"self":[{"href":"https:\/\/mueblesjbrinas.com\/es\/wp-json\/wp\/v2\/product\/4783","targetHints":{"allow":["GET"]}}],"collection":[{"href":"https:\/\/mueblesjbrinas.com\/es\/wp-json\/wp\/v2\/product"}],"about":[{"href":"https:\/\/mueblesjbrinas.com\/es\/wp-json\/wp\/v2\/types\/product"}],"replies":[{"embeddable":true,"href":"https:\/\/mueblesjbrinas.com\/es\/wp-json\/wp\/v2\/comments?post=4783"}],"version-history":[{"count":0,"href":"https:\/\/mueblesjbrinas.com\/es\/wp-json\/wp\/v2\/product\/4783\/revisions"}],"wp:featuredmedia":[{"embeddable":true,"href":"https:\/\/mueblesjbrinas.com\/es\/wp-json\/wp\/v2\/media\/5232"}],"wp:attachment":[{"href":"https:\/\/mueblesjbrinas.com\/es\/wp-json\/wp\/v2\/media?parent=4783"}],"wp:term":[{"taxonomy":"product_brand","embeddable":true,"href":"https:\/\/mueblesjbrinas.com\/es\/wp-json\/wp\/v2\/product_brand?post=4783"},{"taxonomy":"product_cat","embeddable":true,"href":"https:\/\/mueblesjbrinas.com\/es\/wp-json\/wp\/v2\/product_cat?post=4783"},{"taxonomy":"product_tag","embeddable":true,"href":"https:\/\/mueblesjbrinas.com\/es\/wp-json\/wp\/v2\/product_tag?post=4783"}],"curies":[{"name":"wp","href":"https:\/\/api.w.org\/{rel}","templated":true}]}}