{"id":3946,"date":"2018-06-06T18:13:48","date_gmt":"2018-06-06T16:13:48","guid":{"rendered":"https:\/\/mueblesjbrinas.com\/producto\/alfa\/"},"modified":"2023-02-23T14:47:37","modified_gmt":"2023-02-23T12:47:37","slug":"tumbona-alfa-nardi","status":"publish","type":"product","link":"https:\/\/mueblesjbrinas.com\/es\/product\/tumbona-alfa-nardi\/","title":{"rendered":"Tumbona Alfa Nardi"},"content":{"rendered":"<p>Tumbona Alfa Nardi, marca de mobiliario especializada en venta de muebles de jard\u00edn para casa de alta calidad. Nardi es una marca italiana que ofrece una alta calidad en todos sus muebles con una l\u00ednea de dise\u00f1o minimalista que har\u00e1 resplandecer cualquier lugar de tu hogar.<\/p>\n","protected":false},"excerpt":{"rendered":"<p>Tumbona con brazos. estructura tubular en polipropileno tratado anti UV y te\u00f1ido en masa,\u00a0e interior en tejido sint\u00e9tico transpirable (tejido\u00a0recambiable). Apilable, respaldo reclinable en\u00a04 posiciones, con tacos antideslizantes y\u00a0ruedecillas.<\/p>\n","protected":false},"featured_media":4032,"comment_status":"closed","ping_status":"closed","template":"","meta":{"_acf_changed":false,"_joinchat":[]},"product_brand":[],"product_cat":[48,38],"product_tag":[295],"class_list":{"0":"post-3946","1":"product","2":"type-product","3":"status-publish","4":"has-post-thumbnail","6":"product_cat-tumbonas-nardi","7":"product_cat-tumbonas","8":"product_tag-nardi","10":"first","11":"onbackorder","12":"taxable","13":"shipping-taxable","14":"purchasable","15":"product-type-variable"},"acf":[],"yoast_head":"<!-- This site is optimized with the Yoast SEO Premium plugin v22.5 (Yoast SEO v24.8) - https:\/\/yoast.com\/wordpress\/plugins\/seo\/ -->\n<title>\u25b7 Tumbona Alfa Nardi | Muebles de aluminio para tu jard\u00edn<\/title>\n<meta name=\"description\" content=\"Tumbona Alfa Nardi, el prestigioso fabricante de muebles de exterior y muebles de aluminio. En Muebles J. Bri\u00f1as los tenemos todos.\" \/>\n<meta name=\"robots\" content=\"index, follow, max-snippet:-1, max-image-preview:large, max-video-preview:-1\" \/>\n<link rel=\"canonical\" href=\"https:\/\/mueblesjbrinas.com\/es\/product\/tumbona-alfa-nardi\/\" \/>\n<meta property=\"og:locale\" content=\"es_ES\" \/>\n<meta property=\"og:type\" content=\"article\" \/>\n<meta property=\"og:title\" content=\"Tumbona Alfa Nardi\" \/>\n<meta property=\"og:description\" content=\"Tumbona Alfa Nardi, el prestigioso fabricante de muebles de exterior y muebles de aluminio. En Muebles J. Bri\u00f1as los tenemos todos.\" \/>\n<meta property=\"og:url\" content=\"https:\/\/mueblesjbrinas.com\/es\/product\/tumbona-alfa-nardi\/\" \/>\n<meta property=\"og:site_name\" content=\"In &amp; Out Furniture\" \/>\n<meta property=\"article:publisher\" content=\"https:\/\/www.facebook.com\/mueblesjbrinas\" \/>\n<meta property=\"article:modified_time\" content=\"2023-02-23T12:47:37+00:00\" \/>\n<meta property=\"og:image\" content=\"https:\/\/mueblesjbrinas.com\/wp-content\/uploads\/2018\/06\/alfa-blanco-beige.jpg\" \/>\n\t<meta property=\"og:image:width\" content=\"1000\" \/>\n\t<meta property=\"og:image:height\" content=\"1000\" \/>\n\t<meta property=\"og:image:type\" content=\"image\/jpeg\" \/>\n<meta name=\"twitter:card\" content=\"summary_large_image\" \/>\n<script type=\"application\/ld+json\" class=\"yoast-schema-graph\">{\"@context\":\"https:\/\/schema.org\",\"@graph\":[{\"@type\":\"WebPage\",\"@id\":\"https:\/\/mueblesjbrinas.com\/es\/product\/tumbona-alfa-nardi\/\",\"url\":\"https:\/\/mueblesjbrinas.com\/es\/product\/tumbona-alfa-nardi\/\",\"name\":\"\u25b7 Tumbona Alfa Nardi | Muebles de aluminio para tu jard\u00edn\",\"isPartOf\":{\"@id\":\"https:\/\/mueblesjbrinas.com\/es\/#website\"},\"primaryImageOfPage\":{\"@id\":\"https:\/\/mueblesjbrinas.com\/es\/product\/tumbona-alfa-nardi\/#primaryimage\"},\"image\":{\"@id\":\"https:\/\/mueblesjbrinas.com\/es\/product\/tumbona-alfa-nardi\/#primaryimage\"},\"thumbnailUrl\":\"https:\/\/mueblesjbrinas.com\/wp-content\/uploads\/2018\/06\/alfa-blanco-beige.jpg\",\"datePublished\":\"2018-06-06T16:13:48+00:00\",\"dateModified\":\"2023-02-23T12:47:37+00:00\",\"description\":\"Tumbona Alfa Nardi, el prestigioso fabricante de muebles de exterior y muebles de aluminio. En Muebles J. Bri\u00f1as los tenemos todos.\",\"breadcrumb\":{\"@id\":\"https:\/\/mueblesjbrinas.com\/es\/product\/tumbona-alfa-nardi\/#breadcrumb\"},\"inLanguage\":\"es\",\"potentialAction\":[{\"@type\":\"ReadAction\",\"target\":[\"https:\/\/mueblesjbrinas.com\/es\/product\/tumbona-alfa-nardi\/\"]}]},{\"@type\":\"ImageObject\",\"inLanguage\":\"es\",\"@id\":\"https:\/\/mueblesjbrinas.com\/es\/product\/tumbona-alfa-nardi\/#primaryimage\",\"url\":\"https:\/\/mueblesjbrinas.com\/wp-content\/uploads\/2018\/06\/alfa-blanco-beige.jpg\",\"contentUrl\":\"https:\/\/mueblesjbrinas.com\/wp-content\/uploads\/2018\/06\/alfa-blanco-beige.jpg\",\"width\":1000,\"height\":1000,\"caption\":\"Tumbona Alfa Nardi\"},{\"@type\":\"BreadcrumbList\",\"@id\":\"https:\/\/mueblesjbrinas.com\/es\/product\/tumbona-alfa-nardi\/#breadcrumb\",\"itemListElement\":[{\"@type\":\"ListItem\",\"position\":1,\"name\":\"Portada\",\"item\":\"https:\/\/mueblesjbrinas.com\/es\/\"},{\"@type\":\"ListItem\",\"position\":2,\"name\":\"Tienda\",\"item\":\"https:\/\/mueblesjbrinas.com\/es\/muebles-de-exterior\/\"},{\"@type\":\"ListItem\",\"position\":3,\"name\":\"Tumbona Alfa Nardi\"}]},{\"@type\":\"WebSite\",\"@id\":\"https:\/\/mueblesjbrinas.com\/es\/#website\",\"url\":\"https:\/\/mueblesjbrinas.com\/es\/\",\"name\":\"Muebles Bri\u00f1as\",\"description\":\"Online Outdoor Furniture Shop in Costa Blanca. Torrevieja, Rojales, Guardamar, San Javier.\",\"publisher\":{\"@id\":\"https:\/\/mueblesjbrinas.com\/es\/#organization\"},\"potentialAction\":[{\"@type\":\"SearchAction\",\"target\":{\"@type\":\"EntryPoint\",\"urlTemplate\":\"https:\/\/mueblesjbrinas.com\/es\/?s={search_term_string}\"},\"query-input\":{\"@type\":\"PropertyValueSpecification\",\"valueRequired\":true,\"valueName\":\"search_term_string\"}}],\"inLanguage\":\"es\"},{\"@type\":\"Organization\",\"@id\":\"https:\/\/mueblesjbrinas.com\/es\/#organization\",\"name\":\"In&Out Furniture\",\"alternateName\":\"Muebles J. Bri\u00f1as\",\"url\":\"https:\/\/mueblesjbrinas.com\/es\/\",\"logo\":{\"@type\":\"ImageObject\",\"inLanguage\":\"es\",\"@id\":\"https:\/\/mueblesjbrinas.com\/es\/#\/schema\/logo\/image\/\",\"url\":\"https:\/\/mueblesjbrinas.com\/wp-content\/uploads\/2018\/03\/logo-web.png\",\"contentUrl\":\"https:\/\/mueblesjbrinas.com\/wp-content\/uploads\/2018\/03\/logo-web.png\",\"width\":300,\"height\":146,\"caption\":\"In&Out Furniture\"},\"image\":{\"@id\":\"https:\/\/mueblesjbrinas.com\/es\/#\/schema\/logo\/image\/\"},\"sameAs\":[\"https:\/\/www.facebook.com\/mueblesjbrinas\"]}]}<\/script>\n<!-- \/ Yoast SEO Premium plugin. -->","yoast_head_json":{"title":"\u25b7 Tumbona Alfa Nardi | Muebles de aluminio para tu jard\u00edn","description":"Tumbona Alfa Nardi, el prestigioso fabricante de muebles de exterior y muebles de aluminio. En Muebles J. Bri\u00f1as los tenemos todos.","robots":{"index":"index","follow":"follow","max-snippet":"max-snippet:-1","max-image-preview":"max-image-preview:large","max-video-preview":"max-video-preview:-1"},"canonical":"https:\/\/mueblesjbrinas.com\/es\/product\/tumbona-alfa-nardi\/","og_locale":"es_ES","og_type":"article","og_title":"Tumbona Alfa Nardi","og_description":"Tumbona Alfa Nardi, el prestigioso fabricante de muebles de exterior y muebles de aluminio. En Muebles J. Bri\u00f1as los tenemos todos.","og_url":"https:\/\/mueblesjbrinas.com\/es\/product\/tumbona-alfa-nardi\/","og_site_name":"In &amp; Out Furniture","article_publisher":"https:\/\/www.facebook.com\/mueblesjbrinas","article_modified_time":"2023-02-23T12:47:37+00:00","og_image":[{"width":1000,"height":1000,"url":"https:\/\/mueblesjbrinas.com\/wp-content\/uploads\/2018\/06\/alfa-blanco-beige.jpg","type":"image\/jpeg"}],"twitter_card":"summary_large_image","schema":{"@context":"https:\/\/schema.org","@graph":[{"@type":"WebPage","@id":"https:\/\/mueblesjbrinas.com\/es\/product\/tumbona-alfa-nardi\/","url":"https:\/\/mueblesjbrinas.com\/es\/product\/tumbona-alfa-nardi\/","name":"\u25b7 Tumbona Alfa Nardi | Muebles de aluminio para tu jard\u00edn","isPartOf":{"@id":"https:\/\/mueblesjbrinas.com\/es\/#website"},"primaryImageOfPage":{"@id":"https:\/\/mueblesjbrinas.com\/es\/product\/tumbona-alfa-nardi\/#primaryimage"},"image":{"@id":"https:\/\/mueblesjbrinas.com\/es\/product\/tumbona-alfa-nardi\/#primaryimage"},"thumbnailUrl":"https:\/\/mueblesjbrinas.com\/wp-content\/uploads\/2018\/06\/alfa-blanco-beige.jpg","datePublished":"2018-06-06T16:13:48+00:00","dateModified":"2023-02-23T12:47:37+00:00","description":"Tumbona Alfa Nardi, el prestigioso fabricante de muebles de exterior y muebles de aluminio. En Muebles J. Bri\u00f1as los tenemos todos.","breadcrumb":{"@id":"https:\/\/mueblesjbrinas.com\/es\/product\/tumbona-alfa-nardi\/#breadcrumb"},"inLanguage":"es","potentialAction":[{"@type":"ReadAction","target":["https:\/\/mueblesjbrinas.com\/es\/product\/tumbona-alfa-nardi\/"]}]},{"@type":"ImageObject","inLanguage":"es","@id":"https:\/\/mueblesjbrinas.com\/es\/product\/tumbona-alfa-nardi\/#primaryimage","url":"https:\/\/mueblesjbrinas.com\/wp-content\/uploads\/2018\/06\/alfa-blanco-beige.jpg","contentUrl":"https:\/\/mueblesjbrinas.com\/wp-content\/uploads\/2018\/06\/alfa-blanco-beige.jpg","width":1000,"height":1000,"caption":"Tumbona Alfa Nardi"},{"@type":"BreadcrumbList","@id":"https:\/\/mueblesjbrinas.com\/es\/product\/tumbona-alfa-nardi\/#breadcrumb","itemListElement":[{"@type":"ListItem","position":1,"name":"Portada","item":"https:\/\/mueblesjbrinas.com\/es\/"},{"@type":"ListItem","position":2,"name":"Tienda","item":"https:\/\/mueblesjbrinas.com\/es\/muebles-de-exterior\/"},{"@type":"ListItem","position":3,"name":"Tumbona Alfa Nardi"}]},{"@type":"WebSite","@id":"https:\/\/mueblesjbrinas.com\/es\/#website","url":"https:\/\/mueblesjbrinas.com\/es\/","name":"Muebles Bri\u00f1as","description":"Online Outdoor Furniture Shop in Costa Blanca. Torrevieja, Rojales, Guardamar, San Javier.","publisher":{"@id":"https:\/\/mueblesjbrinas.com\/es\/#organization"},"potentialAction":[{"@type":"SearchAction","target":{"@type":"EntryPoint","urlTemplate":"https:\/\/mueblesjbrinas.com\/es\/?s={search_term_string}"},"query-input":{"@type":"PropertyValueSpecification","valueRequired":true,"valueName":"search_term_string"}}],"inLanguage":"es"},{"@type":"Organization","@id":"https:\/\/mueblesjbrinas.com\/es\/#organization","name":"In&Out Furniture","alternateName":"Muebles J. Bri\u00f1as","url":"https:\/\/mueblesjbrinas.com\/es\/","logo":{"@type":"ImageObject","inLanguage":"es","@id":"https:\/\/mueblesjbrinas.com\/es\/#\/schema\/logo\/image\/","url":"https:\/\/mueblesjbrinas.com\/wp-content\/uploads\/2018\/03\/logo-web.png","contentUrl":"https:\/\/mueblesjbrinas.com\/wp-content\/uploads\/2018\/03\/logo-web.png","width":300,"height":146,"caption":"In&Out Furniture"},"image":{"@id":"https:\/\/mueblesjbrinas.com\/es\/#\/schema\/logo\/image\/"},"sameAs":["https:\/\/www.facebook.com\/mueblesjbrinas"]}]}},"_links":{"self":[{"href":"https:\/\/mueblesjbrinas.com\/es\/wp-json\/wp\/v2\/product\/3946","targetHints":{"allow":["GET"]}}],"collection":[{"href":"https:\/\/mueblesjbrinas.com\/es\/wp-json\/wp\/v2\/product"}],"about":[{"href":"https:\/\/mueblesjbrinas.com\/es\/wp-json\/wp\/v2\/types\/product"}],"replies":[{"embeddable":true,"href":"https:\/\/mueblesjbrinas.com\/es\/wp-json\/wp\/v2\/comments?post=3946"}],"version-history":[{"count":2,"href":"https:\/\/mueblesjbrinas.com\/es\/wp-json\/wp\/v2\/product\/3946\/revisions"}],"predecessor-version":[{"id":11189,"href":"https:\/\/mueblesjbrinas.com\/es\/wp-json\/wp\/v2\/product\/3946\/revisions\/11189"}],"wp:featuredmedia":[{"embeddable":true,"href":"https:\/\/mueblesjbrinas.com\/es\/wp-json\/wp\/v2\/media\/4032"}],"wp:attachment":[{"href":"https:\/\/mueblesjbrinas.com\/es\/wp-json\/wp\/v2\/media?parent=3946"}],"wp:term":[{"taxonomy":"product_brand","embeddable":true,"href":"https:\/\/mueblesjbrinas.com\/es\/wp-json\/wp\/v2\/product_brand?post=3946"},{"taxonomy":"product_cat","embeddable":true,"href":"https:\/\/mueblesjbrinas.com\/es\/wp-json\/wp\/v2\/product_cat?post=3946"},{"taxonomy":"product_tag","embeddable":true,"href":"https:\/\/mueblesjbrinas.com\/es\/wp-json\/wp\/v2\/product_tag?post=3946"}],"curies":[{"name":"wp","href":"https:\/\/api.w.org\/{rel}","templated":true}]}}