{"id":3945,"date":"2018-06-06T18:13:48","date_gmt":"2018-06-06T16:13:48","guid":{"rendered":"https:\/\/mueblesjbrinas.com\/producto\/baracciolo-atlantico\/"},"modified":"2023-02-23T14:43:26","modified_gmt":"2023-02-23T12:43:26","slug":"apoyabrazos-tumbona-nardi","status":"publish","type":"product","link":"https:\/\/mueblesjbrinas.com\/es\/product\/apoyabrazos-tumbona-nardi\/","title":{"rendered":"Apoyabrazos Tumbona Nardi"},"content":{"rendered":"<p>Apoyabrazo de la marca Nardi, marca de mobiliario especializada en venta de muebles de jard\u00edn para casa de alta calidad. Nardi es una marca italiana que ofrece una alta calidad en todos sus muebles con una l\u00ednea de dise\u00f1o minimalista que har\u00e1 resplandecer cualquier lugar de tu hogar.<\/p>\n","protected":false},"excerpt":{"rendered":"<p>Apoyabrazo para la tumbona Atlantico en polipropileno fiberglass tratado anti UV y te\u00f1ido en masa. Para fijar en la estructura de la tumbona mediante los tornillos adecuados suministrados con el mismo. Efecto mate.<\/p>\n","protected":false},"featured_media":4048,"comment_status":"closed","ping_status":"closed","template":"","meta":{"_acf_changed":false,"_joinchat":[]},"product_brand":[],"product_cat":[48,38],"product_tag":[295],"class_list":{"0":"post-3945","1":"product","2":"type-product","3":"status-publish","4":"has-post-thumbnail","6":"product_cat-tumbonas-nardi","7":"product_cat-tumbonas","8":"product_tag-nardi","10":"first","11":"onbackorder","12":"taxable","13":"shipping-taxable","14":"purchasable","15":"product-type-variable"},"acf":[],"yoast_head":"<!-- This site is optimized with the Yoast SEO Premium plugin v22.5 (Yoast SEO v24.8) - https:\/\/yoast.com\/wordpress\/plugins\/seo\/ -->\n<title>\u25b7 Apoyabrazos Tumbona Nardi | Tienda Online de Muebles de Aluminio<\/title>\n<meta name=\"description\" content=\"Apoyabrazos Tumbona Nardi de la marca de especialistas en muebles de jard\u00edn, muebles de aluminio y exterior. Compra en la tienda online de Muebles Bri\u00f1as.\" \/>\n<meta name=\"robots\" content=\"index, follow, max-snippet:-1, max-image-preview:large, max-video-preview:-1\" \/>\n<link rel=\"canonical\" href=\"https:\/\/mueblesjbrinas.com\/es\/product\/apoyabrazos-tumbona-nardi\/\" \/>\n<meta property=\"og:locale\" content=\"es_ES\" \/>\n<meta property=\"og:type\" content=\"article\" \/>\n<meta property=\"og:title\" content=\"Apoyabrazos Tumbona Nardi\" \/>\n<meta property=\"og:description\" content=\"Apoyabrazos Tumbona Nardi de la marca de especialistas en muebles de jard\u00edn, muebles de aluminio y exterior. Compra en la tienda online de Muebles Bri\u00f1as.\" \/>\n<meta property=\"og:url\" content=\"https:\/\/mueblesjbrinas.com\/es\/product\/apoyabrazos-tumbona-nardi\/\" \/>\n<meta property=\"og:site_name\" content=\"In &amp; Out Furniture\" \/>\n<meta property=\"article:publisher\" content=\"https:\/\/www.facebook.com\/mueblesjbrinas\" \/>\n<meta property=\"article:modified_time\" content=\"2023-02-23T12:43:26+00:00\" \/>\n<meta property=\"og:image\" content=\"https:\/\/mueblesjbrinas.com\/wp-content\/uploads\/2018\/06\/atlantico-braci-blanco.jpg\" \/>\n\t<meta property=\"og:image:width\" content=\"600\" \/>\n\t<meta property=\"og:image:height\" content=\"600\" \/>\n\t<meta property=\"og:image:type\" content=\"image\/jpeg\" \/>\n<meta name=\"twitter:card\" content=\"summary_large_image\" \/>\n<script type=\"application\/ld+json\" class=\"yoast-schema-graph\">{\"@context\":\"https:\/\/schema.org\",\"@graph\":[{\"@type\":\"WebPage\",\"@id\":\"https:\/\/mueblesjbrinas.com\/es\/product\/apoyabrazos-tumbona-nardi\/\",\"url\":\"https:\/\/mueblesjbrinas.com\/es\/product\/apoyabrazos-tumbona-nardi\/\",\"name\":\"\u25b7 Apoyabrazos Tumbona Nardi | Tienda Online de Muebles de Aluminio\",\"isPartOf\":{\"@id\":\"https:\/\/mueblesjbrinas.com\/es\/#website\"},\"primaryImageOfPage\":{\"@id\":\"https:\/\/mueblesjbrinas.com\/es\/product\/apoyabrazos-tumbona-nardi\/#primaryimage\"},\"image\":{\"@id\":\"https:\/\/mueblesjbrinas.com\/es\/product\/apoyabrazos-tumbona-nardi\/#primaryimage\"},\"thumbnailUrl\":\"https:\/\/mueblesjbrinas.com\/wp-content\/uploads\/2018\/06\/atlantico-braci-blanco.jpg\",\"datePublished\":\"2018-06-06T16:13:48+00:00\",\"dateModified\":\"2023-02-23T12:43:26+00:00\",\"description\":\"Apoyabrazos Tumbona Nardi de la marca de especialistas en muebles de jard\u00edn, muebles de aluminio y exterior. Compra en la tienda online de Muebles Bri\u00f1as.\",\"breadcrumb\":{\"@id\":\"https:\/\/mueblesjbrinas.com\/es\/product\/apoyabrazos-tumbona-nardi\/#breadcrumb\"},\"inLanguage\":\"es\",\"potentialAction\":[{\"@type\":\"ReadAction\",\"target\":[\"https:\/\/mueblesjbrinas.com\/es\/product\/apoyabrazos-tumbona-nardi\/\"]}]},{\"@type\":\"ImageObject\",\"inLanguage\":\"es\",\"@id\":\"https:\/\/mueblesjbrinas.com\/es\/product\/apoyabrazos-tumbona-nardi\/#primaryimage\",\"url\":\"https:\/\/mueblesjbrinas.com\/wp-content\/uploads\/2018\/06\/atlantico-braci-blanco.jpg\",\"contentUrl\":\"https:\/\/mueblesjbrinas.com\/wp-content\/uploads\/2018\/06\/atlantico-braci-blanco.jpg\",\"width\":600,\"height\":600,\"caption\":\"Tumbona Apoyabrazos Nardi\"},{\"@type\":\"BreadcrumbList\",\"@id\":\"https:\/\/mueblesjbrinas.com\/es\/product\/apoyabrazos-tumbona-nardi\/#breadcrumb\",\"itemListElement\":[{\"@type\":\"ListItem\",\"position\":1,\"name\":\"Portada\",\"item\":\"https:\/\/mueblesjbrinas.com\/es\/\"},{\"@type\":\"ListItem\",\"position\":2,\"name\":\"Tienda\",\"item\":\"https:\/\/mueblesjbrinas.com\/es\/muebles-de-exterior\/\"},{\"@type\":\"ListItem\",\"position\":3,\"name\":\"Apoyabrazos Tumbona Nardi\"}]},{\"@type\":\"WebSite\",\"@id\":\"https:\/\/mueblesjbrinas.com\/es\/#website\",\"url\":\"https:\/\/mueblesjbrinas.com\/es\/\",\"name\":\"Muebles Bri\u00f1as\",\"description\":\"Online Outdoor Furniture Shop in Costa Blanca. Torrevieja, Rojales, Guardamar, San Javier.\",\"publisher\":{\"@id\":\"https:\/\/mueblesjbrinas.com\/es\/#organization\"},\"potentialAction\":[{\"@type\":\"SearchAction\",\"target\":{\"@type\":\"EntryPoint\",\"urlTemplate\":\"https:\/\/mueblesjbrinas.com\/es\/?s={search_term_string}\"},\"query-input\":{\"@type\":\"PropertyValueSpecification\",\"valueRequired\":true,\"valueName\":\"search_term_string\"}}],\"inLanguage\":\"es\"},{\"@type\":\"Organization\",\"@id\":\"https:\/\/mueblesjbrinas.com\/es\/#organization\",\"name\":\"In&Out Furniture\",\"alternateName\":\"Muebles J. Bri\u00f1as\",\"url\":\"https:\/\/mueblesjbrinas.com\/es\/\",\"logo\":{\"@type\":\"ImageObject\",\"inLanguage\":\"es\",\"@id\":\"https:\/\/mueblesjbrinas.com\/es\/#\/schema\/logo\/image\/\",\"url\":\"https:\/\/mueblesjbrinas.com\/wp-content\/uploads\/2018\/03\/logo-web.png\",\"contentUrl\":\"https:\/\/mueblesjbrinas.com\/wp-content\/uploads\/2018\/03\/logo-web.png\",\"width\":300,\"height\":146,\"caption\":\"In&Out Furniture\"},\"image\":{\"@id\":\"https:\/\/mueblesjbrinas.com\/es\/#\/schema\/logo\/image\/\"},\"sameAs\":[\"https:\/\/www.facebook.com\/mueblesjbrinas\"]}]}<\/script>\n<!-- \/ Yoast SEO Premium plugin. -->","yoast_head_json":{"title":"\u25b7 Apoyabrazos Tumbona Nardi | Tienda Online de Muebles de Aluminio","description":"Apoyabrazos Tumbona Nardi de la marca de especialistas en muebles de jard\u00edn, muebles de aluminio y exterior. Compra en la tienda online de Muebles Bri\u00f1as.","robots":{"index":"index","follow":"follow","max-snippet":"max-snippet:-1","max-image-preview":"max-image-preview:large","max-video-preview":"max-video-preview:-1"},"canonical":"https:\/\/mueblesjbrinas.com\/es\/product\/apoyabrazos-tumbona-nardi\/","og_locale":"es_ES","og_type":"article","og_title":"Apoyabrazos Tumbona Nardi","og_description":"Apoyabrazos Tumbona Nardi de la marca de especialistas en muebles de jard\u00edn, muebles de aluminio y exterior. Compra en la tienda online de Muebles Bri\u00f1as.","og_url":"https:\/\/mueblesjbrinas.com\/es\/product\/apoyabrazos-tumbona-nardi\/","og_site_name":"In &amp; Out Furniture","article_publisher":"https:\/\/www.facebook.com\/mueblesjbrinas","article_modified_time":"2023-02-23T12:43:26+00:00","og_image":[{"width":600,"height":600,"url":"https:\/\/mueblesjbrinas.com\/wp-content\/uploads\/2018\/06\/atlantico-braci-blanco.jpg","type":"image\/jpeg"}],"twitter_card":"summary_large_image","schema":{"@context":"https:\/\/schema.org","@graph":[{"@type":"WebPage","@id":"https:\/\/mueblesjbrinas.com\/es\/product\/apoyabrazos-tumbona-nardi\/","url":"https:\/\/mueblesjbrinas.com\/es\/product\/apoyabrazos-tumbona-nardi\/","name":"\u25b7 Apoyabrazos Tumbona Nardi | Tienda Online de Muebles de Aluminio","isPartOf":{"@id":"https:\/\/mueblesjbrinas.com\/es\/#website"},"primaryImageOfPage":{"@id":"https:\/\/mueblesjbrinas.com\/es\/product\/apoyabrazos-tumbona-nardi\/#primaryimage"},"image":{"@id":"https:\/\/mueblesjbrinas.com\/es\/product\/apoyabrazos-tumbona-nardi\/#primaryimage"},"thumbnailUrl":"https:\/\/mueblesjbrinas.com\/wp-content\/uploads\/2018\/06\/atlantico-braci-blanco.jpg","datePublished":"2018-06-06T16:13:48+00:00","dateModified":"2023-02-23T12:43:26+00:00","description":"Apoyabrazos Tumbona Nardi de la marca de especialistas en muebles de jard\u00edn, muebles de aluminio y exterior. Compra en la tienda online de Muebles Bri\u00f1as.","breadcrumb":{"@id":"https:\/\/mueblesjbrinas.com\/es\/product\/apoyabrazos-tumbona-nardi\/#breadcrumb"},"inLanguage":"es","potentialAction":[{"@type":"ReadAction","target":["https:\/\/mueblesjbrinas.com\/es\/product\/apoyabrazos-tumbona-nardi\/"]}]},{"@type":"ImageObject","inLanguage":"es","@id":"https:\/\/mueblesjbrinas.com\/es\/product\/apoyabrazos-tumbona-nardi\/#primaryimage","url":"https:\/\/mueblesjbrinas.com\/wp-content\/uploads\/2018\/06\/atlantico-braci-blanco.jpg","contentUrl":"https:\/\/mueblesjbrinas.com\/wp-content\/uploads\/2018\/06\/atlantico-braci-blanco.jpg","width":600,"height":600,"caption":"Tumbona Apoyabrazos Nardi"},{"@type":"BreadcrumbList","@id":"https:\/\/mueblesjbrinas.com\/es\/product\/apoyabrazos-tumbona-nardi\/#breadcrumb","itemListElement":[{"@type":"ListItem","position":1,"name":"Portada","item":"https:\/\/mueblesjbrinas.com\/es\/"},{"@type":"ListItem","position":2,"name":"Tienda","item":"https:\/\/mueblesjbrinas.com\/es\/muebles-de-exterior\/"},{"@type":"ListItem","position":3,"name":"Apoyabrazos Tumbona Nardi"}]},{"@type":"WebSite","@id":"https:\/\/mueblesjbrinas.com\/es\/#website","url":"https:\/\/mueblesjbrinas.com\/es\/","name":"Muebles Bri\u00f1as","description":"Online Outdoor Furniture Shop in Costa Blanca. Torrevieja, Rojales, Guardamar, San Javier.","publisher":{"@id":"https:\/\/mueblesjbrinas.com\/es\/#organization"},"potentialAction":[{"@type":"SearchAction","target":{"@type":"EntryPoint","urlTemplate":"https:\/\/mueblesjbrinas.com\/es\/?s={search_term_string}"},"query-input":{"@type":"PropertyValueSpecification","valueRequired":true,"valueName":"search_term_string"}}],"inLanguage":"es"},{"@type":"Organization","@id":"https:\/\/mueblesjbrinas.com\/es\/#organization","name":"In&Out Furniture","alternateName":"Muebles J. Bri\u00f1as","url":"https:\/\/mueblesjbrinas.com\/es\/","logo":{"@type":"ImageObject","inLanguage":"es","@id":"https:\/\/mueblesjbrinas.com\/es\/#\/schema\/logo\/image\/","url":"https:\/\/mueblesjbrinas.com\/wp-content\/uploads\/2018\/03\/logo-web.png","contentUrl":"https:\/\/mueblesjbrinas.com\/wp-content\/uploads\/2018\/03\/logo-web.png","width":300,"height":146,"caption":"In&Out Furniture"},"image":{"@id":"https:\/\/mueblesjbrinas.com\/es\/#\/schema\/logo\/image\/"},"sameAs":["https:\/\/www.facebook.com\/mueblesjbrinas"]}]}},"_links":{"self":[{"href":"https:\/\/mueblesjbrinas.com\/es\/wp-json\/wp\/v2\/product\/3945","targetHints":{"allow":["GET"]}}],"collection":[{"href":"https:\/\/mueblesjbrinas.com\/es\/wp-json\/wp\/v2\/product"}],"about":[{"href":"https:\/\/mueblesjbrinas.com\/es\/wp-json\/wp\/v2\/types\/product"}],"replies":[{"embeddable":true,"href":"https:\/\/mueblesjbrinas.com\/es\/wp-json\/wp\/v2\/comments?post=3945"}],"version-history":[{"count":1,"href":"https:\/\/mueblesjbrinas.com\/es\/wp-json\/wp\/v2\/product\/3945\/revisions"}],"predecessor-version":[{"id":10683,"href":"https:\/\/mueblesjbrinas.com\/es\/wp-json\/wp\/v2\/product\/3945\/revisions\/10683"}],"wp:featuredmedia":[{"embeddable":true,"href":"https:\/\/mueblesjbrinas.com\/es\/wp-json\/wp\/v2\/media\/4048"}],"wp:attachment":[{"href":"https:\/\/mueblesjbrinas.com\/es\/wp-json\/wp\/v2\/media?parent=3945"}],"wp:term":[{"taxonomy":"product_brand","embeddable":true,"href":"https:\/\/mueblesjbrinas.com\/es\/wp-json\/wp\/v2\/product_brand?post=3945"},{"taxonomy":"product_cat","embeddable":true,"href":"https:\/\/mueblesjbrinas.com\/es\/wp-json\/wp\/v2\/product_cat?post=3945"},{"taxonomy":"product_tag","embeddable":true,"href":"https:\/\/mueblesjbrinas.com\/es\/wp-json\/wp\/v2\/product_tag?post=3945"}],"curies":[{"name":"wp","href":"https:\/\/api.w.org\/{rel}","templated":true}]}}