{"id":3479,"date":"2018-06-06T09:34:49","date_gmt":"2018-06-06T07:34:49","guid":{"rendered":"https:\/\/mueblesjbrinas.com\/producto\/import-placeholder-for-3094\/"},"modified":"2023-02-23T16:21:16","modified_gmt":"2023-02-23T14:21:16","slug":"sillon-aria-nardi","status":"publish","type":"product","link":"https:\/\/mueblesjbrinas.com\/es\/product\/sillon-aria-nardi\/","title":{"rendered":"Sill\u00f3n Aria Nardi"},"content":{"rendered":"<p>Sill\u00f3n Aria Nardi de la marca Nardi, marca de mobiliario especializada en venta de muebles de jard\u00edn para casa de alta calidad.<\/p>\n<p>Nardi es una marca italiana que ofrece una alta calidad en todos sus muebles con una l\u00ednea de dise\u00f1o minimalista que har\u00e1 resplandecer cualquier lugar de tu hogar.<\/p>\n","protected":false},"excerpt":{"rendered":"<p style=\"text-align: justify;\">Amplio sill\u00f3n para exterior (e interior) fabricada en polipropileno tratado anti UV y te\u00f1ido en masa, desmontable, con coj\u00edn incluido y tacos antideslizantes. 100% Fibra acr\u00edlica tintada en masa. Solidez a la luz 7\/8. Desenfundable\/zip, lavable a 30\u00b0. CUSCINO SEDUTA = relleno: espuma de poliuretano. Densidad 25 kg\/m\u00b3. CUSCINO ARREDO = relleno: espuma de poliuretano. Densidad 25 kg\/m\u00b3 cubierta con \ufb01bras de poli\u00e8ster 100%. Tratamiento antimanchas, antimoho.<\/p>\n<p style=\"text-align: justify;\"><strong>Elige tu combinaci\u00f3n de colores preferida para ver el resultado.<\/strong><\/p>\n","protected":false},"featured_media":3833,"comment_status":"closed","ping_status":"closed","template":"","meta":{"_acf_changed":false,"_joinchat":[]},"product_brand":[],"product_cat":[45,37],"product_tag":[295],"class_list":{"0":"post-3479","1":"product","2":"type-product","3":"status-publish","4":"has-post-thumbnail","6":"product_cat-sillas-nardi","7":"product_cat-sillas-de-jardin","8":"product_tag-nardi","10":"first","11":"onbackorder","12":"taxable","13":"shipping-taxable","14":"purchasable","15":"product-type-variable"},"acf":[],"yoast_head":"<!-- This site is optimized with the Yoast SEO Premium plugin v22.5 (Yoast SEO v24.8) - https:\/\/yoast.com\/wordpress\/plugins\/seo\/ -->\n<title>\u25b7 Sill\u00f3n Aria Nardi | Muebles de Aluminio en Torrevieja<\/title>\n<meta name=\"description\" content=\"Sill\u00f3n Aria Nardi es un c\u00f3modo sill\u00f3n de la marca de muebles de jard\u00edn y muebles de aluminio Nardi. C\u00f3mpralo ahora online en Muebles J. Bri\u00f1as.\" \/>\n<meta name=\"robots\" content=\"index, follow, max-snippet:-1, max-image-preview:large, max-video-preview:-1\" \/>\n<link rel=\"canonical\" href=\"https:\/\/mueblesjbrinas.com\/es\/product\/sillon-aria-nardi\/\" \/>\n<meta property=\"og:locale\" content=\"es_ES\" \/>\n<meta property=\"og:type\" content=\"article\" \/>\n<meta property=\"og:title\" content=\"Sill\u00f3n Aria Nardi\" \/>\n<meta property=\"og:description\" content=\"Sill\u00f3n Aria Nardi es un c\u00f3modo sill\u00f3n de la marca de muebles de jard\u00edn y muebles de aluminio Nardi. C\u00f3mpralo ahora online en Muebles J. Bri\u00f1as.\" \/>\n<meta property=\"og:url\" content=\"https:\/\/mueblesjbrinas.com\/es\/product\/sillon-aria-nardi\/\" \/>\n<meta property=\"og:site_name\" content=\"In &amp; Out Furniture\" \/>\n<meta property=\"article:publisher\" content=\"https:\/\/www.facebook.com\/mueblesjbrinas\" \/>\n<meta property=\"article:modified_time\" content=\"2023-02-23T14:21:16+00:00\" \/>\n<meta property=\"og:image\" content=\"https:\/\/mueblesjbrinas.com\/wp-content\/uploads\/2018\/06\/aria-blanco-lima.jpg\" \/>\n\t<meta property=\"og:image:width\" content=\"600\" \/>\n\t<meta property=\"og:image:height\" content=\"600\" \/>\n\t<meta property=\"og:image:type\" content=\"image\/jpeg\" \/>\n<meta name=\"twitter:card\" content=\"summary_large_image\" \/>\n<script type=\"application\/ld+json\" class=\"yoast-schema-graph\">{\"@context\":\"https:\/\/schema.org\",\"@graph\":[{\"@type\":\"WebPage\",\"@id\":\"https:\/\/mueblesjbrinas.com\/es\/product\/sillon-aria-nardi\/\",\"url\":\"https:\/\/mueblesjbrinas.com\/es\/product\/sillon-aria-nardi\/\",\"name\":\"\u25b7 Sill\u00f3n Aria Nardi | Muebles de Aluminio en Torrevieja\",\"isPartOf\":{\"@id\":\"https:\/\/mueblesjbrinas.com\/es\/#website\"},\"primaryImageOfPage\":{\"@id\":\"https:\/\/mueblesjbrinas.com\/es\/product\/sillon-aria-nardi\/#primaryimage\"},\"image\":{\"@id\":\"https:\/\/mueblesjbrinas.com\/es\/product\/sillon-aria-nardi\/#primaryimage\"},\"thumbnailUrl\":\"https:\/\/mueblesjbrinas.com\/wp-content\/uploads\/2018\/06\/aria-blanco-lima.jpg\",\"datePublished\":\"2018-06-06T07:34:49+00:00\",\"dateModified\":\"2023-02-23T14:21:16+00:00\",\"description\":\"Sill\u00f3n Aria Nardi es un c\u00f3modo sill\u00f3n de la marca de muebles de jard\u00edn y muebles de aluminio Nardi. C\u00f3mpralo ahora online en Muebles J. Bri\u00f1as.\",\"breadcrumb\":{\"@id\":\"https:\/\/mueblesjbrinas.com\/es\/product\/sillon-aria-nardi\/#breadcrumb\"},\"inLanguage\":\"es\",\"potentialAction\":[{\"@type\":\"ReadAction\",\"target\":[\"https:\/\/mueblesjbrinas.com\/es\/product\/sillon-aria-nardi\/\"]}]},{\"@type\":\"ImageObject\",\"inLanguage\":\"es\",\"@id\":\"https:\/\/mueblesjbrinas.com\/es\/product\/sillon-aria-nardi\/#primaryimage\",\"url\":\"https:\/\/mueblesjbrinas.com\/wp-content\/uploads\/2018\/06\/aria-blanco-lima.jpg\",\"contentUrl\":\"https:\/\/mueblesjbrinas.com\/wp-content\/uploads\/2018\/06\/aria-blanco-lima.jpg\",\"width\":600,\"height\":600,\"caption\":\"Sill\u00f3n Aria Nardi\"},{\"@type\":\"BreadcrumbList\",\"@id\":\"https:\/\/mueblesjbrinas.com\/es\/product\/sillon-aria-nardi\/#breadcrumb\",\"itemListElement\":[{\"@type\":\"ListItem\",\"position\":1,\"name\":\"Portada\",\"item\":\"https:\/\/mueblesjbrinas.com\/es\/\"},{\"@type\":\"ListItem\",\"position\":2,\"name\":\"Tienda\",\"item\":\"https:\/\/mueblesjbrinas.com\/es\/muebles-de-exterior\/\"},{\"@type\":\"ListItem\",\"position\":3,\"name\":\"Sill\u00f3n Aria Nardi\"}]},{\"@type\":\"WebSite\",\"@id\":\"https:\/\/mueblesjbrinas.com\/es\/#website\",\"url\":\"https:\/\/mueblesjbrinas.com\/es\/\",\"name\":\"Muebles Bri\u00f1as\",\"description\":\"Online Outdoor Furniture Shop in Costa Blanca. Torrevieja, Rojales, Guardamar, San Javier.\",\"publisher\":{\"@id\":\"https:\/\/mueblesjbrinas.com\/es\/#organization\"},\"potentialAction\":[{\"@type\":\"SearchAction\",\"target\":{\"@type\":\"EntryPoint\",\"urlTemplate\":\"https:\/\/mueblesjbrinas.com\/es\/?s={search_term_string}\"},\"query-input\":{\"@type\":\"PropertyValueSpecification\",\"valueRequired\":true,\"valueName\":\"search_term_string\"}}],\"inLanguage\":\"es\"},{\"@type\":\"Organization\",\"@id\":\"https:\/\/mueblesjbrinas.com\/es\/#organization\",\"name\":\"In&Out Furniture\",\"alternateName\":\"Muebles J. Bri\u00f1as\",\"url\":\"https:\/\/mueblesjbrinas.com\/es\/\",\"logo\":{\"@type\":\"ImageObject\",\"inLanguage\":\"es\",\"@id\":\"https:\/\/mueblesjbrinas.com\/es\/#\/schema\/logo\/image\/\",\"url\":\"https:\/\/mueblesjbrinas.com\/wp-content\/uploads\/2018\/03\/logo-web.png\",\"contentUrl\":\"https:\/\/mueblesjbrinas.com\/wp-content\/uploads\/2018\/03\/logo-web.png\",\"width\":300,\"height\":146,\"caption\":\"In&Out Furniture\"},\"image\":{\"@id\":\"https:\/\/mueblesjbrinas.com\/es\/#\/schema\/logo\/image\/\"},\"sameAs\":[\"https:\/\/www.facebook.com\/mueblesjbrinas\"]}]}<\/script>\n<!-- \/ Yoast SEO Premium plugin. -->","yoast_head_json":{"title":"\u25b7 Sill\u00f3n Aria Nardi | Muebles de Aluminio en Torrevieja","description":"Sill\u00f3n Aria Nardi es un c\u00f3modo sill\u00f3n de la marca de muebles de jard\u00edn y muebles de aluminio Nardi. C\u00f3mpralo ahora online en Muebles J. Bri\u00f1as.","robots":{"index":"index","follow":"follow","max-snippet":"max-snippet:-1","max-image-preview":"max-image-preview:large","max-video-preview":"max-video-preview:-1"},"canonical":"https:\/\/mueblesjbrinas.com\/es\/product\/sillon-aria-nardi\/","og_locale":"es_ES","og_type":"article","og_title":"Sill\u00f3n Aria Nardi","og_description":"Sill\u00f3n Aria Nardi es un c\u00f3modo sill\u00f3n de la marca de muebles de jard\u00edn y muebles de aluminio Nardi. C\u00f3mpralo ahora online en Muebles J. Bri\u00f1as.","og_url":"https:\/\/mueblesjbrinas.com\/es\/product\/sillon-aria-nardi\/","og_site_name":"In &amp; Out Furniture","article_publisher":"https:\/\/www.facebook.com\/mueblesjbrinas","article_modified_time":"2023-02-23T14:21:16+00:00","og_image":[{"width":600,"height":600,"url":"https:\/\/mueblesjbrinas.com\/wp-content\/uploads\/2018\/06\/aria-blanco-lima.jpg","type":"image\/jpeg"}],"twitter_card":"summary_large_image","schema":{"@context":"https:\/\/schema.org","@graph":[{"@type":"WebPage","@id":"https:\/\/mueblesjbrinas.com\/es\/product\/sillon-aria-nardi\/","url":"https:\/\/mueblesjbrinas.com\/es\/product\/sillon-aria-nardi\/","name":"\u25b7 Sill\u00f3n Aria Nardi | Muebles de Aluminio en Torrevieja","isPartOf":{"@id":"https:\/\/mueblesjbrinas.com\/es\/#website"},"primaryImageOfPage":{"@id":"https:\/\/mueblesjbrinas.com\/es\/product\/sillon-aria-nardi\/#primaryimage"},"image":{"@id":"https:\/\/mueblesjbrinas.com\/es\/product\/sillon-aria-nardi\/#primaryimage"},"thumbnailUrl":"https:\/\/mueblesjbrinas.com\/wp-content\/uploads\/2018\/06\/aria-blanco-lima.jpg","datePublished":"2018-06-06T07:34:49+00:00","dateModified":"2023-02-23T14:21:16+00:00","description":"Sill\u00f3n Aria Nardi es un c\u00f3modo sill\u00f3n de la marca de muebles de jard\u00edn y muebles de aluminio Nardi. C\u00f3mpralo ahora online en Muebles J. Bri\u00f1as.","breadcrumb":{"@id":"https:\/\/mueblesjbrinas.com\/es\/product\/sillon-aria-nardi\/#breadcrumb"},"inLanguage":"es","potentialAction":[{"@type":"ReadAction","target":["https:\/\/mueblesjbrinas.com\/es\/product\/sillon-aria-nardi\/"]}]},{"@type":"ImageObject","inLanguage":"es","@id":"https:\/\/mueblesjbrinas.com\/es\/product\/sillon-aria-nardi\/#primaryimage","url":"https:\/\/mueblesjbrinas.com\/wp-content\/uploads\/2018\/06\/aria-blanco-lima.jpg","contentUrl":"https:\/\/mueblesjbrinas.com\/wp-content\/uploads\/2018\/06\/aria-blanco-lima.jpg","width":600,"height":600,"caption":"Sill\u00f3n Aria Nardi"},{"@type":"BreadcrumbList","@id":"https:\/\/mueblesjbrinas.com\/es\/product\/sillon-aria-nardi\/#breadcrumb","itemListElement":[{"@type":"ListItem","position":1,"name":"Portada","item":"https:\/\/mueblesjbrinas.com\/es\/"},{"@type":"ListItem","position":2,"name":"Tienda","item":"https:\/\/mueblesjbrinas.com\/es\/muebles-de-exterior\/"},{"@type":"ListItem","position":3,"name":"Sill\u00f3n Aria Nardi"}]},{"@type":"WebSite","@id":"https:\/\/mueblesjbrinas.com\/es\/#website","url":"https:\/\/mueblesjbrinas.com\/es\/","name":"Muebles Bri\u00f1as","description":"Online Outdoor Furniture Shop in Costa Blanca. Torrevieja, Rojales, Guardamar, San Javier.","publisher":{"@id":"https:\/\/mueblesjbrinas.com\/es\/#organization"},"potentialAction":[{"@type":"SearchAction","target":{"@type":"EntryPoint","urlTemplate":"https:\/\/mueblesjbrinas.com\/es\/?s={search_term_string}"},"query-input":{"@type":"PropertyValueSpecification","valueRequired":true,"valueName":"search_term_string"}}],"inLanguage":"es"},{"@type":"Organization","@id":"https:\/\/mueblesjbrinas.com\/es\/#organization","name":"In&Out Furniture","alternateName":"Muebles J. Bri\u00f1as","url":"https:\/\/mueblesjbrinas.com\/es\/","logo":{"@type":"ImageObject","inLanguage":"es","@id":"https:\/\/mueblesjbrinas.com\/es\/#\/schema\/logo\/image\/","url":"https:\/\/mueblesjbrinas.com\/wp-content\/uploads\/2018\/03\/logo-web.png","contentUrl":"https:\/\/mueblesjbrinas.com\/wp-content\/uploads\/2018\/03\/logo-web.png","width":300,"height":146,"caption":"In&Out Furniture"},"image":{"@id":"https:\/\/mueblesjbrinas.com\/es\/#\/schema\/logo\/image\/"},"sameAs":["https:\/\/www.facebook.com\/mueblesjbrinas"]}]}},"_links":{"self":[{"href":"https:\/\/mueblesjbrinas.com\/es\/wp-json\/wp\/v2\/product\/3479","targetHints":{"allow":["GET"]}}],"collection":[{"href":"https:\/\/mueblesjbrinas.com\/es\/wp-json\/wp\/v2\/product"}],"about":[{"href":"https:\/\/mueblesjbrinas.com\/es\/wp-json\/wp\/v2\/types\/product"}],"replies":[{"embeddable":true,"href":"https:\/\/mueblesjbrinas.com\/es\/wp-json\/wp\/v2\/comments?post=3479"}],"version-history":[{"count":2,"href":"https:\/\/mueblesjbrinas.com\/es\/wp-json\/wp\/v2\/product\/3479\/revisions"}],"predecessor-version":[{"id":11182,"href":"https:\/\/mueblesjbrinas.com\/es\/wp-json\/wp\/v2\/product\/3479\/revisions\/11182"}],"wp:featuredmedia":[{"embeddable":true,"href":"https:\/\/mueblesjbrinas.com\/es\/wp-json\/wp\/v2\/media\/3833"}],"wp:attachment":[{"href":"https:\/\/mueblesjbrinas.com\/es\/wp-json\/wp\/v2\/media?parent=3479"}],"wp:term":[{"taxonomy":"product_brand","embeddable":true,"href":"https:\/\/mueblesjbrinas.com\/es\/wp-json\/wp\/v2\/product_brand?post=3479"},{"taxonomy":"product_cat","embeddable":true,"href":"https:\/\/mueblesjbrinas.com\/es\/wp-json\/wp\/v2\/product_cat?post=3479"},{"taxonomy":"product_tag","embeddable":true,"href":"https:\/\/mueblesjbrinas.com\/es\/wp-json\/wp\/v2\/product_tag?post=3479"}],"curies":[{"name":"wp","href":"https:\/\/api.w.org\/{rel}","templated":true}]}}