{"id":11882,"date":"2022-06-21T12:06:21","date_gmt":"2022-06-21T10:06:21","guid":{"rendered":"https:\/\/mueblesjbrinas.com\/?post_type=product&#038;p=11882"},"modified":"2026-03-04T16:50:05","modified_gmt":"2026-03-04T14:50:05","slug":"d88316s-b-muebles-de-exterior","status":"publish","type":"product","link":"https:\/\/mueblesjbrinas.com\/es\/product\/d88316s-b-muebles-de-exterior\/","title":{"rendered":"D88316S-B"},"content":{"rendered":"<p>SET EN ALUMINIO COMPUESTO: 1 SOFA DE 3 PLAZAS + 2 SILLONES + MESA\u00a0 CON SOBRE DE CRISTAL + 2 PHUFF<\/p>\n<p>Estamos ubicados en <a href=\"https:\/\/mueblesjbrinas.com\/torrevieja-furniture-store-orihuela-costa\/\">Torrevieja<\/a>, <a href=\"https:\/\/mueblesjbrinas.com\/guardamar-furniture-store\/\" target=\"_blank\" rel=\"noopener\">Guardamar<\/a>, <a href=\"https:\/\/mueblesjbrinas.com\/guardamar-la-marina\/\">La Marina<\/a>, <a href=\"https:\/\/mueblesjbrinas.com\/rojales-furniture\/\">Rojales<\/a> &amp; <a href=\"https:\/\/mueblesjbrinas.com\/san-javier-furniture-store\/\">San Javier<\/a>. En In&amp;Out Furniture somos especialistas en decoraci\u00f3n, sof\u00e1s y muebles de exterior. Te escuchamos y asesoramos para escoger la mejor opci\u00f3n para tu espacio.<\/p>\n","protected":false},"excerpt":{"rendered":"<p>SET EN ALUMINIO COMPUESTO: 1 SOFA DE 3 PLAZAS + 2 SILLONES + MESA\u00a0 CON SOBRE DE CRISTAL + 2 PHUFF Estamos ubicados en Torrevieja, Guardamar, La Marina, Rojales &amp; San Javier. En In&amp;Out Furniture somos especialistas en decoraci\u00f3n, sof\u00e1s y muebles de exterior. Te escuchamos y asesoramos para escoger la mejor opci\u00f3n para tu &hellip;<\/p>\n","protected":false},"featured_media":12204,"comment_status":"closed","ping_status":"closed","template":"","meta":{"_acf_changed":false,"_joinchat":[]},"product_brand":[],"product_cat":[112,353,461,35,38],"product_tag":[],"class_list":{"0":"post-11882","1":"product","2":"type-product","3":"status-publish","4":"has-post-thumbnail","6":"product_cat-aluminio","7":"product_cat-muebles-de-jardin","8":"product_cat-tumbonas-higold","9":"product_cat-sets-de-jardin","10":"product_cat-tumbonas","12":"first","13":"instock","14":"taxable","15":"shipping-taxable","16":"purchasable","17":"product-type-simple"},"acf":[],"yoast_head":"<!-- This site is optimized with the Yoast SEO Premium plugin v22.5 (Yoast SEO v24.8) - https:\/\/yoast.com\/wordpress\/plugins\/seo\/ -->\n<title>\u25b7 D88316S-B | Muebles de Exterior | In&amp;Out Furniture<\/title>\n<meta name=\"description\" content=\"Compra tu Set de Aluminio D88316s-b en In&amp;Out Furniture. Especialistas en Muebles de Jard\u00edn y Packs de Muebles de Exterior. \u00a1Compra ya!\" \/>\n<meta name=\"robots\" content=\"index, follow, max-snippet:-1, max-image-preview:large, max-video-preview:-1\" \/>\n<link rel=\"canonical\" href=\"https:\/\/mueblesjbrinas.com\/es\/product\/d88316s-b-muebles-de-exterior\/\" \/>\n<meta property=\"og:locale\" content=\"es_ES\" \/>\n<meta property=\"og:type\" content=\"article\" \/>\n<meta property=\"og:title\" content=\"D88316S-B\" \/>\n<meta property=\"og:description\" content=\"Compra tu Set de Aluminio D88316s-b en In&amp;Out Furniture. Especialistas en Muebles de Jard\u00edn y Packs de Muebles de Exterior. \u00a1Compra ya!\" \/>\n<meta property=\"og:url\" content=\"https:\/\/mueblesjbrinas.com\/es\/product\/d88316s-b-muebles-de-exterior\/\" \/>\n<meta property=\"og:site_name\" content=\"In &amp; Out Furniture\" \/>\n<meta property=\"article:publisher\" content=\"https:\/\/www.facebook.com\/mueblesjbrinas\" \/>\n<meta property=\"article:modified_time\" content=\"2026-03-04T14:50:05+00:00\" \/>\n<meta property=\"og:image\" content=\"https:\/\/mueblesjbrinas.com\/wp-content\/uploads\/2022\/06\/D88316S-B-scaled.jpg\" \/>\n\t<meta property=\"og:image:width\" content=\"2560\" \/>\n\t<meta property=\"og:image:height\" content=\"1920\" \/>\n\t<meta property=\"og:image:type\" content=\"image\/jpeg\" \/>\n<meta name=\"twitter:card\" content=\"summary_large_image\" \/>\n<meta name=\"twitter:label1\" content=\"Tiempo de lectura\" \/>\n\t<meta name=\"twitter:data1\" content=\"1 minuto\" \/>\n<script type=\"application\/ld+json\" class=\"yoast-schema-graph\">{\"@context\":\"https:\/\/schema.org\",\"@graph\":[{\"@type\":\"WebPage\",\"@id\":\"https:\/\/mueblesjbrinas.com\/es\/product\/d88316s-b-muebles-de-exterior\/\",\"url\":\"https:\/\/mueblesjbrinas.com\/es\/product\/d88316s-b-muebles-de-exterior\/\",\"name\":\"\u25b7 D88316S-B | Muebles de Exterior | In&Out Furniture\",\"isPartOf\":{\"@id\":\"https:\/\/mueblesjbrinas.com\/es\/#website\"},\"primaryImageOfPage\":{\"@id\":\"https:\/\/mueblesjbrinas.com\/es\/product\/d88316s-b-muebles-de-exterior\/#primaryimage\"},\"image\":{\"@id\":\"https:\/\/mueblesjbrinas.com\/es\/product\/d88316s-b-muebles-de-exterior\/#primaryimage\"},\"thumbnailUrl\":\"https:\/\/mueblesjbrinas.com\/wp-content\/uploads\/2022\/06\/D88316S-B-scaled.jpg\",\"datePublished\":\"2022-06-21T10:06:21+00:00\",\"dateModified\":\"2026-03-04T14:50:05+00:00\",\"description\":\"Compra tu Set de Aluminio D88316s-b en In&Out Furniture. Especialistas en Muebles de Jard\u00edn y Packs de Muebles de Exterior. \u00a1Compra ya!\",\"breadcrumb\":{\"@id\":\"https:\/\/mueblesjbrinas.com\/es\/product\/d88316s-b-muebles-de-exterior\/#breadcrumb\"},\"inLanguage\":\"es\",\"potentialAction\":[{\"@type\":\"ReadAction\",\"target\":[\"https:\/\/mueblesjbrinas.com\/es\/product\/d88316s-b-muebles-de-exterior\/\"]}]},{\"@type\":\"ImageObject\",\"inLanguage\":\"es\",\"@id\":\"https:\/\/mueblesjbrinas.com\/es\/product\/d88316s-b-muebles-de-exterior\/#primaryimage\",\"url\":\"https:\/\/mueblesjbrinas.com\/wp-content\/uploads\/2022\/06\/D88316S-B-scaled.jpg\",\"contentUrl\":\"https:\/\/mueblesjbrinas.com\/wp-content\/uploads\/2022\/06\/D88316S-B-scaled.jpg\",\"width\":2560,\"height\":1920},{\"@type\":\"BreadcrumbList\",\"@id\":\"https:\/\/mueblesjbrinas.com\/es\/product\/d88316s-b-muebles-de-exterior\/#breadcrumb\",\"itemListElement\":[{\"@type\":\"ListItem\",\"position\":1,\"name\":\"Portada\",\"item\":\"https:\/\/mueblesjbrinas.com\/es\/\"},{\"@type\":\"ListItem\",\"position\":2,\"name\":\"Tienda\",\"item\":\"https:\/\/mueblesjbrinas.com\/es\/muebles-de-exterior\/\"},{\"@type\":\"ListItem\",\"position\":3,\"name\":\"D88316S-B\"}]},{\"@type\":\"WebSite\",\"@id\":\"https:\/\/mueblesjbrinas.com\/es\/#website\",\"url\":\"https:\/\/mueblesjbrinas.com\/es\/\",\"name\":\"Muebles Bri\u00f1as\",\"description\":\"Online Outdoor Furniture Shop in Costa Blanca. Torrevieja, Rojales, Guardamar, San Javier.\",\"publisher\":{\"@id\":\"https:\/\/mueblesjbrinas.com\/es\/#organization\"},\"potentialAction\":[{\"@type\":\"SearchAction\",\"target\":{\"@type\":\"EntryPoint\",\"urlTemplate\":\"https:\/\/mueblesjbrinas.com\/es\/?s={search_term_string}\"},\"query-input\":{\"@type\":\"PropertyValueSpecification\",\"valueRequired\":true,\"valueName\":\"search_term_string\"}}],\"inLanguage\":\"es\"},{\"@type\":\"Organization\",\"@id\":\"https:\/\/mueblesjbrinas.com\/es\/#organization\",\"name\":\"In&Out Furniture\",\"alternateName\":\"Muebles J. Bri\u00f1as\",\"url\":\"https:\/\/mueblesjbrinas.com\/es\/\",\"logo\":{\"@type\":\"ImageObject\",\"inLanguage\":\"es\",\"@id\":\"https:\/\/mueblesjbrinas.com\/es\/#\/schema\/logo\/image\/\",\"url\":\"https:\/\/mueblesjbrinas.com\/wp-content\/uploads\/2018\/03\/logo-web.png\",\"contentUrl\":\"https:\/\/mueblesjbrinas.com\/wp-content\/uploads\/2018\/03\/logo-web.png\",\"width\":300,\"height\":146,\"caption\":\"In&Out Furniture\"},\"image\":{\"@id\":\"https:\/\/mueblesjbrinas.com\/es\/#\/schema\/logo\/image\/\"},\"sameAs\":[\"https:\/\/www.facebook.com\/mueblesjbrinas\"]}]}<\/script>\n<!-- \/ Yoast SEO Premium plugin. -->","yoast_head_json":{"title":"\u25b7 D88316S-B | Muebles de Exterior | In&Out Furniture","description":"Compra tu Set de Aluminio D88316s-b en In&Out Furniture. Especialistas en Muebles de Jard\u00edn y Packs de Muebles de Exterior. \u00a1Compra ya!","robots":{"index":"index","follow":"follow","max-snippet":"max-snippet:-1","max-image-preview":"max-image-preview:large","max-video-preview":"max-video-preview:-1"},"canonical":"https:\/\/mueblesjbrinas.com\/es\/product\/d88316s-b-muebles-de-exterior\/","og_locale":"es_ES","og_type":"article","og_title":"D88316S-B","og_description":"Compra tu Set de Aluminio D88316s-b en In&Out Furniture. Especialistas en Muebles de Jard\u00edn y Packs de Muebles de Exterior. \u00a1Compra ya!","og_url":"https:\/\/mueblesjbrinas.com\/es\/product\/d88316s-b-muebles-de-exterior\/","og_site_name":"In &amp; Out Furniture","article_publisher":"https:\/\/www.facebook.com\/mueblesjbrinas","article_modified_time":"2026-03-04T14:50:05+00:00","og_image":[{"width":2560,"height":1920,"url":"https:\/\/mueblesjbrinas.com\/wp-content\/uploads\/2022\/06\/D88316S-B-scaled.jpg","type":"image\/jpeg"}],"twitter_card":"summary_large_image","twitter_misc":{"Tiempo de lectura":"1 minuto"},"schema":{"@context":"https:\/\/schema.org","@graph":[{"@type":"WebPage","@id":"https:\/\/mueblesjbrinas.com\/es\/product\/d88316s-b-muebles-de-exterior\/","url":"https:\/\/mueblesjbrinas.com\/es\/product\/d88316s-b-muebles-de-exterior\/","name":"\u25b7 D88316S-B | Muebles de Exterior | In&Out Furniture","isPartOf":{"@id":"https:\/\/mueblesjbrinas.com\/es\/#website"},"primaryImageOfPage":{"@id":"https:\/\/mueblesjbrinas.com\/es\/product\/d88316s-b-muebles-de-exterior\/#primaryimage"},"image":{"@id":"https:\/\/mueblesjbrinas.com\/es\/product\/d88316s-b-muebles-de-exterior\/#primaryimage"},"thumbnailUrl":"https:\/\/mueblesjbrinas.com\/wp-content\/uploads\/2022\/06\/D88316S-B-scaled.jpg","datePublished":"2022-06-21T10:06:21+00:00","dateModified":"2026-03-04T14:50:05+00:00","description":"Compra tu Set de Aluminio D88316s-b en In&Out Furniture. Especialistas en Muebles de Jard\u00edn y Packs de Muebles de Exterior. \u00a1Compra ya!","breadcrumb":{"@id":"https:\/\/mueblesjbrinas.com\/es\/product\/d88316s-b-muebles-de-exterior\/#breadcrumb"},"inLanguage":"es","potentialAction":[{"@type":"ReadAction","target":["https:\/\/mueblesjbrinas.com\/es\/product\/d88316s-b-muebles-de-exterior\/"]}]},{"@type":"ImageObject","inLanguage":"es","@id":"https:\/\/mueblesjbrinas.com\/es\/product\/d88316s-b-muebles-de-exterior\/#primaryimage","url":"https:\/\/mueblesjbrinas.com\/wp-content\/uploads\/2022\/06\/D88316S-B-scaled.jpg","contentUrl":"https:\/\/mueblesjbrinas.com\/wp-content\/uploads\/2022\/06\/D88316S-B-scaled.jpg","width":2560,"height":1920},{"@type":"BreadcrumbList","@id":"https:\/\/mueblesjbrinas.com\/es\/product\/d88316s-b-muebles-de-exterior\/#breadcrumb","itemListElement":[{"@type":"ListItem","position":1,"name":"Portada","item":"https:\/\/mueblesjbrinas.com\/es\/"},{"@type":"ListItem","position":2,"name":"Tienda","item":"https:\/\/mueblesjbrinas.com\/es\/muebles-de-exterior\/"},{"@type":"ListItem","position":3,"name":"D88316S-B"}]},{"@type":"WebSite","@id":"https:\/\/mueblesjbrinas.com\/es\/#website","url":"https:\/\/mueblesjbrinas.com\/es\/","name":"Muebles Bri\u00f1as","description":"Online Outdoor Furniture Shop in Costa Blanca. Torrevieja, Rojales, Guardamar, San Javier.","publisher":{"@id":"https:\/\/mueblesjbrinas.com\/es\/#organization"},"potentialAction":[{"@type":"SearchAction","target":{"@type":"EntryPoint","urlTemplate":"https:\/\/mueblesjbrinas.com\/es\/?s={search_term_string}"},"query-input":{"@type":"PropertyValueSpecification","valueRequired":true,"valueName":"search_term_string"}}],"inLanguage":"es"},{"@type":"Organization","@id":"https:\/\/mueblesjbrinas.com\/es\/#organization","name":"In&Out Furniture","alternateName":"Muebles J. Bri\u00f1as","url":"https:\/\/mueblesjbrinas.com\/es\/","logo":{"@type":"ImageObject","inLanguage":"es","@id":"https:\/\/mueblesjbrinas.com\/es\/#\/schema\/logo\/image\/","url":"https:\/\/mueblesjbrinas.com\/wp-content\/uploads\/2018\/03\/logo-web.png","contentUrl":"https:\/\/mueblesjbrinas.com\/wp-content\/uploads\/2018\/03\/logo-web.png","width":300,"height":146,"caption":"In&Out Furniture"},"image":{"@id":"https:\/\/mueblesjbrinas.com\/es\/#\/schema\/logo\/image\/"},"sameAs":["https:\/\/www.facebook.com\/mueblesjbrinas"]}]}},"_links":{"self":[{"href":"https:\/\/mueblesjbrinas.com\/es\/wp-json\/wp\/v2\/product\/11882","targetHints":{"allow":["GET"]}}],"collection":[{"href":"https:\/\/mueblesjbrinas.com\/es\/wp-json\/wp\/v2\/product"}],"about":[{"href":"https:\/\/mueblesjbrinas.com\/es\/wp-json\/wp\/v2\/types\/product"}],"replies":[{"embeddable":true,"href":"https:\/\/mueblesjbrinas.com\/es\/wp-json\/wp\/v2\/comments?post=11882"}],"version-history":[{"count":1,"href":"https:\/\/mueblesjbrinas.com\/es\/wp-json\/wp\/v2\/product\/11882\/revisions"}],"predecessor-version":[{"id":14451,"href":"https:\/\/mueblesjbrinas.com\/es\/wp-json\/wp\/v2\/product\/11882\/revisions\/14451"}],"wp:featuredmedia":[{"embeddable":true,"href":"https:\/\/mueblesjbrinas.com\/es\/wp-json\/wp\/v2\/media\/12204"}],"wp:attachment":[{"href":"https:\/\/mueblesjbrinas.com\/es\/wp-json\/wp\/v2\/media?parent=11882"}],"wp:term":[{"taxonomy":"product_brand","embeddable":true,"href":"https:\/\/mueblesjbrinas.com\/es\/wp-json\/wp\/v2\/product_brand?post=11882"},{"taxonomy":"product_cat","embeddable":true,"href":"https:\/\/mueblesjbrinas.com\/es\/wp-json\/wp\/v2\/product_cat?post=11882"},{"taxonomy":"product_tag","embeddable":true,"href":"https:\/\/mueblesjbrinas.com\/es\/wp-json\/wp\/v2\/product_tag?post=11882"}],"curies":[{"name":"wp","href":"https:\/\/api.w.org\/{rel}","templated":true}]}}