{"id":11781,"date":"2022-03-23T12:19:42","date_gmt":"2022-03-23T10:19:42","guid":{"rendered":"https:\/\/mueblesjbrinas.com\/?post_type=product&#038;p=11781"},"modified":"2026-03-04T18:41:53","modified_gmt":"2026-03-04T16:41:53","slug":"york-comedor-set-muebles-de-exterior","status":"publish","type":"product","link":"https:\/\/mueblesjbrinas.com\/es\/product\/york-comedor-set-muebles-de-exterior\/","title":{"rendered":"YORK COMEDOR SET"},"content":{"rendered":"<p>Un conjunto de muebles de jard\u00edn de aluminio, de la marca HiGold, fabricado con aut\u00e9nticos materiales de calidad y sostenibles. Un set de exterior disponible en Muebles J. Bri\u00f1as.<\/p>\n<p>Enam\u00f3rate de los sets de jard\u00edn de l\u00edneas minimalistas y vanguardistas, perfecto para decoraci\u00f3n exterior.<\/p>\n<p><span style=\"color: #333333; font-size: 26px;\">Nuestras tiendas de muebles<\/span><\/p>\n<p>Estamos ubicados en <a href=\"https:\/\/mueblesjbrinas.com\/torrevieja-furniture-store-orihuela-costa\/\">Torrevieja<\/a>, <a href=\"https:\/\/mueblesjbrinas.com\/guardamar-furniture-store\/\" target=\"_blank\" rel=\"noopener\">Guardamar<\/a>, <a href=\"https:\/\/mueblesjbrinas.com\/guardamar-la-marina\/\">La Marina<\/a>, <a href=\"https:\/\/mueblesjbrinas.com\/rojales-furniture\/\">Rojales<\/a> &amp; <a href=\"https:\/\/mueblesjbrinas.com\/san-javier-furniture-store\/\">San Javier<\/a>. En In&amp;Out Furniture somos especialistas en decoraci\u00f3n, sof\u00e1s y muebles de exterior. Te escuchamos y asesoramos para escoger la mejor opci\u00f3n para tu espacio.<\/p>\n","protected":false},"excerpt":{"rendered":"<p>Usando textiles, teca y colores de recubrimiento en polvo blanco \/ plateado como una mezcla, hace que el YORK sea muy sobresaliente.<\/p>\n<p>El dise\u00f1o tambi\u00e9n est\u00e1 muy cerca de un estilo interior. Con un fuerte contraste de color en el sol, las personas pueden disfrutar no solo de una vista hermosa sino tambi\u00e9n de una sensaci\u00f3n muy c\u00e1lida.<\/p>\n<p>El set incluye:<\/p>\n<ul>\n<li>Mesa<\/li>\n<li>4 Sillas sin brazo<\/li>\n<li>2 Sillones con brazo<\/li>\n<\/ul>\n","protected":false},"featured_media":11804,"comment_status":"closed","ping_status":"closed","template":"","meta":{"_acf_changed":false,"_joinchat":[]},"product_brand":[],"product_cat":[112,35],"product_tag":[],"class_list":{"0":"post-11781","1":"product","2":"type-product","3":"status-publish","4":"has-post-thumbnail","6":"product_cat-aluminio","7":"product_cat-sets-de-jardin","9":"first","10":"instock","11":"taxable","12":"shipping-taxable","13":"purchasable","14":"product-type-simple"},"acf":[],"yoast_head":"<!-- This site is optimized with the Yoast SEO Premium plugin v22.5 (Yoast SEO v24.8) - https:\/\/yoast.com\/wordpress\/plugins\/seo\/ -->\n<title>\u25b7 YORK COMEDOR SET | Muebles de Exterior | In&amp;Out<\/title>\n<meta name=\"description\" content=\"York Comedor Set, Mesa + 6 Sillones Ideal para tu Jard\u00edn. Compra tus muebles para terraza aqu\u00ed en In&amp;Out.\" \/>\n<meta name=\"robots\" content=\"index, follow, max-snippet:-1, max-image-preview:large, max-video-preview:-1\" \/>\n<link rel=\"canonical\" href=\"https:\/\/mueblesjbrinas.com\/es\/product\/york-comedor-set-muebles-de-exterior\/\" \/>\n<meta property=\"og:locale\" content=\"es_ES\" \/>\n<meta property=\"og:type\" content=\"article\" \/>\n<meta property=\"og:title\" content=\"YORK COMEDOR SET\" \/>\n<meta property=\"og:description\" content=\"York Comedor Set, Mesa + 6 Sillones Ideal para tu Jard\u00edn. Compra tus muebles para terraza aqu\u00ed en In&amp;Out.\" \/>\n<meta property=\"og:url\" content=\"https:\/\/mueblesjbrinas.com\/es\/product\/york-comedor-set-muebles-de-exterior\/\" \/>\n<meta property=\"og:site_name\" content=\"In &amp; Out Furniture\" \/>\n<meta property=\"article:publisher\" content=\"https:\/\/www.facebook.com\/mueblesjbrinas\" \/>\n<meta property=\"article:modified_time\" content=\"2026-03-04T16:41:53+00:00\" \/>\n<meta property=\"og:image\" content=\"https:\/\/mueblesjbrinas.com\/wp-content\/uploads\/2022\/03\/york.jpg\" \/>\n\t<meta property=\"og:image:width\" content=\"800\" \/>\n\t<meta property=\"og:image:height\" content=\"885\" \/>\n\t<meta property=\"og:image:type\" content=\"image\/jpeg\" \/>\n<meta name=\"twitter:card\" content=\"summary_large_image\" \/>\n<meta name=\"twitter:label1\" content=\"Tiempo de lectura\" \/>\n\t<meta name=\"twitter:data1\" content=\"1 minuto\" \/>\n<script type=\"application\/ld+json\" class=\"yoast-schema-graph\">{\"@context\":\"https:\/\/schema.org\",\"@graph\":[{\"@type\":\"WebPage\",\"@id\":\"https:\/\/mueblesjbrinas.com\/es\/product\/york-comedor-set-muebles-de-exterior\/\",\"url\":\"https:\/\/mueblesjbrinas.com\/es\/product\/york-comedor-set-muebles-de-exterior\/\",\"name\":\"\u25b7 YORK COMEDOR SET | Muebles de Exterior | In&Out\",\"isPartOf\":{\"@id\":\"https:\/\/mueblesjbrinas.com\/es\/#website\"},\"primaryImageOfPage\":{\"@id\":\"https:\/\/mueblesjbrinas.com\/es\/product\/york-comedor-set-muebles-de-exterior\/#primaryimage\"},\"image\":{\"@id\":\"https:\/\/mueblesjbrinas.com\/es\/product\/york-comedor-set-muebles-de-exterior\/#primaryimage\"},\"thumbnailUrl\":\"https:\/\/mueblesjbrinas.com\/wp-content\/uploads\/2022\/03\/york.jpg\",\"datePublished\":\"2022-03-23T10:19:42+00:00\",\"dateModified\":\"2026-03-04T16:41:53+00:00\",\"description\":\"York Comedor Set, Mesa + 6 Sillones Ideal para tu Jard\u00edn. Compra tus muebles para terraza aqu\u00ed en In&Out.\",\"breadcrumb\":{\"@id\":\"https:\/\/mueblesjbrinas.com\/es\/product\/york-comedor-set-muebles-de-exterior\/#breadcrumb\"},\"inLanguage\":\"es\",\"potentialAction\":[{\"@type\":\"ReadAction\",\"target\":[\"https:\/\/mueblesjbrinas.com\/es\/product\/york-comedor-set-muebles-de-exterior\/\"]}]},{\"@type\":\"ImageObject\",\"inLanguage\":\"es\",\"@id\":\"https:\/\/mueblesjbrinas.com\/es\/product\/york-comedor-set-muebles-de-exterior\/#primaryimage\",\"url\":\"https:\/\/mueblesjbrinas.com\/wp-content\/uploads\/2022\/03\/york.jpg\",\"contentUrl\":\"https:\/\/mueblesjbrinas.com\/wp-content\/uploads\/2022\/03\/york.jpg\",\"width\":800,\"height\":885,\"caption\":\"Conjunto de Muebles de Aluminio\"},{\"@type\":\"BreadcrumbList\",\"@id\":\"https:\/\/mueblesjbrinas.com\/es\/product\/york-comedor-set-muebles-de-exterior\/#breadcrumb\",\"itemListElement\":[{\"@type\":\"ListItem\",\"position\":1,\"name\":\"Portada\",\"item\":\"https:\/\/mueblesjbrinas.com\/es\/\"},{\"@type\":\"ListItem\",\"position\":2,\"name\":\"Tienda\",\"item\":\"https:\/\/mueblesjbrinas.com\/es\/muebles-de-exterior\/\"},{\"@type\":\"ListItem\",\"position\":3,\"name\":\"YORK COMEDOR SET\"}]},{\"@type\":\"WebSite\",\"@id\":\"https:\/\/mueblesjbrinas.com\/es\/#website\",\"url\":\"https:\/\/mueblesjbrinas.com\/es\/\",\"name\":\"Muebles Bri\u00f1as\",\"description\":\"Online Outdoor Furniture Shop in Costa Blanca. Torrevieja, Rojales, Guardamar, San Javier.\",\"publisher\":{\"@id\":\"https:\/\/mueblesjbrinas.com\/es\/#organization\"},\"potentialAction\":[{\"@type\":\"SearchAction\",\"target\":{\"@type\":\"EntryPoint\",\"urlTemplate\":\"https:\/\/mueblesjbrinas.com\/es\/?s={search_term_string}\"},\"query-input\":{\"@type\":\"PropertyValueSpecification\",\"valueRequired\":true,\"valueName\":\"search_term_string\"}}],\"inLanguage\":\"es\"},{\"@type\":\"Organization\",\"@id\":\"https:\/\/mueblesjbrinas.com\/es\/#organization\",\"name\":\"In&Out Furniture\",\"alternateName\":\"Muebles J. Bri\u00f1as\",\"url\":\"https:\/\/mueblesjbrinas.com\/es\/\",\"logo\":{\"@type\":\"ImageObject\",\"inLanguage\":\"es\",\"@id\":\"https:\/\/mueblesjbrinas.com\/es\/#\/schema\/logo\/image\/\",\"url\":\"https:\/\/mueblesjbrinas.com\/wp-content\/uploads\/2018\/03\/logo-web.png\",\"contentUrl\":\"https:\/\/mueblesjbrinas.com\/wp-content\/uploads\/2018\/03\/logo-web.png\",\"width\":300,\"height\":146,\"caption\":\"In&Out Furniture\"},\"image\":{\"@id\":\"https:\/\/mueblesjbrinas.com\/es\/#\/schema\/logo\/image\/\"},\"sameAs\":[\"https:\/\/www.facebook.com\/mueblesjbrinas\"]}]}<\/script>\n<!-- \/ Yoast SEO Premium plugin. -->","yoast_head_json":{"title":"\u25b7 YORK COMEDOR SET | Muebles de Exterior | In&Out","description":"York Comedor Set, Mesa + 6 Sillones Ideal para tu Jard\u00edn. Compra tus muebles para terraza aqu\u00ed en In&Out.","robots":{"index":"index","follow":"follow","max-snippet":"max-snippet:-1","max-image-preview":"max-image-preview:large","max-video-preview":"max-video-preview:-1"},"canonical":"https:\/\/mueblesjbrinas.com\/es\/product\/york-comedor-set-muebles-de-exterior\/","og_locale":"es_ES","og_type":"article","og_title":"YORK COMEDOR SET","og_description":"York Comedor Set, Mesa + 6 Sillones Ideal para tu Jard\u00edn. Compra tus muebles para terraza aqu\u00ed en In&Out.","og_url":"https:\/\/mueblesjbrinas.com\/es\/product\/york-comedor-set-muebles-de-exterior\/","og_site_name":"In &amp; Out Furniture","article_publisher":"https:\/\/www.facebook.com\/mueblesjbrinas","article_modified_time":"2026-03-04T16:41:53+00:00","og_image":[{"width":800,"height":885,"url":"https:\/\/mueblesjbrinas.com\/wp-content\/uploads\/2022\/03\/york.jpg","type":"image\/jpeg"}],"twitter_card":"summary_large_image","twitter_misc":{"Tiempo de lectura":"1 minuto"},"schema":{"@context":"https:\/\/schema.org","@graph":[{"@type":"WebPage","@id":"https:\/\/mueblesjbrinas.com\/es\/product\/york-comedor-set-muebles-de-exterior\/","url":"https:\/\/mueblesjbrinas.com\/es\/product\/york-comedor-set-muebles-de-exterior\/","name":"\u25b7 YORK COMEDOR SET | Muebles de Exterior | In&Out","isPartOf":{"@id":"https:\/\/mueblesjbrinas.com\/es\/#website"},"primaryImageOfPage":{"@id":"https:\/\/mueblesjbrinas.com\/es\/product\/york-comedor-set-muebles-de-exterior\/#primaryimage"},"image":{"@id":"https:\/\/mueblesjbrinas.com\/es\/product\/york-comedor-set-muebles-de-exterior\/#primaryimage"},"thumbnailUrl":"https:\/\/mueblesjbrinas.com\/wp-content\/uploads\/2022\/03\/york.jpg","datePublished":"2022-03-23T10:19:42+00:00","dateModified":"2026-03-04T16:41:53+00:00","description":"York Comedor Set, Mesa + 6 Sillones Ideal para tu Jard\u00edn. Compra tus muebles para terraza aqu\u00ed en In&Out.","breadcrumb":{"@id":"https:\/\/mueblesjbrinas.com\/es\/product\/york-comedor-set-muebles-de-exterior\/#breadcrumb"},"inLanguage":"es","potentialAction":[{"@type":"ReadAction","target":["https:\/\/mueblesjbrinas.com\/es\/product\/york-comedor-set-muebles-de-exterior\/"]}]},{"@type":"ImageObject","inLanguage":"es","@id":"https:\/\/mueblesjbrinas.com\/es\/product\/york-comedor-set-muebles-de-exterior\/#primaryimage","url":"https:\/\/mueblesjbrinas.com\/wp-content\/uploads\/2022\/03\/york.jpg","contentUrl":"https:\/\/mueblesjbrinas.com\/wp-content\/uploads\/2022\/03\/york.jpg","width":800,"height":885,"caption":"Conjunto de Muebles de Aluminio"},{"@type":"BreadcrumbList","@id":"https:\/\/mueblesjbrinas.com\/es\/product\/york-comedor-set-muebles-de-exterior\/#breadcrumb","itemListElement":[{"@type":"ListItem","position":1,"name":"Portada","item":"https:\/\/mueblesjbrinas.com\/es\/"},{"@type":"ListItem","position":2,"name":"Tienda","item":"https:\/\/mueblesjbrinas.com\/es\/muebles-de-exterior\/"},{"@type":"ListItem","position":3,"name":"YORK COMEDOR SET"}]},{"@type":"WebSite","@id":"https:\/\/mueblesjbrinas.com\/es\/#website","url":"https:\/\/mueblesjbrinas.com\/es\/","name":"Muebles Bri\u00f1as","description":"Online Outdoor Furniture Shop in Costa Blanca. Torrevieja, Rojales, Guardamar, San Javier.","publisher":{"@id":"https:\/\/mueblesjbrinas.com\/es\/#organization"},"potentialAction":[{"@type":"SearchAction","target":{"@type":"EntryPoint","urlTemplate":"https:\/\/mueblesjbrinas.com\/es\/?s={search_term_string}"},"query-input":{"@type":"PropertyValueSpecification","valueRequired":true,"valueName":"search_term_string"}}],"inLanguage":"es"},{"@type":"Organization","@id":"https:\/\/mueblesjbrinas.com\/es\/#organization","name":"In&Out Furniture","alternateName":"Muebles J. Bri\u00f1as","url":"https:\/\/mueblesjbrinas.com\/es\/","logo":{"@type":"ImageObject","inLanguage":"es","@id":"https:\/\/mueblesjbrinas.com\/es\/#\/schema\/logo\/image\/","url":"https:\/\/mueblesjbrinas.com\/wp-content\/uploads\/2018\/03\/logo-web.png","contentUrl":"https:\/\/mueblesjbrinas.com\/wp-content\/uploads\/2018\/03\/logo-web.png","width":300,"height":146,"caption":"In&Out Furniture"},"image":{"@id":"https:\/\/mueblesjbrinas.com\/es\/#\/schema\/logo\/image\/"},"sameAs":["https:\/\/www.facebook.com\/mueblesjbrinas"]}]}},"_links":{"self":[{"href":"https:\/\/mueblesjbrinas.com\/es\/wp-json\/wp\/v2\/product\/11781","targetHints":{"allow":["GET"]}}],"collection":[{"href":"https:\/\/mueblesjbrinas.com\/es\/wp-json\/wp\/v2\/product"}],"about":[{"href":"https:\/\/mueblesjbrinas.com\/es\/wp-json\/wp\/v2\/types\/product"}],"replies":[{"embeddable":true,"href":"https:\/\/mueblesjbrinas.com\/es\/wp-json\/wp\/v2\/comments?post=11781"}],"version-history":[{"count":3,"href":"https:\/\/mueblesjbrinas.com\/es\/wp-json\/wp\/v2\/product\/11781\/revisions"}],"predecessor-version":[{"id":14465,"href":"https:\/\/mueblesjbrinas.com\/es\/wp-json\/wp\/v2\/product\/11781\/revisions\/14465"}],"wp:featuredmedia":[{"embeddable":true,"href":"https:\/\/mueblesjbrinas.com\/es\/wp-json\/wp\/v2\/media\/11804"}],"wp:attachment":[{"href":"https:\/\/mueblesjbrinas.com\/es\/wp-json\/wp\/v2\/media?parent=11781"}],"wp:term":[{"taxonomy":"product_brand","embeddable":true,"href":"https:\/\/mueblesjbrinas.com\/es\/wp-json\/wp\/v2\/product_brand?post=11781"},{"taxonomy":"product_cat","embeddable":true,"href":"https:\/\/mueblesjbrinas.com\/es\/wp-json\/wp\/v2\/product_cat?post=11781"},{"taxonomy":"product_tag","embeddable":true,"href":"https:\/\/mueblesjbrinas.com\/es\/wp-json\/wp\/v2\/product_tag?post=11781"}],"curies":[{"name":"wp","href":"https:\/\/api.w.org\/{rel}","templated":true}]}}