{"id":11715,"date":"2022-03-07T14:44:29","date_gmt":"2022-03-07T12:44:29","guid":{"rendered":"https:\/\/mueblesjbrinas.com\/?post_type=product&#038;p=11715"},"modified":"2026-03-23T17:16:11","modified_gmt":"2026-03-23T15:16:11","slug":"airport-tumbona","status":"publish","type":"product","link":"https:\/\/mueblesjbrinas.com\/es\/product\/airport-tumbona\/","title":{"rendered":"AIRPORT TUMBONA"},"content":{"rendered":"<p>Un completo conjunto de muebles pensado para hacerte la elecci\u00f3n m\u00e1s sencilla.<\/p>\n<p>Este set de muebles de exterior ha sido dise\u00f1ado para combinar diferentes piezas y poder darle un toque decorativo \u00fanico a tu jard\u00edn.<\/p>\n<p>Adem\u00e1s, al haber aunado las piezas en un solo conjunto optimizar\u00e1s mucho m\u00e1s tu presupuesto.<\/p>\n<p>Estamos ubicados en <a href=\"https:\/\/mueblesjbrinas.com\/torrevieja-furniture-store-orihuela-costa\/\">Torrevieja<\/a>, <a href=\"https:\/\/mueblesjbrinas.com\/guardamar-furniture-store\/\" target=\"_blank\" rel=\"noopener\">Guardamar<\/a>, <a href=\"https:\/\/mueblesjbrinas.com\/guardamar-la-marina\/\">La Marina<\/a>, <a href=\"https:\/\/mueblesjbrinas.com\/rojales-furniture\/\">Rojales<\/a> &amp; <a href=\"https:\/\/mueblesjbrinas.com\/san-javier-furniture-store\/\">San Javier<\/a>. En In&amp;Out Furniture somos especialistas en decoraci\u00f3n, sof\u00e1s y muebles de exterior. Te escuchamos y asesoramos para escoger la mejor opci\u00f3n para tu espacio.<\/p>\n","protected":false},"excerpt":{"rendered":"<p>Incluye:<\/p>\n<ul>\n<li>1 Tumbona con coj\u00ecn de asiento<\/li>\n<li>1 Coj\u00ecn de cabezal<\/li>\n<li>1 Coj\u00ecn lumbar<\/li>\n<\/ul>\n","protected":false},"featured_media":11723,"comment_status":"closed","ping_status":"closed","template":"","meta":{"_acf_changed":false,"_joinchat":[]},"product_brand":[],"product_cat":[112,35],"product_tag":[],"class_list":{"0":"post-11715","1":"product","2":"type-product","3":"status-publish","4":"has-post-thumbnail","6":"product_cat-aluminio","7":"product_cat-sets-de-jardin","9":"first","10":"instock","11":"taxable","12":"shipping-taxable","13":"purchasable","14":"product-type-simple"},"acf":[],"yoast_head":"<!-- This site is optimized with the Yoast SEO Premium plugin v22.5 (Yoast SEO v24.8) - https:\/\/yoast.com\/wordpress\/plugins\/seo\/ -->\n<title>\u25b7 AIRPORT TUMBONA | Muebles de Jardin | In&amp;Out<\/title>\n<meta name=\"description\" content=\"Tumbona de exterior Airport. Encuentra aqu\u00ed los mejores muebles de exterior y sets para jard\u00edn. Te esperamos en In&amp;Out Furniture con los mejores productos.\" \/>\n<meta name=\"robots\" content=\"index, follow, max-snippet:-1, max-image-preview:large, max-video-preview:-1\" \/>\n<link rel=\"canonical\" href=\"https:\/\/mueblesjbrinas.com\/es\/product\/airport-tumbona\/\" \/>\n<meta property=\"og:locale\" content=\"es_ES\" \/>\n<meta property=\"og:type\" content=\"article\" \/>\n<meta property=\"og:title\" content=\"AIRPORT TUMBONA\" \/>\n<meta property=\"og:description\" content=\"Tumbona de exterior Airport. Encuentra aqu\u00ed los mejores muebles de exterior y sets para jard\u00edn. Te esperamos en In&amp;Out Furniture con los mejores productos.\" \/>\n<meta property=\"og:url\" content=\"https:\/\/mueblesjbrinas.com\/es\/product\/airport-tumbona\/\" \/>\n<meta property=\"og:site_name\" content=\"In &amp; Out Furniture\" \/>\n<meta property=\"article:publisher\" content=\"https:\/\/www.facebook.com\/mueblesjbrinas\" \/>\n<meta property=\"article:modified_time\" content=\"2026-03-23T15:16:11+00:00\" \/>\n<meta property=\"og:image\" content=\"https:\/\/mueblesjbrinas.com\/wp-content\/uploads\/2022\/03\/357.jpg\" \/>\n\t<meta property=\"og:image:width\" content=\"887\" \/>\n\t<meta property=\"og:image:height\" content=\"767\" \/>\n\t<meta property=\"og:image:type\" content=\"image\/jpeg\" \/>\n<meta name=\"twitter:card\" content=\"summary_large_image\" \/>\n<meta name=\"twitter:label1\" content=\"Tiempo de lectura\" \/>\n\t<meta name=\"twitter:data1\" content=\"1 minuto\" \/>\n<script type=\"application\/ld+json\" class=\"yoast-schema-graph\">{\"@context\":\"https:\/\/schema.org\",\"@graph\":[{\"@type\":\"WebPage\",\"@id\":\"https:\/\/mueblesjbrinas.com\/es\/product\/airport-tumbona\/\",\"url\":\"https:\/\/mueblesjbrinas.com\/es\/product\/airport-tumbona\/\",\"name\":\"\u25b7 AIRPORT TUMBONA | Muebles de Jardin | In&Out\",\"isPartOf\":{\"@id\":\"https:\/\/mueblesjbrinas.com\/es\/#website\"},\"primaryImageOfPage\":{\"@id\":\"https:\/\/mueblesjbrinas.com\/es\/product\/airport-tumbona\/#primaryimage\"},\"image\":{\"@id\":\"https:\/\/mueblesjbrinas.com\/es\/product\/airport-tumbona\/#primaryimage\"},\"thumbnailUrl\":\"https:\/\/mueblesjbrinas.com\/wp-content\/uploads\/2022\/03\/357.jpg\",\"datePublished\":\"2022-03-07T12:44:29+00:00\",\"dateModified\":\"2026-03-23T15:16:11+00:00\",\"description\":\"Tumbona de exterior Airport. Encuentra aqu\u00ed los mejores muebles de exterior y sets para jard\u00edn. Te esperamos en In&Out Furniture con los mejores productos.\",\"breadcrumb\":{\"@id\":\"https:\/\/mueblesjbrinas.com\/es\/product\/airport-tumbona\/#breadcrumb\"},\"inLanguage\":\"es\",\"potentialAction\":[{\"@type\":\"ReadAction\",\"target\":[\"https:\/\/mueblesjbrinas.com\/es\/product\/airport-tumbona\/\"]}]},{\"@type\":\"ImageObject\",\"inLanguage\":\"es\",\"@id\":\"https:\/\/mueblesjbrinas.com\/es\/product\/airport-tumbona\/#primaryimage\",\"url\":\"https:\/\/mueblesjbrinas.com\/wp-content\/uploads\/2022\/03\/357.jpg\",\"contentUrl\":\"https:\/\/mueblesjbrinas.com\/wp-content\/uploads\/2022\/03\/357.jpg\",\"width\":887,\"height\":767},{\"@type\":\"BreadcrumbList\",\"@id\":\"https:\/\/mueblesjbrinas.com\/es\/product\/airport-tumbona\/#breadcrumb\",\"itemListElement\":[{\"@type\":\"ListItem\",\"position\":1,\"name\":\"Portada\",\"item\":\"https:\/\/mueblesjbrinas.com\/es\/\"},{\"@type\":\"ListItem\",\"position\":2,\"name\":\"Tienda\",\"item\":\"https:\/\/mueblesjbrinas.com\/es\/muebles-de-exterior\/\"},{\"@type\":\"ListItem\",\"position\":3,\"name\":\"AIRPORT TUMBONA\"}]},{\"@type\":\"WebSite\",\"@id\":\"https:\/\/mueblesjbrinas.com\/es\/#website\",\"url\":\"https:\/\/mueblesjbrinas.com\/es\/\",\"name\":\"Muebles Bri\u00f1as\",\"description\":\"Online Outdoor Furniture Shop in Costa Blanca. Torrevieja, Rojales, Guardamar, San Javier.\",\"publisher\":{\"@id\":\"https:\/\/mueblesjbrinas.com\/es\/#organization\"},\"potentialAction\":[{\"@type\":\"SearchAction\",\"target\":{\"@type\":\"EntryPoint\",\"urlTemplate\":\"https:\/\/mueblesjbrinas.com\/es\/?s={search_term_string}\"},\"query-input\":{\"@type\":\"PropertyValueSpecification\",\"valueRequired\":true,\"valueName\":\"search_term_string\"}}],\"inLanguage\":\"es\"},{\"@type\":\"Organization\",\"@id\":\"https:\/\/mueblesjbrinas.com\/es\/#organization\",\"name\":\"In&Out Furniture\",\"alternateName\":\"Muebles J. Bri\u00f1as\",\"url\":\"https:\/\/mueblesjbrinas.com\/es\/\",\"logo\":{\"@type\":\"ImageObject\",\"inLanguage\":\"es\",\"@id\":\"https:\/\/mueblesjbrinas.com\/es\/#\/schema\/logo\/image\/\",\"url\":\"https:\/\/mueblesjbrinas.com\/wp-content\/uploads\/2018\/03\/logo-web.png\",\"contentUrl\":\"https:\/\/mueblesjbrinas.com\/wp-content\/uploads\/2018\/03\/logo-web.png\",\"width\":300,\"height\":146,\"caption\":\"In&Out Furniture\"},\"image\":{\"@id\":\"https:\/\/mueblesjbrinas.com\/es\/#\/schema\/logo\/image\/\"},\"sameAs\":[\"https:\/\/www.facebook.com\/mueblesjbrinas\"]}]}<\/script>\n<!-- \/ Yoast SEO Premium plugin. -->","yoast_head_json":{"title":"\u25b7 AIRPORT TUMBONA | Muebles de Jardin | In&Out","description":"Tumbona de exterior Airport. Encuentra aqu\u00ed los mejores muebles de exterior y sets para jard\u00edn. Te esperamos en In&Out Furniture con los mejores productos.","robots":{"index":"index","follow":"follow","max-snippet":"max-snippet:-1","max-image-preview":"max-image-preview:large","max-video-preview":"max-video-preview:-1"},"canonical":"https:\/\/mueblesjbrinas.com\/es\/product\/airport-tumbona\/","og_locale":"es_ES","og_type":"article","og_title":"AIRPORT TUMBONA","og_description":"Tumbona de exterior Airport. Encuentra aqu\u00ed los mejores muebles de exterior y sets para jard\u00edn. Te esperamos en In&Out Furniture con los mejores productos.","og_url":"https:\/\/mueblesjbrinas.com\/es\/product\/airport-tumbona\/","og_site_name":"In &amp; Out Furniture","article_publisher":"https:\/\/www.facebook.com\/mueblesjbrinas","article_modified_time":"2026-03-23T15:16:11+00:00","og_image":[{"width":887,"height":767,"url":"https:\/\/mueblesjbrinas.com\/wp-content\/uploads\/2022\/03\/357.jpg","type":"image\/jpeg"}],"twitter_card":"summary_large_image","twitter_misc":{"Tiempo de lectura":"1 minuto"},"schema":{"@context":"https:\/\/schema.org","@graph":[{"@type":"WebPage","@id":"https:\/\/mueblesjbrinas.com\/es\/product\/airport-tumbona\/","url":"https:\/\/mueblesjbrinas.com\/es\/product\/airport-tumbona\/","name":"\u25b7 AIRPORT TUMBONA | Muebles de Jardin | In&Out","isPartOf":{"@id":"https:\/\/mueblesjbrinas.com\/es\/#website"},"primaryImageOfPage":{"@id":"https:\/\/mueblesjbrinas.com\/es\/product\/airport-tumbona\/#primaryimage"},"image":{"@id":"https:\/\/mueblesjbrinas.com\/es\/product\/airport-tumbona\/#primaryimage"},"thumbnailUrl":"https:\/\/mueblesjbrinas.com\/wp-content\/uploads\/2022\/03\/357.jpg","datePublished":"2022-03-07T12:44:29+00:00","dateModified":"2026-03-23T15:16:11+00:00","description":"Tumbona de exterior Airport. Encuentra aqu\u00ed los mejores muebles de exterior y sets para jard\u00edn. Te esperamos en In&Out Furniture con los mejores productos.","breadcrumb":{"@id":"https:\/\/mueblesjbrinas.com\/es\/product\/airport-tumbona\/#breadcrumb"},"inLanguage":"es","potentialAction":[{"@type":"ReadAction","target":["https:\/\/mueblesjbrinas.com\/es\/product\/airport-tumbona\/"]}]},{"@type":"ImageObject","inLanguage":"es","@id":"https:\/\/mueblesjbrinas.com\/es\/product\/airport-tumbona\/#primaryimage","url":"https:\/\/mueblesjbrinas.com\/wp-content\/uploads\/2022\/03\/357.jpg","contentUrl":"https:\/\/mueblesjbrinas.com\/wp-content\/uploads\/2022\/03\/357.jpg","width":887,"height":767},{"@type":"BreadcrumbList","@id":"https:\/\/mueblesjbrinas.com\/es\/product\/airport-tumbona\/#breadcrumb","itemListElement":[{"@type":"ListItem","position":1,"name":"Portada","item":"https:\/\/mueblesjbrinas.com\/es\/"},{"@type":"ListItem","position":2,"name":"Tienda","item":"https:\/\/mueblesjbrinas.com\/es\/muebles-de-exterior\/"},{"@type":"ListItem","position":3,"name":"AIRPORT TUMBONA"}]},{"@type":"WebSite","@id":"https:\/\/mueblesjbrinas.com\/es\/#website","url":"https:\/\/mueblesjbrinas.com\/es\/","name":"Muebles Bri\u00f1as","description":"Online Outdoor Furniture Shop in Costa Blanca. Torrevieja, Rojales, Guardamar, San Javier.","publisher":{"@id":"https:\/\/mueblesjbrinas.com\/es\/#organization"},"potentialAction":[{"@type":"SearchAction","target":{"@type":"EntryPoint","urlTemplate":"https:\/\/mueblesjbrinas.com\/es\/?s={search_term_string}"},"query-input":{"@type":"PropertyValueSpecification","valueRequired":true,"valueName":"search_term_string"}}],"inLanguage":"es"},{"@type":"Organization","@id":"https:\/\/mueblesjbrinas.com\/es\/#organization","name":"In&Out Furniture","alternateName":"Muebles J. Bri\u00f1as","url":"https:\/\/mueblesjbrinas.com\/es\/","logo":{"@type":"ImageObject","inLanguage":"es","@id":"https:\/\/mueblesjbrinas.com\/es\/#\/schema\/logo\/image\/","url":"https:\/\/mueblesjbrinas.com\/wp-content\/uploads\/2018\/03\/logo-web.png","contentUrl":"https:\/\/mueblesjbrinas.com\/wp-content\/uploads\/2018\/03\/logo-web.png","width":300,"height":146,"caption":"In&Out Furniture"},"image":{"@id":"https:\/\/mueblesjbrinas.com\/es\/#\/schema\/logo\/image\/"},"sameAs":["https:\/\/www.facebook.com\/mueblesjbrinas"]}]}},"_links":{"self":[{"href":"https:\/\/mueblesjbrinas.com\/es\/wp-json\/wp\/v2\/product\/11715","targetHints":{"allow":["GET"]}}],"collection":[{"href":"https:\/\/mueblesjbrinas.com\/es\/wp-json\/wp\/v2\/product"}],"about":[{"href":"https:\/\/mueblesjbrinas.com\/es\/wp-json\/wp\/v2\/types\/product"}],"replies":[{"embeddable":true,"href":"https:\/\/mueblesjbrinas.com\/es\/wp-json\/wp\/v2\/comments?post=11715"}],"version-history":[{"count":1,"href":"https:\/\/mueblesjbrinas.com\/es\/wp-json\/wp\/v2\/product\/11715\/revisions"}],"predecessor-version":[{"id":14486,"href":"https:\/\/mueblesjbrinas.com\/es\/wp-json\/wp\/v2\/product\/11715\/revisions\/14486"}],"wp:featuredmedia":[{"embeddable":true,"href":"https:\/\/mueblesjbrinas.com\/es\/wp-json\/wp\/v2\/media\/11723"}],"wp:attachment":[{"href":"https:\/\/mueblesjbrinas.com\/es\/wp-json\/wp\/v2\/media?parent=11715"}],"wp:term":[{"taxonomy":"product_brand","embeddable":true,"href":"https:\/\/mueblesjbrinas.com\/es\/wp-json\/wp\/v2\/product_brand?post=11715"},{"taxonomy":"product_cat","embeddable":true,"href":"https:\/\/mueblesjbrinas.com\/es\/wp-json\/wp\/v2\/product_cat?post=11715"},{"taxonomy":"product_tag","embeddable":true,"href":"https:\/\/mueblesjbrinas.com\/es\/wp-json\/wp\/v2\/product_tag?post=11715"}],"curies":[{"name":"wp","href":"https:\/\/api.w.org\/{rel}","templated":true}]}}