{"id":11707,"date":"2022-03-07T14:32:34","date_gmt":"2022-03-07T12:32:34","guid":{"rendered":"https:\/\/mueblesjbrinas.com\/?post_type=product&#038;p=11707"},"modified":"2026-03-23T17:34:09","modified_gmt":"2026-03-23T15:34:09","slug":"sofa-athena-150-set-6-sillas-muebles-de-exterior-charcoal","status":"publish","type":"product","link":"https:\/\/mueblesjbrinas.com\/es\/product\/sofa-athena-150-set-6-sillas-muebles-de-exterior-charcoal\/","title":{"rendered":"ATHENA 150 CM + 6 SILLAS RECLINABLES"},"content":{"rendered":"<div dir=\"auto\">Un completo conjunto de muebles pensado para hacerte la elecci\u00f3n m\u00e1s sencilla.<\/div>\n<div dir=\"auto\">\n<p>Este set de muebles de exterior ha sido dise\u00f1ado para combinar diferentes piezas y poder darle un toque decorativo \u00fanico a tu jard\u00edn.<\/p>\n<p>Adem\u00e1s, al haber aunado las piezas en un solo conjunto, optimizar\u00e1s mucho m\u00e1s tu presupuesto.<\/p>\n<p>Estamos ubicados en <a href=\"https:\/\/mueblesjbrinas.com\/torrevieja-furniture-store-orihuela-costa\/\">Torrevieja<\/a>, <a href=\"https:\/\/mueblesjbrinas.com\/guardamar-furniture-store\/\" target=\"_blank\" rel=\"noopener\">Guardamar<\/a>, <a href=\"https:\/\/mueblesjbrinas.com\/guardamar-la-marina\/\">La Marina<\/a>, <a href=\"https:\/\/mueblesjbrinas.com\/rojales-furniture\/\">Rojales<\/a> &amp; <a href=\"https:\/\/mueblesjbrinas.com\/san-javier-furniture-store\/\">San Javier<\/a>.<\/p>\n<p>Tu tienda de muebles de jard\u00edn y de exterior.<\/p>\n<\/div>\n","protected":false},"excerpt":{"rendered":"<p><strong>El set incluye<\/strong>:<\/p>\n<ul>\n<li>1 MESA EN ALUMINIO CON CRISTAL DE 150 CM<\/li>\n<li>6 SILLAS RECLINABLES DE ALUMINIO<\/li>\n<\/ul>\n<p><strong>Color:<\/strong><\/p>\n<ul>\n<li>Charcoal<\/li>\n<\/ul>\n","protected":false},"featured_media":12191,"comment_status":"closed","ping_status":"closed","template":"","meta":{"_acf_changed":false,"_joinchat":[]},"product_brand":[],"product_cat":[112,35],"product_tag":[],"class_list":{"0":"post-11707","1":"product","2":"type-product","3":"status-publish","4":"has-post-thumbnail","6":"product_cat-aluminio","7":"product_cat-sets-de-jardin","9":"first","10":"instock","11":"taxable","12":"shipping-taxable","13":"purchasable","14":"product-type-simple"},"acf":[],"yoast_head":"<!-- This site is optimized with the Yoast SEO Premium plugin v22.5 (Yoast SEO v24.8) - https:\/\/yoast.com\/wordpress\/plugins\/seo\/ -->\n<title>\u25b7 ATHENA 150 CM + 6 SILLAS | Muebles de exterior online<\/title>\n<meta name=\"description\" content=\"Set de muebles de aluminio Airport. Un conjunto de muebles de exterior excelente para organizar comidas en tu jard\u00edn o terraza.\" \/>\n<meta name=\"robots\" content=\"index, follow, max-snippet:-1, max-image-preview:large, max-video-preview:-1\" \/>\n<link rel=\"canonical\" href=\"https:\/\/mueblesjbrinas.com\/es\/product\/sofa-athena-150-set-6-sillas-muebles-de-exterior-charcoal\/\" \/>\n<meta property=\"og:locale\" content=\"es_ES\" \/>\n<meta property=\"og:type\" content=\"article\" \/>\n<meta property=\"og:title\" content=\"ATHENA 150 CM + 6 SILLAS RECLINABLES\" \/>\n<meta property=\"og:description\" content=\"Set de muebles de aluminio Airport. Un conjunto de muebles de exterior excelente para organizar comidas en tu jard\u00edn o terraza.\" \/>\n<meta property=\"og:url\" content=\"https:\/\/mueblesjbrinas.com\/es\/product\/sofa-athena-150-set-6-sillas-muebles-de-exterior-charcoal\/\" \/>\n<meta property=\"og:site_name\" content=\"In &amp; Out Furniture\" \/>\n<meta property=\"article:publisher\" content=\"https:\/\/www.facebook.com\/mueblesjbrinas\" \/>\n<meta property=\"article:modified_time\" content=\"2026-03-23T15:34:09+00:00\" \/>\n<meta property=\"og:image\" content=\"https:\/\/mueblesjbrinas.com\/wp-content\/uploads\/2022\/03\/8f73029ddc1cf57a9834c5090620285c.jpg\" \/>\n\t<meta property=\"og:image:width\" content=\"1280\" \/>\n\t<meta property=\"og:image:height\" content=\"960\" \/>\n\t<meta property=\"og:image:type\" content=\"image\/jpeg\" \/>\n<meta name=\"twitter:card\" content=\"summary_large_image\" \/>\n<meta name=\"twitter:label1\" content=\"Tiempo de lectura\" \/>\n\t<meta name=\"twitter:data1\" content=\"1 minuto\" \/>\n<script type=\"application\/ld+json\" class=\"yoast-schema-graph\">{\"@context\":\"https:\/\/schema.org\",\"@graph\":[{\"@type\":\"WebPage\",\"@id\":\"https:\/\/mueblesjbrinas.com\/es\/product\/sofa-athena-150-set-6-sillas-muebles-de-exterior-charcoal\/\",\"url\":\"https:\/\/mueblesjbrinas.com\/es\/product\/sofa-athena-150-set-6-sillas-muebles-de-exterior-charcoal\/\",\"name\":\"\u25b7 ATHENA 150 CM + 6 SILLAS | Muebles de exterior online\",\"isPartOf\":{\"@id\":\"https:\/\/mueblesjbrinas.com\/es\/#website\"},\"primaryImageOfPage\":{\"@id\":\"https:\/\/mueblesjbrinas.com\/es\/product\/sofa-athena-150-set-6-sillas-muebles-de-exterior-charcoal\/#primaryimage\"},\"image\":{\"@id\":\"https:\/\/mueblesjbrinas.com\/es\/product\/sofa-athena-150-set-6-sillas-muebles-de-exterior-charcoal\/#primaryimage\"},\"thumbnailUrl\":\"https:\/\/mueblesjbrinas.com\/wp-content\/uploads\/2022\/03\/8f73029ddc1cf57a9834c5090620285c.jpg\",\"datePublished\":\"2022-03-07T12:32:34+00:00\",\"dateModified\":\"2026-03-23T15:34:09+00:00\",\"description\":\"Set de muebles de aluminio Airport. Un conjunto de muebles de exterior excelente para organizar comidas en tu jard\u00edn o terraza.\",\"breadcrumb\":{\"@id\":\"https:\/\/mueblesjbrinas.com\/es\/product\/sofa-athena-150-set-6-sillas-muebles-de-exterior-charcoal\/#breadcrumb\"},\"inLanguage\":\"es\",\"potentialAction\":[{\"@type\":\"ReadAction\",\"target\":[\"https:\/\/mueblesjbrinas.com\/es\/product\/sofa-athena-150-set-6-sillas-muebles-de-exterior-charcoal\/\"]}]},{\"@type\":\"ImageObject\",\"inLanguage\":\"es\",\"@id\":\"https:\/\/mueblesjbrinas.com\/es\/product\/sofa-athena-150-set-6-sillas-muebles-de-exterior-charcoal\/#primaryimage\",\"url\":\"https:\/\/mueblesjbrinas.com\/wp-content\/uploads\/2022\/03\/8f73029ddc1cf57a9834c5090620285c.jpg\",\"contentUrl\":\"https:\/\/mueblesjbrinas.com\/wp-content\/uploads\/2022\/03\/8f73029ddc1cf57a9834c5090620285c.jpg\",\"width\":1280,\"height\":960,\"caption\":\"ATHENA 150 CM + 6 SILLAS\"},{\"@type\":\"BreadcrumbList\",\"@id\":\"https:\/\/mueblesjbrinas.com\/es\/product\/sofa-athena-150-set-6-sillas-muebles-de-exterior-charcoal\/#breadcrumb\",\"itemListElement\":[{\"@type\":\"ListItem\",\"position\":1,\"name\":\"Portada\",\"item\":\"https:\/\/mueblesjbrinas.com\/es\/\"},{\"@type\":\"ListItem\",\"position\":2,\"name\":\"Tienda\",\"item\":\"https:\/\/mueblesjbrinas.com\/es\/muebles-de-exterior\/\"},{\"@type\":\"ListItem\",\"position\":3,\"name\":\"ATHENA 150 CM + 6 SILLAS RECLINABLES\"}]},{\"@type\":\"WebSite\",\"@id\":\"https:\/\/mueblesjbrinas.com\/es\/#website\",\"url\":\"https:\/\/mueblesjbrinas.com\/es\/\",\"name\":\"Muebles Bri\u00f1as\",\"description\":\"Online Outdoor Furniture Shop in Costa Blanca. Torrevieja, Rojales, Guardamar, San Javier.\",\"publisher\":{\"@id\":\"https:\/\/mueblesjbrinas.com\/es\/#organization\"},\"potentialAction\":[{\"@type\":\"SearchAction\",\"target\":{\"@type\":\"EntryPoint\",\"urlTemplate\":\"https:\/\/mueblesjbrinas.com\/es\/?s={search_term_string}\"},\"query-input\":{\"@type\":\"PropertyValueSpecification\",\"valueRequired\":true,\"valueName\":\"search_term_string\"}}],\"inLanguage\":\"es\"},{\"@type\":\"Organization\",\"@id\":\"https:\/\/mueblesjbrinas.com\/es\/#organization\",\"name\":\"In&Out Furniture\",\"alternateName\":\"Muebles J. Bri\u00f1as\",\"url\":\"https:\/\/mueblesjbrinas.com\/es\/\",\"logo\":{\"@type\":\"ImageObject\",\"inLanguage\":\"es\",\"@id\":\"https:\/\/mueblesjbrinas.com\/es\/#\/schema\/logo\/image\/\",\"url\":\"https:\/\/mueblesjbrinas.com\/wp-content\/uploads\/2018\/03\/logo-web.png\",\"contentUrl\":\"https:\/\/mueblesjbrinas.com\/wp-content\/uploads\/2018\/03\/logo-web.png\",\"width\":300,\"height\":146,\"caption\":\"In&Out Furniture\"},\"image\":{\"@id\":\"https:\/\/mueblesjbrinas.com\/es\/#\/schema\/logo\/image\/\"},\"sameAs\":[\"https:\/\/www.facebook.com\/mueblesjbrinas\"]}]}<\/script>\n<!-- \/ Yoast SEO Premium plugin. -->","yoast_head_json":{"title":"\u25b7 ATHENA 150 CM + 6 SILLAS | Muebles de exterior online","description":"Set de muebles de aluminio Airport. Un conjunto de muebles de exterior excelente para organizar comidas en tu jard\u00edn o terraza.","robots":{"index":"index","follow":"follow","max-snippet":"max-snippet:-1","max-image-preview":"max-image-preview:large","max-video-preview":"max-video-preview:-1"},"canonical":"https:\/\/mueblesjbrinas.com\/es\/product\/sofa-athena-150-set-6-sillas-muebles-de-exterior-charcoal\/","og_locale":"es_ES","og_type":"article","og_title":"ATHENA 150 CM + 6 SILLAS RECLINABLES","og_description":"Set de muebles de aluminio Airport. Un conjunto de muebles de exterior excelente para organizar comidas en tu jard\u00edn o terraza.","og_url":"https:\/\/mueblesjbrinas.com\/es\/product\/sofa-athena-150-set-6-sillas-muebles-de-exterior-charcoal\/","og_site_name":"In &amp; Out Furniture","article_publisher":"https:\/\/www.facebook.com\/mueblesjbrinas","article_modified_time":"2026-03-23T15:34:09+00:00","og_image":[{"width":1280,"height":960,"url":"https:\/\/mueblesjbrinas.com\/wp-content\/uploads\/2022\/03\/8f73029ddc1cf57a9834c5090620285c.jpg","type":"image\/jpeg"}],"twitter_card":"summary_large_image","twitter_misc":{"Tiempo de lectura":"1 minuto"},"schema":{"@context":"https:\/\/schema.org","@graph":[{"@type":"WebPage","@id":"https:\/\/mueblesjbrinas.com\/es\/product\/sofa-athena-150-set-6-sillas-muebles-de-exterior-charcoal\/","url":"https:\/\/mueblesjbrinas.com\/es\/product\/sofa-athena-150-set-6-sillas-muebles-de-exterior-charcoal\/","name":"\u25b7 ATHENA 150 CM + 6 SILLAS | Muebles de exterior online","isPartOf":{"@id":"https:\/\/mueblesjbrinas.com\/es\/#website"},"primaryImageOfPage":{"@id":"https:\/\/mueblesjbrinas.com\/es\/product\/sofa-athena-150-set-6-sillas-muebles-de-exterior-charcoal\/#primaryimage"},"image":{"@id":"https:\/\/mueblesjbrinas.com\/es\/product\/sofa-athena-150-set-6-sillas-muebles-de-exterior-charcoal\/#primaryimage"},"thumbnailUrl":"https:\/\/mueblesjbrinas.com\/wp-content\/uploads\/2022\/03\/8f73029ddc1cf57a9834c5090620285c.jpg","datePublished":"2022-03-07T12:32:34+00:00","dateModified":"2026-03-23T15:34:09+00:00","description":"Set de muebles de aluminio Airport. Un conjunto de muebles de exterior excelente para organizar comidas en tu jard\u00edn o terraza.","breadcrumb":{"@id":"https:\/\/mueblesjbrinas.com\/es\/product\/sofa-athena-150-set-6-sillas-muebles-de-exterior-charcoal\/#breadcrumb"},"inLanguage":"es","potentialAction":[{"@type":"ReadAction","target":["https:\/\/mueblesjbrinas.com\/es\/product\/sofa-athena-150-set-6-sillas-muebles-de-exterior-charcoal\/"]}]},{"@type":"ImageObject","inLanguage":"es","@id":"https:\/\/mueblesjbrinas.com\/es\/product\/sofa-athena-150-set-6-sillas-muebles-de-exterior-charcoal\/#primaryimage","url":"https:\/\/mueblesjbrinas.com\/wp-content\/uploads\/2022\/03\/8f73029ddc1cf57a9834c5090620285c.jpg","contentUrl":"https:\/\/mueblesjbrinas.com\/wp-content\/uploads\/2022\/03\/8f73029ddc1cf57a9834c5090620285c.jpg","width":1280,"height":960,"caption":"ATHENA 150 CM + 6 SILLAS"},{"@type":"BreadcrumbList","@id":"https:\/\/mueblesjbrinas.com\/es\/product\/sofa-athena-150-set-6-sillas-muebles-de-exterior-charcoal\/#breadcrumb","itemListElement":[{"@type":"ListItem","position":1,"name":"Portada","item":"https:\/\/mueblesjbrinas.com\/es\/"},{"@type":"ListItem","position":2,"name":"Tienda","item":"https:\/\/mueblesjbrinas.com\/es\/muebles-de-exterior\/"},{"@type":"ListItem","position":3,"name":"ATHENA 150 CM + 6 SILLAS RECLINABLES"}]},{"@type":"WebSite","@id":"https:\/\/mueblesjbrinas.com\/es\/#website","url":"https:\/\/mueblesjbrinas.com\/es\/","name":"Muebles Bri\u00f1as","description":"Online Outdoor Furniture Shop in Costa Blanca. Torrevieja, Rojales, Guardamar, San Javier.","publisher":{"@id":"https:\/\/mueblesjbrinas.com\/es\/#organization"},"potentialAction":[{"@type":"SearchAction","target":{"@type":"EntryPoint","urlTemplate":"https:\/\/mueblesjbrinas.com\/es\/?s={search_term_string}"},"query-input":{"@type":"PropertyValueSpecification","valueRequired":true,"valueName":"search_term_string"}}],"inLanguage":"es"},{"@type":"Organization","@id":"https:\/\/mueblesjbrinas.com\/es\/#organization","name":"In&Out Furniture","alternateName":"Muebles J. Bri\u00f1as","url":"https:\/\/mueblesjbrinas.com\/es\/","logo":{"@type":"ImageObject","inLanguage":"es","@id":"https:\/\/mueblesjbrinas.com\/es\/#\/schema\/logo\/image\/","url":"https:\/\/mueblesjbrinas.com\/wp-content\/uploads\/2018\/03\/logo-web.png","contentUrl":"https:\/\/mueblesjbrinas.com\/wp-content\/uploads\/2018\/03\/logo-web.png","width":300,"height":146,"caption":"In&Out Furniture"},"image":{"@id":"https:\/\/mueblesjbrinas.com\/es\/#\/schema\/logo\/image\/"},"sameAs":["https:\/\/www.facebook.com\/mueblesjbrinas"]}]}},"_links":{"self":[{"href":"https:\/\/mueblesjbrinas.com\/es\/wp-json\/wp\/v2\/product\/11707","targetHints":{"allow":["GET"]}}],"collection":[{"href":"https:\/\/mueblesjbrinas.com\/es\/wp-json\/wp\/v2\/product"}],"about":[{"href":"https:\/\/mueblesjbrinas.com\/es\/wp-json\/wp\/v2\/types\/product"}],"replies":[{"embeddable":true,"href":"https:\/\/mueblesjbrinas.com\/es\/wp-json\/wp\/v2\/comments?post=11707"}],"version-history":[{"count":5,"href":"https:\/\/mueblesjbrinas.com\/es\/wp-json\/wp\/v2\/product\/11707\/revisions"}],"predecessor-version":[{"id":14093,"href":"https:\/\/mueblesjbrinas.com\/es\/wp-json\/wp\/v2\/product\/11707\/revisions\/14093"}],"wp:featuredmedia":[{"embeddable":true,"href":"https:\/\/mueblesjbrinas.com\/es\/wp-json\/wp\/v2\/media\/12191"}],"wp:attachment":[{"href":"https:\/\/mueblesjbrinas.com\/es\/wp-json\/wp\/v2\/media?parent=11707"}],"wp:term":[{"taxonomy":"product_brand","embeddable":true,"href":"https:\/\/mueblesjbrinas.com\/es\/wp-json\/wp\/v2\/product_brand?post=11707"},{"taxonomy":"product_cat","embeddable":true,"href":"https:\/\/mueblesjbrinas.com\/es\/wp-json\/wp\/v2\/product_cat?post=11707"},{"taxonomy":"product_tag","embeddable":true,"href":"https:\/\/mueblesjbrinas.com\/es\/wp-json\/wp\/v2\/product_tag?post=11707"}],"curies":[{"name":"wp","href":"https:\/\/api.w.org\/{rel}","templated":true}]}}