{"id":11686,"date":"2022-03-07T14:02:15","date_gmt":"2022-03-07T12:02:15","guid":{"rendered":"https:\/\/mueblesjbrinas.com\/?post_type=product&#038;p=11686"},"modified":"2026-03-23T18:24:35","modified_gmt":"2026-03-23T16:24:35","slug":"nofi-2-comedor-90-set","status":"publish","type":"product","link":"https:\/\/mueblesjbrinas.com\/es\/product\/nofi-2-comedor-90-set\/","title":{"rendered":"NOFI 2.0 COMEDOR 90 SET"},"content":{"rendered":"<p>La colecci\u00f3n Nofi 2.0 contin\u00faa el concepto de dise\u00f1o de la serie Nofi. Esta colecci\u00f3n presenta una combinaci\u00f3n de textiles tanto para el asiento como para el respaldo y la teca. Con acolchado en el centro de las sillas de terraza, esta serie ofrece no menos comodidad que los cojines.<\/p>\n","protected":false},"excerpt":{"rendered":"<p>Este Set de jard\u00edn incluye:<\/p>\n<p>1 mesa<\/p>\n<p>4 sillas<\/p>\n","protected":false},"featured_media":10957,"comment_status":"closed","ping_status":"closed","template":"","meta":{"_acf_changed":false,"_joinchat":[]},"product_brand":[],"product_cat":[112,353,35],"product_tag":[],"class_list":{"0":"post-11686","1":"product","2":"type-product","3":"status-publish","4":"has-post-thumbnail","6":"product_cat-aluminio","7":"product_cat-muebles-de-jardin","8":"product_cat-sets-de-jardin","10":"first","11":"instock","12":"taxable","13":"shipping-taxable","14":"purchasable","15":"product-type-simple"},"acf":[],"yoast_head":"<!-- This site is optimized with the Yoast SEO Premium plugin v22.5 (Yoast SEO v24.8) - https:\/\/yoast.com\/wordpress\/plugins\/seo\/ -->\n<title>\u25b7 NOFI 2.0 COMEDOR 90 SET | Compra tus muebles de aluminio<\/title>\n<meta name=\"description\" content=\"Set de jard\u00edn Nofi 2.0 es un completo pack de muebles de aluminio muy adecuado para recibir visitas en tu jard\u00edn o terraza.\" \/>\n<meta name=\"robots\" content=\"index, follow, max-snippet:-1, max-image-preview:large, max-video-preview:-1\" \/>\n<link rel=\"canonical\" href=\"https:\/\/mueblesjbrinas.com\/es\/product\/nofi-2-comedor-90-set\/\" \/>\n<meta property=\"og:locale\" content=\"es_ES\" \/>\n<meta property=\"og:type\" content=\"article\" \/>\n<meta property=\"og:title\" content=\"NOFI 2.0 COMEDOR 90 SET\" \/>\n<meta property=\"og:description\" content=\"Set de jard\u00edn Nofi 2.0 es un completo pack de muebles de aluminio muy adecuado para recibir visitas en tu jard\u00edn o terraza.\" \/>\n<meta property=\"og:url\" content=\"https:\/\/mueblesjbrinas.com\/es\/product\/nofi-2-comedor-90-set\/\" \/>\n<meta property=\"og:site_name\" content=\"In &amp; Out Furniture\" \/>\n<meta property=\"article:publisher\" content=\"https:\/\/www.facebook.com\/mueblesjbrinas\" \/>\n<meta property=\"article:modified_time\" content=\"2026-03-23T16:24:35+00:00\" \/>\n<meta property=\"og:image\" content=\"https:\/\/mueblesjbrinas.com\/wp-content\/uploads\/2021\/05\/Mesa-cuadrada-4-sillas-nofio-2.0-precio-890-E.jpeg\" \/>\n\t<meta property=\"og:image:width\" content=\"1200\" \/>\n\t<meta property=\"og:image:height\" content=\"600\" \/>\n\t<meta property=\"og:image:type\" content=\"image\/jpeg\" \/>\n<meta name=\"twitter:card\" content=\"summary_large_image\" \/>\n<meta name=\"twitter:label1\" content=\"Tiempo de lectura\" \/>\n\t<meta name=\"twitter:data1\" content=\"1 minuto\" \/>\n<script type=\"application\/ld+json\" class=\"yoast-schema-graph\">{\"@context\":\"https:\/\/schema.org\",\"@graph\":[{\"@type\":\"WebPage\",\"@id\":\"https:\/\/mueblesjbrinas.com\/es\/product\/nofi-2-comedor-90-set\/\",\"url\":\"https:\/\/mueblesjbrinas.com\/es\/product\/nofi-2-comedor-90-set\/\",\"name\":\"\u25b7 NOFI 2.0 COMEDOR 90 SET | Compra tus muebles de aluminio\",\"isPartOf\":{\"@id\":\"https:\/\/mueblesjbrinas.com\/es\/#website\"},\"primaryImageOfPage\":{\"@id\":\"https:\/\/mueblesjbrinas.com\/es\/product\/nofi-2-comedor-90-set\/#primaryimage\"},\"image\":{\"@id\":\"https:\/\/mueblesjbrinas.com\/es\/product\/nofi-2-comedor-90-set\/#primaryimage\"},\"thumbnailUrl\":\"https:\/\/mueblesjbrinas.com\/wp-content\/uploads\/2021\/05\/Mesa-cuadrada-4-sillas-nofio-2.0-precio-890-E.jpeg\",\"datePublished\":\"2022-03-07T12:02:15+00:00\",\"dateModified\":\"2026-03-23T16:24:35+00:00\",\"description\":\"Set de jard\u00edn Nofi 2.0 es un completo pack de muebles de aluminio muy adecuado para recibir visitas en tu jard\u00edn o terraza.\",\"breadcrumb\":{\"@id\":\"https:\/\/mueblesjbrinas.com\/es\/product\/nofi-2-comedor-90-set\/#breadcrumb\"},\"inLanguage\":\"es\",\"potentialAction\":[{\"@type\":\"ReadAction\",\"target\":[\"https:\/\/mueblesjbrinas.com\/es\/product\/nofi-2-comedor-90-set\/\"]}]},{\"@type\":\"ImageObject\",\"inLanguage\":\"es\",\"@id\":\"https:\/\/mueblesjbrinas.com\/es\/product\/nofi-2-comedor-90-set\/#primaryimage\",\"url\":\"https:\/\/mueblesjbrinas.com\/wp-content\/uploads\/2021\/05\/Mesa-cuadrada-4-sillas-nofio-2.0-precio-890-E.jpeg\",\"contentUrl\":\"https:\/\/mueblesjbrinas.com\/wp-content\/uploads\/2021\/05\/Mesa-cuadrada-4-sillas-nofio-2.0-precio-890-E.jpeg\",\"width\":1200,\"height\":600},{\"@type\":\"BreadcrumbList\",\"@id\":\"https:\/\/mueblesjbrinas.com\/es\/product\/nofi-2-comedor-90-set\/#breadcrumb\",\"itemListElement\":[{\"@type\":\"ListItem\",\"position\":1,\"name\":\"Portada\",\"item\":\"https:\/\/mueblesjbrinas.com\/es\/\"},{\"@type\":\"ListItem\",\"position\":2,\"name\":\"Tienda\",\"item\":\"https:\/\/mueblesjbrinas.com\/es\/muebles-de-exterior\/\"},{\"@type\":\"ListItem\",\"position\":3,\"name\":\"NOFI 2.0 COMEDOR 90 SET\"}]},{\"@type\":\"WebSite\",\"@id\":\"https:\/\/mueblesjbrinas.com\/es\/#website\",\"url\":\"https:\/\/mueblesjbrinas.com\/es\/\",\"name\":\"Muebles Bri\u00f1as\",\"description\":\"Online Outdoor Furniture Shop in Costa Blanca. Torrevieja, Rojales, Guardamar, San Javier.\",\"publisher\":{\"@id\":\"https:\/\/mueblesjbrinas.com\/es\/#organization\"},\"potentialAction\":[{\"@type\":\"SearchAction\",\"target\":{\"@type\":\"EntryPoint\",\"urlTemplate\":\"https:\/\/mueblesjbrinas.com\/es\/?s={search_term_string}\"},\"query-input\":{\"@type\":\"PropertyValueSpecification\",\"valueRequired\":true,\"valueName\":\"search_term_string\"}}],\"inLanguage\":\"es\"},{\"@type\":\"Organization\",\"@id\":\"https:\/\/mueblesjbrinas.com\/es\/#organization\",\"name\":\"In&Out Furniture\",\"alternateName\":\"Muebles J. Bri\u00f1as\",\"url\":\"https:\/\/mueblesjbrinas.com\/es\/\",\"logo\":{\"@type\":\"ImageObject\",\"inLanguage\":\"es\",\"@id\":\"https:\/\/mueblesjbrinas.com\/es\/#\/schema\/logo\/image\/\",\"url\":\"https:\/\/mueblesjbrinas.com\/wp-content\/uploads\/2018\/03\/logo-web.png\",\"contentUrl\":\"https:\/\/mueblesjbrinas.com\/wp-content\/uploads\/2018\/03\/logo-web.png\",\"width\":300,\"height\":146,\"caption\":\"In&Out Furniture\"},\"image\":{\"@id\":\"https:\/\/mueblesjbrinas.com\/es\/#\/schema\/logo\/image\/\"},\"sameAs\":[\"https:\/\/www.facebook.com\/mueblesjbrinas\"]}]}<\/script>\n<!-- \/ Yoast SEO Premium plugin. -->","yoast_head_json":{"title":"\u25b7 NOFI 2.0 COMEDOR 90 SET | Compra tus muebles de aluminio","description":"Set de jard\u00edn Nofi 2.0 es un completo pack de muebles de aluminio muy adecuado para recibir visitas en tu jard\u00edn o terraza.","robots":{"index":"index","follow":"follow","max-snippet":"max-snippet:-1","max-image-preview":"max-image-preview:large","max-video-preview":"max-video-preview:-1"},"canonical":"https:\/\/mueblesjbrinas.com\/es\/product\/nofi-2-comedor-90-set\/","og_locale":"es_ES","og_type":"article","og_title":"NOFI 2.0 COMEDOR 90 SET","og_description":"Set de jard\u00edn Nofi 2.0 es un completo pack de muebles de aluminio muy adecuado para recibir visitas en tu jard\u00edn o terraza.","og_url":"https:\/\/mueblesjbrinas.com\/es\/product\/nofi-2-comedor-90-set\/","og_site_name":"In &amp; Out Furniture","article_publisher":"https:\/\/www.facebook.com\/mueblesjbrinas","article_modified_time":"2026-03-23T16:24:35+00:00","og_image":[{"width":1200,"height":600,"url":"https:\/\/mueblesjbrinas.com\/wp-content\/uploads\/2021\/05\/Mesa-cuadrada-4-sillas-nofio-2.0-precio-890-E.jpeg","type":"image\/jpeg"}],"twitter_card":"summary_large_image","twitter_misc":{"Tiempo de lectura":"1 minuto"},"schema":{"@context":"https:\/\/schema.org","@graph":[{"@type":"WebPage","@id":"https:\/\/mueblesjbrinas.com\/es\/product\/nofi-2-comedor-90-set\/","url":"https:\/\/mueblesjbrinas.com\/es\/product\/nofi-2-comedor-90-set\/","name":"\u25b7 NOFI 2.0 COMEDOR 90 SET | Compra tus muebles de aluminio","isPartOf":{"@id":"https:\/\/mueblesjbrinas.com\/es\/#website"},"primaryImageOfPage":{"@id":"https:\/\/mueblesjbrinas.com\/es\/product\/nofi-2-comedor-90-set\/#primaryimage"},"image":{"@id":"https:\/\/mueblesjbrinas.com\/es\/product\/nofi-2-comedor-90-set\/#primaryimage"},"thumbnailUrl":"https:\/\/mueblesjbrinas.com\/wp-content\/uploads\/2021\/05\/Mesa-cuadrada-4-sillas-nofio-2.0-precio-890-E.jpeg","datePublished":"2022-03-07T12:02:15+00:00","dateModified":"2026-03-23T16:24:35+00:00","description":"Set de jard\u00edn Nofi 2.0 es un completo pack de muebles de aluminio muy adecuado para recibir visitas en tu jard\u00edn o terraza.","breadcrumb":{"@id":"https:\/\/mueblesjbrinas.com\/es\/product\/nofi-2-comedor-90-set\/#breadcrumb"},"inLanguage":"es","potentialAction":[{"@type":"ReadAction","target":["https:\/\/mueblesjbrinas.com\/es\/product\/nofi-2-comedor-90-set\/"]}]},{"@type":"ImageObject","inLanguage":"es","@id":"https:\/\/mueblesjbrinas.com\/es\/product\/nofi-2-comedor-90-set\/#primaryimage","url":"https:\/\/mueblesjbrinas.com\/wp-content\/uploads\/2021\/05\/Mesa-cuadrada-4-sillas-nofio-2.0-precio-890-E.jpeg","contentUrl":"https:\/\/mueblesjbrinas.com\/wp-content\/uploads\/2021\/05\/Mesa-cuadrada-4-sillas-nofio-2.0-precio-890-E.jpeg","width":1200,"height":600},{"@type":"BreadcrumbList","@id":"https:\/\/mueblesjbrinas.com\/es\/product\/nofi-2-comedor-90-set\/#breadcrumb","itemListElement":[{"@type":"ListItem","position":1,"name":"Portada","item":"https:\/\/mueblesjbrinas.com\/es\/"},{"@type":"ListItem","position":2,"name":"Tienda","item":"https:\/\/mueblesjbrinas.com\/es\/muebles-de-exterior\/"},{"@type":"ListItem","position":3,"name":"NOFI 2.0 COMEDOR 90 SET"}]},{"@type":"WebSite","@id":"https:\/\/mueblesjbrinas.com\/es\/#website","url":"https:\/\/mueblesjbrinas.com\/es\/","name":"Muebles Bri\u00f1as","description":"Online Outdoor Furniture Shop in Costa Blanca. Torrevieja, Rojales, Guardamar, San Javier.","publisher":{"@id":"https:\/\/mueblesjbrinas.com\/es\/#organization"},"potentialAction":[{"@type":"SearchAction","target":{"@type":"EntryPoint","urlTemplate":"https:\/\/mueblesjbrinas.com\/es\/?s={search_term_string}"},"query-input":{"@type":"PropertyValueSpecification","valueRequired":true,"valueName":"search_term_string"}}],"inLanguage":"es"},{"@type":"Organization","@id":"https:\/\/mueblesjbrinas.com\/es\/#organization","name":"In&Out Furniture","alternateName":"Muebles J. Bri\u00f1as","url":"https:\/\/mueblesjbrinas.com\/es\/","logo":{"@type":"ImageObject","inLanguage":"es","@id":"https:\/\/mueblesjbrinas.com\/es\/#\/schema\/logo\/image\/","url":"https:\/\/mueblesjbrinas.com\/wp-content\/uploads\/2018\/03\/logo-web.png","contentUrl":"https:\/\/mueblesjbrinas.com\/wp-content\/uploads\/2018\/03\/logo-web.png","width":300,"height":146,"caption":"In&Out Furniture"},"image":{"@id":"https:\/\/mueblesjbrinas.com\/es\/#\/schema\/logo\/image\/"},"sameAs":["https:\/\/www.facebook.com\/mueblesjbrinas"]}]}},"_links":{"self":[{"href":"https:\/\/mueblesjbrinas.com\/es\/wp-json\/wp\/v2\/product\/11686","targetHints":{"allow":["GET"]}}],"collection":[{"href":"https:\/\/mueblesjbrinas.com\/es\/wp-json\/wp\/v2\/product"}],"about":[{"href":"https:\/\/mueblesjbrinas.com\/es\/wp-json\/wp\/v2\/types\/product"}],"replies":[{"embeddable":true,"href":"https:\/\/mueblesjbrinas.com\/es\/wp-json\/wp\/v2\/comments?post=11686"}],"version-history":[{"count":1,"href":"https:\/\/mueblesjbrinas.com\/es\/wp-json\/wp\/v2\/product\/11686\/revisions"}],"predecessor-version":[{"id":14492,"href":"https:\/\/mueblesjbrinas.com\/es\/wp-json\/wp\/v2\/product\/11686\/revisions\/14492"}],"wp:featuredmedia":[{"embeddable":true,"href":"https:\/\/mueblesjbrinas.com\/es\/wp-json\/wp\/v2\/media\/10957"}],"wp:attachment":[{"href":"https:\/\/mueblesjbrinas.com\/es\/wp-json\/wp\/v2\/media?parent=11686"}],"wp:term":[{"taxonomy":"product_brand","embeddable":true,"href":"https:\/\/mueblesjbrinas.com\/es\/wp-json\/wp\/v2\/product_brand?post=11686"},{"taxonomy":"product_cat","embeddable":true,"href":"https:\/\/mueblesjbrinas.com\/es\/wp-json\/wp\/v2\/product_cat?post=11686"},{"taxonomy":"product_tag","embeddable":true,"href":"https:\/\/mueblesjbrinas.com\/es\/wp-json\/wp\/v2\/product_tag?post=11686"}],"curies":[{"name":"wp","href":"https:\/\/api.w.org\/{rel}","templated":true}]}}