{"id":10176,"date":"2021-01-26T18:48:53","date_gmt":"2021-01-26T16:48:53","guid":{"rendered":"https:\/\/mueblesjbrinas.com\/?post_type=product&#038;p=10176"},"modified":"2026-04-10T13:57:09","modified_gmt":"2026-04-10T11:57:09","slug":"base-colchon-tapizada-y-reforzada","status":"publish","type":"product","link":"https:\/\/mueblesjbrinas.com\/es\/product\/base-colchon-tapizada-y-reforzada\/","title":{"rendered":"BASE COLCH\u00d3N TAPIZADA Y REFORZADA"},"content":{"rendered":"","protected":false},"excerpt":{"rendered":"<p>La base tapizada est\u00e1 formada por una estructura met\u00e1lica reforzada en tubo de acero con tablero de madera aglomerada de gran resistencia y estabilidad. Incorpora v\u00e1lvulas de transpiraci\u00f3n.<\/p>\n<p>Todo este conjunto est\u00e1 tapizado en malla transpirable \u00abAir Fresh 3D\u00bb color beige. Ofrece propiedades antideslizantes, para evitar desplazamientos del colch\u00f3n. Innovador tejido que est\u00e1 fabricado en tres dimensiones lo que favorece la ventilaci\u00f3n del colch\u00f3n y por tanto una evacuaci\u00f3n total de la humedad.<\/p>\n<p>Incluye juego de 4, 6 u 8 patas met\u00e1licas (dependiendo de las medidas), cil\u00edndricas de 5 cm de di\u00e1metro. Se unen a la base mediante rosca. Su colocaci\u00f3n es extremadamente sencilla, no siendo necesaria ninguna herramienta. Incluyen un tap\u00f3n de pl\u00e1stico que evita posibles da\u00f1os en el suelo.<\/p>\n<ul>\n<li><strong>Las patas tienen 14,5 cm.de altura.<\/strong><\/li>\n<li><strong>Base 95 &#8211; 105 cm. incluye 4 patas.<\/strong><\/li>\n<li><strong>Base 120 &#8211; 170 cm. incluye 6 patas.<\/strong><\/li>\n<li><strong>Base 185 &#8211; 210 cm. incluye 8 patas.<\/strong><\/li>\n<\/ul>\n<p>\u25ba Env\u00edo Gratis.<br \/>\n\u25ba Montaje incluido.<br \/>\n\u25ba Plazo de entrega: 4 semanas.<\/p>\n","protected":false},"featured_media":10128,"comment_status":"closed","ping_status":"closed","template":"","meta":{"_acf_changed":false,"_joinchat":[]},"product_brand":[],"product_cat":[405,354],"product_tag":[],"class_list":{"0":"post-10176","1":"product","2":"type-product","3":"status-publish","4":"has-post-thumbnail","6":"product_cat-bases-para-camas","7":"product_cat-muebles-de-interior","8":"product_shipping_class-entrega-en-30-dias","10":"first","11":"instock","12":"taxable","13":"shipping-taxable","14":"purchasable","15":"product-type-variable"},"acf":[],"yoast_head":"<!-- This site is optimized with the Yoast SEO Premium plugin v22.5 (Yoast SEO v24.8) - https:\/\/yoast.com\/wordpress\/plugins\/seo\/ -->\n<title>\u25b7 BASE COLCH\u00d3N TAPIZADA Y REFORZADA | In&amp;Out<\/title>\n<meta name=\"description\" content=\"La base colch\u00f3n tapizada y reforzada est\u00e1 disponible en 2 colores y en todas las medidas. Compra tus muebles online en In&amp;Out\" \/>\n<meta name=\"robots\" content=\"index, follow, max-snippet:-1, max-image-preview:large, max-video-preview:-1\" \/>\n<link rel=\"canonical\" href=\"https:\/\/mueblesjbrinas.com\/es\/product\/base-colchon-tapizada-y-reforzada\/\" \/>\n<meta property=\"og:locale\" content=\"es_ES\" \/>\n<meta property=\"og:type\" content=\"article\" \/>\n<meta property=\"og:title\" content=\"BASE COLCH\u00d3N TAPIZADA Y REFORZADA\" \/>\n<meta property=\"og:description\" content=\"La base colch\u00f3n tapizada y reforzada est\u00e1 disponible en 2 colores y en todas las medidas. Compra tus muebles online en In&amp;Out\" \/>\n<meta property=\"og:url\" content=\"https:\/\/mueblesjbrinas.com\/es\/product\/base-colchon-tapizada-y-reforzada\/\" \/>\n<meta property=\"og:site_name\" content=\"In &amp; Out Furniture\" \/>\n<meta property=\"article:publisher\" content=\"https:\/\/www.facebook.com\/mueblesjbrinas\" \/>\n<meta property=\"article:modified_time\" content=\"2026-04-10T11:57:09+00:00\" \/>\n<meta property=\"og:image\" content=\"https:\/\/mueblesjbrinas.com\/wp-content\/uploads\/2021\/01\/Captura-de-pantalla-2021-01-26-a-las-17.25.21.png\" \/>\n\t<meta property=\"og:image:width\" content=\"483\" \/>\n\t<meta property=\"og:image:height\" content=\"443\" \/>\n\t<meta property=\"og:image:type\" content=\"image\/png\" \/>\n<meta name=\"twitter:card\" content=\"summary_large_image\" \/>\n<meta name=\"twitter:label1\" content=\"Tiempo de lectura\" \/>\n\t<meta name=\"twitter:data1\" content=\"1 minuto\" \/>\n<script type=\"application\/ld+json\" class=\"yoast-schema-graph\">{\"@context\":\"https:\/\/schema.org\",\"@graph\":[{\"@type\":\"WebPage\",\"@id\":\"https:\/\/mueblesjbrinas.com\/es\/product\/base-colchon-tapizada-y-reforzada\/\",\"url\":\"https:\/\/mueblesjbrinas.com\/es\/product\/base-colchon-tapizada-y-reforzada\/\",\"name\":\"\u25b7 BASE COLCH\u00d3N TAPIZADA Y REFORZADA | In&Out\",\"isPartOf\":{\"@id\":\"https:\/\/mueblesjbrinas.com\/es\/#website\"},\"primaryImageOfPage\":{\"@id\":\"https:\/\/mueblesjbrinas.com\/es\/product\/base-colchon-tapizada-y-reforzada\/#primaryimage\"},\"image\":{\"@id\":\"https:\/\/mueblesjbrinas.com\/es\/product\/base-colchon-tapizada-y-reforzada\/#primaryimage\"},\"thumbnailUrl\":\"https:\/\/mueblesjbrinas.com\/wp-content\/uploads\/2021\/01\/Captura-de-pantalla-2021-01-26-a-las-17.25.21.png\",\"datePublished\":\"2021-01-26T16:48:53+00:00\",\"dateModified\":\"2026-04-10T11:57:09+00:00\",\"description\":\"La base colch\u00f3n tapizada y reforzada est\u00e1 disponible en 2 colores y en todas las medidas. Compra tus muebles online en In&Out\",\"breadcrumb\":{\"@id\":\"https:\/\/mueblesjbrinas.com\/es\/product\/base-colchon-tapizada-y-reforzada\/#breadcrumb\"},\"inLanguage\":\"es\",\"potentialAction\":[{\"@type\":\"ReadAction\",\"target\":[\"https:\/\/mueblesjbrinas.com\/es\/product\/base-colchon-tapizada-y-reforzada\/\"]}]},{\"@type\":\"ImageObject\",\"inLanguage\":\"es\",\"@id\":\"https:\/\/mueblesjbrinas.com\/es\/product\/base-colchon-tapizada-y-reforzada\/#primaryimage\",\"url\":\"https:\/\/mueblesjbrinas.com\/wp-content\/uploads\/2021\/01\/Captura-de-pantalla-2021-01-26-a-las-17.25.21.png\",\"contentUrl\":\"https:\/\/mueblesjbrinas.com\/wp-content\/uploads\/2021\/01\/Captura-de-pantalla-2021-01-26-a-las-17.25.21.png\",\"width\":483,\"height\":443},{\"@type\":\"BreadcrumbList\",\"@id\":\"https:\/\/mueblesjbrinas.com\/es\/product\/base-colchon-tapizada-y-reforzada\/#breadcrumb\",\"itemListElement\":[{\"@type\":\"ListItem\",\"position\":1,\"name\":\"Portada\",\"item\":\"https:\/\/mueblesjbrinas.com\/es\/\"},{\"@type\":\"ListItem\",\"position\":2,\"name\":\"Tienda\",\"item\":\"https:\/\/mueblesjbrinas.com\/es\/muebles-de-exterior\/\"},{\"@type\":\"ListItem\",\"position\":3,\"name\":\"BASE COLCH\u00d3N TAPIZADA Y REFORZADA\"}]},{\"@type\":\"WebSite\",\"@id\":\"https:\/\/mueblesjbrinas.com\/es\/#website\",\"url\":\"https:\/\/mueblesjbrinas.com\/es\/\",\"name\":\"Muebles Bri\u00f1as\",\"description\":\"Online Outdoor Furniture Shop in Costa Blanca. Torrevieja, Rojales, Guardamar, San Javier.\",\"publisher\":{\"@id\":\"https:\/\/mueblesjbrinas.com\/es\/#organization\"},\"potentialAction\":[{\"@type\":\"SearchAction\",\"target\":{\"@type\":\"EntryPoint\",\"urlTemplate\":\"https:\/\/mueblesjbrinas.com\/es\/?s={search_term_string}\"},\"query-input\":{\"@type\":\"PropertyValueSpecification\",\"valueRequired\":true,\"valueName\":\"search_term_string\"}}],\"inLanguage\":\"es\"},{\"@type\":\"Organization\",\"@id\":\"https:\/\/mueblesjbrinas.com\/es\/#organization\",\"name\":\"In&Out Furniture\",\"alternateName\":\"Muebles J. Bri\u00f1as\",\"url\":\"https:\/\/mueblesjbrinas.com\/es\/\",\"logo\":{\"@type\":\"ImageObject\",\"inLanguage\":\"es\",\"@id\":\"https:\/\/mueblesjbrinas.com\/es\/#\/schema\/logo\/image\/\",\"url\":\"https:\/\/mueblesjbrinas.com\/wp-content\/uploads\/2018\/03\/logo-web.png\",\"contentUrl\":\"https:\/\/mueblesjbrinas.com\/wp-content\/uploads\/2018\/03\/logo-web.png\",\"width\":300,\"height\":146,\"caption\":\"In&Out Furniture\"},\"image\":{\"@id\":\"https:\/\/mueblesjbrinas.com\/es\/#\/schema\/logo\/image\/\"},\"sameAs\":[\"https:\/\/www.facebook.com\/mueblesjbrinas\"]}]}<\/script>\n<!-- \/ Yoast SEO Premium plugin. -->","yoast_head_json":{"title":"\u25b7 BASE COLCH\u00d3N TAPIZADA Y REFORZADA | In&Out","description":"La base colch\u00f3n tapizada y reforzada est\u00e1 disponible en 2 colores y en todas las medidas. Compra tus muebles online en In&Out","robots":{"index":"index","follow":"follow","max-snippet":"max-snippet:-1","max-image-preview":"max-image-preview:large","max-video-preview":"max-video-preview:-1"},"canonical":"https:\/\/mueblesjbrinas.com\/es\/product\/base-colchon-tapizada-y-reforzada\/","og_locale":"es_ES","og_type":"article","og_title":"BASE COLCH\u00d3N TAPIZADA Y REFORZADA","og_description":"La base colch\u00f3n tapizada y reforzada est\u00e1 disponible en 2 colores y en todas las medidas. Compra tus muebles online en In&Out","og_url":"https:\/\/mueblesjbrinas.com\/es\/product\/base-colchon-tapizada-y-reforzada\/","og_site_name":"In &amp; Out Furniture","article_publisher":"https:\/\/www.facebook.com\/mueblesjbrinas","article_modified_time":"2026-04-10T11:57:09+00:00","og_image":[{"width":483,"height":443,"url":"https:\/\/mueblesjbrinas.com\/wp-content\/uploads\/2021\/01\/Captura-de-pantalla-2021-01-26-a-las-17.25.21.png","type":"image\/png"}],"twitter_card":"summary_large_image","twitter_misc":{"Tiempo de lectura":"1 minuto"},"schema":{"@context":"https:\/\/schema.org","@graph":[{"@type":"WebPage","@id":"https:\/\/mueblesjbrinas.com\/es\/product\/base-colchon-tapizada-y-reforzada\/","url":"https:\/\/mueblesjbrinas.com\/es\/product\/base-colchon-tapizada-y-reforzada\/","name":"\u25b7 BASE COLCH\u00d3N TAPIZADA Y REFORZADA | In&Out","isPartOf":{"@id":"https:\/\/mueblesjbrinas.com\/es\/#website"},"primaryImageOfPage":{"@id":"https:\/\/mueblesjbrinas.com\/es\/product\/base-colchon-tapizada-y-reforzada\/#primaryimage"},"image":{"@id":"https:\/\/mueblesjbrinas.com\/es\/product\/base-colchon-tapizada-y-reforzada\/#primaryimage"},"thumbnailUrl":"https:\/\/mueblesjbrinas.com\/wp-content\/uploads\/2021\/01\/Captura-de-pantalla-2021-01-26-a-las-17.25.21.png","datePublished":"2021-01-26T16:48:53+00:00","dateModified":"2026-04-10T11:57:09+00:00","description":"La base colch\u00f3n tapizada y reforzada est\u00e1 disponible en 2 colores y en todas las medidas. Compra tus muebles online en In&Out","breadcrumb":{"@id":"https:\/\/mueblesjbrinas.com\/es\/product\/base-colchon-tapizada-y-reforzada\/#breadcrumb"},"inLanguage":"es","potentialAction":[{"@type":"ReadAction","target":["https:\/\/mueblesjbrinas.com\/es\/product\/base-colchon-tapizada-y-reforzada\/"]}]},{"@type":"ImageObject","inLanguage":"es","@id":"https:\/\/mueblesjbrinas.com\/es\/product\/base-colchon-tapizada-y-reforzada\/#primaryimage","url":"https:\/\/mueblesjbrinas.com\/wp-content\/uploads\/2021\/01\/Captura-de-pantalla-2021-01-26-a-las-17.25.21.png","contentUrl":"https:\/\/mueblesjbrinas.com\/wp-content\/uploads\/2021\/01\/Captura-de-pantalla-2021-01-26-a-las-17.25.21.png","width":483,"height":443},{"@type":"BreadcrumbList","@id":"https:\/\/mueblesjbrinas.com\/es\/product\/base-colchon-tapizada-y-reforzada\/#breadcrumb","itemListElement":[{"@type":"ListItem","position":1,"name":"Portada","item":"https:\/\/mueblesjbrinas.com\/es\/"},{"@type":"ListItem","position":2,"name":"Tienda","item":"https:\/\/mueblesjbrinas.com\/es\/muebles-de-exterior\/"},{"@type":"ListItem","position":3,"name":"BASE COLCH\u00d3N TAPIZADA Y REFORZADA"}]},{"@type":"WebSite","@id":"https:\/\/mueblesjbrinas.com\/es\/#website","url":"https:\/\/mueblesjbrinas.com\/es\/","name":"Muebles Bri\u00f1as","description":"Online Outdoor Furniture Shop in Costa Blanca. Torrevieja, Rojales, Guardamar, San Javier.","publisher":{"@id":"https:\/\/mueblesjbrinas.com\/es\/#organization"},"potentialAction":[{"@type":"SearchAction","target":{"@type":"EntryPoint","urlTemplate":"https:\/\/mueblesjbrinas.com\/es\/?s={search_term_string}"},"query-input":{"@type":"PropertyValueSpecification","valueRequired":true,"valueName":"search_term_string"}}],"inLanguage":"es"},{"@type":"Organization","@id":"https:\/\/mueblesjbrinas.com\/es\/#organization","name":"In&Out Furniture","alternateName":"Muebles J. Bri\u00f1as","url":"https:\/\/mueblesjbrinas.com\/es\/","logo":{"@type":"ImageObject","inLanguage":"es","@id":"https:\/\/mueblesjbrinas.com\/es\/#\/schema\/logo\/image\/","url":"https:\/\/mueblesjbrinas.com\/wp-content\/uploads\/2018\/03\/logo-web.png","contentUrl":"https:\/\/mueblesjbrinas.com\/wp-content\/uploads\/2018\/03\/logo-web.png","width":300,"height":146,"caption":"In&Out Furniture"},"image":{"@id":"https:\/\/mueblesjbrinas.com\/es\/#\/schema\/logo\/image\/"},"sameAs":["https:\/\/www.facebook.com\/mueblesjbrinas"]}]}},"_links":{"self":[{"href":"https:\/\/mueblesjbrinas.com\/es\/wp-json\/wp\/v2\/product\/10176","targetHints":{"allow":["GET"]}}],"collection":[{"href":"https:\/\/mueblesjbrinas.com\/es\/wp-json\/wp\/v2\/product"}],"about":[{"href":"https:\/\/mueblesjbrinas.com\/es\/wp-json\/wp\/v2\/types\/product"}],"replies":[{"embeddable":true,"href":"https:\/\/mueblesjbrinas.com\/es\/wp-json\/wp\/v2\/comments?post=10176"}],"version-history":[{"count":4,"href":"https:\/\/mueblesjbrinas.com\/es\/wp-json\/wp\/v2\/product\/10176\/revisions"}],"predecessor-version":[{"id":14512,"href":"https:\/\/mueblesjbrinas.com\/es\/wp-json\/wp\/v2\/product\/10176\/revisions\/14512"}],"wp:featuredmedia":[{"embeddable":true,"href":"https:\/\/mueblesjbrinas.com\/es\/wp-json\/wp\/v2\/media\/10128"}],"wp:attachment":[{"href":"https:\/\/mueblesjbrinas.com\/es\/wp-json\/wp\/v2\/media?parent=10176"}],"wp:term":[{"taxonomy":"product_brand","embeddable":true,"href":"https:\/\/mueblesjbrinas.com\/es\/wp-json\/wp\/v2\/product_brand?post=10176"},{"taxonomy":"product_cat","embeddable":true,"href":"https:\/\/mueblesjbrinas.com\/es\/wp-json\/wp\/v2\/product_cat?post=10176"},{"taxonomy":"product_tag","embeddable":true,"href":"https:\/\/mueblesjbrinas.com\/es\/wp-json\/wp\/v2\/product_tag?post=10176"}],"curies":[{"name":"wp","href":"https:\/\/api.w.org\/{rel}","templated":true}]}}