{"id":10152,"date":"2021-01-26T18:40:24","date_gmt":"2021-01-26T16:40:24","guid":{"rendered":"https:\/\/mueblesjbrinas.com\/?post_type=product&#038;p=10152"},"modified":"2026-04-10T12:38:28","modified_gmt":"2026-04-10T10:38:28","slug":"colchon-viscoelastico-orion","status":"publish","type":"product","link":"https:\/\/mueblesjbrinas.com\/es\/product\/colchon-viscoelastico-orion\/","title":{"rendered":"COLCH\u00d3N VISCOEL\u00c1STICO ORION"},"content":{"rendered":"","protected":false},"excerpt":{"rendered":"<ul>\n<li><strong>N\u00facleo de HR ultrasuave de 28 kg\/m3 de densidad.<\/strong><\/li>\n<li><strong>4 cms. de viscoel\u00e1stica de alta densidad.<\/strong><\/li>\n<li><strong>Anti\u00e1caros y transpirable.<\/strong><\/li>\n<li><strong>Distintas capas de amortiguaci\u00f3n que suavizan y distribuyen el peso homog\u00e9neamente.<\/strong><\/li>\n<li><strong>Tejido strech de alta calidad con tratamientos sanitized.<\/strong><\/li>\n<li><strong>Platabanda chenilla.<\/strong><\/li>\n<li><strong>Acolchado tapa a tapa dise\u00f1o exclusivo.<\/strong><\/li>\n<li><strong>Altura 27 cms.<\/strong><\/li>\n<li><strong>Parte inferior en tejido 3D acolchado con Supersoft.<\/strong><\/li>\n<li><strong>Garant\u00eda 2 a\u00f1os.<\/strong><\/li>\n<\/ul>\n<p>\u25ba Env\u00edo Gratis.<br \/>\n\u25ba Montaje incluido.<br \/>\n\u25ba Plazo de entrega: 4 semanas.<\/p>\n","protected":false},"featured_media":10174,"comment_status":"closed","ping_status":"closed","template":"","meta":{"_acf_changed":false,"_joinchat":[]},"product_brand":[],"product_cat":[404,354],"product_tag":[409],"class_list":{"0":"post-10152","1":"product","2":"type-product","3":"status-publish","4":"has-post-thumbnail","6":"product_cat-colchones","7":"product_cat-muebles-de-interior","8":"product_tag-canapes","9":"product_shipping_class-entrega-en-30-dias","11":"first","12":"instock","13":"taxable","14":"shipping-taxable","15":"purchasable","16":"product-type-variable","17":"has-default-attributes"},"acf":[],"yoast_head":"<!-- This site is optimized with the Yoast SEO Premium plugin v22.5 (Yoast SEO v24.8) - https:\/\/yoast.com\/wordpress\/plugins\/seo\/ -->\n<title>\u25b7 COLCH\u00d3N VISCOEL\u00c1STICO ORION | Muebles de dormitorio<\/title>\n<meta name=\"description\" content=\"Colch\u00f3n Viscoel\u00e1stico Orion. Colch\u00f3n viscol\u00e1stico extremadamente c\u00f3moda que te ayudar\u00e1 a descansar como te merereces. Muebles online.\" \/>\n<meta name=\"robots\" content=\"index, follow, max-snippet:-1, max-image-preview:large, max-video-preview:-1\" \/>\n<link rel=\"canonical\" href=\"https:\/\/mueblesjbrinas.com\/es\/product\/colchon-viscoelastico-orion\/\" \/>\n<meta property=\"og:locale\" content=\"es_ES\" \/>\n<meta property=\"og:type\" content=\"article\" \/>\n<meta property=\"og:title\" content=\"COLCH\u00d3N VISCOEL\u00c1STICO ORION\" \/>\n<meta property=\"og:description\" content=\"Colch\u00f3n Viscoel\u00e1stico Orion. Colch\u00f3n viscol\u00e1stico extremadamente c\u00f3moda que te ayudar\u00e1 a descansar como te merereces. Muebles online.\" \/>\n<meta property=\"og:url\" content=\"https:\/\/mueblesjbrinas.com\/es\/product\/colchon-viscoelastico-orion\/\" \/>\n<meta property=\"og:site_name\" content=\"In &amp; Out Furniture\" \/>\n<meta property=\"article:publisher\" content=\"https:\/\/www.facebook.com\/mueblesjbrinas\" \/>\n<meta property=\"article:modified_time\" content=\"2026-04-10T10:38:28+00:00\" \/>\n<meta property=\"og:image\" content=\"https:\/\/mueblesjbrinas.com\/wp-content\/uploads\/2021\/01\/orion.jpg\" \/>\n\t<meta property=\"og:image:width\" content=\"1024\" \/>\n\t<meta property=\"og:image:height\" content=\"875\" \/>\n\t<meta property=\"og:image:type\" content=\"image\/jpeg\" \/>\n<meta name=\"twitter:card\" content=\"summary_large_image\" \/>\n<meta name=\"twitter:label1\" content=\"Tiempo de lectura\" \/>\n\t<meta name=\"twitter:data1\" content=\"1 minuto\" \/>\n<script type=\"application\/ld+json\" class=\"yoast-schema-graph\">{\"@context\":\"https:\/\/schema.org\",\"@graph\":[{\"@type\":\"WebPage\",\"@id\":\"https:\/\/mueblesjbrinas.com\/es\/product\/colchon-viscoelastico-orion\/\",\"url\":\"https:\/\/mueblesjbrinas.com\/es\/product\/colchon-viscoelastico-orion\/\",\"name\":\"\u25b7 COLCH\u00d3N VISCOEL\u00c1STICO ORION | Muebles de dormitorio\",\"isPartOf\":{\"@id\":\"https:\/\/mueblesjbrinas.com\/es\/#website\"},\"primaryImageOfPage\":{\"@id\":\"https:\/\/mueblesjbrinas.com\/es\/product\/colchon-viscoelastico-orion\/#primaryimage\"},\"image\":{\"@id\":\"https:\/\/mueblesjbrinas.com\/es\/product\/colchon-viscoelastico-orion\/#primaryimage\"},\"thumbnailUrl\":\"https:\/\/mueblesjbrinas.com\/wp-content\/uploads\/2021\/01\/orion.jpg\",\"datePublished\":\"2021-01-26T16:40:24+00:00\",\"dateModified\":\"2026-04-10T10:38:28+00:00\",\"description\":\"Colch\u00f3n Viscoel\u00e1stico Orion. Colch\u00f3n viscol\u00e1stico extremadamente c\u00f3moda que te ayudar\u00e1 a descansar como te merereces. Muebles online.\",\"breadcrumb\":{\"@id\":\"https:\/\/mueblesjbrinas.com\/es\/product\/colchon-viscoelastico-orion\/#breadcrumb\"},\"inLanguage\":\"es\",\"potentialAction\":[{\"@type\":\"ReadAction\",\"target\":[\"https:\/\/mueblesjbrinas.com\/es\/product\/colchon-viscoelastico-orion\/\"]}]},{\"@type\":\"ImageObject\",\"inLanguage\":\"es\",\"@id\":\"https:\/\/mueblesjbrinas.com\/es\/product\/colchon-viscoelastico-orion\/#primaryimage\",\"url\":\"https:\/\/mueblesjbrinas.com\/wp-content\/uploads\/2021\/01\/orion.jpg\",\"contentUrl\":\"https:\/\/mueblesjbrinas.com\/wp-content\/uploads\/2021\/01\/orion.jpg\",\"width\":1024,\"height\":875},{\"@type\":\"BreadcrumbList\",\"@id\":\"https:\/\/mueblesjbrinas.com\/es\/product\/colchon-viscoelastico-orion\/#breadcrumb\",\"itemListElement\":[{\"@type\":\"ListItem\",\"position\":1,\"name\":\"Portada\",\"item\":\"https:\/\/mueblesjbrinas.com\/es\/\"},{\"@type\":\"ListItem\",\"position\":2,\"name\":\"Tienda\",\"item\":\"https:\/\/mueblesjbrinas.com\/es\/muebles-de-exterior\/\"},{\"@type\":\"ListItem\",\"position\":3,\"name\":\"COLCH\u00d3N VISCOEL\u00c1STICO ORION\"}]},{\"@type\":\"WebSite\",\"@id\":\"https:\/\/mueblesjbrinas.com\/es\/#website\",\"url\":\"https:\/\/mueblesjbrinas.com\/es\/\",\"name\":\"Muebles Bri\u00f1as\",\"description\":\"Online Outdoor Furniture Shop in Costa Blanca. Torrevieja, Rojales, Guardamar, San Javier.\",\"publisher\":{\"@id\":\"https:\/\/mueblesjbrinas.com\/es\/#organization\"},\"potentialAction\":[{\"@type\":\"SearchAction\",\"target\":{\"@type\":\"EntryPoint\",\"urlTemplate\":\"https:\/\/mueblesjbrinas.com\/es\/?s={search_term_string}\"},\"query-input\":{\"@type\":\"PropertyValueSpecification\",\"valueRequired\":true,\"valueName\":\"search_term_string\"}}],\"inLanguage\":\"es\"},{\"@type\":\"Organization\",\"@id\":\"https:\/\/mueblesjbrinas.com\/es\/#organization\",\"name\":\"In&Out Furniture\",\"alternateName\":\"Muebles J. Bri\u00f1as\",\"url\":\"https:\/\/mueblesjbrinas.com\/es\/\",\"logo\":{\"@type\":\"ImageObject\",\"inLanguage\":\"es\",\"@id\":\"https:\/\/mueblesjbrinas.com\/es\/#\/schema\/logo\/image\/\",\"url\":\"https:\/\/mueblesjbrinas.com\/wp-content\/uploads\/2018\/03\/logo-web.png\",\"contentUrl\":\"https:\/\/mueblesjbrinas.com\/wp-content\/uploads\/2018\/03\/logo-web.png\",\"width\":300,\"height\":146,\"caption\":\"In&Out Furniture\"},\"image\":{\"@id\":\"https:\/\/mueblesjbrinas.com\/es\/#\/schema\/logo\/image\/\"},\"sameAs\":[\"https:\/\/www.facebook.com\/mueblesjbrinas\"]}]}<\/script>\n<!-- \/ Yoast SEO Premium plugin. -->","yoast_head_json":{"title":"\u25b7 COLCH\u00d3N VISCOEL\u00c1STICO ORION | Muebles de dormitorio","description":"Colch\u00f3n Viscoel\u00e1stico Orion. Colch\u00f3n viscol\u00e1stico extremadamente c\u00f3moda que te ayudar\u00e1 a descansar como te merereces. Muebles online.","robots":{"index":"index","follow":"follow","max-snippet":"max-snippet:-1","max-image-preview":"max-image-preview:large","max-video-preview":"max-video-preview:-1"},"canonical":"https:\/\/mueblesjbrinas.com\/es\/product\/colchon-viscoelastico-orion\/","og_locale":"es_ES","og_type":"article","og_title":"COLCH\u00d3N VISCOEL\u00c1STICO ORION","og_description":"Colch\u00f3n Viscoel\u00e1stico Orion. Colch\u00f3n viscol\u00e1stico extremadamente c\u00f3moda que te ayudar\u00e1 a descansar como te merereces. Muebles online.","og_url":"https:\/\/mueblesjbrinas.com\/es\/product\/colchon-viscoelastico-orion\/","og_site_name":"In &amp; Out Furniture","article_publisher":"https:\/\/www.facebook.com\/mueblesjbrinas","article_modified_time":"2026-04-10T10:38:28+00:00","og_image":[{"width":1024,"height":875,"url":"https:\/\/mueblesjbrinas.com\/wp-content\/uploads\/2021\/01\/orion.jpg","type":"image\/jpeg"}],"twitter_card":"summary_large_image","twitter_misc":{"Tiempo de lectura":"1 minuto"},"schema":{"@context":"https:\/\/schema.org","@graph":[{"@type":"WebPage","@id":"https:\/\/mueblesjbrinas.com\/es\/product\/colchon-viscoelastico-orion\/","url":"https:\/\/mueblesjbrinas.com\/es\/product\/colchon-viscoelastico-orion\/","name":"\u25b7 COLCH\u00d3N VISCOEL\u00c1STICO ORION | Muebles de dormitorio","isPartOf":{"@id":"https:\/\/mueblesjbrinas.com\/es\/#website"},"primaryImageOfPage":{"@id":"https:\/\/mueblesjbrinas.com\/es\/product\/colchon-viscoelastico-orion\/#primaryimage"},"image":{"@id":"https:\/\/mueblesjbrinas.com\/es\/product\/colchon-viscoelastico-orion\/#primaryimage"},"thumbnailUrl":"https:\/\/mueblesjbrinas.com\/wp-content\/uploads\/2021\/01\/orion.jpg","datePublished":"2021-01-26T16:40:24+00:00","dateModified":"2026-04-10T10:38:28+00:00","description":"Colch\u00f3n Viscoel\u00e1stico Orion. Colch\u00f3n viscol\u00e1stico extremadamente c\u00f3moda que te ayudar\u00e1 a descansar como te merereces. Muebles online.","breadcrumb":{"@id":"https:\/\/mueblesjbrinas.com\/es\/product\/colchon-viscoelastico-orion\/#breadcrumb"},"inLanguage":"es","potentialAction":[{"@type":"ReadAction","target":["https:\/\/mueblesjbrinas.com\/es\/product\/colchon-viscoelastico-orion\/"]}]},{"@type":"ImageObject","inLanguage":"es","@id":"https:\/\/mueblesjbrinas.com\/es\/product\/colchon-viscoelastico-orion\/#primaryimage","url":"https:\/\/mueblesjbrinas.com\/wp-content\/uploads\/2021\/01\/orion.jpg","contentUrl":"https:\/\/mueblesjbrinas.com\/wp-content\/uploads\/2021\/01\/orion.jpg","width":1024,"height":875},{"@type":"BreadcrumbList","@id":"https:\/\/mueblesjbrinas.com\/es\/product\/colchon-viscoelastico-orion\/#breadcrumb","itemListElement":[{"@type":"ListItem","position":1,"name":"Portada","item":"https:\/\/mueblesjbrinas.com\/es\/"},{"@type":"ListItem","position":2,"name":"Tienda","item":"https:\/\/mueblesjbrinas.com\/es\/muebles-de-exterior\/"},{"@type":"ListItem","position":3,"name":"COLCH\u00d3N VISCOEL\u00c1STICO ORION"}]},{"@type":"WebSite","@id":"https:\/\/mueblesjbrinas.com\/es\/#website","url":"https:\/\/mueblesjbrinas.com\/es\/","name":"Muebles Bri\u00f1as","description":"Online Outdoor Furniture Shop in Costa Blanca. Torrevieja, Rojales, Guardamar, San Javier.","publisher":{"@id":"https:\/\/mueblesjbrinas.com\/es\/#organization"},"potentialAction":[{"@type":"SearchAction","target":{"@type":"EntryPoint","urlTemplate":"https:\/\/mueblesjbrinas.com\/es\/?s={search_term_string}"},"query-input":{"@type":"PropertyValueSpecification","valueRequired":true,"valueName":"search_term_string"}}],"inLanguage":"es"},{"@type":"Organization","@id":"https:\/\/mueblesjbrinas.com\/es\/#organization","name":"In&Out Furniture","alternateName":"Muebles J. Bri\u00f1as","url":"https:\/\/mueblesjbrinas.com\/es\/","logo":{"@type":"ImageObject","inLanguage":"es","@id":"https:\/\/mueblesjbrinas.com\/es\/#\/schema\/logo\/image\/","url":"https:\/\/mueblesjbrinas.com\/wp-content\/uploads\/2018\/03\/logo-web.png","contentUrl":"https:\/\/mueblesjbrinas.com\/wp-content\/uploads\/2018\/03\/logo-web.png","width":300,"height":146,"caption":"In&Out Furniture"},"image":{"@id":"https:\/\/mueblesjbrinas.com\/es\/#\/schema\/logo\/image\/"},"sameAs":["https:\/\/www.facebook.com\/mueblesjbrinas"]}]}},"_links":{"self":[{"href":"https:\/\/mueblesjbrinas.com\/es\/wp-json\/wp\/v2\/product\/10152","targetHints":{"allow":["GET"]}}],"collection":[{"href":"https:\/\/mueblesjbrinas.com\/es\/wp-json\/wp\/v2\/product"}],"about":[{"href":"https:\/\/mueblesjbrinas.com\/es\/wp-json\/wp\/v2\/types\/product"}],"replies":[{"embeddable":true,"href":"https:\/\/mueblesjbrinas.com\/es\/wp-json\/wp\/v2\/comments?post=10152"}],"version-history":[{"count":3,"href":"https:\/\/mueblesjbrinas.com\/es\/wp-json\/wp\/v2\/product\/10152\/revisions"}],"predecessor-version":[{"id":14513,"href":"https:\/\/mueblesjbrinas.com\/es\/wp-json\/wp\/v2\/product\/10152\/revisions\/14513"}],"wp:featuredmedia":[{"embeddable":true,"href":"https:\/\/mueblesjbrinas.com\/es\/wp-json\/wp\/v2\/media\/10174"}],"wp:attachment":[{"href":"https:\/\/mueblesjbrinas.com\/es\/wp-json\/wp\/v2\/media?parent=10152"}],"wp:term":[{"taxonomy":"product_brand","embeddable":true,"href":"https:\/\/mueblesjbrinas.com\/es\/wp-json\/wp\/v2\/product_brand?post=10152"},{"taxonomy":"product_cat","embeddable":true,"href":"https:\/\/mueblesjbrinas.com\/es\/wp-json\/wp\/v2\/product_cat?post=10152"},{"taxonomy":"product_tag","embeddable":true,"href":"https:\/\/mueblesjbrinas.com\/es\/wp-json\/wp\/v2\/product_tag?post=10152"}],"curies":[{"name":"wp","href":"https:\/\/api.w.org\/{rel}","templated":true}]}}