{"id":8515,"date":"2020-02-07T18:01:31","date_gmt":"2020-02-07T16:01:31","guid":{"rendered":"https:\/\/mueblesjbrinas.com\/rojales\/"},"modified":"2024-03-20T17:33:39","modified_gmt":"2024-03-20T15:33:39","slug":"tienda-de-muebles-rojales","status":"publish","type":"page","link":"https:\/\/mueblesjbrinas.com\/es\/tienda-de-muebles-rojales\/","title":{"rendered":"Rojales"},"content":{"rendered":"<p>[et_pb_section fb_built=\u00bb1&#8243; fullwidth=\u00bbon\u00bb _builder_version=\u00bb4.16&#8243; global_colors_info=\u00bb{}\u00bb][et_pb_fullwidth_slider _builder_version=\u00bb4.16&#8243; header_level=\u00bbh1&#8243; header_font=\u00bb|600||on|||||\u00bb header_font_size=\u00bb50&#8243; body_font=\u00bb|600|||||||\u00bb text_orientation=\u00bbright\u00bb box_shadow_style=\u00bbpreset6&#8243; box_shadow_blur=\u00bb10px\u00bb box_shadow_color=\u00bbrgba(0,0,0,0.1)\u00bb global_colors_info=\u00bb{}\u00bb button_text_size__hover_enabled=\u00bboff\u00bb button_one_text_size__hover_enabled=\u00bboff\u00bb button_two_text_size__hover_enabled=\u00bboff\u00bb button_text_color__hover_enabled=\u00bboff\u00bb button_one_text_color__hover_enabled=\u00bboff\u00bb button_two_text_color__hover_enabled=\u00bboff\u00bb button_border_width__hover_enabled=\u00bboff\u00bb button_one_border_width__hover_enabled=\u00bboff\u00bb button_two_border_width__hover_enabled=\u00bboff\u00bb button_border_color__hover_enabled=\u00bboff\u00bb button_one_border_color__hover_enabled=\u00bboff\u00bb button_two_border_color__hover_enabled=\u00bboff\u00bb button_border_radius__hover_enabled=\u00bboff\u00bb button_one_border_radius__hover_enabled=\u00bboff\u00bb button_two_border_radius__hover_enabled=\u00bboff\u00bb button_letter_spacing__hover_enabled=\u00bboff\u00bb button_one_letter_spacing__hover_enabled=\u00bboff\u00bb button_two_letter_spacing__hover_enabled=\u00bboff\u00bb button_bg_color__hover_enabled=\u00bboff\u00bb button_one_bg_color__hover_enabled=\u00bboff\u00bb button_two_bg_color__hover_enabled=\u00bboff\u00bb][et_pb_slide heading=\u00bbROJALES\u00bb use_bg_overlay=\u00bbon\u00bb use_text_overlay=\u00bboff\u00bb _builder_version=\u00bb4.16&#8243; background_color=\u00bb#ffffff\u00bb background_image=\u00bbhttps:\/\/mueblesjbrinas.com\/wp-content\/uploads\/2019\/05\/4komod-5-sofa-nardi-.jpg\u00bb background_enable_image=\u00bbon\u00bb global_colors_info=\u00bb{}\u00bb button_text_size__hover_enabled=\u00bboff\u00bb button_one_text_size__hover_enabled=\u00bboff\u00bb button_two_text_size__hover_enabled=\u00bboff\u00bb button_text_color__hover_enabled=\u00bboff\u00bb button_one_text_color__hover_enabled=\u00bboff\u00bb button_two_text_color__hover_enabled=\u00bboff\u00bb button_border_width__hover_enabled=\u00bboff\u00bb button_one_border_width__hover_enabled=\u00bboff\u00bb button_two_border_width__hover_enabled=\u00bboff\u00bb button_border_color__hover_enabled=\u00bboff\u00bb button_one_border_color__hover_enabled=\u00bboff\u00bb button_two_border_color__hover_enabled=\u00bboff\u00bb button_border_radius__hover_enabled=\u00bboff\u00bb button_one_border_radius__hover_enabled=\u00bboff\u00bb button_two_border_radius__hover_enabled=\u00bboff\u00bb button_letter_spacing__hover_enabled=\u00bboff\u00bb button_one_letter_spacing__hover_enabled=\u00bboff\u00bb button_two_letter_spacing__hover_enabled=\u00bboff\u00bb button_bg_color__hover_enabled=\u00bboff\u00bb button_one_bg_color__hover_enabled=\u00bboff\u00bb button_two_bg_color__hover_enabled=\u00bboff\u00bb sticky_transition=\u00bbon\u00bb]Descubre nuestra nueva tienda especializada en muebles de jard\u00edn, ubicada en Rojales (Orihuela Costa)[\/et_pb_slide][\/et_pb_fullwidth_slider][\/et_pb_section][et_pb_section fb_built=\u00bb1&#8243; _builder_version=\u00bb4.16&#8243; global_colors_info=\u00bb{}\u00bb][et_pb_row column_structure=\u00bb1_2,1_2&#8243; _builder_version=\u00bb4.16&#8243; background_size=\u00bbinitial\u00bb background_position=\u00bbtop_left\u00bb background_repeat=\u00bbrepeat\u00bb global_colors_info=\u00bb{}\u00bb][et_pb_column type=\u00bb1_2&#8243; _builder_version=\u00bb4.16&#8243; custom_padding=\u00bb|||\u00bb global_colors_info=\u00bb{}\u00bb custom_padding__hover=\u00bb|||\u00bb][et_pb_text _builder_version=\u00bb4.16&#8243; custom_padding=\u00bb30px|20px|40px|20px\u00bb custom_padding_tablet=\u00bb\u00bb custom_padding_phone=\u00bb\u00bb custom_padding_last_edited=\u00bbon|phone\u00bb box_shadow_style=\u00bbpreset3&#8243; global_colors_info=\u00bb{}\u00bb]<\/p>\n<h2>Tienda de Muebles de Jard\u00edn en Rojales<\/h2>\n<p class=\"p1\"><strong><span class=\"s1\">Muebles Bri\u00f1as, Rojales<\/span><\/strong><\/p>\n<p class=\"p1\"><span class=\"s1\">A complete\u00a0<strong>outdoor and interior furniture exhibition. <\/strong>Home, garden furniture and a broad range of sofas in Rojales, just in the heart of the famous area Orihuela Costa.<\/span><\/p>\n<p class=\"p1\"><span class=\"s1\"><strong>Please, find this store at:<\/strong> Avenida Jorge Mart\u00ednez Aspar, Ciudad Quesada (Rojales) 03170<\/span><\/p>\n<p class=\"p1\"><strong>Tel.:<\/strong> <a href=\"call:+34865758188\">+34\u00a0865 758 188<\/a><\/p>\n<p>[\/et_pb_text][\/et_pb_column][et_pb_column type=\u00bb1_2&#8243; _builder_version=\u00bb4.16&#8243; custom_padding=\u00bb|||\u00bb global_colors_info=\u00bb{}\u00bb custom_padding__hover=\u00bb|||\u00bb][et_pb_map address=\u00bbAv. Jorge Mart\u00ednez %22Aspar%22, 03170 Cdad. Quesada, Alicante, Espa\u00f1a\u00bb zoom_level=\u00bb16&#8243; address_lat=\u00bb38.055427081176&#8243; address_lng=\u00bb-0.72528995980464&#8243; _builder_version=\u00bb4.16&#8243; custom_padding=\u00bb|||1px||\u00bb global_colors_info=\u00bb{}\u00bb][et_pb_map_pin title=\u00bbRojales, Orihuela Costa, Muebles J. Bri\u00f1as\u00bb pin_address=\u00bbAv. de Alcoy, 21, 03170 Cdad. Quesada, Alicante, Espa\u00f1a\u00bb pin_address_lat=\u00bb38.055111213388&#8243; pin_address_lng=\u00bb-0.72510804194183&#8243; _builder_version=\u00bb4.2.2&#8243; global_colors_info=\u00bb{}\u00bb]<span class=\"s1\">Avenida Jorge Mart\u00ednez \u00abAspar\u00bb, Ciudad Quesada (Rojales) 03170<\/span>[\/et_pb_map_pin][\/et_pb_map][\/et_pb_column][\/et_pb_row][et_pb_row column_structure=\u00bb1_2,1_2&#8243; use_custom_gutter=\u00bbon\u00bb gutter_width=\u00bb1&#8243; disabled_on=\u00bboff|off|off\u00bb module_class=\u00bb et_pb_row_fullwidth\u00bb _builder_version=\u00bb4.16&#8243; width=\u00bb100%\u00bb width_tablet=\u00bb100%\u00bb width_phone=\u00bb\u00bb width_last_edited=\u00bbon|desktop\u00bb max_width=\u00bb100%\u00bb max_width_tablet=\u00bb100%\u00bb max_width_phone=\u00bb\u00bb max_width_last_edited=\u00bbon|desktop\u00bb module_alignment=\u00bbcenter\u00bb custom_margin=\u00bb|||\u00bb animation_style=\u00bbslide\u00bb animation_direction=\u00bbbottom\u00bb animation_intensity_slide=\u00bb10%\u00bb make_fullwidth=\u00bbon\u00bb global_colors_info=\u00bb{}\u00bb][et_pb_column type=\u00bb1_2&#8243; _builder_version=\u00bb4.16&#8243; custom_padding=\u00bb|||\u00bb global_colors_info=\u00bb{}\u00bb custom_padding__hover=\u00bb|||\u00bb][et_pb_gallery gallery_ids=\u00bb8528,8526&#8243; gallery_captions=\u00bb,,\u00bb fullwidth=\u00bbon\u00bb _builder_version=\u00bb4.16&#8243; background_layout=\u00bbdark\u00bb global_colors_info=\u00bb{}\u00bb][\/et_pb_gallery][\/et_pb_column][et_pb_column type=\u00bb1_2&#8243; _builder_version=\u00bb4.16&#8243; custom_padding=\u00bb|||\u00bb global_colors_info=\u00bb{}\u00bb custom_padding__hover=\u00bb|||\u00bb][et_pb_gallery gallery_ids=\u00bb8530,8536,8534,8532&#8243; gallery_captions=\u00bb,,\u00bb fullwidth=\u00bbon\u00bb _builder_version=\u00bb4.16&#8243; background_layout=\u00bbdark\u00bb global_colors_info=\u00bb{}\u00bb][\/et_pb_gallery][\/et_pb_column][\/et_pb_row][et_pb_row module_class=\u00bb et_pb_row_fullwidth\u00bb _builder_version=\u00bb4.16&#8243; width=\u00bb89%\u00bb width_tablet=\u00bb80%\u00bb width_phone=\u00bb\u00bb width_last_edited=\u00bbon|desktop\u00bb max_width=\u00bb89%\u00bb max_width_tablet=\u00bb80%\u00bb max_width_phone=\u00bb\u00bb max_width_last_edited=\u00bbon|desktop\u00bb module_alignment=\u00bbcenter\u00bb box_shadow_style=\u00bbpreset3&#8243; box_shadow_vertical=\u00bb-7px\u00bb box_shadow_blur=\u00bb69px\u00bb box_shadow_spread=\u00bb-27px\u00bb make_fullwidth=\u00bbon\u00bb global_colors_info=\u00bb{}\u00bb][et_pb_column type=\u00bb4_4&#8243; _builder_version=\u00bb4.16&#8243; custom_padding=\u00bb|||\u00bb global_colors_info=\u00bb{}\u00bb custom_padding__hover=\u00bb|||\u00bb][et_pb_text _builder_version=\u00bb4.16&#8243; text_font=\u00bb||||||||\u00bb header_font=\u00bb||||||||\u00bb header_text_align=\u00bbleft\u00bb text_orientation=\u00bbcenter\u00bb max_width=\u00bb47%\u00bb max_width_tablet=\u00bb\u00bb max_width_phone=\u00bb\u00bb max_width_last_edited=\u00bbon|phone\u00bb module_alignment=\u00bbcenter\u00bb custom_margin=\u00bb||10px|\u00bb custom_padding=\u00bb|||\u00bb global_colors_info=\u00bb{}\u00bb]<\/p>\n<h2>Contacta con nosotros<\/h2>\n<p>[\/et_pb_text][et_pb_image src=\u00bbhttps:\/\/mueblesjbrinas.com\/wp-content\/uploads\/2018\/01\/mail-128x.png\u00bb align=\u00bbcenter\u00bb align_tablet=\u00bbcenter\u00bb align_phone=\u00bb\u00bb align_last_edited=\u00bbon|desktop\u00bb _builder_version=\u00bb4.16&#8243; max_width=\u00bb5%\u00bb max_width_tablet=\u00bb7%\u00bb max_width_phone=\u00bb11%\u00bb max_width_last_edited=\u00bbon|desktop\u00bb module_alignment=\u00bbcenter\u00bb custom_margin=\u00bb0px|||\u00bb custom_padding=\u00bb|||\u00bb animation_style=\u00bbslide\u00bb animation_direction=\u00bbbottom\u00bb animation_intensity_slide=\u00bb10%\u00bb box_shadow_style=\u00bbpreset3&#8243; global_colors_info=\u00bb{}\u00bb][\/et_pb_image][et_pb_text _builder_version=\u00bb4.16&#8243; text_font=\u00bb||||||||\u00bb header_font=\u00bb||||||||\u00bb header_text_align=\u00bbleft\u00bb text_orientation=\u00bbcenter\u00bb max_width=\u00bb47%\u00bb max_width_tablet=\u00bb\u00bb max_width_phone=\u00bb\u00bb max_width_last_edited=\u00bbon|phone\u00bb module_alignment=\u00bbcenter\u00bb global_colors_info=\u00bb{}\u00bb] \u00bfNecesitas informaci\u00f3n adicional? \u00bfTienes dudas o est\u00e1s buscando un presupuesto? Env\u00edenos un correo a trav\u00e9s del siguiente formulario de contacto y resolveremos sus dudas lo antes posible \u00a1Gracias! [\/et_pb_text][et_pb_text _builder_version=\u00bb4.16&#8243; text_font=\u00bb||||||||\u00bb text_orientation=\u00bbcenter\u00bb global_colors_info=\u00bb{}\u00bb] \n<div class=\"wpcf7 no-js\" id=\"wpcf7-f608-o1\" lang=\"es-ES\" dir=\"ltr\" data-wpcf7-id=\"608\">\n<div class=\"screen-reader-response\"><p role=\"status\" aria-live=\"polite\" aria-atomic=\"true\"><\/p> <ul><\/ul><\/div>\n<form action=\"\/es\/wp-json\/wp\/v2\/pages\/8515#wpcf7-f608-o1\" method=\"post\" class=\"wpcf7-form init\" aria-label=\"Formulario de contacto\" novalidate=\"novalidate\" data-status=\"init\">\n<div style=\"display: none;\">\n<input type=\"hidden\" name=\"_wpcf7\" value=\"608\" \/>\n<input type=\"hidden\" name=\"_wpcf7_version\" value=\"6.0.5\" \/>\n<input type=\"hidden\" name=\"_wpcf7_locale\" value=\"es_ES\" \/>\n<input type=\"hidden\" name=\"_wpcf7_unit_tag\" value=\"wpcf7-f608-o1\" \/>\n<input type=\"hidden\" name=\"_wpcf7_container_post\" value=\"0\" \/>\n<input type=\"hidden\" name=\"_wpcf7_posted_data_hash\" value=\"\" \/>\n<input type=\"hidden\" name=\"_wpcf7_recaptcha_response\" value=\"\" \/>\n<\/div>\n<p><label> <span class=\"wpcf7-form-control-wrap\" data-name=\"your-name\"><input size=\"40\" maxlength=\"400\" class=\"wpcf7-form-control wpcf7-text wpcf7-validates-as-required\" aria-required=\"true\" aria-invalid=\"false\" placeholder=\"Nombre (requerido)\" value=\"\" type=\"text\" name=\"your-name\" \/><\/span> <\/label>\n<\/p>\n<p><label> <span class=\"wpcf7-form-control-wrap\" data-name=\"your-email\"><input size=\"40\" maxlength=\"400\" class=\"wpcf7-form-control wpcf7-email wpcf7-validates-as-required wpcf7-text wpcf7-validates-as-email\" aria-required=\"true\" aria-invalid=\"false\" placeholder=\"Correo electr\u00f3nico (requerido)\" value=\"\" type=\"email\" name=\"your-email\" \/><\/span> <\/label>\n<\/p>\n<p><label> <span class=\"wpcf7-form-control-wrap\" data-name=\"your-message\"><textarea cols=\"40\" rows=\"10\" maxlength=\"2000\" class=\"wpcf7-form-control wpcf7-textarea\" aria-invalid=\"false\" placeholder=\"Mensaje\" name=\"your-message\"><\/textarea><\/span> <\/label>\n<\/p>\n<p><label> <span class=\"wpcf7-form-control-wrap\" data-name=\"acceptance-531\"><span class=\"wpcf7-form-control wpcf7-acceptance\"><span class=\"wpcf7-list-item\"><input type=\"checkbox\" name=\"acceptance-531\" value=\"1\" aria-invalid=\"false\" \/><\/span><\/span><\/span> Acepto las <a href=\"https:\/\/mueblesjbrinas.com\/aviso-legal\"> condiciones de uso y privacidad.<\/a><label><br \/>\n<input class=\"wpcf7-form-control wpcf7-submit has-spinner\" type=\"submit\" value=\"Enviar\" \/><br \/>\n<br \/>\n\t\t<hr style=\"width:90%;\" \/><br \/>\n<\/label><\/label>\n<\/p>\n<p style=\"font-size:13px;text-align:justify; width:100%;padding-right:5%;padding-left:5%;\">Los datos de car\u00e1cter personal que nos proporciones rellenando este formulario ser\u00e1n tratados por Muebles J. Bri\u00f1as S.L como responsable de esta web. La finalidad de recogida y tratamiento de este tipo de datos es para enviarte propuestas comerciales o comunicados relacionados con la relaci\u00f3n de compraventa que une al usuario y a Muebles J. Bri\u00f1as. Te recordamos que puedes ejercer el derecho de acceso, rectificaci\u00f3n, limitaci\u00f3n y supresi\u00f3n de datos as\u00ed como solicitar una reclamaci\u00f3n ante una autoridad de control. M\u00e1s informaci\u00f3n sobre la Privacidad de Datos en <a href=\"https:\/\/mueblesjbrinas.com\/aviso-legal\"> nuestras condiciones de uso y privacidad.<\/a>\n<\/p><div class=\"wpcf7-response-output\" aria-hidden=\"true\"><\/div>\n<\/form>\n<\/div>\n [\/et_pb_text][\/et_pb_column][\/et_pb_row][\/et_pb_section]<\/p>\n","protected":false},"excerpt":{"rendered":"<p>[et_pb_section fb_built=\u00bb1&#8243; fullwidth=\u00bbon\u00bb _builder_version=\u00bb4.16&#8243; global_colors_info=\u00bb{}\u00bb][et_pb_fullwidth_slider _builder_version=\u00bb4.16&#8243; header_level=\u00bbh1&#8243; header_font=\u00bb|600||on|||||\u00bb header_font_size=\u00bb50&#8243; body_font=\u00bb|600|||||||\u00bb text_orientation=\u00bbright\u00bb box_shadow_style=\u00bbpreset6&#8243; box_shadow_blur=\u00bb10px\u00bb box_shadow_color=\u00bbrgba(0,0,0,0.1)\u00bb global_colors_info=\u00bb{}\u00bb button_text_size__hover_enabled=\u00bboff\u00bb button_one_text_size__hover_enabled=\u00bboff\u00bb button_two_text_size__hover_enabled=\u00bboff\u00bb button_text_color__hover_enabled=\u00bboff\u00bb button_one_text_color__hover_enabled=\u00bboff\u00bb button_two_text_color__hover_enabled=\u00bboff\u00bb button_border_width__hover_enabled=\u00bboff\u00bb button_one_border_width__hover_enabled=\u00bboff\u00bb button_two_border_width__hover_enabled=\u00bboff\u00bb button_border_color__hover_enabled=\u00bboff\u00bb button_one_border_color__hover_enabled=\u00bboff\u00bb button_two_border_color__hover_enabled=\u00bboff\u00bb button_border_radius__hover_enabled=\u00bboff\u00bb button_one_border_radius__hover_enabled=\u00bboff\u00bb button_two_border_radius__hover_enabled=\u00bboff\u00bb button_letter_spacing__hover_enabled=\u00bboff\u00bb button_one_letter_spacing__hover_enabled=\u00bboff\u00bb button_two_letter_spacing__hover_enabled=\u00bboff\u00bb button_bg_color__hover_enabled=\u00bboff\u00bb button_one_bg_color__hover_enabled=\u00bboff\u00bb button_two_bg_color__hover_enabled=\u00bboff\u00bb][et_pb_slide heading=\u00bbROJALES\u00bb use_bg_overlay=\u00bbon\u00bb use_text_overlay=\u00bboff\u00bb _builder_version=\u00bb4.16&#8243; background_color=\u00bb#ffffff\u00bb background_image=\u00bbhttps:\/\/mueblesjbrinas.com\/wp-content\/uploads\/2019\/05\/4komod-5-sofa-nardi-.jpg\u00bb background_enable_image=\u00bbon\u00bb global_colors_info=\u00bb{}\u00bb button_text_size__hover_enabled=\u00bboff\u00bb button_one_text_size__hover_enabled=\u00bboff\u00bb button_two_text_size__hover_enabled=\u00bboff\u00bb button_text_color__hover_enabled=\u00bboff\u00bb button_one_text_color__hover_enabled=\u00bboff\u00bb button_two_text_color__hover_enabled=\u00bboff\u00bb button_border_width__hover_enabled=\u00bboff\u00bb button_one_border_width__hover_enabled=\u00bboff\u00bb button_two_border_width__hover_enabled=\u00bboff\u00bb button_border_color__hover_enabled=\u00bboff\u00bb button_one_border_color__hover_enabled=\u00bboff\u00bb &hellip;<\/p>\n","protected":false},"author":1,"featured_media":12351,"parent":0,"menu_order":0,"comment_status":"closed","ping_status":"closed","template":"","meta":{"_acf_changed":false,"_joinchat":[],"footnotes":""},"class_list":["post-8515","page","type-page","status-publish","has-post-thumbnail","hentry"],"acf":[],"yoast_head":"<!-- This site is optimized with the Yoast SEO Premium plugin v22.5 (Yoast SEO v24.8) - https:\/\/yoast.com\/wordpress\/plugins\/seo\/ -->\n<title>\u25b7 Tienda de Muebles Rojales | In&amp;Out Furniture | Muebles de exterior<\/title>\n<meta name=\"description\" content=\"Visita nuestra tienda de muebles en Rojales para encontrar una amplia gama de muebles de exterior en In&amp;Out Furniture. \u00a1Te esperamos!\" \/>\n<meta name=\"robots\" content=\"index, follow, max-snippet:-1, max-image-preview:large, max-video-preview:-1\" \/>\n<link rel=\"canonical\" href=\"https:\/\/mueblesjbrinas.com\/es\/tienda-de-muebles-rojales\/\" \/>\n<meta property=\"og:locale\" content=\"es_ES\" \/>\n<meta property=\"og:type\" content=\"article\" \/>\n<meta property=\"og:title\" content=\"Rojales\" \/>\n<meta property=\"og:description\" content=\"Visita nuestra tienda de muebles en Rojales para encontrar una amplia gama de muebles de exterior en In&amp;Out Furniture. \u00a1Te esperamos!\" \/>\n<meta property=\"og:url\" content=\"https:\/\/mueblesjbrinas.com\/es\/tienda-de-muebles-rojales\/\" \/>\n<meta property=\"og:site_name\" content=\"In &amp; Out Furniture\" \/>\n<meta property=\"article:publisher\" content=\"https:\/\/www.facebook.com\/mueblesjbrinas\" \/>\n<meta property=\"article:modified_time\" content=\"2024-03-20T15:33:39+00:00\" \/>\n<meta property=\"og:image\" content=\"https:\/\/mueblesjbrinas.com\/wp-content\/uploads\/2024\/03\/Imagen-Destacada-Web-InOut-Muebles-J.-Brinas-700x437px-9.jpg\" \/>\n\t<meta property=\"og:image:width\" content=\"700\" \/>\n\t<meta property=\"og:image:height\" content=\"437\" \/>\n\t<meta property=\"og:image:type\" content=\"image\/jpeg\" \/>\n<meta name=\"twitter:card\" content=\"summary_large_image\" \/>\n<meta name=\"twitter:label1\" content=\"Tiempo de lectura\" \/>\n\t<meta name=\"twitter:data1\" content=\"5 minutos\" \/>\n<script type=\"application\/ld+json\" class=\"yoast-schema-graph\">{\"@context\":\"https:\/\/schema.org\",\"@graph\":[{\"@type\":\"WebPage\",\"@id\":\"https:\/\/mueblesjbrinas.com\/es\/tienda-de-muebles-rojales\/\",\"url\":\"https:\/\/mueblesjbrinas.com\/es\/tienda-de-muebles-rojales\/\",\"name\":\"\u25b7 Tienda de Muebles Rojales | In&Out Furniture | Muebles de exterior\",\"isPartOf\":{\"@id\":\"https:\/\/mueblesjbrinas.com\/es\/#website\"},\"primaryImageOfPage\":{\"@id\":\"https:\/\/mueblesjbrinas.com\/es\/tienda-de-muebles-rojales\/#primaryimage\"},\"image\":{\"@id\":\"https:\/\/mueblesjbrinas.com\/es\/tienda-de-muebles-rojales\/#primaryimage\"},\"thumbnailUrl\":\"https:\/\/mueblesjbrinas.com\/wp-content\/uploads\/2024\/03\/Imagen-Destacada-Web-InOut-Muebles-J.-Brinas-700x437px-9.jpg\",\"datePublished\":\"2020-02-07T16:01:31+00:00\",\"dateModified\":\"2024-03-20T15:33:39+00:00\",\"description\":\"Visita nuestra tienda de muebles en Rojales para encontrar una amplia gama de muebles de exterior en In&Out Furniture. \u00a1Te esperamos!\",\"breadcrumb\":{\"@id\":\"https:\/\/mueblesjbrinas.com\/es\/tienda-de-muebles-rojales\/#breadcrumb\"},\"inLanguage\":\"es\",\"potentialAction\":[{\"@type\":\"ReadAction\",\"target\":[\"https:\/\/mueblesjbrinas.com\/es\/tienda-de-muebles-rojales\/\"]}]},{\"@type\":\"ImageObject\",\"inLanguage\":\"es\",\"@id\":\"https:\/\/mueblesjbrinas.com\/es\/tienda-de-muebles-rojales\/#primaryimage\",\"url\":\"https:\/\/mueblesjbrinas.com\/wp-content\/uploads\/2024\/03\/Imagen-Destacada-Web-InOut-Muebles-J.-Brinas-700x437px-9.jpg\",\"contentUrl\":\"https:\/\/mueblesjbrinas.com\/wp-content\/uploads\/2024\/03\/Imagen-Destacada-Web-InOut-Muebles-J.-Brinas-700x437px-9.jpg\",\"width\":700,\"height\":437,\"caption\":\"Tienda de Muebles Rojales\"},{\"@type\":\"BreadcrumbList\",\"@id\":\"https:\/\/mueblesjbrinas.com\/es\/tienda-de-muebles-rojales\/#breadcrumb\",\"itemListElement\":[{\"@type\":\"ListItem\",\"position\":1,\"name\":\"Portada\",\"item\":\"https:\/\/mueblesjbrinas.com\/es\/\"},{\"@type\":\"ListItem\",\"position\":2,\"name\":\"Rojales\"}]},{\"@type\":\"WebSite\",\"@id\":\"https:\/\/mueblesjbrinas.com\/es\/#website\",\"url\":\"https:\/\/mueblesjbrinas.com\/es\/\",\"name\":\"Muebles Bri\u00f1as\",\"description\":\"Online Outdoor Furniture Shop in Costa Blanca. Torrevieja, Rojales, Guardamar, San Javier.\",\"publisher\":{\"@id\":\"https:\/\/mueblesjbrinas.com\/es\/#organization\"},\"potentialAction\":[{\"@type\":\"SearchAction\",\"target\":{\"@type\":\"EntryPoint\",\"urlTemplate\":\"https:\/\/mueblesjbrinas.com\/es\/?s={search_term_string}\"},\"query-input\":{\"@type\":\"PropertyValueSpecification\",\"valueRequired\":true,\"valueName\":\"search_term_string\"}}],\"inLanguage\":\"es\"},{\"@type\":\"Organization\",\"@id\":\"https:\/\/mueblesjbrinas.com\/es\/#organization\",\"name\":\"In&Out Furniture\",\"alternateName\":\"Muebles J. Bri\u00f1as\",\"url\":\"https:\/\/mueblesjbrinas.com\/es\/\",\"logo\":{\"@type\":\"ImageObject\",\"inLanguage\":\"es\",\"@id\":\"https:\/\/mueblesjbrinas.com\/es\/#\/schema\/logo\/image\/\",\"url\":\"https:\/\/mueblesjbrinas.com\/wp-content\/uploads\/2018\/03\/logo-web.png\",\"contentUrl\":\"https:\/\/mueblesjbrinas.com\/wp-content\/uploads\/2018\/03\/logo-web.png\",\"width\":300,\"height\":146,\"caption\":\"In&Out Furniture\"},\"image\":{\"@id\":\"https:\/\/mueblesjbrinas.com\/es\/#\/schema\/logo\/image\/\"},\"sameAs\":[\"https:\/\/www.facebook.com\/mueblesjbrinas\"]}]}<\/script>\n<!-- \/ Yoast SEO Premium plugin. -->","yoast_head_json":{"title":"\u25b7 Tienda de Muebles Rojales | In&Out Furniture | Muebles de exterior","description":"Visita nuestra tienda de muebles en Rojales para encontrar una amplia gama de muebles de exterior en In&Out Furniture. \u00a1Te esperamos!","robots":{"index":"index","follow":"follow","max-snippet":"max-snippet:-1","max-image-preview":"max-image-preview:large","max-video-preview":"max-video-preview:-1"},"canonical":"https:\/\/mueblesjbrinas.com\/es\/tienda-de-muebles-rojales\/","og_locale":"es_ES","og_type":"article","og_title":"Rojales","og_description":"Visita nuestra tienda de muebles en Rojales para encontrar una amplia gama de muebles de exterior en In&Out Furniture. \u00a1Te esperamos!","og_url":"https:\/\/mueblesjbrinas.com\/es\/tienda-de-muebles-rojales\/","og_site_name":"In &amp; Out Furniture","article_publisher":"https:\/\/www.facebook.com\/mueblesjbrinas","article_modified_time":"2024-03-20T15:33:39+00:00","og_image":[{"width":700,"height":437,"url":"https:\/\/mueblesjbrinas.com\/wp-content\/uploads\/2024\/03\/Imagen-Destacada-Web-InOut-Muebles-J.-Brinas-700x437px-9.jpg","type":"image\/jpeg"}],"twitter_card":"summary_large_image","twitter_misc":{"Tiempo de lectura":"5 minutos"},"schema":{"@context":"https:\/\/schema.org","@graph":[{"@type":"WebPage","@id":"https:\/\/mueblesjbrinas.com\/es\/tienda-de-muebles-rojales\/","url":"https:\/\/mueblesjbrinas.com\/es\/tienda-de-muebles-rojales\/","name":"\u25b7 Tienda de Muebles Rojales | In&Out Furniture | Muebles de exterior","isPartOf":{"@id":"https:\/\/mueblesjbrinas.com\/es\/#website"},"primaryImageOfPage":{"@id":"https:\/\/mueblesjbrinas.com\/es\/tienda-de-muebles-rojales\/#primaryimage"},"image":{"@id":"https:\/\/mueblesjbrinas.com\/es\/tienda-de-muebles-rojales\/#primaryimage"},"thumbnailUrl":"https:\/\/mueblesjbrinas.com\/wp-content\/uploads\/2024\/03\/Imagen-Destacada-Web-InOut-Muebles-J.-Brinas-700x437px-9.jpg","datePublished":"2020-02-07T16:01:31+00:00","dateModified":"2024-03-20T15:33:39+00:00","description":"Visita nuestra tienda de muebles en Rojales para encontrar una amplia gama de muebles de exterior en In&Out Furniture. \u00a1Te esperamos!","breadcrumb":{"@id":"https:\/\/mueblesjbrinas.com\/es\/tienda-de-muebles-rojales\/#breadcrumb"},"inLanguage":"es","potentialAction":[{"@type":"ReadAction","target":["https:\/\/mueblesjbrinas.com\/es\/tienda-de-muebles-rojales\/"]}]},{"@type":"ImageObject","inLanguage":"es","@id":"https:\/\/mueblesjbrinas.com\/es\/tienda-de-muebles-rojales\/#primaryimage","url":"https:\/\/mueblesjbrinas.com\/wp-content\/uploads\/2024\/03\/Imagen-Destacada-Web-InOut-Muebles-J.-Brinas-700x437px-9.jpg","contentUrl":"https:\/\/mueblesjbrinas.com\/wp-content\/uploads\/2024\/03\/Imagen-Destacada-Web-InOut-Muebles-J.-Brinas-700x437px-9.jpg","width":700,"height":437,"caption":"Tienda de Muebles Rojales"},{"@type":"BreadcrumbList","@id":"https:\/\/mueblesjbrinas.com\/es\/tienda-de-muebles-rojales\/#breadcrumb","itemListElement":[{"@type":"ListItem","position":1,"name":"Portada","item":"https:\/\/mueblesjbrinas.com\/es\/"},{"@type":"ListItem","position":2,"name":"Rojales"}]},{"@type":"WebSite","@id":"https:\/\/mueblesjbrinas.com\/es\/#website","url":"https:\/\/mueblesjbrinas.com\/es\/","name":"Muebles Bri\u00f1as","description":"Online Outdoor Furniture Shop in Costa Blanca. Torrevieja, Rojales, Guardamar, San Javier.","publisher":{"@id":"https:\/\/mueblesjbrinas.com\/es\/#organization"},"potentialAction":[{"@type":"SearchAction","target":{"@type":"EntryPoint","urlTemplate":"https:\/\/mueblesjbrinas.com\/es\/?s={search_term_string}"},"query-input":{"@type":"PropertyValueSpecification","valueRequired":true,"valueName":"search_term_string"}}],"inLanguage":"es"},{"@type":"Organization","@id":"https:\/\/mueblesjbrinas.com\/es\/#organization","name":"In&Out Furniture","alternateName":"Muebles J. Bri\u00f1as","url":"https:\/\/mueblesjbrinas.com\/es\/","logo":{"@type":"ImageObject","inLanguage":"es","@id":"https:\/\/mueblesjbrinas.com\/es\/#\/schema\/logo\/image\/","url":"https:\/\/mueblesjbrinas.com\/wp-content\/uploads\/2018\/03\/logo-web.png","contentUrl":"https:\/\/mueblesjbrinas.com\/wp-content\/uploads\/2018\/03\/logo-web.png","width":300,"height":146,"caption":"In&Out Furniture"},"image":{"@id":"https:\/\/mueblesjbrinas.com\/es\/#\/schema\/logo\/image\/"},"sameAs":["https:\/\/www.facebook.com\/mueblesjbrinas"]}]}},"_links":{"self":[{"href":"https:\/\/mueblesjbrinas.com\/es\/wp-json\/wp\/v2\/pages\/8515","targetHints":{"allow":["GET"]}}],"collection":[{"href":"https:\/\/mueblesjbrinas.com\/es\/wp-json\/wp\/v2\/pages"}],"about":[{"href":"https:\/\/mueblesjbrinas.com\/es\/wp-json\/wp\/v2\/types\/page"}],"author":[{"embeddable":true,"href":"https:\/\/mueblesjbrinas.com\/es\/wp-json\/wp\/v2\/users\/1"}],"replies":[{"embeddable":true,"href":"https:\/\/mueblesjbrinas.com\/es\/wp-json\/wp\/v2\/comments?post=8515"}],"version-history":[{"count":11,"href":"https:\/\/mueblesjbrinas.com\/es\/wp-json\/wp\/v2\/pages\/8515\/revisions"}],"predecessor-version":[{"id":12307,"href":"https:\/\/mueblesjbrinas.com\/es\/wp-json\/wp\/v2\/pages\/8515\/revisions\/12307"}],"wp:featuredmedia":[{"embeddable":true,"href":"https:\/\/mueblesjbrinas.com\/es\/wp-json\/wp\/v2\/media\/12351"}],"wp:attachment":[{"href":"https:\/\/mueblesjbrinas.com\/es\/wp-json\/wp\/v2\/media?parent=8515"}],"curies":[{"name":"wp","href":"https:\/\/api.w.org\/{rel}","templated":true}]}}