{"id":4103,"date":"2018-06-08T06:59:15","date_gmt":"2018-06-08T06:59:15","guid":{"rendered":"https:\/\/mueblesjbrinas.com\/?page_id=4103"},"modified":"2024-02-01T14:15:39","modified_gmt":"2024-02-01T12:15:39","slug":"condiciones-venta-muebles-alicante","status":"publish","type":"page","link":"https:\/\/mueblesjbrinas.com\/es\/condiciones-venta-muebles-alicante\/","title":{"rendered":"Condiciones generales de venta"},"content":{"rendered":"<p>[et_pb_section fb_built=\u00bb1&#8243; admin_label=\u00bbsection\u00bb _builder_version=\u00bb3.22&#8243;][et_pb_row admin_label=\u00bbrow\u00bb _builder_version=\u00bb3.25&#8243; background_size=\u00bbinitial\u00bb background_position=\u00bbtop_left\u00bb background_repeat=\u00bbrepeat\u00bb][et_pb_column type=\u00bb4_4&#8243; _builder_version=\u00bb3.25&#8243; custom_padding=\u00bb|||\u00bb custom_padding__hover=\u00bb|||\u00bb][et_pb_text admin_label=\u00bbText\u00bb _builder_version=\u00bb3.27.4&#8243; background_size=\u00bbinitial\u00bb background_position=\u00bbtop_left\u00bb background_repeat=\u00bbrepeat\u00bb]<\/p>\n<h2>Precios, Transporte y Montaje<\/h2>\n<p>Los precios indicados en mueblesjbrinas.com tienen el IVA incluido. Muebles J. Bri\u00f1as se reserva el derecho a modificar sus precios en cualquier momento. No obstante, una vez confirmado el pedido, aunque se produzca alguna variaci\u00f3n posterior de los mismos, se facturar\u00e1n los precios existentes durante la confirmaci\u00f3n del pedido, los cuales pueden incluir o no, los gastos de env\u00edo.<\/p>\n<p>El coste por env\u00edo es de 25\u20ac adicionales si la compra es inferior a 1000\u20ac.<\/p>\n<p>Para env\u00edos a Baleares o Europa, rogamos consulten precio de env\u00edo con nosotros previamente.<\/p>\n<p>&nbsp;<\/p>\n<h3>\u00bfC\u00f3mo enviamos?<\/h3>\n<p><strong>Enviamos mediante nuestra propia red de distribuci\u00f3n<\/strong> si entra dentro de un radio de kil\u00f3metros previsto para entregar con nuestra flota de veh\u00edculos<\/p>\n<p>En caso de que el <strong>env\u00edo quede fuera de este radio se deriva a otra agencia de transporte<\/strong> especializada, que le har\u00e1 el env\u00edo del mismo modo que nosotros, llev\u00e1ndole el pedido hasta el portal de su casa. Por lo que este hecho no afectar\u00e1 a la forma de entrega de los pedidos.<\/p>\n<p>&nbsp;<\/p>\n<h2>Formas de pago<\/h2>\n<p>En mueblesjbrinas.com podr\u00e1s elegir entre las siguientes formas de pago:<\/p>\n<h3>Tarjeta de cr\u00e9dito<\/h3>\n<p>Las tarjetas de cr\u00e9dito o d\u00e9bito son el medio de pago m\u00e1s recomendable, tanto porque no generan ning\u00fan coste adicional como por la seguridad que nuestra pasarela de pago llamada Stripe, de seguridad y reconocimiento a nivel internacional, que frece el protocolo de seguridad SSL en todas las comunicaciones, lo que impide la interceptaci\u00f3n de la informaci\u00f3n por parte de terceros. Por tanto, la<strong> confidencialidad est\u00e1 asegurada<\/strong> en todas las comunicaciones que se establezcan durante la transacci\u00f3n.<\/p>\n<p>Los datos de las tarjetas no son conocidos por el comercio, con lo que se evita que esta informaci\u00f3n pueda ser utilizada posteriormente por terceros de forma fraudulenta.<\/p>\n<p>IMPORTANTE: Una vez introducidos todos los datos de su tarjeta, un c\u00f3digo de seguridad puede ser requerido para finalizar la operaci\u00f3n. Este c\u00f3digo deber\u00e1 ser proporcionado por la Entidad emisora de la tarjeta.<\/p>\n<p>Admitimos la tarjeta American Express como forma de pago.<\/p>\n<p style=\"text-align: left;\"><img decoding=\"async\" class=\"wp-image-7657 alignnone size-full\" src=\"https:\/\/mueblesjbrinas.com\/wp-content\/uploads\/2019\/06\/metodos-de-pago-1.png\" alt=\"\" width=\"228\" height=\"29\" \/><\/p>\n<p>&nbsp;<\/p>\n<p>&nbsp;<br \/>\n[\/et_pb_text][\/et_pb_column][\/et_pb_row][\/et_pb_section]<\/p>\n","protected":false},"excerpt":{"rendered":"<p>[et_pb_section fb_built=\u00bb1&#8243; admin_label=\u00bbsection\u00bb _builder_version=\u00bb3.22&#8243;][et_pb_row admin_label=\u00bbrow\u00bb _builder_version=\u00bb3.25&#8243; background_size=\u00bbinitial\u00bb background_position=\u00bbtop_left\u00bb background_repeat=\u00bbrepeat\u00bb][et_pb_column type=\u00bb4_4&#8243; _builder_version=\u00bb3.25&#8243; custom_padding=\u00bb|||\u00bb custom_padding__hover=\u00bb|||\u00bb][et_pb_text admin_label=\u00bbText\u00bb _builder_version=\u00bb3.27.4&#8243; background_size=\u00bbinitial\u00bb background_position=\u00bbtop_left\u00bb background_repeat=\u00bbrepeat\u00bb] Precios, Transporte y Montaje Los precios indicados en mueblesjbrinas.com tienen el IVA incluido. Muebles J. Bri\u00f1as se reserva el derecho a modificar sus precios en cualquier momento. No obstante, una vez confirmado el pedido, aunque se produzca &hellip;<\/p>\n","protected":false},"author":1,"featured_media":0,"parent":0,"menu_order":21,"comment_status":"closed","ping_status":"closed","template":"","meta":{"_acf_changed":false,"_joinchat":[],"footnotes":""},"class_list":["post-4103","page","type-page","status-publish","hentry"],"acf":[],"yoast_head":"<!-- This site is optimized with the Yoast SEO Premium plugin v22.5 (Yoast SEO v24.8) - https:\/\/yoast.com\/wordpress\/plugins\/seo\/ -->\n<title>\u25b7 Condiciones de venta | Tienda de muebles Alicante | In&amp;Out Furniture<\/title>\n<meta name=\"description\" content=\"Condiciones de Venta y Env\u00edos de In&amp;Out Furniture, tienda de muebles Alicante, Torrevieja, San Javier, Guardamar y Orihuela Costa\" \/>\n<meta name=\"robots\" content=\"noindex, follow\" \/>\n<meta property=\"og:locale\" content=\"es_ES\" \/>\n<meta property=\"og:type\" content=\"article\" \/>\n<meta property=\"og:title\" content=\"Condiciones generales de venta\" \/>\n<meta property=\"og:description\" content=\"Condiciones de Venta y Env\u00edos de In&amp;Out Furniture, tienda de muebles Alicante, Torrevieja, San Javier, Guardamar y Orihuela Costa\" \/>\n<meta property=\"og:url\" content=\"https:\/\/mueblesjbrinas.com\/es\/condiciones-venta-muebles-alicante\/\" \/>\n<meta property=\"og:site_name\" content=\"In &amp; Out Furniture\" \/>\n<meta property=\"article:publisher\" content=\"https:\/\/www.facebook.com\/mueblesjbrinas\" \/>\n<meta property=\"article:modified_time\" content=\"2024-02-01T12:15:39+00:00\" \/>\n<meta property=\"og:image\" content=\"https:\/\/mueblesjbrinas.com\/wp-content\/uploads\/2019\/06\/metodos-de-pago-1.png\" \/>\n<meta name=\"twitter:card\" content=\"summary_large_image\" \/>\n<meta name=\"twitter:label1\" content=\"Tiempo de lectura\" \/>\n\t<meta name=\"twitter:data1\" content=\"2 minutos\" \/>\n<script type=\"application\/ld+json\" class=\"yoast-schema-graph\">{\"@context\":\"https:\/\/schema.org\",\"@graph\":[{\"@type\":\"WebPage\",\"@id\":\"https:\/\/mueblesjbrinas.com\/es\/condiciones-venta-muebles-alicante\/\",\"url\":\"https:\/\/mueblesjbrinas.com\/es\/condiciones-venta-muebles-alicante\/\",\"name\":\"\u25b7 Condiciones de venta | Tienda de muebles Alicante | In&Out Furniture\",\"isPartOf\":{\"@id\":\"https:\/\/mueblesjbrinas.com\/es\/#website\"},\"primaryImageOfPage\":{\"@id\":\"https:\/\/mueblesjbrinas.com\/es\/condiciones-venta-muebles-alicante\/#primaryimage\"},\"image\":{\"@id\":\"https:\/\/mueblesjbrinas.com\/es\/condiciones-venta-muebles-alicante\/#primaryimage\"},\"thumbnailUrl\":\"https:\/\/mueblesjbrinas.com\/wp-content\/uploads\/2019\/06\/metodos-de-pago-1.png\",\"datePublished\":\"2018-06-08T06:59:15+00:00\",\"dateModified\":\"2024-02-01T12:15:39+00:00\",\"description\":\"Condiciones de Venta y Env\u00edos de In&Out Furniture, tienda de muebles Alicante, Torrevieja, San Javier, Guardamar y Orihuela Costa\",\"breadcrumb\":{\"@id\":\"https:\/\/mueblesjbrinas.com\/es\/condiciones-venta-muebles-alicante\/#breadcrumb\"},\"inLanguage\":\"es\",\"potentialAction\":[{\"@type\":\"ReadAction\",\"target\":[\"https:\/\/mueblesjbrinas.com\/es\/condiciones-venta-muebles-alicante\/\"]}]},{\"@type\":\"ImageObject\",\"inLanguage\":\"es\",\"@id\":\"https:\/\/mueblesjbrinas.com\/es\/condiciones-venta-muebles-alicante\/#primaryimage\",\"url\":\"https:\/\/mueblesjbrinas.com\/wp-content\/uploads\/2019\/06\/metodos-de-pago-1.png\",\"contentUrl\":\"https:\/\/mueblesjbrinas.com\/wp-content\/uploads\/2019\/06\/metodos-de-pago-1.png\"},{\"@type\":\"BreadcrumbList\",\"@id\":\"https:\/\/mueblesjbrinas.com\/es\/condiciones-venta-muebles-alicante\/#breadcrumb\",\"itemListElement\":[{\"@type\":\"ListItem\",\"position\":1,\"name\":\"Portada\",\"item\":\"https:\/\/mueblesjbrinas.com\/es\/\"},{\"@type\":\"ListItem\",\"position\":2,\"name\":\"Condiciones generales de venta\"}]},{\"@type\":\"WebSite\",\"@id\":\"https:\/\/mueblesjbrinas.com\/es\/#website\",\"url\":\"https:\/\/mueblesjbrinas.com\/es\/\",\"name\":\"Muebles Bri\u00f1as\",\"description\":\"Online Outdoor Furniture Shop in Costa Blanca. Torrevieja, Rojales, Guardamar, San Javier.\",\"publisher\":{\"@id\":\"https:\/\/mueblesjbrinas.com\/es\/#organization\"},\"potentialAction\":[{\"@type\":\"SearchAction\",\"target\":{\"@type\":\"EntryPoint\",\"urlTemplate\":\"https:\/\/mueblesjbrinas.com\/es\/?s={search_term_string}\"},\"query-input\":{\"@type\":\"PropertyValueSpecification\",\"valueRequired\":true,\"valueName\":\"search_term_string\"}}],\"inLanguage\":\"es\"},{\"@type\":\"Organization\",\"@id\":\"https:\/\/mueblesjbrinas.com\/es\/#organization\",\"name\":\"In&Out Furniture\",\"alternateName\":\"Muebles J. Bri\u00f1as\",\"url\":\"https:\/\/mueblesjbrinas.com\/es\/\",\"logo\":{\"@type\":\"ImageObject\",\"inLanguage\":\"es\",\"@id\":\"https:\/\/mueblesjbrinas.com\/es\/#\/schema\/logo\/image\/\",\"url\":\"https:\/\/mueblesjbrinas.com\/wp-content\/uploads\/2018\/03\/logo-web.png\",\"contentUrl\":\"https:\/\/mueblesjbrinas.com\/wp-content\/uploads\/2018\/03\/logo-web.png\",\"width\":300,\"height\":146,\"caption\":\"In&Out Furniture\"},\"image\":{\"@id\":\"https:\/\/mueblesjbrinas.com\/es\/#\/schema\/logo\/image\/\"},\"sameAs\":[\"https:\/\/www.facebook.com\/mueblesjbrinas\"]}]}<\/script>\n<!-- \/ Yoast SEO Premium plugin. -->","yoast_head_json":{"title":"\u25b7 Condiciones de venta | Tienda de muebles Alicante | In&Out Furniture","description":"Condiciones de Venta y Env\u00edos de In&Out Furniture, tienda de muebles Alicante, Torrevieja, San Javier, Guardamar y Orihuela Costa","robots":{"index":"noindex","follow":"follow"},"og_locale":"es_ES","og_type":"article","og_title":"Condiciones generales de venta","og_description":"Condiciones de Venta y Env\u00edos de In&Out Furniture, tienda de muebles Alicante, Torrevieja, San Javier, Guardamar y Orihuela Costa","og_url":"https:\/\/mueblesjbrinas.com\/es\/condiciones-venta-muebles-alicante\/","og_site_name":"In &amp; Out Furniture","article_publisher":"https:\/\/www.facebook.com\/mueblesjbrinas","article_modified_time":"2024-02-01T12:15:39+00:00","og_image":[{"url":"https:\/\/mueblesjbrinas.com\/wp-content\/uploads\/2019\/06\/metodos-de-pago-1.png","type":"","width":"","height":""}],"twitter_card":"summary_large_image","twitter_misc":{"Tiempo de lectura":"2 minutos"},"schema":{"@context":"https:\/\/schema.org","@graph":[{"@type":"WebPage","@id":"https:\/\/mueblesjbrinas.com\/es\/condiciones-venta-muebles-alicante\/","url":"https:\/\/mueblesjbrinas.com\/es\/condiciones-venta-muebles-alicante\/","name":"\u25b7 Condiciones de venta | Tienda de muebles Alicante | In&Out Furniture","isPartOf":{"@id":"https:\/\/mueblesjbrinas.com\/es\/#website"},"primaryImageOfPage":{"@id":"https:\/\/mueblesjbrinas.com\/es\/condiciones-venta-muebles-alicante\/#primaryimage"},"image":{"@id":"https:\/\/mueblesjbrinas.com\/es\/condiciones-venta-muebles-alicante\/#primaryimage"},"thumbnailUrl":"https:\/\/mueblesjbrinas.com\/wp-content\/uploads\/2019\/06\/metodos-de-pago-1.png","datePublished":"2018-06-08T06:59:15+00:00","dateModified":"2024-02-01T12:15:39+00:00","description":"Condiciones de Venta y Env\u00edos de In&Out Furniture, tienda de muebles Alicante, Torrevieja, San Javier, Guardamar y Orihuela Costa","breadcrumb":{"@id":"https:\/\/mueblesjbrinas.com\/es\/condiciones-venta-muebles-alicante\/#breadcrumb"},"inLanguage":"es","potentialAction":[{"@type":"ReadAction","target":["https:\/\/mueblesjbrinas.com\/es\/condiciones-venta-muebles-alicante\/"]}]},{"@type":"ImageObject","inLanguage":"es","@id":"https:\/\/mueblesjbrinas.com\/es\/condiciones-venta-muebles-alicante\/#primaryimage","url":"https:\/\/mueblesjbrinas.com\/wp-content\/uploads\/2019\/06\/metodos-de-pago-1.png","contentUrl":"https:\/\/mueblesjbrinas.com\/wp-content\/uploads\/2019\/06\/metodos-de-pago-1.png"},{"@type":"BreadcrumbList","@id":"https:\/\/mueblesjbrinas.com\/es\/condiciones-venta-muebles-alicante\/#breadcrumb","itemListElement":[{"@type":"ListItem","position":1,"name":"Portada","item":"https:\/\/mueblesjbrinas.com\/es\/"},{"@type":"ListItem","position":2,"name":"Condiciones generales de venta"}]},{"@type":"WebSite","@id":"https:\/\/mueblesjbrinas.com\/es\/#website","url":"https:\/\/mueblesjbrinas.com\/es\/","name":"Muebles Bri\u00f1as","description":"Online Outdoor Furniture Shop in Costa Blanca. Torrevieja, Rojales, Guardamar, San Javier.","publisher":{"@id":"https:\/\/mueblesjbrinas.com\/es\/#organization"},"potentialAction":[{"@type":"SearchAction","target":{"@type":"EntryPoint","urlTemplate":"https:\/\/mueblesjbrinas.com\/es\/?s={search_term_string}"},"query-input":{"@type":"PropertyValueSpecification","valueRequired":true,"valueName":"search_term_string"}}],"inLanguage":"es"},{"@type":"Organization","@id":"https:\/\/mueblesjbrinas.com\/es\/#organization","name":"In&Out Furniture","alternateName":"Muebles J. Bri\u00f1as","url":"https:\/\/mueblesjbrinas.com\/es\/","logo":{"@type":"ImageObject","inLanguage":"es","@id":"https:\/\/mueblesjbrinas.com\/es\/#\/schema\/logo\/image\/","url":"https:\/\/mueblesjbrinas.com\/wp-content\/uploads\/2018\/03\/logo-web.png","contentUrl":"https:\/\/mueblesjbrinas.com\/wp-content\/uploads\/2018\/03\/logo-web.png","width":300,"height":146,"caption":"In&Out Furniture"},"image":{"@id":"https:\/\/mueblesjbrinas.com\/es\/#\/schema\/logo\/image\/"},"sameAs":["https:\/\/www.facebook.com\/mueblesjbrinas"]}]}},"_links":{"self":[{"href":"https:\/\/mueblesjbrinas.com\/es\/wp-json\/wp\/v2\/pages\/4103","targetHints":{"allow":["GET"]}}],"collection":[{"href":"https:\/\/mueblesjbrinas.com\/es\/wp-json\/wp\/v2\/pages"}],"about":[{"href":"https:\/\/mueblesjbrinas.com\/es\/wp-json\/wp\/v2\/types\/page"}],"author":[{"embeddable":true,"href":"https:\/\/mueblesjbrinas.com\/es\/wp-json\/wp\/v2\/users\/1"}],"replies":[{"embeddable":true,"href":"https:\/\/mueblesjbrinas.com\/es\/wp-json\/wp\/v2\/comments?post=4103"}],"version-history":[{"count":16,"href":"https:\/\/mueblesjbrinas.com\/es\/wp-json\/wp\/v2\/pages\/4103\/revisions"}],"predecessor-version":[{"id":12231,"href":"https:\/\/mueblesjbrinas.com\/es\/wp-json\/wp\/v2\/pages\/4103\/revisions\/12231"}],"wp:attachment":[{"href":"https:\/\/mueblesjbrinas.com\/es\/wp-json\/wp\/v2\/media?parent=4103"}],"curies":[{"name":"wp","href":"https:\/\/api.w.org\/{rel}","templated":true}]}}