{"id":13158,"date":"2024-07-24T11:51:13","date_gmt":"2024-07-24T09:51:13","guid":{"rendered":"https:\/\/mueblesjbrinas.com\/muebles-en-rojales\/"},"modified":"2026-04-16T12:22:19","modified_gmt":"2026-04-16T10:22:19","slug":"muebles-en-rojales","status":"publish","type":"page","link":"https:\/\/mueblesjbrinas.com\/es\/muebles-en-rojales\/","title":{"rendered":"In&#038;Out Rojales"},"content":{"rendered":"\t\t<div data-elementor-type=\"wp-page\" data-elementor-id=\"13158\" class=\"elementor elementor-13158 elementor-12783\" data-elementor-post-type=\"page\">\n\t\t\t\t<div class=\"elementor-element elementor-element-d2e311f e-con-full e-flex e-con e-parent\" data-id=\"d2e311f\" data-element_type=\"container\" data-settings=\"{&quot;background_background&quot;:&quot;classic&quot;}\">\n\t\t\t\t<div class=\"elementor-element elementor-element-b54987a elementor-widget elementor-widget-heading\" data-id=\"b54987a\" data-element_type=\"widget\" data-widget_type=\"heading.default\">\n\t\t\t\t<div class=\"elementor-widget-container\">\n\t\t\t<h1 class=\"elementor-heading-title elementor-size-default\">Tienda de muebles en Ciudad Quesada<br>In&amp;Out Furniture cerca de m\u00ed<\/h1>\t\t<\/div>\n\t\t\t\t<\/div>\n\t\t\t\t<div class=\"elementor-element elementor-element-53ccf06 elementor-widget__width-initial elementor-widget elementor-widget-text-editor\" data-id=\"53ccf06\" data-element_type=\"widget\" data-widget_type=\"text-editor.default\">\n\t\t\t\t<div class=\"elementor-widget-container\">\n\t\t\t\t\t\t\t<p data-start=\"153\" data-end=\"364\">Si buscas una<strong> tienda de muebles en Ciudad Quesada<\/strong> o una opci\u00f3n de <strong>muebles cerca de ti<\/strong>, en In&amp;Out Furniture encontrar\u00e1s muebles de exterior, jard\u00edn, interior y sof\u00e1s para tu hogar con asesoramiento personalizado.<\/p><p data-start=\"366\" data-end=\"522\">Somos una <strong>tienda de muebles cerca de ti en Ciudad Quesada<\/strong> pensada para quienes quieren encontrar calidad, dise\u00f1o y atenci\u00f3n cercana sin alejarse de su zona.<\/p><p>.<\/p>\t\t\t\t\t\t<\/div>\n\t\t\t\t<\/div>\n\t\t\t\t<\/div>\n\t\t<div class=\"elementor-element elementor-element-6010314 e-flex e-con-boxed e-con e-parent\" data-id=\"6010314\" data-element_type=\"container\">\n\t\t\t\t\t<div class=\"e-con-inner\">\n\t\t<div class=\"elementor-element elementor-element-3bba9e4 e-con-full e-flex e-con e-child\" data-id=\"3bba9e4\" data-element_type=\"container\">\n\t\t\t\t<div class=\"elementor-element elementor-element-5308dc1 elementor-widget elementor-widget-heading\" data-id=\"5308dc1\" data-element_type=\"widget\" data-widget_type=\"heading.default\">\n\t\t\t\t<div class=\"elementor-widget-container\">\n\t\t\t<h2 class=\"elementor-heading-title elementor-size-default\"><a href=\"https:\/\/share.google\/n3gTt0T924vY8QZJz\" target=\"_blank\">In&amp;Out tienda de muebles cerca de m\u00ed en Ciudad Quesada<\/a><\/h2>\t\t<\/div>\n\t\t\t\t<\/div>\n\t\t\t\t<div class=\"elementor-element elementor-element-ca6a314 elementor-widget elementor-widget-heading\" data-id=\"ca6a314\" data-element_type=\"widget\" data-widget_type=\"heading.default\">\n\t\t\t\t<div class=\"elementor-widget-container\">\n\t\t\t<h3 class=\"elementor-heading-title elementor-size-default\">Muebles de exterior, jard\u00edn e interior para casa<\/h3>\t\t<\/div>\n\t\t\t\t<\/div>\n\t\t\t\t<div class=\"elementor-element elementor-element-49a58ba elementor-widget elementor-widget-text-editor\" data-id=\"49a58ba\" data-element_type=\"widget\" data-widget_type=\"text-editor.default\">\n\t\t\t\t<div class=\"elementor-widget-container\">\n\t\t\t\t\t\t\t<p data-start=\"423\" data-end=\"484\">Nuestra tienda de muebles situada en Ciudad Quesada, Rojales: Av. Jorge Mart\u00ednez \u201cAspar\u201d, 03170 Rojales, Alicante.<\/p><p data-start=\"540\" data-end=\"756\">Si buscas muebles en Ciudad Quesada o una tienda de muebles cerca de ti, en In&amp;Out Furniture encontrar\u00e1s una amplia variedad de muebles de exterior, jard\u00edn, interior y sof\u00e1s para tu hogar en la provincia de Alicante.<\/p><p data-start=\"763\" data-end=\"787\"><strong data-start=\"763\" data-end=\"787\">Horario de apertura:<br \/><\/strong>Lunes a Viernes<br data-start=\"804\" data-end=\"807\" \/>10:00h \u2013 18:00h<\/p><p data-start=\"826\" data-end=\"852\">S\u00e1bado<br data-start=\"832\" data-end=\"835\" \/>10:00h \u2013 14:00h<\/p><p data-start=\"859\" data-end=\"888\"><strong data-start=\"859\" data-end=\"888\">Tel\u00e9fono: <\/strong>+34 618 429 959<\/p>\t\t\t\t\t\t<\/div>\n\t\t\t\t<\/div>\n\t\t\t\t<\/div>\n\t\t<div class=\"elementor-element elementor-element-13b9a32 e-con-full e-flex e-con e-child\" data-id=\"13b9a32\" data-element_type=\"container\">\n\t\t\t\t<div class=\"elementor-element elementor-element-ffe7a14 elementor-widget elementor-widget-google_maps\" data-id=\"ffe7a14\" data-element_type=\"widget\" data-widget_type=\"google_maps.default\">\n\t\t\t\t<div class=\"elementor-widget-container\">\n\t\t\t\t\t<div class=\"elementor-custom-embed\">\n\t\t\t<iframe loading=\"lazy\"\n\t\t\t\t\tsrc=\"https:\/\/maps.google.com\/maps?q=in%26out%20furniture%20by%20bri%C3%B1as%20ciudad%20quesada&#038;t=m&#038;z=10&#038;output=embed&#038;iwloc=near\"\n\t\t\t\t\ttitle=\"in&amp;out furniture by bri\u00f1as ciudad quesada\"\n\t\t\t\t\taria-label=\"in&amp;out furniture by bri\u00f1as ciudad quesada\"\n\t\t\t><\/iframe>\n\t\t<\/div>\n\t\t\t\t<\/div>\n\t\t\t\t<\/div>\n\t\t\t\t<\/div>\n\t\t\t\t\t<\/div>\n\t\t\t\t<\/div>\n\t\t<div class=\"elementor-element elementor-element-8733ab1 e-flex e-con-boxed e-con e-parent\" data-id=\"8733ab1\" data-element_type=\"container\" data-settings=\"{&quot;background_background&quot;:&quot;classic&quot;}\">\n\t\t\t\t\t<div class=\"e-con-inner\">\n\t\t<div class=\"elementor-element elementor-element-f8ab038 e-con-full e-flex e-con e-child\" data-id=\"f8ab038\" data-element_type=\"container\">\n\t\t\t\t<div class=\"elementor-element elementor-element-33e4869 elementor-widget elementor-widget-heading\" data-id=\"33e4869\" data-element_type=\"widget\" data-widget_type=\"heading.default\">\n\t\t\t\t<div class=\"elementor-widget-container\">\n\t\t\t<h2 class=\"elementor-heading-title elementor-size-default\">Contacta con In&amp;Out Furniture<\/h2>\t\t<\/div>\n\t\t\t\t<\/div>\n\t\t\t\t<div class=\"elementor-element elementor-element-67d38b5 elementor-widget elementor-widget-text-editor\" data-id=\"67d38b5\" data-element_type=\"widget\" data-widget_type=\"text-editor.default\">\n\t\t\t\t<div class=\"elementor-widget-container\">\n\t\t\t\t\t\t\t<p>\u00bfNecesita informaci\u00f3n adicional? \u00bfTiene alguna pregunta o est\u00e1 buscando presupuesto?<\/p>\n<p><strong>Env\u00ede el siguiente formulario de contacto<\/strong> y resolveremos sus dudas lo antes posible, \u00a1Gracias!<\/p>\n\t\t\t\t\t\t<\/div>\n\t\t\t\t<\/div>\n\t\t\t\t<div class=\"elementor-element elementor-element-7915dc5 elementor-invisible elementor-widget elementor-widget-image\" data-id=\"7915dc5\" data-element_type=\"widget\" data-settings=\"{&quot;_animation&quot;:&quot;fadeInUp&quot;}\" data-widget_type=\"image.default\">\n\t\t\t\t<div class=\"elementor-widget-container\">\n\t\t\t\t\t\t\t\t\t\t\t\t\t<img fetchpriority=\"high\" decoding=\"async\" width=\"952\" height=\"536\" src=\"https:\/\/mueblesjbrinas.com\/wp-content\/uploads\/2024\/06\/rojales-furniture-store.jpg\" class=\"attachment-large size-large wp-image-13058\" alt=\"\" srcset=\"https:\/\/mueblesjbrinas.com\/wp-content\/uploads\/2024\/06\/rojales-furniture-store.jpg 952w, https:\/\/mueblesjbrinas.com\/wp-content\/uploads\/2024\/06\/rojales-furniture-store-300x169.jpg 300w, https:\/\/mueblesjbrinas.com\/wp-content\/uploads\/2024\/06\/rojales-furniture-store-768x432.jpg 768w, https:\/\/mueblesjbrinas.com\/wp-content\/uploads\/2024\/06\/rojales-furniture-store-680x383.jpg 680w\" sizes=\"(max-width: 952px) 100vw, 952px\" \/>\t\t\t\t\t\t\t\t\t\t\t\t\t<\/div>\n\t\t\t\t<\/div>\n\t\t\t\t<\/div>\n\t\t<div class=\"elementor-element elementor-element-1a1b2c0 e-con-full e-flex e-con e-child\" data-id=\"1a1b2c0\" data-element_type=\"container\">\n\t\t\t\t<\/div>\n\t\t\t\t\t<\/div>\n\t\t\t\t<\/div>\n\t\t<div class=\"elementor-element elementor-element-86991dd e-flex e-con-boxed e-con e-parent\" data-id=\"86991dd\" data-element_type=\"container\">\n\t\t\t\t\t<div class=\"e-con-inner\">\n\t\t\t\t<div class=\"elementor-element elementor-element-cec20e8 elementor-widget elementor-widget-html\" data-id=\"cec20e8\" data-element_type=\"widget\" data-widget_type=\"html.default\">\n\t\t\t\t<div class=\"elementor-widget-container\">\n\t\t\t<script type=\"application\/ld+json\">\r\n{\r\n  \"@context\": \"https:\/\/schema.org\",\r\n  \"@type\": \"FurnitureStore\",\r\n  \"name\": \"In&Out Furniture\",\r\n  \"url\": \"https:\/\/mueblesjbrinas.com\/es\/tienda-de-muebles-en-ciudad-quesada\/\",\r\n  \"telephone\": \"+34618429959\",\r\n  \"address\": {\r\n    \"@type\": \"PostalAddress\",\r\n    \"streetAddress\": \"Av. Jorge Mart\u00ednez \u201cAspar\u201d\",\r\n    \"addressLocality\": \"Rojales\",\r\n    \"addressRegion\": \"Alicante\",\r\n    \"postalCode\": \"03170\",\r\n    \"addressCountry\": \"ES\"\r\n  }\r\n}\r\n<\/script>\t\t<\/div>\n\t\t\t\t<\/div>\n\t\t\t\t\t<\/div>\n\t\t\t\t<\/div>\n\t\t\t\t<\/div>\n\t\t","protected":false},"excerpt":{"rendered":"<p>Tienda de muebles en Ciudad Quesada In&amp;Out Furniture cerca de m\u00ed Si buscas una tienda de muebles en Ciudad Quesada o una opci\u00f3n de muebles cerca de ti, en In&amp;Out Furniture encontrar\u00e1s muebles de exterior, jard\u00edn, interior y sof\u00e1s para tu hogar con asesoramiento personalizado. Somos una tienda de muebles cerca de ti en Ciudad &hellip;<\/p>\n","protected":false},"author":1,"featured_media":0,"parent":0,"menu_order":0,"comment_status":"closed","ping_status":"closed","template":"elementor_header_footer","meta":{"_acf_changed":false,"_joinchat":[],"footnotes":""},"class_list":["post-13158","page","type-page","status-publish","hentry"],"acf":[],"yoast_head":"<!-- This site is optimized with the Yoast SEO Premium plugin v22.5 (Yoast SEO v24.8) - https:\/\/yoast.com\/wordpress\/plugins\/seo\/ -->\n<title>\u25b7 Tienda de muebles en Rojales | In&amp;Out Furniture<\/title>\n<meta name=\"description\" content=\"Tienda de muebles en Rojales con muebles de exterior, jard\u00edn e interior. Encuentra sof\u00e1s y decoraci\u00f3n en In&amp;Out Furniture cerca de ti.\" \/>\n<meta name=\"robots\" content=\"index, follow, max-snippet:-1, max-image-preview:large, max-video-preview:-1\" \/>\n<link rel=\"canonical\" href=\"https:\/\/mueblesjbrinas.com\/es\/muebles-en-rojales\/\" \/>\n<meta property=\"og:locale\" content=\"es_ES\" \/>\n<meta property=\"og:type\" content=\"article\" \/>\n<meta property=\"og:title\" content=\"In&amp;Out Rojales\" \/>\n<meta property=\"og:description\" content=\"Tienda de muebles en Rojales con muebles de exterior, jard\u00edn e interior. Encuentra sof\u00e1s y decoraci\u00f3n en In&amp;Out Furniture cerca de ti.\" \/>\n<meta property=\"og:url\" content=\"https:\/\/mueblesjbrinas.com\/es\/muebles-en-rojales\/\" \/>\n<meta property=\"og:site_name\" content=\"In &amp; Out Furniture\" \/>\n<meta property=\"article:publisher\" content=\"https:\/\/www.facebook.com\/mueblesjbrinas\" \/>\n<meta property=\"article:modified_time\" content=\"2026-04-16T10:22:19+00:00\" \/>\n<meta property=\"og:image\" content=\"https:\/\/mueblesjbrinas.com\/wp-content\/uploads\/2024\/06\/rojales-furniture-store.jpg\" \/>\n<meta name=\"twitter:card\" content=\"summary_large_image\" \/>\n<meta name=\"twitter:label1\" content=\"Tiempo de lectura\" \/>\n\t<meta name=\"twitter:data1\" content=\"2 minutos\" \/>\n<script type=\"application\/ld+json\" class=\"yoast-schema-graph\">{\"@context\":\"https:\/\/schema.org\",\"@graph\":[{\"@type\":\"WebPage\",\"@id\":\"https:\/\/mueblesjbrinas.com\/es\/muebles-en-rojales\/\",\"url\":\"https:\/\/mueblesjbrinas.com\/es\/muebles-en-rojales\/\",\"name\":\"\u25b7 Tienda de muebles en Rojales | In&Out Furniture\",\"isPartOf\":{\"@id\":\"https:\/\/mueblesjbrinas.com\/es\/#website\"},\"primaryImageOfPage\":{\"@id\":\"https:\/\/mueblesjbrinas.com\/es\/muebles-en-rojales\/#primaryimage\"},\"image\":{\"@id\":\"https:\/\/mueblesjbrinas.com\/es\/muebles-en-rojales\/#primaryimage\"},\"thumbnailUrl\":\"https:\/\/mueblesjbrinas.com\/wp-content\/uploads\/2024\/06\/rojales-furniture-store.jpg\",\"datePublished\":\"2024-07-24T09:51:13+00:00\",\"dateModified\":\"2026-04-16T10:22:19+00:00\",\"description\":\"Tienda de muebles en Rojales con muebles de exterior, jard\u00edn e interior. Encuentra sof\u00e1s y decoraci\u00f3n en In&Out Furniture cerca de ti.\",\"breadcrumb\":{\"@id\":\"https:\/\/mueblesjbrinas.com\/es\/muebles-en-rojales\/#breadcrumb\"},\"inLanguage\":\"es\",\"potentialAction\":[{\"@type\":\"ReadAction\",\"target\":[\"https:\/\/mueblesjbrinas.com\/es\/muebles-en-rojales\/\"]}]},{\"@type\":\"ImageObject\",\"inLanguage\":\"es\",\"@id\":\"https:\/\/mueblesjbrinas.com\/es\/muebles-en-rojales\/#primaryimage\",\"url\":\"https:\/\/mueblesjbrinas.com\/wp-content\/uploads\/2024\/06\/rojales-furniture-store.jpg\",\"contentUrl\":\"https:\/\/mueblesjbrinas.com\/wp-content\/uploads\/2024\/06\/rojales-furniture-store.jpg\"},{\"@type\":\"BreadcrumbList\",\"@id\":\"https:\/\/mueblesjbrinas.com\/es\/muebles-en-rojales\/#breadcrumb\",\"itemListElement\":[{\"@type\":\"ListItem\",\"position\":1,\"name\":\"Portada\",\"item\":\"https:\/\/mueblesjbrinas.com\/es\/\"},{\"@type\":\"ListItem\",\"position\":2,\"name\":\"In&#038;Out Rojales\"}]},{\"@type\":\"WebSite\",\"@id\":\"https:\/\/mueblesjbrinas.com\/es\/#website\",\"url\":\"https:\/\/mueblesjbrinas.com\/es\/\",\"name\":\"Muebles Bri\u00f1as\",\"description\":\"Online Outdoor Furniture Shop in Costa Blanca. Torrevieja, Rojales, Guardamar, San Javier.\",\"publisher\":{\"@id\":\"https:\/\/mueblesjbrinas.com\/es\/#organization\"},\"potentialAction\":[{\"@type\":\"SearchAction\",\"target\":{\"@type\":\"EntryPoint\",\"urlTemplate\":\"https:\/\/mueblesjbrinas.com\/es\/?s={search_term_string}\"},\"query-input\":{\"@type\":\"PropertyValueSpecification\",\"valueRequired\":true,\"valueName\":\"search_term_string\"}}],\"inLanguage\":\"es\"},{\"@type\":\"Organization\",\"@id\":\"https:\/\/mueblesjbrinas.com\/es\/#organization\",\"name\":\"In&Out Furniture\",\"alternateName\":\"Muebles J. Bri\u00f1as\",\"url\":\"https:\/\/mueblesjbrinas.com\/es\/\",\"logo\":{\"@type\":\"ImageObject\",\"inLanguage\":\"es\",\"@id\":\"https:\/\/mueblesjbrinas.com\/es\/#\/schema\/logo\/image\/\",\"url\":\"https:\/\/mueblesjbrinas.com\/wp-content\/uploads\/2018\/03\/logo-web.png\",\"contentUrl\":\"https:\/\/mueblesjbrinas.com\/wp-content\/uploads\/2018\/03\/logo-web.png\",\"width\":300,\"height\":146,\"caption\":\"In&Out Furniture\"},\"image\":{\"@id\":\"https:\/\/mueblesjbrinas.com\/es\/#\/schema\/logo\/image\/\"},\"sameAs\":[\"https:\/\/www.facebook.com\/mueblesjbrinas\"]}]}<\/script>\n<!-- \/ Yoast SEO Premium plugin. -->","yoast_head_json":{"title":"\u25b7 Tienda de muebles en Rojales | In&Out Furniture","description":"Tienda de muebles en Rojales con muebles de exterior, jard\u00edn e interior. Encuentra sof\u00e1s y decoraci\u00f3n en In&Out Furniture cerca de ti.","robots":{"index":"index","follow":"follow","max-snippet":"max-snippet:-1","max-image-preview":"max-image-preview:large","max-video-preview":"max-video-preview:-1"},"canonical":"https:\/\/mueblesjbrinas.com\/es\/muebles-en-rojales\/","og_locale":"es_ES","og_type":"article","og_title":"In&Out Rojales","og_description":"Tienda de muebles en Rojales con muebles de exterior, jard\u00edn e interior. Encuentra sof\u00e1s y decoraci\u00f3n en In&Out Furniture cerca de ti.","og_url":"https:\/\/mueblesjbrinas.com\/es\/muebles-en-rojales\/","og_site_name":"In &amp; Out Furniture","article_publisher":"https:\/\/www.facebook.com\/mueblesjbrinas","article_modified_time":"2026-04-16T10:22:19+00:00","og_image":[{"url":"https:\/\/mueblesjbrinas.com\/wp-content\/uploads\/2024\/06\/rojales-furniture-store.jpg","type":"","width":"","height":""}],"twitter_card":"summary_large_image","twitter_misc":{"Tiempo de lectura":"2 minutos"},"schema":{"@context":"https:\/\/schema.org","@graph":[{"@type":"WebPage","@id":"https:\/\/mueblesjbrinas.com\/es\/muebles-en-rojales\/","url":"https:\/\/mueblesjbrinas.com\/es\/muebles-en-rojales\/","name":"\u25b7 Tienda de muebles en Rojales | In&Out Furniture","isPartOf":{"@id":"https:\/\/mueblesjbrinas.com\/es\/#website"},"primaryImageOfPage":{"@id":"https:\/\/mueblesjbrinas.com\/es\/muebles-en-rojales\/#primaryimage"},"image":{"@id":"https:\/\/mueblesjbrinas.com\/es\/muebles-en-rojales\/#primaryimage"},"thumbnailUrl":"https:\/\/mueblesjbrinas.com\/wp-content\/uploads\/2024\/06\/rojales-furniture-store.jpg","datePublished":"2024-07-24T09:51:13+00:00","dateModified":"2026-04-16T10:22:19+00:00","description":"Tienda de muebles en Rojales con muebles de exterior, jard\u00edn e interior. Encuentra sof\u00e1s y decoraci\u00f3n en In&Out Furniture cerca de ti.","breadcrumb":{"@id":"https:\/\/mueblesjbrinas.com\/es\/muebles-en-rojales\/#breadcrumb"},"inLanguage":"es","potentialAction":[{"@type":"ReadAction","target":["https:\/\/mueblesjbrinas.com\/es\/muebles-en-rojales\/"]}]},{"@type":"ImageObject","inLanguage":"es","@id":"https:\/\/mueblesjbrinas.com\/es\/muebles-en-rojales\/#primaryimage","url":"https:\/\/mueblesjbrinas.com\/wp-content\/uploads\/2024\/06\/rojales-furniture-store.jpg","contentUrl":"https:\/\/mueblesjbrinas.com\/wp-content\/uploads\/2024\/06\/rojales-furniture-store.jpg"},{"@type":"BreadcrumbList","@id":"https:\/\/mueblesjbrinas.com\/es\/muebles-en-rojales\/#breadcrumb","itemListElement":[{"@type":"ListItem","position":1,"name":"Portada","item":"https:\/\/mueblesjbrinas.com\/es\/"},{"@type":"ListItem","position":2,"name":"In&#038;Out Rojales"}]},{"@type":"WebSite","@id":"https:\/\/mueblesjbrinas.com\/es\/#website","url":"https:\/\/mueblesjbrinas.com\/es\/","name":"Muebles Bri\u00f1as","description":"Online Outdoor Furniture Shop in Costa Blanca. Torrevieja, Rojales, Guardamar, San Javier.","publisher":{"@id":"https:\/\/mueblesjbrinas.com\/es\/#organization"},"potentialAction":[{"@type":"SearchAction","target":{"@type":"EntryPoint","urlTemplate":"https:\/\/mueblesjbrinas.com\/es\/?s={search_term_string}"},"query-input":{"@type":"PropertyValueSpecification","valueRequired":true,"valueName":"search_term_string"}}],"inLanguage":"es"},{"@type":"Organization","@id":"https:\/\/mueblesjbrinas.com\/es\/#organization","name":"In&Out Furniture","alternateName":"Muebles J. Bri\u00f1as","url":"https:\/\/mueblesjbrinas.com\/es\/","logo":{"@type":"ImageObject","inLanguage":"es","@id":"https:\/\/mueblesjbrinas.com\/es\/#\/schema\/logo\/image\/","url":"https:\/\/mueblesjbrinas.com\/wp-content\/uploads\/2018\/03\/logo-web.png","contentUrl":"https:\/\/mueblesjbrinas.com\/wp-content\/uploads\/2018\/03\/logo-web.png","width":300,"height":146,"caption":"In&Out Furniture"},"image":{"@id":"https:\/\/mueblesjbrinas.com\/es\/#\/schema\/logo\/image\/"},"sameAs":["https:\/\/www.facebook.com\/mueblesjbrinas"]}]}},"_links":{"self":[{"href":"https:\/\/mueblesjbrinas.com\/es\/wp-json\/wp\/v2\/pages\/13158","targetHints":{"allow":["GET"]}}],"collection":[{"href":"https:\/\/mueblesjbrinas.com\/es\/wp-json\/wp\/v2\/pages"}],"about":[{"href":"https:\/\/mueblesjbrinas.com\/es\/wp-json\/wp\/v2\/types\/page"}],"author":[{"embeddable":true,"href":"https:\/\/mueblesjbrinas.com\/es\/wp-json\/wp\/v2\/users\/1"}],"replies":[{"embeddable":true,"href":"https:\/\/mueblesjbrinas.com\/es\/wp-json\/wp\/v2\/comments?post=13158"}],"version-history":[{"count":20,"href":"https:\/\/mueblesjbrinas.com\/es\/wp-json\/wp\/v2\/pages\/13158\/revisions"}],"predecessor-version":[{"id":14594,"href":"https:\/\/mueblesjbrinas.com\/es\/wp-json\/wp\/v2\/pages\/13158\/revisions\/14594"}],"wp:attachment":[{"href":"https:\/\/mueblesjbrinas.com\/es\/wp-json\/wp\/v2\/media?parent=13158"}],"curies":[{"name":"wp","href":"https:\/\/api.w.org\/{rel}","templated":true}]}}