{"id":13150,"date":"2024-07-24T11:44:15","date_gmt":"2024-07-24T09:44:15","guid":{"rendered":"https:\/\/mueblesjbrinas.com\/tienda-de-muebles-en-torrevieja\/"},"modified":"2026-04-16T12:22:49","modified_gmt":"2026-04-16T10:22:49","slug":"tienda-de-muebles-en-torrevieja","status":"publish","type":"page","link":"https:\/\/mueblesjbrinas.com\/es\/tienda-de-muebles-en-torrevieja\/","title":{"rendered":"In&#038;Out Torrevieja"},"content":{"rendered":"\t\t<div data-elementor-type=\"wp-page\" data-elementor-id=\"13150\" class=\"elementor elementor-13150 elementor-13063\" data-elementor-post-type=\"page\">\n\t\t\t\t<div class=\"elementor-element elementor-element-0211e27 e-con-full e-flex e-con e-parent\" data-id=\"0211e27\" data-element_type=\"container\" data-settings=\"{&quot;background_background&quot;:&quot;classic&quot;}\">\n\t\t\t\t<div class=\"elementor-element elementor-element-47fe427 elementor-widget elementor-widget-heading\" data-id=\"47fe427\" data-element_type=\"widget\" data-widget_type=\"heading.default\">\n\t\t\t\t<div class=\"elementor-widget-container\">\n\t\t\t<h1 class=\"elementor-heading-title elementor-size-default\">Tienda de muebles en Torrevieja<br>In&amp;Out Furniture cerca de m\u00ed<\/h1>\t\t<\/div>\n\t\t\t\t<\/div>\n\t\t\t\t<div class=\"elementor-element elementor-element-c61bb10 elementor-widget__width-initial elementor-widget elementor-widget-text-editor\" data-id=\"c61bb10\" data-element_type=\"widget\" data-widget_type=\"text-editor.default\">\n\t\t\t\t<div class=\"elementor-widget-container\">\n\t\t\t\t\t\t\t<p data-start=\"157\" data-end=\"343\">Si buscas una <strong>tienda de muebles en Torrevieja<\/strong> o una opci\u00f3n de<strong> muebles cerca de ti<\/strong>, en In&amp;Out Furniture encontrar\u00e1s muebles de jard\u00edn, interior y exterior con asesoramiento personalizado.<\/p><p data-start=\"345\" data-end=\"491\">Somos una <strong>tienda de muebles cerca de Torrevieja<\/strong> pensada para quienes quieren encontrar calidad, dise\u00f1o y atenci\u00f3n cercana sin alejarse de su zona.<\/p>\t\t\t\t\t\t<\/div>\n\t\t\t\t<\/div>\n\t\t\t\t<\/div>\n\t\t<div class=\"elementor-element elementor-element-1b95077 e-flex e-con-boxed e-con e-parent\" data-id=\"1b95077\" data-element_type=\"container\">\n\t\t\t\t\t<div class=\"e-con-inner\">\n\t\t<div class=\"elementor-element elementor-element-a2fc6c8 e-con-full e-flex e-con e-child\" data-id=\"a2fc6c8\" data-element_type=\"container\">\n\t\t\t\t<div class=\"elementor-element elementor-element-87c51e7 elementor-widget elementor-widget-heading\" data-id=\"87c51e7\" data-element_type=\"widget\" data-widget_type=\"heading.default\">\n\t\t\t\t<div class=\"elementor-widget-container\">\n\t\t\t<h2 class=\"elementor-heading-title elementor-size-default\"><a href=\"https:\/\/share.google\/tEANGiWMY9mlt0KO4\" target=\"_blank\"><p data-start=\"519\" data-end=\"573\"><strong data-start=\"519\" data-end=\"573\">In&amp;Out tienda de muebles cerca de m\u00ed en Torrevieja<\/strong><span style=\"font-size: 20px\"><\/span><\/p><\/a><\/h2>\t\t<\/div>\n\t\t\t\t<\/div>\n\t\t\t\t<div class=\"elementor-element elementor-element-84ab5d4 elementor-widget elementor-widget-heading\" data-id=\"84ab5d4\" data-element_type=\"widget\" data-widget_type=\"heading.default\">\n\t\t\t\t<div class=\"elementor-widget-container\">\n\t\t\t<h3 class=\"elementor-heading-title elementor-size-default\">Muebles de jard\u00edn, exterior e interior para casa<\/h3>\t\t<\/div>\n\t\t\t\t<\/div>\n\t\t\t\t<div class=\"elementor-element elementor-element-80b7570 elementor-widget elementor-widget-text-editor\" data-id=\"80b7570\" data-element_type=\"widget\" data-widget_type=\"text-editor.default\">\n\t\t\t\t<div class=\"elementor-widget-container\">\n\t\t\t\t\t\t\t<p data-start=\"629\" data-end=\"706\">Nuestra tienda de muebles situada en Orihuela Costa, Torrevieja: C. Torre del Oro, 8 \u2013 03189 Punta Prima, Alicante<\/p><p data-start=\"760\" data-end=\"965\">Si buscas muebles en Torrevieja o una tienda de muebles cerca de ti, en In&amp;Out Furniture encontrar\u00e1s una amplia variedad de muebles de jard\u00edn, interior y exterior para tu hogar en la provincia de Alicante.<\/p><p data-start=\"984\" data-end=\"1008\"><strong data-start=\"984\" data-end=\"1008\">Horario de apertura:<br \/><\/strong>Lunes a Viernes<br data-start=\"1025\" data-end=\"1028\" \/>10:00h \u2013 18:00h<\/p><p data-start=\"1047\" data-end=\"1073\">S\u00e1bado<br data-start=\"1053\" data-end=\"1056\" \/>10:00h \u2013 14:00h<\/p><p data-start=\"1093\" data-end=\"1123\"><strong data-start=\"1093\" data-end=\"1123\">Tel\u00e9fono: <\/strong>+34 965 50 61 55<\/p>\t\t\t\t\t\t<\/div>\n\t\t\t\t<\/div>\n\t\t\t\t<\/div>\n\t\t<div class=\"elementor-element elementor-element-4513d08 e-con-full e-flex e-con e-child\" data-id=\"4513d08\" data-element_type=\"container\">\n\t\t\t\t<div class=\"elementor-element elementor-element-1e0383b elementor-widget elementor-widget-google_maps\" data-id=\"1e0383b\" data-element_type=\"widget\" data-widget_type=\"google_maps.default\">\n\t\t\t\t<div class=\"elementor-widget-container\">\n\t\t\t\t\t<div class=\"elementor-custom-embed\">\n\t\t\t<iframe loading=\"lazy\"\n\t\t\t\t\tsrc=\"https:\/\/maps.google.com\/maps?q=in%26out%20furniture%20by%20bri%C3%B1as%20orihuela%20costa&#038;t=m&#038;z=10&#038;output=embed&#038;iwloc=near\"\n\t\t\t\t\ttitle=\"in&amp;out furniture by bri\u00f1as orihuela costa\"\n\t\t\t\t\taria-label=\"in&amp;out furniture by bri\u00f1as orihuela costa\"\n\t\t\t><\/iframe>\n\t\t<\/div>\n\t\t\t\t<\/div>\n\t\t\t\t<\/div>\n\t\t\t\t<\/div>\n\t\t\t\t\t<\/div>\n\t\t\t\t<\/div>\n\t\t<div class=\"elementor-element elementor-element-fd66e6a e-flex e-con-boxed e-con e-parent\" data-id=\"fd66e6a\" data-element_type=\"container\" data-settings=\"{&quot;background_background&quot;:&quot;classic&quot;}\">\n\t\t\t\t\t<div class=\"e-con-inner\">\n\t\t<div class=\"elementor-element elementor-element-63ec39c e-con-full e-flex e-con e-child\" data-id=\"63ec39c\" data-element_type=\"container\">\n\t\t\t\t<div class=\"elementor-element elementor-element-7c8e7bc elementor-widget elementor-widget-heading\" data-id=\"7c8e7bc\" data-element_type=\"widget\" data-widget_type=\"heading.default\">\n\t\t\t\t<div class=\"elementor-widget-container\">\n\t\t\t<h2 class=\"elementor-heading-title elementor-size-default\">Contacta con In&amp;Out Furniture<\/h2>\t\t<\/div>\n\t\t\t\t<\/div>\n\t\t\t\t<div class=\"elementor-element elementor-element-7e6d26c elementor-widget elementor-widget-text-editor\" data-id=\"7e6d26c\" data-element_type=\"widget\" data-widget_type=\"text-editor.default\">\n\t\t\t\t<div class=\"elementor-widget-container\">\n\t\t\t\t\t\t\t<p>\u00bfNecesita informaci\u00f3n adicional? \u00bfTiene alguna pregunta o est\u00e1 buscando un presupuesto?<\/p>\n<p><strong>Env\u00ede el siguiente formulario de contacto<\/strong> y resolveremos sus dudas lo antes posible, \u00a1Gracias!<\/p>\n\t\t\t\t\t\t<\/div>\n\t\t\t\t<\/div>\n\t\t\t\t<div class=\"elementor-element elementor-element-1096622 elementor-widget elementor-widget-image\" data-id=\"1096622\" data-element_type=\"widget\" data-widget_type=\"image.default\">\n\t\t\t\t<div class=\"elementor-widget-container\">\n\t\t\t\t\t\t\t\t\t\t\t\t\t<img fetchpriority=\"high\" decoding=\"async\" width=\"1024\" height=\"768\" src=\"https:\/\/mueblesjbrinas.com\/wp-content\/uploads\/2024\/07\/PHOTO-2024-07-03-10-28-25-1024x768.jpg\" class=\"attachment-large size-large wp-image-13096\" alt=\"torrevieja in and out furniture\" srcset=\"https:\/\/mueblesjbrinas.com\/wp-content\/uploads\/2024\/07\/PHOTO-2024-07-03-10-28-25-1024x768.jpg 1024w, https:\/\/mueblesjbrinas.com\/wp-content\/uploads\/2024\/07\/PHOTO-2024-07-03-10-28-25-300x225.jpg 300w, https:\/\/mueblesjbrinas.com\/wp-content\/uploads\/2024\/07\/PHOTO-2024-07-03-10-28-25-768x576.jpg 768w, https:\/\/mueblesjbrinas.com\/wp-content\/uploads\/2024\/07\/PHOTO-2024-07-03-10-28-25-1536x1152.jpg 1536w, https:\/\/mueblesjbrinas.com\/wp-content\/uploads\/2024\/07\/PHOTO-2024-07-03-10-28-25-680x510.jpg 680w, https:\/\/mueblesjbrinas.com\/wp-content\/uploads\/2024\/07\/PHOTO-2024-07-03-10-28-25.jpg 2048w\" sizes=\"(max-width: 1024px) 100vw, 1024px\" \/>\t\t\t\t\t\t\t\t\t\t\t\t\t<\/div>\n\t\t\t\t<\/div>\n\t\t\t\t<\/div>\n\t\t<div class=\"elementor-element elementor-element-fcc90d2 e-con-full e-flex e-con e-child\" data-id=\"fcc90d2\" data-element_type=\"container\">\n\t\t\t\t<\/div>\n\t\t\t\t\t<\/div>\n\t\t\t\t<\/div>\n\t\t<div class=\"elementor-element elementor-element-c58fe19 e-flex e-con-boxed e-con e-parent\" data-id=\"c58fe19\" data-element_type=\"container\">\n\t\t\t\t\t<div class=\"e-con-inner\">\n\t\t\t\t<div class=\"elementor-element elementor-element-fd5f4a3 elementor-widget elementor-widget-html\" data-id=\"fd5f4a3\" data-element_type=\"widget\" data-widget_type=\"html.default\">\n\t\t\t\t<div class=\"elementor-widget-container\">\n\t\t\t<script type=\"application\/ld+json\">\r\n{\r\n  \"@context\": \"https:\/\/schema.org\",\r\n  \"@type\": \"FurnitureStore\",\r\n  \"name\": \"In&Out Furniture\",\r\n  \"url\": \"https:\/\/mueblesjbrinas.com\/es\/tienda-de-muebles-en-torrevieja\/\",\r\n  \"telephone\": \"+34965506155\",\r\n  \"address\": {\r\n    \"@type\": \"PostalAddress\",\r\n    \"streetAddress\": \"C. Torre del Oro, 8\",\r\n    \"addressLocality\": \"Orihuela Costa\",\r\n    \"addressRegion\": \"Alicante\",\r\n    \"postalCode\": \"03189\",\r\n    \"addressCountry\": \"ES\"\r\n  }\r\n}\r\n<\/script>\t\t<\/div>\n\t\t\t\t<\/div>\n\t\t\t\t\t<\/div>\n\t\t\t\t<\/div>\n\t\t\t\t<\/div>\n\t\t","protected":false},"excerpt":{"rendered":"<p>Tienda de muebles en Torrevieja In&amp;Out Furniture cerca de m\u00ed Si buscas una tienda de muebles en Torrevieja o una opci\u00f3n de muebles cerca de ti, en In&amp;Out Furniture encontrar\u00e1s muebles de jard\u00edn, interior y exterior con asesoramiento personalizado. Somos una tienda de muebles cerca de Torrevieja pensada para quienes quieren encontrar calidad, dise\u00f1o y &hellip;<\/p>\n","protected":false},"author":1,"featured_media":0,"parent":0,"menu_order":0,"comment_status":"closed","ping_status":"closed","template":"elementor_header_footer","meta":{"_acf_changed":false,"_joinchat":[],"footnotes":""},"class_list":["post-13150","page","type-page","status-publish","hentry"],"acf":[],"yoast_head":"<!-- This site is optimized with the Yoast SEO Premium plugin v22.5 (Yoast SEO v24.8) - https:\/\/yoast.com\/wordpress\/plugins\/seo\/ -->\n<title>\u25b7 Tienda de muebles en Torrevieja | In&amp;Out Furniture<\/title>\n<meta name=\"description\" content=\"Tienda de muebles en Torrevieja con opciones de jard\u00edn, interior y exterior. Descubre muebles de calidad en In&amp;Out Furniture cerca de ti.\" \/>\n<meta name=\"robots\" content=\"index, follow, max-snippet:-1, max-image-preview:large, max-video-preview:-1\" \/>\n<link rel=\"canonical\" href=\"https:\/\/mueblesjbrinas.com\/es\/tienda-de-muebles-en-torrevieja\/\" \/>\n<meta property=\"og:locale\" content=\"es_ES\" \/>\n<meta property=\"og:type\" content=\"article\" \/>\n<meta property=\"og:title\" content=\"In&amp;Out Torrevieja\" \/>\n<meta property=\"og:description\" content=\"Tienda de muebles en Torrevieja con opciones de jard\u00edn, interior y exterior. Descubre muebles de calidad en In&amp;Out Furniture cerca de ti.\" \/>\n<meta property=\"og:url\" content=\"https:\/\/mueblesjbrinas.com\/es\/tienda-de-muebles-en-torrevieja\/\" \/>\n<meta property=\"og:site_name\" content=\"In &amp; Out Furniture\" \/>\n<meta property=\"article:publisher\" content=\"https:\/\/www.facebook.com\/mueblesjbrinas\" \/>\n<meta property=\"article:modified_time\" content=\"2026-04-16T10:22:49+00:00\" \/>\n<meta property=\"og:image\" content=\"https:\/\/mueblesjbrinas.com\/wp-content\/uploads\/2024\/07\/PHOTO-2024-07-03-10-28-25-1024x768.jpg\" \/>\n<meta name=\"twitter:card\" content=\"summary_large_image\" \/>\n<meta name=\"twitter:label1\" content=\"Tiempo de lectura\" \/>\n\t<meta name=\"twitter:data1\" content=\"2 minutos\" \/>\n<script type=\"application\/ld+json\" class=\"yoast-schema-graph\">{\"@context\":\"https:\/\/schema.org\",\"@graph\":[{\"@type\":\"WebPage\",\"@id\":\"https:\/\/mueblesjbrinas.com\/es\/tienda-de-muebles-en-torrevieja\/\",\"url\":\"https:\/\/mueblesjbrinas.com\/es\/tienda-de-muebles-en-torrevieja\/\",\"name\":\"\u25b7 Tienda de muebles en Torrevieja | In&Out Furniture\",\"isPartOf\":{\"@id\":\"https:\/\/mueblesjbrinas.com\/es\/#website\"},\"primaryImageOfPage\":{\"@id\":\"https:\/\/mueblesjbrinas.com\/es\/tienda-de-muebles-en-torrevieja\/#primaryimage\"},\"image\":{\"@id\":\"https:\/\/mueblesjbrinas.com\/es\/tienda-de-muebles-en-torrevieja\/#primaryimage\"},\"thumbnailUrl\":\"https:\/\/mueblesjbrinas.com\/wp-content\/uploads\/2024\/07\/PHOTO-2024-07-03-10-28-25-1024x768.jpg\",\"datePublished\":\"2024-07-24T09:44:15+00:00\",\"dateModified\":\"2026-04-16T10:22:49+00:00\",\"description\":\"Tienda de muebles en Torrevieja con opciones de jard\u00edn, interior y exterior. Descubre muebles de calidad en In&Out Furniture cerca de ti.\",\"breadcrumb\":{\"@id\":\"https:\/\/mueblesjbrinas.com\/es\/tienda-de-muebles-en-torrevieja\/#breadcrumb\"},\"inLanguage\":\"es\",\"potentialAction\":[{\"@type\":\"ReadAction\",\"target\":[\"https:\/\/mueblesjbrinas.com\/es\/tienda-de-muebles-en-torrevieja\/\"]}]},{\"@type\":\"ImageObject\",\"inLanguage\":\"es\",\"@id\":\"https:\/\/mueblesjbrinas.com\/es\/tienda-de-muebles-en-torrevieja\/#primaryimage\",\"url\":\"https:\/\/mueblesjbrinas.com\/wp-content\/uploads\/2024\/07\/PHOTO-2024-07-03-10-28-25-1024x768.jpg\",\"contentUrl\":\"https:\/\/mueblesjbrinas.com\/wp-content\/uploads\/2024\/07\/PHOTO-2024-07-03-10-28-25-1024x768.jpg\"},{\"@type\":\"BreadcrumbList\",\"@id\":\"https:\/\/mueblesjbrinas.com\/es\/tienda-de-muebles-en-torrevieja\/#breadcrumb\",\"itemListElement\":[{\"@type\":\"ListItem\",\"position\":1,\"name\":\"Portada\",\"item\":\"https:\/\/mueblesjbrinas.com\/es\/\"},{\"@type\":\"ListItem\",\"position\":2,\"name\":\"In&#038;Out Torrevieja\"}]},{\"@type\":\"WebSite\",\"@id\":\"https:\/\/mueblesjbrinas.com\/es\/#website\",\"url\":\"https:\/\/mueblesjbrinas.com\/es\/\",\"name\":\"Muebles Bri\u00f1as\",\"description\":\"Online Outdoor Furniture Shop in Costa Blanca. Torrevieja, Rojales, Guardamar, San Javier.\",\"publisher\":{\"@id\":\"https:\/\/mueblesjbrinas.com\/es\/#organization\"},\"potentialAction\":[{\"@type\":\"SearchAction\",\"target\":{\"@type\":\"EntryPoint\",\"urlTemplate\":\"https:\/\/mueblesjbrinas.com\/es\/?s={search_term_string}\"},\"query-input\":{\"@type\":\"PropertyValueSpecification\",\"valueRequired\":true,\"valueName\":\"search_term_string\"}}],\"inLanguage\":\"es\"},{\"@type\":\"Organization\",\"@id\":\"https:\/\/mueblesjbrinas.com\/es\/#organization\",\"name\":\"In&Out Furniture\",\"alternateName\":\"Muebles J. Bri\u00f1as\",\"url\":\"https:\/\/mueblesjbrinas.com\/es\/\",\"logo\":{\"@type\":\"ImageObject\",\"inLanguage\":\"es\",\"@id\":\"https:\/\/mueblesjbrinas.com\/es\/#\/schema\/logo\/image\/\",\"url\":\"https:\/\/mueblesjbrinas.com\/wp-content\/uploads\/2018\/03\/logo-web.png\",\"contentUrl\":\"https:\/\/mueblesjbrinas.com\/wp-content\/uploads\/2018\/03\/logo-web.png\",\"width\":300,\"height\":146,\"caption\":\"In&Out Furniture\"},\"image\":{\"@id\":\"https:\/\/mueblesjbrinas.com\/es\/#\/schema\/logo\/image\/\"},\"sameAs\":[\"https:\/\/www.facebook.com\/mueblesjbrinas\"]}]}<\/script>\n<!-- \/ Yoast SEO Premium plugin. -->","yoast_head_json":{"title":"\u25b7 Tienda de muebles en Torrevieja | In&Out Furniture","description":"Tienda de muebles en Torrevieja con opciones de jard\u00edn, interior y exterior. Descubre muebles de calidad en In&Out Furniture cerca de ti.","robots":{"index":"index","follow":"follow","max-snippet":"max-snippet:-1","max-image-preview":"max-image-preview:large","max-video-preview":"max-video-preview:-1"},"canonical":"https:\/\/mueblesjbrinas.com\/es\/tienda-de-muebles-en-torrevieja\/","og_locale":"es_ES","og_type":"article","og_title":"In&Out Torrevieja","og_description":"Tienda de muebles en Torrevieja con opciones de jard\u00edn, interior y exterior. Descubre muebles de calidad en In&Out Furniture cerca de ti.","og_url":"https:\/\/mueblesjbrinas.com\/es\/tienda-de-muebles-en-torrevieja\/","og_site_name":"In &amp; Out Furniture","article_publisher":"https:\/\/www.facebook.com\/mueblesjbrinas","article_modified_time":"2026-04-16T10:22:49+00:00","og_image":[{"url":"https:\/\/mueblesjbrinas.com\/wp-content\/uploads\/2024\/07\/PHOTO-2024-07-03-10-28-25-1024x768.jpg","type":"","width":"","height":""}],"twitter_card":"summary_large_image","twitter_misc":{"Tiempo de lectura":"2 minutos"},"schema":{"@context":"https:\/\/schema.org","@graph":[{"@type":"WebPage","@id":"https:\/\/mueblesjbrinas.com\/es\/tienda-de-muebles-en-torrevieja\/","url":"https:\/\/mueblesjbrinas.com\/es\/tienda-de-muebles-en-torrevieja\/","name":"\u25b7 Tienda de muebles en Torrevieja | In&Out Furniture","isPartOf":{"@id":"https:\/\/mueblesjbrinas.com\/es\/#website"},"primaryImageOfPage":{"@id":"https:\/\/mueblesjbrinas.com\/es\/tienda-de-muebles-en-torrevieja\/#primaryimage"},"image":{"@id":"https:\/\/mueblesjbrinas.com\/es\/tienda-de-muebles-en-torrevieja\/#primaryimage"},"thumbnailUrl":"https:\/\/mueblesjbrinas.com\/wp-content\/uploads\/2024\/07\/PHOTO-2024-07-03-10-28-25-1024x768.jpg","datePublished":"2024-07-24T09:44:15+00:00","dateModified":"2026-04-16T10:22:49+00:00","description":"Tienda de muebles en Torrevieja con opciones de jard\u00edn, interior y exterior. Descubre muebles de calidad en In&Out Furniture cerca de ti.","breadcrumb":{"@id":"https:\/\/mueblesjbrinas.com\/es\/tienda-de-muebles-en-torrevieja\/#breadcrumb"},"inLanguage":"es","potentialAction":[{"@type":"ReadAction","target":["https:\/\/mueblesjbrinas.com\/es\/tienda-de-muebles-en-torrevieja\/"]}]},{"@type":"ImageObject","inLanguage":"es","@id":"https:\/\/mueblesjbrinas.com\/es\/tienda-de-muebles-en-torrevieja\/#primaryimage","url":"https:\/\/mueblesjbrinas.com\/wp-content\/uploads\/2024\/07\/PHOTO-2024-07-03-10-28-25-1024x768.jpg","contentUrl":"https:\/\/mueblesjbrinas.com\/wp-content\/uploads\/2024\/07\/PHOTO-2024-07-03-10-28-25-1024x768.jpg"},{"@type":"BreadcrumbList","@id":"https:\/\/mueblesjbrinas.com\/es\/tienda-de-muebles-en-torrevieja\/#breadcrumb","itemListElement":[{"@type":"ListItem","position":1,"name":"Portada","item":"https:\/\/mueblesjbrinas.com\/es\/"},{"@type":"ListItem","position":2,"name":"In&#038;Out Torrevieja"}]},{"@type":"WebSite","@id":"https:\/\/mueblesjbrinas.com\/es\/#website","url":"https:\/\/mueblesjbrinas.com\/es\/","name":"Muebles Bri\u00f1as","description":"Online Outdoor Furniture Shop in Costa Blanca. Torrevieja, Rojales, Guardamar, San Javier.","publisher":{"@id":"https:\/\/mueblesjbrinas.com\/es\/#organization"},"potentialAction":[{"@type":"SearchAction","target":{"@type":"EntryPoint","urlTemplate":"https:\/\/mueblesjbrinas.com\/es\/?s={search_term_string}"},"query-input":{"@type":"PropertyValueSpecification","valueRequired":true,"valueName":"search_term_string"}}],"inLanguage":"es"},{"@type":"Organization","@id":"https:\/\/mueblesjbrinas.com\/es\/#organization","name":"In&Out Furniture","alternateName":"Muebles J. Bri\u00f1as","url":"https:\/\/mueblesjbrinas.com\/es\/","logo":{"@type":"ImageObject","inLanguage":"es","@id":"https:\/\/mueblesjbrinas.com\/es\/#\/schema\/logo\/image\/","url":"https:\/\/mueblesjbrinas.com\/wp-content\/uploads\/2018\/03\/logo-web.png","contentUrl":"https:\/\/mueblesjbrinas.com\/wp-content\/uploads\/2018\/03\/logo-web.png","width":300,"height":146,"caption":"In&Out Furniture"},"image":{"@id":"https:\/\/mueblesjbrinas.com\/es\/#\/schema\/logo\/image\/"},"sameAs":["https:\/\/www.facebook.com\/mueblesjbrinas"]}]}},"_links":{"self":[{"href":"https:\/\/mueblesjbrinas.com\/es\/wp-json\/wp\/v2\/pages\/13150","targetHints":{"allow":["GET"]}}],"collection":[{"href":"https:\/\/mueblesjbrinas.com\/es\/wp-json\/wp\/v2\/pages"}],"about":[{"href":"https:\/\/mueblesjbrinas.com\/es\/wp-json\/wp\/v2\/types\/page"}],"author":[{"embeddable":true,"href":"https:\/\/mueblesjbrinas.com\/es\/wp-json\/wp\/v2\/users\/1"}],"replies":[{"embeddable":true,"href":"https:\/\/mueblesjbrinas.com\/es\/wp-json\/wp\/v2\/comments?post=13150"}],"version-history":[{"count":16,"href":"https:\/\/mueblesjbrinas.com\/es\/wp-json\/wp\/v2\/pages\/13150\/revisions"}],"predecessor-version":[{"id":14592,"href":"https:\/\/mueblesjbrinas.com\/es\/wp-json\/wp\/v2\/pages\/13150\/revisions\/14592"}],"wp:attachment":[{"href":"https:\/\/mueblesjbrinas.com\/es\/wp-json\/wp\/v2\/media?parent=13150"}],"curies":[{"name":"wp","href":"https:\/\/api.w.org\/{rel}","templated":true}]}}