{"id":13128,"date":"2024-07-23T17:44:19","date_gmt":"2024-07-23T15:44:19","guid":{"rendered":"https:\/\/mueblesjbrinas.com\/tienda-de-muebles-en-guardamar\/"},"modified":"2026-04-16T12:27:08","modified_gmt":"2026-04-16T10:27:08","slug":"tienda-de-muebles-en-guardamar","status":"publish","type":"page","link":"https:\/\/mueblesjbrinas.com\/es\/tienda-de-muebles-en-guardamar\/","title":{"rendered":"In&#038;Out Guardamar"},"content":{"rendered":"\t\t<div data-elementor-type=\"wp-page\" data-elementor-id=\"13128\" class=\"elementor elementor-13128 elementor-12763\" data-elementor-post-type=\"page\">\n\t\t\t\t<div class=\"elementor-element elementor-element-a9e32b3 e-con-full e-flex e-con e-parent\" data-id=\"a9e32b3\" data-element_type=\"container\" data-settings=\"{&quot;background_background&quot;:&quot;classic&quot;}\">\n\t\t\t\t<div class=\"elementor-element elementor-element-3fe58b9 elementor-widget elementor-widget-heading\" data-id=\"3fe58b9\" data-element_type=\"widget\" data-widget_type=\"heading.default\">\n\t\t\t\t<div class=\"elementor-widget-container\">\n\t\t\t<h1 class=\"elementor-heading-title elementor-size-default\">Tienda de muebles en Guardamar <br> In&amp;Out Furniture cerca de m\u00ed<\/h1>\t\t<\/div>\n\t\t\t\t<\/div>\n\t\t\t\t<div class=\"elementor-element elementor-element-3e4df15 elementor-widget__width-initial elementor-widget elementor-widget-text-editor\" data-id=\"3e4df15\" data-element_type=\"widget\" data-widget_type=\"text-editor.default\">\n\t\t\t\t<div class=\"elementor-widget-container\">\n\t\t\t\t\t\t\t<p>Si buscas una <strong>tienda de muebles en Guardamar<\/strong> o una opci\u00f3n de <strong>muebles cerca de ti<\/strong>, en In&amp;Out Furniture encontrar\u00e1s muebles de interior, exterior, jard\u00edn, sof\u00e1s y soluciones para el hogar con asesoramiento personalizado.<\/p><p>Somos una <strong>tienda de muebles cerca de Guardamar del Segura<\/strong> pensada para quienes quieren encontrar calidad, dise\u00f1o y atenci\u00f3n cercana sin alejarse de su zona.<\/p>\t\t\t\t\t\t<\/div>\n\t\t\t\t<\/div>\n\t\t\t\t<\/div>\n\t\t<div class=\"elementor-element elementor-element-0d55b47 e-flex e-con-boxed e-con e-parent\" data-id=\"0d55b47\" data-element_type=\"container\">\n\t\t\t\t\t<div class=\"e-con-inner\">\n\t\t<div class=\"elementor-element elementor-element-1abeb8d e-con-full e-flex e-con e-child\" data-id=\"1abeb8d\" data-element_type=\"container\">\n\t\t\t\t<div class=\"elementor-element elementor-element-eae2cbf elementor-widget elementor-widget-heading\" data-id=\"eae2cbf\" data-element_type=\"widget\" data-widget_type=\"heading.default\">\n\t\t\t\t<div class=\"elementor-widget-container\">\n\t\t\t<h2 class=\"elementor-heading-title elementor-size-default\"><a href=\"https:\/\/share.google\/wnVXwqm8LLAl8xTX1\" target=\"_blank\">In&amp;Out tienda de muebles cerca de m\u00ed<\/a><\/h2>\t\t<\/div>\n\t\t\t\t<\/div>\n\t\t\t\t<div class=\"elementor-element elementor-element-5dee2d5 elementor-widget elementor-widget-heading\" data-id=\"5dee2d5\" data-element_type=\"widget\" data-widget_type=\"heading.default\">\n\t\t\t\t<div class=\"elementor-widget-container\">\n\t\t\t<h3 class=\"elementor-heading-title elementor-size-default\">Muebles de exterior, jard\u00edn e interior para casa<\/h3>\t\t<\/div>\n\t\t\t\t<\/div>\n\t\t\t\t<div class=\"elementor-element elementor-element-9211de4 elementor-widget elementor-widget-text-editor\" data-id=\"9211de4\" data-element_type=\"widget\" data-widget_type=\"text-editor.default\">\n\t\t\t\t<div class=\"elementor-widget-container\">\n\t\t\t\t\t\t\t<p>Nuestra tienda de muebles situada en Guardamar del Segura: Calle Fusters, 114 &#8211; 03140 Guardamar del Segura, Alicante.<\/p><div class=\"relative w-full mt-4 mb-1\"><div class=\"\"><div class=\"relative\"><div class=\"h-full min-h-0 min-w-0\"><div class=\"h-full min-h-0 min-w-0\"><div class=\"border border-token-border-light border-radius-3xl corner-superellipse\/1.1 rounded-3xl\"><div class=\"h-full w-full border-radius-3xl bg-token-bg-elevated-secondary corner-superellipse\/1.1 overflow-clip rounded-3xl lxnfua_clipPathFallback\"><div class=\"relative\"><div class=\"w-full overflow-x-hidden overflow-y-auto\"><div class=\"relative z-0 flex max-w-full\"><div id=\"code-block-viewer\" class=\"q9tKkq_viewer cm-editor z-10 light:cm-light dark:cm-light flex h-full w-full flex-col items-stretch \u037ck \u037cy\" dir=\"ltr\"><div class=\"cm-scroller\"><div class=\"cm-content q9tKkq_readonly\">Si buscas muebles en Guardamar o una tienda de muebles cerca de ti, en In&amp;Out Furniture encontrar\u00e1s una amplia variedad de muebles de exterior, jard\u00edn, sof\u00e1s y mobiliario para el hogar en la provincia de Alicante.<\/div><\/div><\/div><\/div><\/div><\/div><\/div><\/div><\/div><\/div><div class=\"\"><div class=\"\">\u00a0<\/div><\/div><\/div><\/div><\/div><p><strong>Horario de apertura:<\/strong><br \/>Lunes a Viernes<br \/>10:00h &#8211; 18:00h<\/p><p>S\u00e1bado<br \/>10:00h &#8211; 14:00h<\/p><p><strong>Tel\u00e9fono<\/strong>: +34 747 467 070<\/p>\t\t\t\t\t\t<\/div>\n\t\t\t\t<\/div>\n\t\t\t\t<\/div>\n\t\t<div class=\"elementor-element elementor-element-87a9989 e-con-full e-flex e-con e-child\" data-id=\"87a9989\" data-element_type=\"container\">\n\t\t\t\t<div class=\"elementor-element elementor-element-f420d9c elementor-widget elementor-widget-google_maps\" data-id=\"f420d9c\" data-element_type=\"widget\" data-widget_type=\"google_maps.default\">\n\t\t\t\t<div class=\"elementor-widget-container\">\n\t\t\t\t\t<div class=\"elementor-custom-embed\">\n\t\t\t<iframe loading=\"lazy\"\n\t\t\t\t\tsrc=\"https:\/\/maps.google.com\/maps?q=In%26Out%20Guardamar%20by%20J.Bri%C3%B1as&#038;t=m&#038;z=10&#038;output=embed&#038;iwloc=near\"\n\t\t\t\t\ttitle=\"In&amp;Out Guardamar by J.Bri\u00f1as\"\n\t\t\t\t\taria-label=\"In&amp;Out Guardamar by J.Bri\u00f1as\"\n\t\t\t><\/iframe>\n\t\t<\/div>\n\t\t\t\t<\/div>\n\t\t\t\t<\/div>\n\t\t\t\t<\/div>\n\t\t\t\t\t<\/div>\n\t\t\t\t<\/div>\n\t\t<div class=\"elementor-element elementor-element-7f8a8c5 e-flex e-con-boxed e-con e-parent\" data-id=\"7f8a8c5\" data-element_type=\"container\" data-settings=\"{&quot;background_background&quot;:&quot;classic&quot;}\">\n\t\t\t\t\t<div class=\"e-con-inner\">\n\t\t<div class=\"elementor-element elementor-element-0e0dd96 e-con-full e-flex e-con e-child\" data-id=\"0e0dd96\" data-element_type=\"container\">\n\t\t\t\t<div class=\"elementor-element elementor-element-fe50771 elementor-widget elementor-widget-heading\" data-id=\"fe50771\" data-element_type=\"widget\" data-widget_type=\"heading.default\">\n\t\t\t\t<div class=\"elementor-widget-container\">\n\t\t\t<h2 class=\"elementor-heading-title elementor-size-default\">Contactar In&amp;Out Furniture<\/h2>\t\t<\/div>\n\t\t\t\t<\/div>\n\t\t\t\t<div class=\"elementor-element elementor-element-8645cee elementor-widget elementor-widget-text-editor\" data-id=\"8645cee\" data-element_type=\"widget\" data-widget_type=\"text-editor.default\">\n\t\t\t\t<div class=\"elementor-widget-container\">\n\t\t\t\t\t\t\t<p>\u00bfNecesita informaci\u00f3n adicional? \u00bfTiene alguna pregunta o est\u00e1 buscando un presupuesto?<\/p>\n<p>Utilice el siguiente formulario de contacto y resolveremos sus dudas lo antes posible, \u00a1gracias!<\/p>\n\t\t\t\t\t\t<\/div>\n\t\t\t\t<\/div>\n\t\t\t\t<div class=\"elementor-element elementor-element-5762885 elementor-widget elementor-widget-image\" data-id=\"5762885\" data-element_type=\"widget\" data-widget_type=\"image.default\">\n\t\t\t\t<div class=\"elementor-widget-container\">\n\t\t\t\t\t\t\t\t\t\t\t\t\t<img fetchpriority=\"high\" decoding=\"async\" width=\"1124\" height=\"846\" src=\"https:\/\/mueblesjbrinas.com\/wp-content\/uploads\/2024\/07\/guardamar-inadnout.jpg\" class=\"attachment-full size-full wp-image-13094\" alt=\"Furniture Shop Guardamar\" srcset=\"https:\/\/mueblesjbrinas.com\/wp-content\/uploads\/2024\/07\/guardamar-inadnout.jpg 1124w, https:\/\/mueblesjbrinas.com\/wp-content\/uploads\/2024\/07\/guardamar-inadnout-300x226.jpg 300w, https:\/\/mueblesjbrinas.com\/wp-content\/uploads\/2024\/07\/guardamar-inadnout-1024x771.jpg 1024w, https:\/\/mueblesjbrinas.com\/wp-content\/uploads\/2024\/07\/guardamar-inadnout-768x578.jpg 768w, https:\/\/mueblesjbrinas.com\/wp-content\/uploads\/2024\/07\/guardamar-inadnout-680x512.jpg 680w\" sizes=\"(max-width: 1124px) 100vw, 1124px\" \/>\t\t\t\t\t\t\t\t\t\t\t\t\t<\/div>\n\t\t\t\t<\/div>\n\t\t\t\t<\/div>\n\t\t<div class=\"elementor-element elementor-element-58bf271 e-con-full e-flex e-con e-child\" data-id=\"58bf271\" data-element_type=\"container\">\n\t\t\t\t<div class=\"elementor-element elementor-element-d00e25b elementor-widget elementor-widget-nm-cf7\" data-id=\"d00e25b\" data-element_type=\"widget\" data-widget_type=\"nm-cf7.default\">\n\t\t\t\t<div class=\"elementor-widget-container\">\n\t\t\t\n<div class=\"wpcf7 no-js\" id=\"wpcf7-f88-o1\" lang=\"es-ES\" dir=\"ltr\" data-wpcf7-id=\"88\">\n<div class=\"screen-reader-response\"><p role=\"status\" aria-live=\"polite\" aria-atomic=\"true\"><\/p> <ul><\/ul><\/div>\n<form action=\"\/es\/wp-json\/wp\/v2\/pages\/13128#wpcf7-f88-o1\" method=\"post\" class=\"wpcf7-form init\" aria-label=\"Formulario de contacto\" novalidate=\"novalidate\" data-status=\"init\">\n<div style=\"display: none;\">\n<input type=\"hidden\" name=\"_wpcf7\" value=\"88\" \/>\n<input type=\"hidden\" name=\"_wpcf7_version\" value=\"6.0.5\" \/>\n<input type=\"hidden\" name=\"_wpcf7_locale\" value=\"es_ES\" \/>\n<input type=\"hidden\" name=\"_wpcf7_unit_tag\" value=\"wpcf7-f88-o1\" \/>\n<input type=\"hidden\" name=\"_wpcf7_container_post\" value=\"0\" \/>\n<input type=\"hidden\" name=\"_wpcf7_posted_data_hash\" value=\"\" \/>\n<input type=\"hidden\" name=\"_wpcf7_recaptcha_response\" value=\"\" \/>\n<\/div>\n<p><label> Name \/ Nombre *<br \/>\n<span class=\"wpcf7-form-control-wrap\" data-name=\"your-name\"><input size=\"40\" maxlength=\"400\" class=\"wpcf7-form-control wpcf7-text wpcf7-validates-as-required\" aria-required=\"true\" aria-invalid=\"false\" value=\"\" type=\"text\" name=\"your-name\" \/><\/span> <\/label>\n<\/p>\n<p><label> Email *<br \/>\n<span class=\"wpcf7-form-control-wrap\" data-name=\"your-email\"><input size=\"40\" maxlength=\"400\" class=\"wpcf7-form-control wpcf7-email wpcf7-validates-as-required wpcf7-text wpcf7-validates-as-email\" aria-required=\"true\" aria-invalid=\"false\" value=\"\" type=\"email\" name=\"your-email\" \/><\/span> <\/label>\n<\/p>\n<p><label> Message \/ Mensaje<br \/>\n<span class=\"wpcf7-form-control-wrap\" data-name=\"your-message\"><textarea cols=\"40\" rows=\"10\" maxlength=\"2000\" class=\"wpcf7-form-control wpcf7-textarea\" aria-invalid=\"false\" name=\"your-message\"><\/textarea><\/span> <\/label>\n<\/p>\n<p><span class=\"wpcf7-form-control-wrap\" data-name=\"acceptance-531\"><span class=\"wpcf7-form-control wpcf7-acceptance\"><span class=\"wpcf7-list-item\"><label><input type=\"checkbox\" name=\"acceptance-531\" value=\"1\" aria-invalid=\"false\" \/><span class=\"wpcf7-list-item-label\">Acepto la <a href=\"https:\/\/mueblesjbrinas.com\/legal\/\" target=\"_blank\">pol\u00edtica de privacidad<\/a> de mueblesjbrinas.com<\/span><\/label><\/span><\/span><\/span>\n<\/p>\n<p><input class=\"wpcf7-form-control wpcf7-submit has-spinner\" type=\"submit\" value=\"Enviar\" \/>\n<\/p>\n<hr style=\"width:90%;\" \/>\n<p style=\"font-size:13px;text-align:justify; width:100%;padding-right:5%;padding-left:5%;\">Los datos de car\u00e1cter personal que nos proporciones rellenando este formulario ser\u00e1n tratados por Muebles J. Bri\u00f1as S.L como responsable de esta web. M\u00e1s informaci\u00f3n sobre la Privacidad de Datos en <a href=\"https:\/\/mueblesjbrinas.com\/aviso-legal\"> nuestras condiciones de uso y privacidad.<\/a>\n<\/p><div class=\"wpcf7-response-output\" aria-hidden=\"true\"><\/div>\n<\/form>\n<\/div>\n\t\t<\/div>\n\t\t\t\t<\/div>\n\t\t\t\t<\/div>\n\t\t\t\t\t<\/div>\n\t\t\t\t<\/div>\n\t\t<div class=\"elementor-element elementor-element-d222c0a e-flex e-con-boxed e-con e-parent\" data-id=\"d222c0a\" data-element_type=\"container\">\n\t\t\t\t\t<div class=\"e-con-inner\">\n\t\t\t\t<div class=\"elementor-element elementor-element-e89e395 elementor-widget elementor-widget-html\" data-id=\"e89e395\" data-element_type=\"widget\" data-widget_type=\"html.default\">\n\t\t\t\t<div class=\"elementor-widget-container\">\n\t\t\t<script type=\"application\/ld+json\">\r\n{\r\n  \"@context\": \"https:\/\/schema.org\",\r\n  \"@type\": \"FurnitureStore\",\r\n  \"name\": \"In&Out Furniture\",\r\n  \"url\": \"https:\/\/mueblesjbrinas.com\/es\/tienda-de-muebles-en-guardamar\/\",\r\n  \"telephone\": \"+34747467070\",\r\n  \"address\": {\r\n    \"@type\": \"PostalAddress\",\r\n    \"streetAddress\": \"Calle Fusters, 114\",\r\n    \"addressLocality\": \"Guardamar del Segura\",\r\n    \"addressRegion\": \"Alicante\",\r\n    \"postalCode\": \"03140\",\r\n    \"addressCountry\": \"ES\"\r\n  }\r\n}\r\n<\/script>\t\t<\/div>\n\t\t\t\t<\/div>\n\t\t\t\t\t<\/div>\n\t\t\t\t<\/div>\n\t\t\t\t<\/div>\n\t\t","protected":false},"excerpt":{"rendered":"<p>Tienda de muebles en Guardamar In&amp;Out Furniture cerca de m\u00ed Si buscas una tienda de muebles en Guardamar o una opci\u00f3n de muebles cerca de ti, en In&amp;Out Furniture encontrar\u00e1s muebles de interior, exterior, jard\u00edn, sof\u00e1s y soluciones para el hogar con asesoramiento personalizado. Somos una tienda de muebles cerca de Guardamar del Segura pensada &hellip;<\/p>\n","protected":false},"author":1,"featured_media":0,"parent":0,"menu_order":0,"comment_status":"closed","ping_status":"closed","template":"elementor_header_footer","meta":{"_acf_changed":false,"_joinchat":[],"footnotes":""},"class_list":["post-13128","page","type-page","status-publish","hentry"],"acf":[],"yoast_head":"<!-- This site is optimized with the Yoast SEO Premium plugin v22.5 (Yoast SEO v24.8) - https:\/\/yoast.com\/wordpress\/plugins\/seo\/ -->\n<title>\u25b7 Tienda de muebles en Guardamar | In&amp;Out Furniture<\/title>\n<meta name=\"description\" content=\"Tienda de muebles en Guardamar con opciones para interior y exterior. Encuentra sof\u00e1s, decoraci\u00f3n y muebles para tu hogar en In&amp;Out Furniture cerca de ti.\" \/>\n<meta name=\"robots\" content=\"index, follow, max-snippet:-1, max-image-preview:large, max-video-preview:-1\" \/>\n<link rel=\"canonical\" href=\"https:\/\/mueblesjbrinas.com\/es\/tienda-de-muebles-en-guardamar\/\" \/>\n<meta property=\"og:locale\" content=\"es_ES\" \/>\n<meta property=\"og:type\" content=\"article\" \/>\n<meta property=\"og:title\" content=\"In&amp;Out Guardamar\" \/>\n<meta property=\"og:description\" content=\"Tienda de muebles en Guardamar con opciones para interior y exterior. Encuentra sof\u00e1s, decoraci\u00f3n y muebles para tu hogar en In&amp;Out Furniture cerca de ti.\" \/>\n<meta property=\"og:url\" content=\"https:\/\/mueblesjbrinas.com\/es\/tienda-de-muebles-en-guardamar\/\" \/>\n<meta property=\"og:site_name\" content=\"In &amp; Out Furniture\" \/>\n<meta property=\"article:publisher\" content=\"https:\/\/www.facebook.com\/mueblesjbrinas\" \/>\n<meta property=\"article:modified_time\" content=\"2026-04-16T10:27:08+00:00\" \/>\n<meta property=\"og:image\" content=\"https:\/\/mueblesjbrinas.com\/wp-content\/uploads\/2024\/07\/guardamar-inadnout.jpg\" \/>\n<meta name=\"twitter:card\" content=\"summary_large_image\" \/>\n<meta name=\"twitter:label1\" content=\"Tiempo de lectura\" \/>\n\t<meta name=\"twitter:data1\" content=\"2 minutos\" \/>\n<script type=\"application\/ld+json\" class=\"yoast-schema-graph\">{\"@context\":\"https:\/\/schema.org\",\"@graph\":[{\"@type\":\"WebPage\",\"@id\":\"https:\/\/mueblesjbrinas.com\/es\/tienda-de-muebles-en-guardamar\/\",\"url\":\"https:\/\/mueblesjbrinas.com\/es\/tienda-de-muebles-en-guardamar\/\",\"name\":\"\u25b7 Tienda de muebles en Guardamar | In&Out Furniture\",\"isPartOf\":{\"@id\":\"https:\/\/mueblesjbrinas.com\/es\/#website\"},\"primaryImageOfPage\":{\"@id\":\"https:\/\/mueblesjbrinas.com\/es\/tienda-de-muebles-en-guardamar\/#primaryimage\"},\"image\":{\"@id\":\"https:\/\/mueblesjbrinas.com\/es\/tienda-de-muebles-en-guardamar\/#primaryimage\"},\"thumbnailUrl\":\"https:\/\/mueblesjbrinas.com\/wp-content\/uploads\/2024\/07\/guardamar-inadnout.jpg\",\"datePublished\":\"2024-07-23T15:44:19+00:00\",\"dateModified\":\"2026-04-16T10:27:08+00:00\",\"description\":\"Tienda de muebles en Guardamar con opciones para interior y exterior. Encuentra sof\u00e1s, decoraci\u00f3n y muebles para tu hogar en In&Out Furniture cerca de ti.\",\"breadcrumb\":{\"@id\":\"https:\/\/mueblesjbrinas.com\/es\/tienda-de-muebles-en-guardamar\/#breadcrumb\"},\"inLanguage\":\"es\",\"potentialAction\":[{\"@type\":\"ReadAction\",\"target\":[\"https:\/\/mueblesjbrinas.com\/es\/tienda-de-muebles-en-guardamar\/\"]}]},{\"@type\":\"ImageObject\",\"inLanguage\":\"es\",\"@id\":\"https:\/\/mueblesjbrinas.com\/es\/tienda-de-muebles-en-guardamar\/#primaryimage\",\"url\":\"https:\/\/mueblesjbrinas.com\/wp-content\/uploads\/2024\/07\/guardamar-inadnout.jpg\",\"contentUrl\":\"https:\/\/mueblesjbrinas.com\/wp-content\/uploads\/2024\/07\/guardamar-inadnout.jpg\"},{\"@type\":\"BreadcrumbList\",\"@id\":\"https:\/\/mueblesjbrinas.com\/es\/tienda-de-muebles-en-guardamar\/#breadcrumb\",\"itemListElement\":[{\"@type\":\"ListItem\",\"position\":1,\"name\":\"Portada\",\"item\":\"https:\/\/mueblesjbrinas.com\/es\/\"},{\"@type\":\"ListItem\",\"position\":2,\"name\":\"In&#038;Out Guardamar\"}]},{\"@type\":\"WebSite\",\"@id\":\"https:\/\/mueblesjbrinas.com\/es\/#website\",\"url\":\"https:\/\/mueblesjbrinas.com\/es\/\",\"name\":\"Muebles Bri\u00f1as\",\"description\":\"Online Outdoor Furniture Shop in Costa Blanca. Torrevieja, Rojales, Guardamar, San Javier.\",\"publisher\":{\"@id\":\"https:\/\/mueblesjbrinas.com\/es\/#organization\"},\"potentialAction\":[{\"@type\":\"SearchAction\",\"target\":{\"@type\":\"EntryPoint\",\"urlTemplate\":\"https:\/\/mueblesjbrinas.com\/es\/?s={search_term_string}\"},\"query-input\":{\"@type\":\"PropertyValueSpecification\",\"valueRequired\":true,\"valueName\":\"search_term_string\"}}],\"inLanguage\":\"es\"},{\"@type\":\"Organization\",\"@id\":\"https:\/\/mueblesjbrinas.com\/es\/#organization\",\"name\":\"In&Out Furniture\",\"alternateName\":\"Muebles J. Bri\u00f1as\",\"url\":\"https:\/\/mueblesjbrinas.com\/es\/\",\"logo\":{\"@type\":\"ImageObject\",\"inLanguage\":\"es\",\"@id\":\"https:\/\/mueblesjbrinas.com\/es\/#\/schema\/logo\/image\/\",\"url\":\"https:\/\/mueblesjbrinas.com\/wp-content\/uploads\/2018\/03\/logo-web.png\",\"contentUrl\":\"https:\/\/mueblesjbrinas.com\/wp-content\/uploads\/2018\/03\/logo-web.png\",\"width\":300,\"height\":146,\"caption\":\"In&Out Furniture\"},\"image\":{\"@id\":\"https:\/\/mueblesjbrinas.com\/es\/#\/schema\/logo\/image\/\"},\"sameAs\":[\"https:\/\/www.facebook.com\/mueblesjbrinas\"]}]}<\/script>\n<!-- \/ Yoast SEO Premium plugin. -->","yoast_head_json":{"title":"\u25b7 Tienda de muebles en Guardamar | In&Out Furniture","description":"Tienda de muebles en Guardamar con opciones para interior y exterior. Encuentra sof\u00e1s, decoraci\u00f3n y muebles para tu hogar en In&Out Furniture cerca de ti.","robots":{"index":"index","follow":"follow","max-snippet":"max-snippet:-1","max-image-preview":"max-image-preview:large","max-video-preview":"max-video-preview:-1"},"canonical":"https:\/\/mueblesjbrinas.com\/es\/tienda-de-muebles-en-guardamar\/","og_locale":"es_ES","og_type":"article","og_title":"In&Out Guardamar","og_description":"Tienda de muebles en Guardamar con opciones para interior y exterior. Encuentra sof\u00e1s, decoraci\u00f3n y muebles para tu hogar en In&Out Furniture cerca de ti.","og_url":"https:\/\/mueblesjbrinas.com\/es\/tienda-de-muebles-en-guardamar\/","og_site_name":"In &amp; Out Furniture","article_publisher":"https:\/\/www.facebook.com\/mueblesjbrinas","article_modified_time":"2026-04-16T10:27:08+00:00","og_image":[{"url":"https:\/\/mueblesjbrinas.com\/wp-content\/uploads\/2024\/07\/guardamar-inadnout.jpg","type":"","width":"","height":""}],"twitter_card":"summary_large_image","twitter_misc":{"Tiempo de lectura":"2 minutos"},"schema":{"@context":"https:\/\/schema.org","@graph":[{"@type":"WebPage","@id":"https:\/\/mueblesjbrinas.com\/es\/tienda-de-muebles-en-guardamar\/","url":"https:\/\/mueblesjbrinas.com\/es\/tienda-de-muebles-en-guardamar\/","name":"\u25b7 Tienda de muebles en Guardamar | In&Out Furniture","isPartOf":{"@id":"https:\/\/mueblesjbrinas.com\/es\/#website"},"primaryImageOfPage":{"@id":"https:\/\/mueblesjbrinas.com\/es\/tienda-de-muebles-en-guardamar\/#primaryimage"},"image":{"@id":"https:\/\/mueblesjbrinas.com\/es\/tienda-de-muebles-en-guardamar\/#primaryimage"},"thumbnailUrl":"https:\/\/mueblesjbrinas.com\/wp-content\/uploads\/2024\/07\/guardamar-inadnout.jpg","datePublished":"2024-07-23T15:44:19+00:00","dateModified":"2026-04-16T10:27:08+00:00","description":"Tienda de muebles en Guardamar con opciones para interior y exterior. Encuentra sof\u00e1s, decoraci\u00f3n y muebles para tu hogar en In&Out Furniture cerca de ti.","breadcrumb":{"@id":"https:\/\/mueblesjbrinas.com\/es\/tienda-de-muebles-en-guardamar\/#breadcrumb"},"inLanguage":"es","potentialAction":[{"@type":"ReadAction","target":["https:\/\/mueblesjbrinas.com\/es\/tienda-de-muebles-en-guardamar\/"]}]},{"@type":"ImageObject","inLanguage":"es","@id":"https:\/\/mueblesjbrinas.com\/es\/tienda-de-muebles-en-guardamar\/#primaryimage","url":"https:\/\/mueblesjbrinas.com\/wp-content\/uploads\/2024\/07\/guardamar-inadnout.jpg","contentUrl":"https:\/\/mueblesjbrinas.com\/wp-content\/uploads\/2024\/07\/guardamar-inadnout.jpg"},{"@type":"BreadcrumbList","@id":"https:\/\/mueblesjbrinas.com\/es\/tienda-de-muebles-en-guardamar\/#breadcrumb","itemListElement":[{"@type":"ListItem","position":1,"name":"Portada","item":"https:\/\/mueblesjbrinas.com\/es\/"},{"@type":"ListItem","position":2,"name":"In&#038;Out Guardamar"}]},{"@type":"WebSite","@id":"https:\/\/mueblesjbrinas.com\/es\/#website","url":"https:\/\/mueblesjbrinas.com\/es\/","name":"Muebles Bri\u00f1as","description":"Online Outdoor Furniture Shop in Costa Blanca. Torrevieja, Rojales, Guardamar, San Javier.","publisher":{"@id":"https:\/\/mueblesjbrinas.com\/es\/#organization"},"potentialAction":[{"@type":"SearchAction","target":{"@type":"EntryPoint","urlTemplate":"https:\/\/mueblesjbrinas.com\/es\/?s={search_term_string}"},"query-input":{"@type":"PropertyValueSpecification","valueRequired":true,"valueName":"search_term_string"}}],"inLanguage":"es"},{"@type":"Organization","@id":"https:\/\/mueblesjbrinas.com\/es\/#organization","name":"In&Out Furniture","alternateName":"Muebles J. Bri\u00f1as","url":"https:\/\/mueblesjbrinas.com\/es\/","logo":{"@type":"ImageObject","inLanguage":"es","@id":"https:\/\/mueblesjbrinas.com\/es\/#\/schema\/logo\/image\/","url":"https:\/\/mueblesjbrinas.com\/wp-content\/uploads\/2018\/03\/logo-web.png","contentUrl":"https:\/\/mueblesjbrinas.com\/wp-content\/uploads\/2018\/03\/logo-web.png","width":300,"height":146,"caption":"In&Out Furniture"},"image":{"@id":"https:\/\/mueblesjbrinas.com\/es\/#\/schema\/logo\/image\/"},"sameAs":["https:\/\/www.facebook.com\/mueblesjbrinas"]}]}},"_links":{"self":[{"href":"https:\/\/mueblesjbrinas.com\/es\/wp-json\/wp\/v2\/pages\/13128","targetHints":{"allow":["GET"]}}],"collection":[{"href":"https:\/\/mueblesjbrinas.com\/es\/wp-json\/wp\/v2\/pages"}],"about":[{"href":"https:\/\/mueblesjbrinas.com\/es\/wp-json\/wp\/v2\/types\/page"}],"author":[{"embeddable":true,"href":"https:\/\/mueblesjbrinas.com\/es\/wp-json\/wp\/v2\/users\/1"}],"replies":[{"embeddable":true,"href":"https:\/\/mueblesjbrinas.com\/es\/wp-json\/wp\/v2\/comments?post=13128"}],"version-history":[{"count":29,"href":"https:\/\/mueblesjbrinas.com\/es\/wp-json\/wp\/v2\/pages\/13128\/revisions"}],"predecessor-version":[{"id":14593,"href":"https:\/\/mueblesjbrinas.com\/es\/wp-json\/wp\/v2\/pages\/13128\/revisions\/14593"}],"wp:attachment":[{"href":"https:\/\/mueblesjbrinas.com\/es\/wp-json\/wp\/v2\/media?parent=13128"}],"curies":[{"name":"wp","href":"https:\/\/api.w.org\/{rel}","templated":true}]}}