{"id":13118,"date":"2024-07-23T17:37:19","date_gmt":"2024-07-23T15:37:19","guid":{"rendered":"https:\/\/mueblesjbrinas.com\/guardamar-la-marina\/"},"modified":"2026-04-21T09:01:27","modified_gmt":"2026-04-21T07:01:27","slug":"tienda-de-muebles-en-la-marina","status":"publish","type":"page","link":"https:\/\/mueblesjbrinas.com\/es\/tienda-de-muebles-en-la-marina\/","title":{"rendered":"Muebles J.Bri\u00f1as La Marina"},"content":{"rendered":"\t\t<div data-elementor-type=\"wp-page\" data-elementor-id=\"13118\" class=\"elementor elementor-13118 elementor-12769\" data-elementor-post-type=\"page\">\n\t\t\t\t<div class=\"elementor-element elementor-element-d25065b e-con-full e-flex e-con e-parent\" data-id=\"d25065b\" data-element_type=\"container\" data-settings=\"{&quot;background_background&quot;:&quot;classic&quot;}\">\n\t\t\t\t<div class=\"elementor-element elementor-element-98a3db4 elementor-widget elementor-widget-heading\" data-id=\"98a3db4\" data-element_type=\"widget\" data-widget_type=\"heading.default\">\n\t\t\t\t<div class=\"elementor-widget-container\">\n\t\t\t<h1 class=\"elementor-heading-title elementor-size-default\">Tienda de muebles en La Marina<br>Muebles J.Bri\u00f1as cerca de m\u00ed<\/h1>\t\t<\/div>\n\t\t\t\t<\/div>\n\t\t\t\t<div class=\"elementor-element elementor-element-ea9d914 elementor-widget__width-initial elementor-widget elementor-widget-text-editor\" data-id=\"ea9d914\" data-element_type=\"widget\" data-widget_type=\"text-editor.default\">\n\t\t\t\t<div class=\"elementor-widget-container\">\n\t\t\t\t\t\t\t<p data-start=\"295\" data-end=\"500\">Si buscas una<strong> tienda de muebles en La Marina<\/strong> o una opci\u00f3n de <strong>muebles cerca de ti<\/strong>, en In&amp;Out Furniture encontrar\u00e1s muebles de exterior, jard\u00edn y soluciones para el hogar con asesoramiento personalizado.<\/p><p data-start=\"529\" data-end=\"678\">Somos una <strong data-start=\"529\" data-end=\"678\">tienda de muebles cerca de La Marina<\/strong> pensada para quienes quieren encontrar calidad, dise\u00f1o y atenci\u00f3n cercana sin alejarse de su zona.<\/p>\t\t\t\t\t\t<\/div>\n\t\t\t\t<\/div>\n\t\t\t\t<\/div>\n\t\t<div class=\"elementor-element elementor-element-651d352 e-flex e-con-boxed e-con e-parent\" data-id=\"651d352\" data-element_type=\"container\">\n\t\t\t\t\t<div class=\"e-con-inner\">\n\t\t<div class=\"elementor-element elementor-element-94d9b25 e-con-full e-flex e-con e-child\" data-id=\"94d9b25\" data-element_type=\"container\">\n\t\t\t\t<div class=\"elementor-element elementor-element-b3ad2e8 elementor-widget elementor-widget-heading\" data-id=\"b3ad2e8\" data-element_type=\"widget\" data-widget_type=\"heading.default\">\n\t\t\t\t<div class=\"elementor-widget-container\">\n\t\t\t<h2 class=\"elementor-heading-title elementor-size-default\"><a href=\"https:\/\/share.google\/mgyNIYlbXOUOeXHLv\" target=\"_blank\">Muebles J.Bri\u00f1as tienda de muebles cerca de m\u00ed<\/a><\/h2>\t\t<\/div>\n\t\t\t\t<\/div>\n\t\t\t\t<div class=\"elementor-element elementor-element-6345168 elementor-widget elementor-widget-heading\" data-id=\"6345168\" data-element_type=\"widget\" data-widget_type=\"heading.default\">\n\t\t\t\t<div class=\"elementor-widget-container\">\n\t\t\t<h3 class=\"elementor-heading-title elementor-size-default\">Muebles de exterior y jard\u00edn para tu hogar<\/h3>\t\t<\/div>\n\t\t\t\t<\/div>\n\t\t\t\t<div class=\"elementor-element elementor-element-fd44e25 elementor-widget elementor-widget-text-editor\" data-id=\"fd44e25\" data-element_type=\"widget\" data-widget_type=\"text-editor.default\">\n\t\t\t\t<div class=\"elementor-widget-container\">\n\t\t\t\t\t\t\t<p data-start=\"252\" data-end=\"334\">Nuestra tienda de muebles situada en La Marina:<br \/>C. Mar Adri\u00e1tico, 13 \u2013 03177 San Fulgencio, Alicante.<\/p><p data-start=\"391\" data-end=\"585\">Si buscas muebles en La Marina o una tienda de muebles cerca de ti, en Muebles J.Bri\u00f1as encontrar\u00e1s una amplia variedad de muebles de exterior y jard\u00edn para tu hogar en la provincia de Alicante.<\/p><p data-start=\"592\" data-end=\"616\"><strong data-start=\"592\" data-end=\"616\">Horario de apertura:<br \/><\/strong>Lunes a Viernes<br data-start=\"633\" data-end=\"636\" \/>10:00h \u2013 18:00h<\/p><p data-start=\"655\" data-end=\"681\">S\u00e1bado<br data-start=\"661\" data-end=\"664\" \/>10:00h \u2013 14:00h<\/p><p data-start=\"688\" data-end=\"718\"><strong data-start=\"688\" data-end=\"718\">Tel\u00e9fono: <\/strong>+34 966 72 81 46<\/p>\t\t\t\t\t\t<\/div>\n\t\t\t\t<\/div>\n\t\t\t\t<\/div>\n\t\t<div class=\"elementor-element elementor-element-278b777 e-con-full e-flex e-con e-child\" data-id=\"278b777\" data-element_type=\"container\">\n\t\t\t\t<div class=\"elementor-element elementor-element-16ce399 elementor-widget elementor-widget-google_maps\" data-id=\"16ce399\" data-element_type=\"widget\" data-widget_type=\"google_maps.default\">\n\t\t\t\t<div class=\"elementor-widget-container\">\n\t\t\t\t\t<div class=\"elementor-custom-embed\">\n\t\t\t<iframe loading=\"lazy\"\n\t\t\t\t\tsrc=\"https:\/\/maps.google.com\/maps?q=muebles%20j.bri%C3%B1as&#038;t=m&#038;z=10&#038;output=embed&#038;iwloc=near\"\n\t\t\t\t\ttitle=\"muebles j.bri\u00f1as\"\n\t\t\t\t\taria-label=\"muebles j.bri\u00f1as\"\n\t\t\t><\/iframe>\n\t\t<\/div>\n\t\t\t\t<\/div>\n\t\t\t\t<\/div>\n\t\t\t\t<\/div>\n\t\t\t\t\t<\/div>\n\t\t\t\t<\/div>\n\t\t<div class=\"elementor-element elementor-element-1811807 e-flex e-con-boxed e-con e-parent\" data-id=\"1811807\" data-element_type=\"container\" data-settings=\"{&quot;background_background&quot;:&quot;classic&quot;}\">\n\t\t\t\t\t<div class=\"e-con-inner\">\n\t\t<div class=\"elementor-element elementor-element-33b3ebd e-con-full e-flex e-con e-child\" data-id=\"33b3ebd\" data-element_type=\"container\">\n\t\t\t\t<div class=\"elementor-element elementor-element-4aa6f2c elementor-widget elementor-widget-heading\" data-id=\"4aa6f2c\" data-element_type=\"widget\" data-widget_type=\"heading.default\">\n\t\t\t\t<div class=\"elementor-widget-container\">\n\t\t\t<h2 class=\"elementor-heading-title elementor-size-default\">Contactar a In&amp;Out Furniture<\/h2>\t\t<\/div>\n\t\t\t\t<\/div>\n\t\t\t\t<div class=\"elementor-element elementor-element-3ef3068 elementor-widget elementor-widget-text-editor\" data-id=\"3ef3068\" data-element_type=\"widget\" data-widget_type=\"text-editor.default\">\n\t\t\t\t<div class=\"elementor-widget-container\">\n\t\t\t\t\t\t\t<p>\u00bfNecesita informaci\u00f3n adicional? \u00bfTiene preguntas o busca un presupuesto?<\/p>\n<p>Utilice el siguiente formulario de contacto y resolveremos sus dudas lo antes posible, \u00a1gracias!<\/p>\n\t\t\t\t\t\t<\/div>\n\t\t\t\t<\/div>\n\t\t\t\t<div class=\"elementor-element elementor-element-e47f1b2 elementor-widget elementor-widget-image\" data-id=\"e47f1b2\" data-element_type=\"widget\" data-widget_type=\"image.default\">\n\t\t\t\t<div class=\"elementor-widget-container\">\n\t\t\t\t\t\t\t\t\t\t\t\t\t<img fetchpriority=\"high\" decoding=\"async\" width=\"720\" height=\"405\" src=\"https:\/\/mueblesjbrinas.com\/wp-content\/uploads\/2024\/06\/guardamar-furniture-store.jpg\" class=\"attachment-large size-large wp-image-13060\" alt=\"Furniture Showroom Guardamar\" srcset=\"https:\/\/mueblesjbrinas.com\/wp-content\/uploads\/2024\/06\/guardamar-furniture-store.jpg 720w, https:\/\/mueblesjbrinas.com\/wp-content\/uploads\/2024\/06\/guardamar-furniture-store-300x169.jpg 300w, https:\/\/mueblesjbrinas.com\/wp-content\/uploads\/2024\/06\/guardamar-furniture-store-680x383.jpg 680w\" sizes=\"(max-width: 720px) 100vw, 720px\" \/>\t\t\t\t\t\t\t\t\t\t\t\t\t<\/div>\n\t\t\t\t<\/div>\n\t\t\t\t<\/div>\n\t\t<div class=\"elementor-element elementor-element-36d251d e-con-full e-flex e-con e-child\" data-id=\"36d251d\" data-element_type=\"container\">\n\t\t\t\t<\/div>\n\t\t\t\t\t<\/div>\n\t\t\t\t<\/div>\n\t\t<div class=\"elementor-element elementor-element-7882356 e-flex e-con-boxed e-con e-parent\" data-id=\"7882356\" data-element_type=\"container\">\n\t\t\t\t\t<div class=\"e-con-inner\">\n\t\t\t\t<div class=\"elementor-element elementor-element-9de52a0 elementor-widget elementor-widget-html\" data-id=\"9de52a0\" data-element_type=\"widget\" data-widget_type=\"html.default\">\n\t\t\t\t<div class=\"elementor-widget-container\">\n\t\t\t<script type=\"application\/ld+json\">\r\n{\r\n  \"@context\": \"https:\/\/schema.org\",\r\n  \"@type\": \"FurnitureStore\",\r\n  \"name\": \"Muebles J.Brinas\",\r\n  \"url\": \"https:\/\/mueblesjbrinas.com\/es\/tienda-de-muebles-en-la-marina\/\",\r\n  \"telephone\": \"+34966728146\",\r\n  \"address\": {\r\n    \"@type\": \"PostalAddress\",\r\n    \"streetAddress\": \"C. Mar Adri\u00e1tico, 13\",\r\n    \"addressLocality\": \"San Fulgencio\",\r\n    \"addressRegion\": \"Alicante\",\r\n    \"postalCode\": \"03177\",\r\n    \"addressCountry\": \"ES\"\r\n  }\r\n}\r\n<\/script>\t\t<\/div>\n\t\t\t\t<\/div>\n\t\t\t\t\t<\/div>\n\t\t\t\t<\/div>\n\t\t\t\t<\/div>\n\t\t","protected":false},"excerpt":{"rendered":"<p>Tienda de muebles en La Marina Muebles J.Bri\u00f1as cerca de m\u00ed Si buscas una tienda de muebles en La Marina o una opci\u00f3n de muebles cerca de ti, en In&amp;Out Furniture encontrar\u00e1s muebles de exterior, jard\u00edn y soluciones para el hogar con asesoramiento personalizado. Somos una tienda de muebles cerca de La Marina pensada para &hellip;<\/p>\n","protected":false},"author":1,"featured_media":0,"parent":0,"menu_order":0,"comment_status":"closed","ping_status":"closed","template":"elementor_header_footer","meta":{"_acf_changed":false,"_joinchat":[],"footnotes":""},"class_list":["post-13118","page","type-page","status-publish","hentry"],"acf":[],"yoast_head":"<!-- This site is optimized with the Yoast SEO Premium plugin v22.5 (Yoast SEO v24.8) - https:\/\/yoast.com\/wordpress\/plugins\/seo\/ -->\n<title>\u25b7 Tienda de muebles en La Marina | Muebles J. Bri\u00f1as<\/title>\n<meta name=\"description\" content=\"Tienda de muebles en La Marina con gran variedad de muebles de exterior y jard\u00edn. Descubre Muebles J. Bri\u00f1as y encuentra lo que buscas cerca de ti.\" \/>\n<meta name=\"robots\" content=\"index, follow, max-snippet:-1, max-image-preview:large, max-video-preview:-1\" \/>\n<link rel=\"canonical\" href=\"https:\/\/mueblesjbrinas.com\/es\/tienda-de-muebles-en-la-marina\/\" \/>\n<meta property=\"og:locale\" content=\"es_ES\" \/>\n<meta property=\"og:type\" content=\"article\" \/>\n<meta property=\"og:title\" content=\"Muebles J.Bri\u00f1as La Marina\" \/>\n<meta property=\"og:description\" content=\"Tienda de muebles en La Marina con gran variedad de muebles de exterior y jard\u00edn. Descubre Muebles J. Bri\u00f1as y encuentra lo que buscas cerca de ti.\" \/>\n<meta property=\"og:url\" content=\"https:\/\/mueblesjbrinas.com\/es\/tienda-de-muebles-en-la-marina\/\" \/>\n<meta property=\"og:site_name\" content=\"In &amp; Out Furniture\" \/>\n<meta property=\"article:publisher\" content=\"https:\/\/www.facebook.com\/mueblesjbrinas\" \/>\n<meta property=\"article:modified_time\" content=\"2026-04-21T07:01:27+00:00\" \/>\n<meta property=\"og:image\" content=\"https:\/\/mueblesjbrinas.com\/wp-content\/uploads\/2024\/06\/guardamar-furniture-store.jpg\" \/>\n<meta name=\"twitter:card\" content=\"summary_large_image\" \/>\n<meta name=\"twitter:label1\" content=\"Tiempo de lectura\" \/>\n\t<meta name=\"twitter:data1\" content=\"2 minutos\" \/>\n<script type=\"application\/ld+json\" class=\"yoast-schema-graph\">{\"@context\":\"https:\/\/schema.org\",\"@graph\":[{\"@type\":\"WebPage\",\"@id\":\"https:\/\/mueblesjbrinas.com\/es\/tienda-de-muebles-en-la-marina\/\",\"url\":\"https:\/\/mueblesjbrinas.com\/es\/tienda-de-muebles-en-la-marina\/\",\"name\":\"\u25b7 Tienda de muebles en La Marina | Muebles J. Bri\u00f1as\",\"isPartOf\":{\"@id\":\"https:\/\/mueblesjbrinas.com\/es\/#website\"},\"primaryImageOfPage\":{\"@id\":\"https:\/\/mueblesjbrinas.com\/es\/tienda-de-muebles-en-la-marina\/#primaryimage\"},\"image\":{\"@id\":\"https:\/\/mueblesjbrinas.com\/es\/tienda-de-muebles-en-la-marina\/#primaryimage\"},\"thumbnailUrl\":\"https:\/\/mueblesjbrinas.com\/wp-content\/uploads\/2024\/06\/guardamar-furniture-store.jpg\",\"datePublished\":\"2024-07-23T15:37:19+00:00\",\"dateModified\":\"2026-04-21T07:01:27+00:00\",\"description\":\"Tienda de muebles en La Marina con gran variedad de muebles de exterior y jard\u00edn. Descubre Muebles J. Bri\u00f1as y encuentra lo que buscas cerca de ti.\",\"breadcrumb\":{\"@id\":\"https:\/\/mueblesjbrinas.com\/es\/tienda-de-muebles-en-la-marina\/#breadcrumb\"},\"inLanguage\":\"es\",\"potentialAction\":[{\"@type\":\"ReadAction\",\"target\":[\"https:\/\/mueblesjbrinas.com\/es\/tienda-de-muebles-en-la-marina\/\"]}]},{\"@type\":\"ImageObject\",\"inLanguage\":\"es\",\"@id\":\"https:\/\/mueblesjbrinas.com\/es\/tienda-de-muebles-en-la-marina\/#primaryimage\",\"url\":\"https:\/\/mueblesjbrinas.com\/wp-content\/uploads\/2024\/06\/guardamar-furniture-store.jpg\",\"contentUrl\":\"https:\/\/mueblesjbrinas.com\/wp-content\/uploads\/2024\/06\/guardamar-furniture-store.jpg\"},{\"@type\":\"BreadcrumbList\",\"@id\":\"https:\/\/mueblesjbrinas.com\/es\/tienda-de-muebles-en-la-marina\/#breadcrumb\",\"itemListElement\":[{\"@type\":\"ListItem\",\"position\":1,\"name\":\"Portada\",\"item\":\"https:\/\/mueblesjbrinas.com\/es\/\"},{\"@type\":\"ListItem\",\"position\":2,\"name\":\"Muebles J.Bri\u00f1as La Marina\"}]},{\"@type\":\"WebSite\",\"@id\":\"https:\/\/mueblesjbrinas.com\/es\/#website\",\"url\":\"https:\/\/mueblesjbrinas.com\/es\/\",\"name\":\"Muebles Bri\u00f1as\",\"description\":\"Online Outdoor Furniture Shop in Costa Blanca. Torrevieja, Rojales, Guardamar, San Javier.\",\"publisher\":{\"@id\":\"https:\/\/mueblesjbrinas.com\/es\/#organization\"},\"potentialAction\":[{\"@type\":\"SearchAction\",\"target\":{\"@type\":\"EntryPoint\",\"urlTemplate\":\"https:\/\/mueblesjbrinas.com\/es\/?s={search_term_string}\"},\"query-input\":{\"@type\":\"PropertyValueSpecification\",\"valueRequired\":true,\"valueName\":\"search_term_string\"}}],\"inLanguage\":\"es\"},{\"@type\":\"Organization\",\"@id\":\"https:\/\/mueblesjbrinas.com\/es\/#organization\",\"name\":\"In&Out Furniture\",\"alternateName\":\"Muebles J. Bri\u00f1as\",\"url\":\"https:\/\/mueblesjbrinas.com\/es\/\",\"logo\":{\"@type\":\"ImageObject\",\"inLanguage\":\"es\",\"@id\":\"https:\/\/mueblesjbrinas.com\/es\/#\/schema\/logo\/image\/\",\"url\":\"https:\/\/mueblesjbrinas.com\/wp-content\/uploads\/2018\/03\/logo-web.png\",\"contentUrl\":\"https:\/\/mueblesjbrinas.com\/wp-content\/uploads\/2018\/03\/logo-web.png\",\"width\":300,\"height\":146,\"caption\":\"In&Out Furniture\"},\"image\":{\"@id\":\"https:\/\/mueblesjbrinas.com\/es\/#\/schema\/logo\/image\/\"},\"sameAs\":[\"https:\/\/www.facebook.com\/mueblesjbrinas\"]}]}<\/script>\n<!-- \/ Yoast SEO Premium plugin. -->","yoast_head_json":{"title":"\u25b7 Tienda de muebles en La Marina | Muebles J. Bri\u00f1as","description":"Tienda de muebles en La Marina con gran variedad de muebles de exterior y jard\u00edn. Descubre Muebles J. Bri\u00f1as y encuentra lo que buscas cerca de ti.","robots":{"index":"index","follow":"follow","max-snippet":"max-snippet:-1","max-image-preview":"max-image-preview:large","max-video-preview":"max-video-preview:-1"},"canonical":"https:\/\/mueblesjbrinas.com\/es\/tienda-de-muebles-en-la-marina\/","og_locale":"es_ES","og_type":"article","og_title":"Muebles J.Bri\u00f1as La Marina","og_description":"Tienda de muebles en La Marina con gran variedad de muebles de exterior y jard\u00edn. Descubre Muebles J. Bri\u00f1as y encuentra lo que buscas cerca de ti.","og_url":"https:\/\/mueblesjbrinas.com\/es\/tienda-de-muebles-en-la-marina\/","og_site_name":"In &amp; Out Furniture","article_publisher":"https:\/\/www.facebook.com\/mueblesjbrinas","article_modified_time":"2026-04-21T07:01:27+00:00","og_image":[{"url":"https:\/\/mueblesjbrinas.com\/wp-content\/uploads\/2024\/06\/guardamar-furniture-store.jpg","type":"","width":"","height":""}],"twitter_card":"summary_large_image","twitter_misc":{"Tiempo de lectura":"2 minutos"},"schema":{"@context":"https:\/\/schema.org","@graph":[{"@type":"WebPage","@id":"https:\/\/mueblesjbrinas.com\/es\/tienda-de-muebles-en-la-marina\/","url":"https:\/\/mueblesjbrinas.com\/es\/tienda-de-muebles-en-la-marina\/","name":"\u25b7 Tienda de muebles en La Marina | Muebles J. Bri\u00f1as","isPartOf":{"@id":"https:\/\/mueblesjbrinas.com\/es\/#website"},"primaryImageOfPage":{"@id":"https:\/\/mueblesjbrinas.com\/es\/tienda-de-muebles-en-la-marina\/#primaryimage"},"image":{"@id":"https:\/\/mueblesjbrinas.com\/es\/tienda-de-muebles-en-la-marina\/#primaryimage"},"thumbnailUrl":"https:\/\/mueblesjbrinas.com\/wp-content\/uploads\/2024\/06\/guardamar-furniture-store.jpg","datePublished":"2024-07-23T15:37:19+00:00","dateModified":"2026-04-21T07:01:27+00:00","description":"Tienda de muebles en La Marina con gran variedad de muebles de exterior y jard\u00edn. Descubre Muebles J. Bri\u00f1as y encuentra lo que buscas cerca de ti.","breadcrumb":{"@id":"https:\/\/mueblesjbrinas.com\/es\/tienda-de-muebles-en-la-marina\/#breadcrumb"},"inLanguage":"es","potentialAction":[{"@type":"ReadAction","target":["https:\/\/mueblesjbrinas.com\/es\/tienda-de-muebles-en-la-marina\/"]}]},{"@type":"ImageObject","inLanguage":"es","@id":"https:\/\/mueblesjbrinas.com\/es\/tienda-de-muebles-en-la-marina\/#primaryimage","url":"https:\/\/mueblesjbrinas.com\/wp-content\/uploads\/2024\/06\/guardamar-furniture-store.jpg","contentUrl":"https:\/\/mueblesjbrinas.com\/wp-content\/uploads\/2024\/06\/guardamar-furniture-store.jpg"},{"@type":"BreadcrumbList","@id":"https:\/\/mueblesjbrinas.com\/es\/tienda-de-muebles-en-la-marina\/#breadcrumb","itemListElement":[{"@type":"ListItem","position":1,"name":"Portada","item":"https:\/\/mueblesjbrinas.com\/es\/"},{"@type":"ListItem","position":2,"name":"Muebles J.Bri\u00f1as La Marina"}]},{"@type":"WebSite","@id":"https:\/\/mueblesjbrinas.com\/es\/#website","url":"https:\/\/mueblesjbrinas.com\/es\/","name":"Muebles Bri\u00f1as","description":"Online Outdoor Furniture Shop in Costa Blanca. Torrevieja, Rojales, Guardamar, San Javier.","publisher":{"@id":"https:\/\/mueblesjbrinas.com\/es\/#organization"},"potentialAction":[{"@type":"SearchAction","target":{"@type":"EntryPoint","urlTemplate":"https:\/\/mueblesjbrinas.com\/es\/?s={search_term_string}"},"query-input":{"@type":"PropertyValueSpecification","valueRequired":true,"valueName":"search_term_string"}}],"inLanguage":"es"},{"@type":"Organization","@id":"https:\/\/mueblesjbrinas.com\/es\/#organization","name":"In&Out Furniture","alternateName":"Muebles J. Bri\u00f1as","url":"https:\/\/mueblesjbrinas.com\/es\/","logo":{"@type":"ImageObject","inLanguage":"es","@id":"https:\/\/mueblesjbrinas.com\/es\/#\/schema\/logo\/image\/","url":"https:\/\/mueblesjbrinas.com\/wp-content\/uploads\/2018\/03\/logo-web.png","contentUrl":"https:\/\/mueblesjbrinas.com\/wp-content\/uploads\/2018\/03\/logo-web.png","width":300,"height":146,"caption":"In&Out Furniture"},"image":{"@id":"https:\/\/mueblesjbrinas.com\/es\/#\/schema\/logo\/image\/"},"sameAs":["https:\/\/www.facebook.com\/mueblesjbrinas"]}]}},"_links":{"self":[{"href":"https:\/\/mueblesjbrinas.com\/es\/wp-json\/wp\/v2\/pages\/13118","targetHints":{"allow":["GET"]}}],"collection":[{"href":"https:\/\/mueblesjbrinas.com\/es\/wp-json\/wp\/v2\/pages"}],"about":[{"href":"https:\/\/mueblesjbrinas.com\/es\/wp-json\/wp\/v2\/types\/page"}],"author":[{"embeddable":true,"href":"https:\/\/mueblesjbrinas.com\/es\/wp-json\/wp\/v2\/users\/1"}],"replies":[{"embeddable":true,"href":"https:\/\/mueblesjbrinas.com\/es\/wp-json\/wp\/v2\/comments?post=13118"}],"version-history":[{"count":23,"href":"https:\/\/mueblesjbrinas.com\/es\/wp-json\/wp\/v2\/pages\/13118\/revisions"}],"predecessor-version":[{"id":14599,"href":"https:\/\/mueblesjbrinas.com\/es\/wp-json\/wp\/v2\/pages\/13118\/revisions\/14599"}],"wp:attachment":[{"href":"https:\/\/mueblesjbrinas.com\/es\/wp-json\/wp\/v2\/media?parent=13118"}],"curies":[{"name":"wp","href":"https:\/\/api.w.org\/{rel}","templated":true}]}}